{"id":4890,"date":"2018-05-25T08:21:13","date_gmt":"2018-05-25T08:21:13","guid":{"rendered":"https:\/\/corporativo.eroski.es\/memoria-2017\/cadena-de-valor\/"},"modified":"2019-03-21T11:40:25","modified_gmt":"2019-03-21T11:40:25","slug":"cadeadevalor","status":"publish","type":"page","link":"https:\/\/corporativo.eroski.es\/gl\/memoria-2017\/cadeadevalor\/","title":{"rendered":"Cadea de valor"},"content":{"rendered":"<div id=\"pl-4890\"  class=\"panel-layout\" ><div id=\"pg-4890-0\"  class=\"panel-grid panel-no-style\" ><div id=\"pgc-4890-0-0\"  class=\"panel-grid-cell\" ><div id=\"panel-4890-0-0-0\" class=\"so-panel widget widget_memoria-cite-slider panel-first-child\" data-index=\"0\" ><div class=\"so-widget-memoria-cite-slider so-widget-memoria-cite-slider-default-d75171398898\">\n<div class=\"container\">\n    <section class=\"memoria-cite-slider\">\n        <div class=\"swiper-container mode-free\">\n            <div class=\"swiper-wrapper\">\n                                    <div class=\"swiper-slide cite\">\n                        Colaboramos con case 4.500 provedores agroalimentarios<\/strong> de todas as rexi\u00f3ns nas que estamos presentes<\/p>                    <\/div> \n                                    <div class=\"swiper-slide cite\">\n                        Incorporamos 1.768 novas referencias de produtos locais<\/strong>, ampliando a oferta a m\u00e1is de 22.000 referencias en total<\/p>\n                    <\/div> \n                                    <div class=\"swiper-slide cite\">\n                        Lanzamos 260 novos produtos de marcas propias<\/strong> e outros 104 foron reformulados dentro do plan de mellora nutricional<\/p>\n                    <\/div> \n                                    <div class=\"swiper-slide cite\">\n                        Nos \u00faltimos cinco anos, reducimos un 14% as emisi\u00f3ns de gases contaminantes<\/strong> \u00e1 atmosfera debidos ao transporte<\/p>                    <\/div> \n                                    <div class=\"swiper-slide cite\">\n                        En 2017 evit\u00e1ronse 1.670 toneladas de emisi\u00f3ns de CO2<\/sub><\/strong>, grazas \u00e1s nosas melloras na cadea de valor<\/p>\n<\/p>                    <\/div> \n                                    <div class=\"swiper-slide cite\">\n                        O noso grupo conseguiu reciclar 25.081 toneladas de residuos<\/strong><\/p>                    <\/div> \n                                    <div class=\"swiper-slide cite\">\n                        Contamos con 22 plataformas lox\u00edsticas<\/strong>, que suman 360.000 m2<\/sup> e polas que transitan m\u00e1is dun mill\u00f3n de caixas por d\u00eda<\/p>                    <\/div> \n                                    <div class=\"swiper-slide cite\">\n                        Adheridos \u00e1 plataforma \u201cLean&Green\u201d<\/strong> para reducir as emisi\u00f3ns contaminantes nos procesos lox\u00edsticos<\/span><\/p>                    <\/div> \n                            <\/div>\n            <div class=\"swiper-scrollbar\"><\/div>\n        <\/div>\n    <\/section>\n<\/div><\/div><\/div><div id=\"panel-4890-0-0-1\" class=\"so-panel widget widget_separator\" data-index=\"1\" ><div class=\"so-widget-separator so-widget-separator-default-d75171398898\">\n<div class=\"separator vs-medium\"><\/div><\/div><\/div><div id=\"panel-4890-0-0-2\" class=\"so-panel widget widget_memoria-section-collapsible\" data-index=\"2\" ><div class=\"so-widget-memoria-section-collapsible so-widget-memoria-section-collapsible-default-d75171398898\">\n\n\t<section class=\"memoria-section-collapsible collapsible\">\n\t<div class=\"container\">\n\t\t<header class=\"collapsible-handler\">\n\t\t\t<h3>Creamos propostas personalizadas<\/h3>\n\t\t\t<a class=\"icon-collapse\"><svg xmlns=\"http:\/\/www.w3.org\/2000\/svg\" width=\"24\" height=\"24\" viewBox=\"0 0 24 24\">\n    <path d=\"M16.59 8.59L12 13.17 7.41 8.59 6 10l6 6 6-6z\"\/>\n    <path d=\"M0 0h24v24H0z\" fill=\"none\"\/>\n<\/svg>\n<\/a>\n\t\t<\/header>\n\t\t<div class=\"collapsible-content\">\n\t\t\t<div class=\"row\">\n\t\t\t\t<div class=\"col-md-7 col-lg-6\">\n\t\t\t\t\tA nosa cadea de valor est\u00e1 orientada a satisfacer a cada un dos nosos clientes e clientas, cunha proposta cada vez m\u00e1is personalizada, unha maior liberdade de elecci\u00f3n e m\u00e1is aforro nas s\u00faas compras. Buscamos constru\u00edr a cadea de valor m\u00e1is eficiente a partir da m\u00e1xima satisfacci\u00f3n dos nosos clientes, para os que seguimos innovando en todos os niveis da cadea de subministraci\u00f3n e na xesti\u00f3n lox\u00edstica.<\/p>\nAs\u00ed, grazas \u00e1s nosas plataformas avanzadas, conseguimos automatizar gran parte da distribuci\u00f3n como no caso de Elorrio (Biscaia) e Zaragoza, ou a automatizaci\u00f3n dos procesos de preparaci\u00f3n dos pedidos de froita e verdura en Mallorca.<\/p>\nNa mesma li\u00f1a, impulsamos este ano os encontros estrat\u00e9xicos cos nosos provedores. Porque entendemos que fabricantes e distribuidores debemos colaborar para conseguir unha cadea de aprovisionamento m\u00e1is eficiente e optimizada.<\/p>\nO novo Plan de Xesti\u00f3n Lox\u00edstica, iniciado en 2017 coa ollada posta en 2020, incl\u00fae grandes avances neste terreo, como a revisi\u00f3n dos criterios actuais de vida \u00fatil esixida nos diferentes elos da cadea de subministraci\u00f3n, controlando sempre o risco nas nosas plataformas e preservando ao tempo a vida \u00fatil destinada ao cliente final. Por iso, sistematizouse a revisi\u00f3n do fluxo \u00f3ptimo por referencia, que estar\u00e1 condicionado pola rotaci\u00f3n da referencia e o custo da subministraci\u00f3n nunha ou outra modalidade. Esta sistematizaci\u00f3n permitir\u00e1 adecuar os fluxos \u00e1 evoluci\u00f3n da demanda das diferentes referencias.<\/p>\nAvanzaremos tam\u00e9n na extensi\u00f3n da grella de descarga nos procesos Refrixerado e Conxelado implant\u00e1ndoa no resto de plataformas pendentes, podendo as\u00ed planificar e axilizar as descargas nas nosas plataformas, e evitar tempos de espera innecesarios.<\/p>\n\t\t\t\t\t\t\t\t\t<\/div>\n\t\t\t\t<div class=\"col-md-5\">\n\t\t\t\t\t\t\t\t\t<\/div>\n\t\t\t<\/div>\n\t\t\t\t\t\t\t\t<\/div>\n\t\t\n\t<\/div>\t\n<\/section>\n<\/div><\/div><div id=\"panel-4890-0-0-3\" class=\"so-panel widget widget_memoria-section-collapsible\" data-index=\"3\" ><div class=\"so-widget-memoria-section-collapsible so-widget-memoria-section-collapsible-default-d75171398898\">\n\n\t<section class=\"memoria-section-collapsible collapsible\">\n\t<div class=\"container\">\n\t\t<header class=\"collapsible-handler\">\n\t\t\t<h3>A cadea de valor de EROSKI<\/h3>\n\t\t\t<a class=\"icon-collapse\"><svg xmlns=\"http:\/\/www.w3.org\/2000\/svg\" width=\"24\" height=\"24\" viewBox=\"0 0 24 24\">\n    <path d=\"M16.59 8.59L12 13.17 7.41 8.59 6 10l6 6 6-6z\"\/>\n    <path d=\"M0 0h24v24H0z\" fill=\"none\"\/>\n<\/svg>\n<\/a>\n\t\t<\/header>\n\t\t<div class=\"collapsible-content\">\n\t\t\t<div class=\"row\">\n\t\t\t\t<div class=\"col-md-7 col-lg-6\">\n\t\t\t\t\t\t\t\t\t\t\t\t\t\t<\/div>\n\t\t\t\t<div class=\"col-md-5\">\n\t\t\t\t\t\t\t\t\t\t\t<figure>\n\t\t\t\t\t\t\t\t\t\t\t\t\t<\/figure>\n\t\t\t\t\t\t\t\t\t<\/div>\n\t\t\t<\/div>\n\t\t\t\t\t\t\t<section class=\"image-navigable\">\n\t\t\t\t\t<div class=\"swiper-container mode-free-collapsible\">\n\t\t\t\t\t\t<div class=\"swiper-wrapper\">\n\t\t\t\t\t\t\t<figure class=\"swiper-slide\">\n\t\t\t\t\t\t\t\t\t\t\t\t\t\t\t<\/figure>\n\t\t\t\t\t\t<\/div>\n\t\t\t\t\t\t<div class=\"swiper-scrollbar\"><\/div>\n\t\t\t\t\t<\/div>\n\t\t\t\t<\/section>\n\t\t\t\t\t\t\t\t<\/div>\n\t\t\n\t<\/div>\t\n<\/section>\n<\/div><\/div><div id=\"panel-4890-0-0-4\" class=\"so-panel widget widget_memoria-section-collapsible\" data-index=\"4\" ><div class=\"so-widget-memoria-section-collapsible so-widget-memoria-section-collapsible-default-d75171398898\">\n\n\t<section class=\"memoria-section-collapsible collapsible\">\n\t<div class=\"container\">\n\t\t<header class=\"collapsible-handler\">\n\t\t\t<h3>Mapa das plataformas lox\u00edsticas<\/h3>\n\t\t\t<a class=\"icon-collapse\"><svg xmlns=\"http:\/\/www.w3.org\/2000\/svg\" width=\"24\" height=\"24\" viewBox=\"0 0 24 24\">\n    <path d=\"M16.59 8.59L12 13.17 7.41 8.59 6 10l6 6 6-6z\"\/>\n    <path d=\"M0 0h24v24H0z\" fill=\"none\"\/>\n<\/svg>\n<\/a>\n\t\t<\/header>\n\t\t<div class=\"collapsible-content\">\n\t\t\t<div class=\"row\">\n\t\t\t\t<div class=\"col-md-7 col-lg-6\">\n\t\t\t\t\tEROSKI ten actualmente unha rede lox\u00edstica composta por 22 plataformas, das que 12 est\u00e1n dedicadas a frescos, 9 a alimentaci\u00f3n e unha a produtos non-alimentarios, xunto a 6 lanzadeiras de tr\u00e1nsito. Este mapa de plataformas lox\u00edsticas e lanzadeiras acada os 360.000 m2<\/sup> de superficie, e ofrece unha cobertura lox\u00edstica altamente eficiente \u00e1 actual rede comercial, pola que fl\u00faen ata un mill\u00f3n de caixas diarias.<\/p>\nAs plataformas lox\u00edsticas de Madrid, Elorrio (Biscaia), Zaragoza e Mallorca est\u00e1n altamente automatizadas, o que permite aumentar a gama de produtos para unha maior liberdade de elecci\u00f3n do consumidor e a consumidora, ao tempo que acurtar os tempos entre a recolecci\u00f3n e a s\u00faa dispo\u00f1ibilidade en tenda para unha maior especializaci\u00f3n en alimentos frescos, especialmente nos produtos de tempada.<\/p>\nA organizaci\u00f3n lox\u00edstica de EROSKI est\u00e1 baseada en 5 \u00e1reas; Plataforma, Aprovisionamento e Transporte; e as \u00e1reas transversais Proxectos e Mellora Continua e Cadea de Valor, que coordinan e buscan sinerx\u00edas entre as anteriores.<\/p>\n\t\t\t\t\t\t\t\t\t<\/div>\n\t\t\t\t<div class=\"col-md-5\">\n\t\t\t\t\t\t\t\t\t<\/div>\n\t\t\t<\/div>\n\t\t\t\t\t\t\t<section class=\"image-navigable\">\n\t\t\t\t\t<div class=\"swiper-container mode-free-collapsible\">\n\t\t\t\t\t\t<div class=\"swiper-wrapper\">\n\t\t\t\t\t\t\t<figure class=\"swiper-slide\">\n\t\t\t\t\t\t\t\t\t\t\t\t\t\t\t<\/figure>\n\t\t\t\t\t\t<\/div>\n\t\t\t\t\t\t<div class=\"swiper-scrollbar\"><\/div>\n\t\t\t\t\t<\/div>\n\t\t\t\t<\/section>\n\t\t\t\t\t\t\t\t<\/div>\n\t\t\n\t<\/div>\t\n<\/section>\n<\/div><\/div><div id=\"panel-4890-0-0-5\" class=\"so-panel widget widget_memoria-section-collapsible panel-last-child\" data-index=\"5\" ><div class=\"so-widget-memoria-section-collapsible so-widget-memoria-section-collapsible-default-d75171398898\">\n\n\t<section class=\"memoria-section-collapsible collapsible\">\n\t<div class=\"container\">\n\t\t<header class=\"collapsible-handler\">\n\t\t\t<h3>Novas contornas colaborativas con provedores<\/h3>\n\t\t\t<a class=\"icon-collapse\"><svg xmlns=\"http:\/\/www.w3.org\/2000\/svg\" width=\"24\" height=\"24\" viewBox=\"0 0 24 24\">\n    <path d=\"M16.59 8.59L12 13.17 7.41 8.59 6 10l6 6 6-6z\"\/>\n    <path d=\"M0 0h24v24H0z\" fill=\"none\"\/>\n<\/svg>\n<\/a>\n\t\t<\/header>\n\t\t<div class=\"collapsible-content\">\n\t\t\t<div class=\"row\">\n\t\t\t\t<div class=\"col-md-7 col-lg-6\">\n\t\t\t\t\tEROSKI traballa actualmente no desenvolvemento de innovadoras contornas colaborativas con provedores, co obxectivo de mellorar a competitividade da s\u00faa oferta comercial.<\/p>\nEsta iniciativa permitir\u00e1 tomar decisi\u00f3ns compartidas que melloren a experiencia do consumidor en \u00e1reas chave como a amplitude de variedade e a liberdade de elecci\u00f3n, o prezo, a promoci\u00f3n e a investigaci\u00f3n e desenvolvemento de novos produtos.<\/p>\n\t\t\t\t\t\t\t\t\t<\/div>\n\t\t\t\t<div class=\"col-md-5\">\n\t\t\t\t\t\t\t\t\t\t\t<figure>\n\t\t\t\t\t\t\t<img loading=\"lazy\" decoding=\"async\" width=\"570\" height=\"380\" src=\"https:\/\/corporativo.eroski.es\/wp-content\/uploads\/2018\/05\/nuevos_entornos_colaborativos.jpg\" class=\"attachment-full size-full\" alt=\"Junta Eroski\" \/>\t\t\t\t\t\t<\/figure>\n\t\t\t\t\t\t\t\t\t<\/div>\n\t\t\t<\/div>\n\t\t\t\t\t\t\t\t<\/div>\n\t\t\n\t<\/div>\t\n<\/section>\n<\/div><\/div><\/div><\/div><\/div>","protected":false},"excerpt":{"rendered":"<p>Colaboramos con case 4.500 provedores agroalimentarios de todas as rexi\u00f3ns nas que estamos presentes Incorporamos 1.768 novas referencias de produtos locais, ampliando a oferta a m\u00e1is de 22.000 referencias en total Lanzamos 260 novos produtos de marcas propias e outros 104 foron reformulados dentro do plan de mellora nutricional Nos \u00faltimos cinco anos, reducimos un [&hellip;]<\/p>\n","protected":false},"author":1,"featured_media":0,"parent":4781,"menu_order":0,"comment_status":"closed","ping_status":"closed","template":"memoria.php","meta":{"_acf_changed":false,"footnotes":""},"class_list":["post-4890","page","type-page","status-publish","hentry"],"acf":[],"yoast_head":"<!-- This site is optimized with the Yoast SEO plugin v24.5 - https:\/\/yoast.com\/wordpress\/plugins\/seo\/ -->\n<title>Cadea de valor - Eroski Corporativo<\/title>\n<meta name=\"description\" content=\"Conoce la cadena de valor de EROSKI que nos permite crear valor para nuestros socios y socias consumidoras, moviendo nuestro trabajo diario.\" \/>\n<meta name=\"robots\" content=\"index, follow, max-snippet:-1, max-image-preview:large, max-video-preview:-1\" \/>\n<link rel=\"canonical\" href=\"https:\/\/corporativo.eroski.es\/gl\/memoria-2017\/cadeadevalor\/\" \/>\n<meta property=\"og:locale\" content=\"gl_ES\" \/>\n<meta property=\"og:type\" content=\"article\" \/>\n<meta property=\"og:title\" content=\"Cadea de valor - Eroski Corporativo\" \/>\n<meta property=\"og:description\" content=\"Conoce la cadena de valor de EROSKI que nos permite crear valor para nuestros socios y socias consumidoras, moviendo nuestro trabajo diario.\" \/>\n<meta property=\"og:url\" content=\"https:\/\/corporativo.eroski.es\/gl\/memoria-2017\/cadeadevalor\/\" \/>\n<meta property=\"og:site_name\" content=\"Eroski Corporativo\" \/>\n<meta property=\"article:modified_time\" content=\"2019-03-21T11:40:25+00:00\" \/>\n<meta name=\"twitter:card\" content=\"summary_large_image\" \/>\n<script type=\"application\/ld+json\" class=\"yoast-schema-graph\">{\"@context\":\"https:\/\/schema.org\",\"@graph\":[{\"@type\":\"WebPage\",\"@id\":\"https:\/\/corporativo.eroski.es\/gl\/memoria-2017\/cadeadevalor\/\",\"url\":\"https:\/\/corporativo.eroski.es\/gl\/memoria-2017\/cadeadevalor\/\",\"name\":\"Cadea de valor - Eroski Corporativo\",\"isPartOf\":{\"@id\":\"https:\/\/corporativo.eroski.es\/gl\/#website\"},\"datePublished\":\"2018-05-25T08:21:13+00:00\",\"dateModified\":\"2019-03-21T11:40:25+00:00\",\"description\":\"Conoce la cadena de valor de EROSKI que nos permite crear valor para nuestros socios y socias consumidoras, moviendo nuestro trabajo diario.\",\"breadcrumb\":{\"@id\":\"https:\/\/corporativo.eroski.es\/gl\/memoria-2017\/cadeadevalor\/#breadcrumb\"},\"inLanguage\":\"gl-ES\",\"potentialAction\":[{\"@type\":\"ReadAction\",\"target\":[\"https:\/\/corporativo.eroski.es\/gl\/memoria-2017\/cadeadevalor\/\"]}]},{\"@type\":\"BreadcrumbList\",\"@id\":\"https:\/\/corporativo.eroski.es\/gl\/memoria-2017\/cadeadevalor\/#breadcrumb\",\"itemListElement\":[{\"@type\":\"ListItem\",\"position\":1,\"name\":\"Portada\",\"item\":\"https:\/\/corporativo.eroski.es\/gl\/\"},{\"@type\":\"ListItem\",\"position\":2,\"name\":\"Memoria 2017\",\"item\":\"https:\/\/corporativo.eroski.es\/gl\/memoria-2017\/\"},{\"@type\":\"ListItem\",\"position\":3,\"name\":\"Cadea de valor\"}]},{\"@type\":\"WebSite\",\"@id\":\"https:\/\/corporativo.eroski.es\/gl\/#website\",\"url\":\"https:\/\/corporativo.eroski.es\/gl\/\",\"name\":\"Eroski Corporativo\",\"description\":\"\",\"potentialAction\":[{\"@type\":\"SearchAction\",\"target\":{\"@type\":\"EntryPoint\",\"urlTemplate\":\"https:\/\/corporativo.eroski.es\/gl\/?s={search_term_string}\"},\"query-input\":{\"@type\":\"PropertyValueSpecification\",\"valueRequired\":true,\"valueName\":\"search_term_string\"}}],\"inLanguage\":\"gl-ES\"}]}<\/script>\n<!-- \/ Yoast SEO plugin. -->","yoast_head_json":{"title":"Cadea de valor - Eroski Corporativo","description":"Conoce la cadena de valor de EROSKI que nos permite crear valor para nuestros socios y socias consumidoras, moviendo nuestro trabajo diario.","robots":{"index":"index","follow":"follow","max-snippet":"max-snippet:-1","max-image-preview":"max-image-preview:large","max-video-preview":"max-video-preview:-1"},"canonical":"https:\/\/corporativo.eroski.es\/gl\/memoria-2017\/cadeadevalor\/","og_locale":"gl_ES","og_type":"article","og_title":"Cadea de valor - Eroski Corporativo","og_description":"Conoce la cadena de valor de EROSKI que nos permite crear valor para nuestros socios y socias consumidoras, moviendo nuestro trabajo diario.","og_url":"https:\/\/corporativo.eroski.es\/gl\/memoria-2017\/cadeadevalor\/","og_site_name":"Eroski Corporativo","article_modified_time":"2019-03-21T11:40:25+00:00","twitter_card":"summary_large_image","schema":{"@context":"https:\/\/schema.org","@graph":[{"@type":"WebPage","@id":"https:\/\/corporativo.eroski.es\/gl\/memoria-2017\/cadeadevalor\/","url":"https:\/\/corporativo.eroski.es\/gl\/memoria-2017\/cadeadevalor\/","name":"Cadea de valor - Eroski Corporativo","isPartOf":{"@id":"https:\/\/corporativo.eroski.es\/gl\/#website"},"datePublished":"2018-05-25T08:21:13+00:00","dateModified":"2019-03-21T11:40:25+00:00","description":"Conoce la cadena de valor de EROSKI que nos permite crear valor para nuestros socios y socias consumidoras, moviendo nuestro trabajo diario.","breadcrumb":{"@id":"https:\/\/corporativo.eroski.es\/gl\/memoria-2017\/cadeadevalor\/#breadcrumb"},"inLanguage":"gl-ES","potentialAction":[{"@type":"ReadAction","target":["https:\/\/corporativo.eroski.es\/gl\/memoria-2017\/cadeadevalor\/"]}]},{"@type":"BreadcrumbList","@id":"https:\/\/corporativo.eroski.es\/gl\/memoria-2017\/cadeadevalor\/#breadcrumb","itemListElement":[{"@type":"ListItem","position":1,"name":"Portada","item":"https:\/\/corporativo.eroski.es\/gl\/"},{"@type":"ListItem","position":2,"name":"Memoria 2017","item":"https:\/\/corporativo.eroski.es\/gl\/memoria-2017\/"},{"@type":"ListItem","position":3,"name":"Cadea de valor"}]},{"@type":"WebSite","@id":"https:\/\/corporativo.eroski.es\/gl\/#website","url":"https:\/\/corporativo.eroski.es\/gl\/","name":"Eroski Corporativo","description":"","potentialAction":[{"@type":"SearchAction","target":{"@type":"EntryPoint","urlTemplate":"https:\/\/corporativo.eroski.es\/gl\/?s={search_term_string}"},"query-input":{"@type":"PropertyValueSpecification","valueRequired":true,"valueName":"search_term_string"}}],"inLanguage":"gl-ES"}]}},"_links":{"self":[{"href":"https:\/\/corporativo.eroski.es\/gl\/wp-json\/wp\/v2\/pages\/4890","targetHints":{"allow":["GET"]}}],"collection":[{"href":"https:\/\/corporativo.eroski.es\/gl\/wp-json\/wp\/v2\/pages"}],"about":[{"href":"https:\/\/corporativo.eroski.es\/gl\/wp-json\/wp\/v2\/types\/page"}],"author":[{"embeddable":true,"href":"https:\/\/corporativo.eroski.es\/gl\/wp-json\/wp\/v2\/users\/1"}],"replies":[{"embeddable":true,"href":"https:\/\/corporativo.eroski.es\/gl\/wp-json\/wp\/v2\/comments?post=4890"}],"version-history":[{"count":3,"href":"https:\/\/corporativo.eroski.es\/gl\/wp-json\/wp\/v2\/pages\/4890\/revisions"}],"predecessor-version":[{"id":4894,"href":"https:\/\/corporativo.eroski.es\/gl\/wp-json\/wp\/v2\/pages\/4890\/revisions\/4894"}],"up":[{"embeddable":true,"href":"https:\/\/corporativo.eroski.es\/gl\/wp-json\/wp\/v2\/pages\/4781"}],"wp:attachment":[{"href":"https:\/\/corporativo.eroski.es\/gl\/wp-json\/wp\/v2\/media?parent=4890"}],"curies":[{"name":"wp","href":"https:\/\/api.w.org\/{rel}","templated":true}]}}