{"id":4875,"date":"2018-05-24T16:00:47","date_gmt":"2018-05-24T16:00:47","guid":{"rendered":"https:\/\/corporativo.eroski.es\/memoria-2017\/443-2\/"},"modified":"2019-03-21T10:57:08","modified_gmt":"2019-03-21T10:57:08","slug":"tendas","status":"publish","type":"page","link":"https:\/\/corporativo.eroski.es\/gl\/memoria-2017\/tendas\/","title":{"rendered":"Tendas"},"content":{"rendered":"<div id=\"pl-1880\"  class=\"panel-layout\" >\n<div id=\"pg-1880-0\"  class=\"panel-grid panel-no-style\" >\n<div id=\"pgc-1880-0-0\"  class=\"panel-grid-cell\"  data-weight=\"1\" >\n<div id=\"panel-1880-0-0-0\" class=\"so-panel widget widget_memoria-cite-slider panel-first-child\" data-index=\"0\" data-style=\"{&quot;background_image_attachment&quot;:false,&quot;background_display&quot;:&quot;tile&quot;}\" data-label=\"Citas\" ><div class=\"so-widget-memoria-cite-slider so-widget-memoria-cite-slider-default-d75171398898\">\n<div class=\"container\">\n    <section class=\"memoria-cite-slider\">\n        <div class=\"swiper-container mode-free\">\n            <div class=\"swiper-wrapper\">\n                                    <div class=\"swiper-slide cite\">\n                        <p class=\"p1\">Contamos cunha rede comercial de <strong>m\u00e1is de 1.651 establecementos<\/strong><\/p>                    <\/div> \n                                    <div class=\"swiper-slide cite\">\n                        <p class=\"p1\">Temos <strong>negocios de diversificaci\u00f3n<\/strong> como gasolineiras, \u00f3pticas, oficinas de viaxes e tendas de equipamento deportivo<\/p>                    <\/div> \n                                    <div class=\"swiper-slide cite\">\n                        <p class=\"p1\">600 tendas de nova xeraci\u00f3n que supuxeron <strong>1.155 novos empregos<\/strong><\/p>                    <\/div> \n                                    <div class=\"swiper-slide cite\">\n                        <p class=\"p1\"><strong>M\u00e1is do 40% da rede comercial alimentaria transformada<\/strong>, cun investimento de 300 mill\u00f3ns de euros<\/p>                    <\/div> \n                                    <div class=\"swiper-slide cite\">\n                        <p class=\"p1\">A <strong>zona Norte <\/strong><strong>e Baleares,<\/strong> zonas estrat\u00e9xicas para a compa\u00f1\u00eda<\/p>                    <\/div> \n                                    <div class=\"swiper-slide cite\">\n                        <p class=\"p1\">M\u00e1is de <strong>55 novas franqu\u00edas<\/strong> en 2017<\/p>                    <\/div> \n                                    <div class=\"swiper-slide cite\">\n                        <p class=\"p1\">Forte impulso de EROSKI \u00e1 <strong>transformaci\u00f3n dixital para <\/strong><strong>mellorar a experiencia de compra<\/strong> do cliente<\/p>                    <\/div> \n                                    <div class=\"swiper-slide cite\">\n                        <p class=\"p1\">Premio ao <strong>Mellor Supermercado en li\u00f1a<\/strong><\/p>                    <\/div> \n                            <\/div>\n            <div class=\"swiper-scrollbar\"><\/div>\n        <\/div>\n    <\/section>\n<\/div><\/div><\/div>\n<div id=\"panel-1880-0-0-1\" class=\"so-panel widget widget_separator\" data-index=\"1\" data-style=\"{&quot;background_image_attachment&quot;:false,&quot;background_display&quot;:&quot;tile&quot;}\" ><div class=\"so-widget-separator so-widget-separator-default-d75171398898\">\n<div class=\"separator vs-medium\"><\/div><\/div><\/div>\n<div id=\"panel-1880-0-0-2\" class=\"so-panel widget widget_memoria-section-collapsible\" data-index=\"2\" data-style=\"{&quot;background_image_attachment&quot;:false,&quot;background_display&quot;:&quot;tile&quot;}\" data-label=\"Apostamos por un modelo multicanal\" ><div class=\"so-widget-memoria-section-collapsible so-widget-memoria-section-collapsible-default-d75171398898\">\n\n\t<section class=\"memoria-section-collapsible collapsible\">\n\t<div class=\"container\">\n\t\t<header class=\"collapsible-handler\">\n\t\t\t<h3><\/h3>\n\t\t\t<a class=\"icon-collapse\"><svg xmlns=\"http:\/\/www.w3.org\/2000\/svg\" width=\"24\" height=\"24\" viewBox=\"0 0 24 24\">\n    <path d=\"M16.59 8.59L12 13.17 7.41 8.59 6 10l6 6 6-6z\"\/>\n    <path d=\"M0 0h24v24H0z\" fill=\"none\"\/>\n<\/svg>\n<\/a>\n\t\t<\/header>\n\t\t<div class=\"collapsible-content\">\n\t\t\t<div class=\"row\">\n\t\t\t\t<div class=\"col-md-7 col-lg-6\">\n\t\t\t\t\t\t\t\t\t\t\t\t\t\t<\/div>\n\t\t\t\t<div class=\"col-md-5\">\n\t\t\t\t\t\t\t\t\t<\/div>\n\t\t\t<\/div>\n\t\t\t\t\t\t\t\t<\/div>\n\t\t\n\t<\/div>\t\n<\/section>\n<\/div><\/div>\n<div id=\"panel-1880-0-0-3\" class=\"so-panel widget widget_memoria-section-collapsible\" data-index=\"3\" data-style=\"{&quot;background_image_attachment&quot;:false,&quot;background_display&quot;:&quot;tile&quot;}\" data-label=\"Hipermercados\" ><div class=\"so-widget-memoria-section-collapsible so-widget-memoria-section-collapsible-default-d75171398898\">\n\n\t<section class=\"memoria-section-collapsible collapsible\">\n\t<div class=\"container\">\n\t\t<header class=\"collapsible-handler\">\n\t\t\t<h3>Hipermercados<\/h3>\n\t\t\t<a class=\"icon-collapse\"><svg xmlns=\"http:\/\/www.w3.org\/2000\/svg\" width=\"24\" height=\"24\" viewBox=\"0 0 24 24\">\n    <path d=\"M16.59 8.59L12 13.17 7.41 8.59 6 10l6 6 6-6z\"\/>\n    <path d=\"M0 0h24v24H0z\" fill=\"none\"\/>\n<\/svg>\n<\/a>\n\t\t<\/header>\n\t\t<div class=\"collapsible-content\">\n\t\t\t<div class=\"row\">\n\t\t\t\t<div class=\"col-md-7 col-lg-6\">\n\t\t\t\t\t<p class=\"p1\">A rede de hipermercados de EROSKI est\u00e1 composta actualmente por 61 centros, tres dos cales funcionan en r\u00e9xime de franqu\u00eda repartidos ao longo de 14 comunidades aut\u00f3nomas.<\/p>\n<p class=\"p1\">EROSKI ampliou ao longo do 2017 a s\u00faa rede de hipermercados franqueados coa apertura dun hipermercado en r\u00e9xime de franqu\u00eda en Melilla e a transferencia ao modelo de franqu\u00eda dun hipermercado en Elche, cuxa transformaci\u00f3n ao modelo \u201ccontigo\u201d abordara en setembro.<\/p>\n<p class=\"p1\">Esta estratexia de estender aos hipermercados a f\u00f3rmula de franqu\u00eda, coa que EROSKI traballa no formato supermercados desde hai m\u00e1is de 30 anos, engl\u00f3base dentro dos plans da cooperativa para os pr\u00f3ximos exercicios, que pon un especial foco na competitividade e a adaptaci\u00f3n das s\u00faas tendas a cada un dos mercados onde desenvolve a s\u00faa actividade. Son xa tres as experiencias da franqu\u00eda de hipermercados, o que permite ampliar os formatos de establecemento que EROSKI ofrece aos franqueados, ampliando o abano de insignias franqueadas desde o supermercado de proximidade ata o hipermercado.<\/p>\n\t\t\t\t\t\t\t\t\t<\/div>\n\t\t\t\t<div class=\"col-md-5\">\n\t\t\t\t\t\t\t\t\t\t\t<figure>\n\t\t\t\t\t\t\t<img loading=\"lazy\" decoding=\"async\" width=\"570\" height=\"380\" src=\"https:\/\/corporativo.eroski.es\/wp-content\/uploads\/2018\/05\/hipermercados.jpg\" class=\"attachment-full size-full\" alt=\"Clientes en hipermercado Eroski\" \/>\t\t\t\t\t\t<\/figure>\n\t\t\t\t\t\t\t\t\t<\/div>\n\t\t\t<\/div>\n\t\t\t\t\t\t\t\t<\/div>\n\t\t\n\t<\/div>\t\n<\/section>\n<\/div><\/div>\n<div id=\"panel-1880-0-0-4\" class=\"so-panel widget widget_memoria-section-collapsible\" data-index=\"4\" data-style=\"{&quot;background_image_attachment&quot;:false,&quot;background_display&quot;:&quot;tile&quot;}\" data-label=\"Supermercados\" ><div class=\"so-widget-memoria-section-collapsible so-widget-memoria-section-collapsible-default-d75171398898\">\n\n\t<section class=\"memoria-section-collapsible collapsible\">\n\t<div class=\"container\">\n\t\t<header class=\"collapsible-handler\">\n\t\t\t<h3><\/h3>\n\t\t\t<a class=\"icon-collapse\"><svg xmlns=\"http:\/\/www.w3.org\/2000\/svg\" width=\"24\" height=\"24\" viewBox=\"0 0 24 24\">\n    <path d=\"M16.59 8.59L12 13.17 7.41 8.59 6 10l6 6 6-6z\"\/>\n    <path d=\"M0 0h24v24H0z\" fill=\"none\"\/>\n<\/svg>\n<\/a>\n\t\t<\/header>\n\t\t<div class=\"collapsible-content\">\n\t\t\t<div class=\"row\">\n\t\t\t\t<div class=\"col-md-7 col-lg-6\">\n\t\t\t\t\t\t\t\t\t\t\t\t\t\t<\/div>\n\t\t\t\t<div class=\"col-md-5\">\n\t\t\t\t\t\t\t\t\t<\/div>\n\t\t\t<\/div>\n\t\t\t\t\t\t\t\t<\/div>\n\t\t\n\t<\/div>\t\n<\/section>\n<\/div><\/div>\n<div id=\"panel-1880-0-0-5\" class=\"so-panel widget widget_memoria-section-collapsible\" data-index=\"5\" data-style=\"{&quot;background_image_attachment&quot;:false,&quot;background_display&quot;:&quot;tile&quot;}\" data-label=\"Nuevo plan de expansi\u00f3n de RAPID\" ><div class=\"so-widget-memoria-section-collapsible so-widget-memoria-section-collapsible-default-d75171398898\">\n\n\t<section class=\"memoria-section-collapsible collapsible\">\n\t<div class=\"container\">\n\t\t<header class=\"collapsible-handler\">\n\t\t\t<h3>Novo plan de expansi\u00f3n de RAPID<\/h3>\n\t\t\t<a class=\"icon-collapse\"><svg xmlns=\"http:\/\/www.w3.org\/2000\/svg\" width=\"24\" height=\"24\" viewBox=\"0 0 24 24\">\n    <path d=\"M16.59 8.59L12 13.17 7.41 8.59 6 10l6 6 6-6z\"\/>\n    <path d=\"M0 0h24v24H0z\" fill=\"none\"\/>\n<\/svg>\n<\/a>\n\t\t<\/header>\n\t\t<div class=\"collapsible-content\">\n\t\t\t<div class=\"row\">\n\t\t\t\t<div class=\"col-md-7 col-lg-6\">\n\t\t\t\t\t<p class=\"p1\"><span class=\"s1\">Dentro do seu plan de crecemento, EROSKI lanzou en 2016 unha nova insignia de tendas de conveniencia, RAPID. Tr\u00e1tase de pequenas tendas, arredor dos 150m<sup>2<\/sup>, en \u00e1reas moi urbanas e zonas tur\u00edsticas con alta densidade de poboaci\u00f3n. As novas tendas RAPID ofrecen unha gama de 3.600 produtos, que incl\u00fae alimentos frescos, froitas e verduras a granel, carne e peixe xa envasado, e contan con forno para ofrecer sempre pan acabado de enfornar. A s\u00faa variedade en alimentaci\u00f3n, bebidas, drogar\u00eda e perfumar\u00eda componse con marcas l\u00edderes de fabricantes e a marca propia.<\/span><\/p>\n<p class=\"p1\"><span class=\"s1\">Est\u00e1 dirixido a todos aqueles grupos de poboaci\u00f3n que precisan realizar compras de conveniencia, moitas veces para responder a necesidades non previstas. Durante os pr\u00f3ximos anos prev\u00e9 estender o modelo de tendas de conveniencia RAPID principalmente en Madrid, Andaluc\u00eda, Baleares, Levante e Barcelona, que se sumar\u00e1n ao intenso plan de aperturas de supermercados franqueados que acelerou durante os \u00faltimos anos. EROSKI conta, ademais, con convenios asinados con distintos bancos para apoiar os seus actuais e futuros franqueados con condici\u00f3ns vantaxosas de financiamento para abrir unha nova tenda e responder \u00e1s necesidades derivadas da s\u00faa actividade ordinaria.<\/span><\/p>\n\t\t\t\t\t\t\t\t\t\t\t<ol class=\"custom-ol\">\n\t\t\t\t\t\t\t\t\t\t\t\t\t<\/ol>\n\t\t\t\t\t\t\t\t\t<\/div>\n\t\t\t\t<div class=\"col-md-5\">\n\t\t\t\t\t\t\t\t\t\t\t<figure>\n\t\t\t\t\t\t\t<img loading=\"lazy\" decoding=\"async\" width=\"570\" height=\"380\" src=\"https:\/\/corporativo.eroski.es\/wp-content\/uploads\/2018\/05\/rapid.jpg\" class=\"attachment-full size-full\" alt=\"Rapid Supermarket Eroski\" \/>\t\t\t\t\t\t<\/figure>\n\t\t\t\t\t\t\t\t\t\t\t<figure>\n\t\t\t\t\t\t\t<img loading=\"lazy\" decoding=\"async\" width=\"570\" height=\"380\" src=\"https:\/\/corporativo.eroski.es\/wp-content\/uploads\/2018\/05\/fruteria.jpg\" class=\"attachment-full size-full\" alt=\"Fruter\u00eda Eroski\" \/>\t\t\t\t\t\t<\/figure>\n\t\t\t\t\t\t\t\t\t<\/div>\n\t\t\t<\/div>\n\t\t\t\t\t\t\t\t\t\t<div class=\"row sub-section\">\n\t\t\t\t\t<div class=\"col-md-7 col-lg-6\">\n\t\t\t\t\t\t<header>\n\t\t\t\t\t\t\t<h4>Premio \u00e1 mellor franqu\u00eda de comercio<\/h4>\n\t\t\t\t\t\t<\/header>\n\t\t\t\t\t\t<p class=\"p1\">Por segunda ocasi\u00f3n, EROSKI, recibe o Premio \u00e1 mellor franqu\u00eda de comercio de Espa\u00f1a outorgado pola Asociaci\u00f3n Espa\u00f1ola de Franquiciadores (AEF). O premio reco\u00f1ece o novo modelo de expansi\u00f3n en franqu\u00eda iniciado polo grupo hai xa tres anos. Durante este tempo, m\u00e1is de 200 emprendedores e investidores confiaron na marca EROSKI e hoxe te\u00f1en un negocio de \u00e9xito nun sector b\u00e1sico como \u00e9 o da alimentaci\u00f3n.<\/p>\n\t\t\t\t\t<\/div>\n\t\t\t\t\t<div class=\"col-md-5 col-lg-6\">\n\t\t\t\t\t\t\t\t\t\t\t\t\t<figure>\n\t\t\t\t\t\t\t\t<img loading=\"lazy\" decoding=\"async\" width=\"570\" height=\"380\" src=\"https:\/\/corporativo.eroski.es\/wp-content\/uploads\/2018\/05\/we_love_fanchist.jpg\" class=\"attachment-full size-full\" alt=\"We love Franchis\" \/>\t\t\t\t\t\t\t<\/figure>\n\t\t\t\t\t\t\t\t\t\t\t<\/div>\n\t\t\t\t<\/div>\n\t\t\t\t\t<\/div>\n\t\t\n\t<\/div>\t\n<\/section>\n<\/div><\/div>\n<div id=\"panel-1880-0-0-6\" class=\"so-panel widget widget_memoria-section-collapsible\" data-index=\"6\" data-style=\"{&quot;background_image_attachment&quot;:false,&quot;background_display&quot;:&quot;tile&quot;}\" data-label=\"CAPRABO\" ><div class=\"so-widget-memoria-section-collapsible so-widget-memoria-section-collapsible-default-d75171398898\">\n\n\t<section class=\"memoria-section-collapsible collapsible\">\n\t<div class=\"container\">\n\t\t<header class=\"collapsible-handler\">\n\t\t\t<h3><\/h3>\n\t\t\t<a class=\"icon-collapse\"><svg xmlns=\"http:\/\/www.w3.org\/2000\/svg\" width=\"24\" height=\"24\" viewBox=\"0 0 24 24\">\n    <path d=\"M16.59 8.59L12 13.17 7.41 8.59 6 10l6 6 6-6z\"\/>\n    <path d=\"M0 0h24v24H0z\" fill=\"none\"\/>\n<\/svg>\n<\/a>\n\t\t<\/header>\n\t\t<div class=\"collapsible-content\">\n\t\t\t<div class=\"row\">\n\t\t\t\t<div class=\"col-md-7 col-lg-6\">\n\t\t\t\t\t\t\t\t\t\t\t\t\t\t<\/div>\n\t\t\t\t<div class=\"col-md-5\">\n\t\t\t\t\t\t\t\t\t<\/div>\n\t\t\t<\/div>\n\t\t\t\t\t\t\t\t<\/div>\n\t\t\n\t<\/div>\t\n<\/section>\n<\/div><\/div>\n<div id=\"panel-1880-0-0-7\" class=\"so-panel widget widget_memoria-section-collapsible\" data-index=\"7\" data-style=\"{&quot;background_image_attachment&quot;:false,&quot;background_display&quot;:&quot;tile&quot;}\" data-label=\"VEGALSA\" ><div class=\"so-widget-memoria-section-collapsible so-widget-memoria-section-collapsible-default-d75171398898\">\n\n\t<section class=\"memoria-section-collapsible collapsible\">\n\t<div class=\"container\">\n\t\t<header class=\"collapsible-handler\">\n\t\t\t<h3>VEGALSA<\/h3>\n\t\t\t<a class=\"icon-collapse\"><svg xmlns=\"http:\/\/www.w3.org\/2000\/svg\" width=\"24\" height=\"24\" viewBox=\"0 0 24 24\">\n    <path d=\"M16.59 8.59L12 13.17 7.41 8.59 6 10l6 6 6-6z\"\/>\n    <path d=\"M0 0h24v24H0z\" fill=\"none\"\/>\n<\/svg>\n<\/a>\n\t\t<\/header>\n\t\t<div class=\"collapsible-content\">\n\t\t\t<div class=\"row\">\n\t\t\t\t<div class=\"col-md-7 col-lg-6\">\n\t\t\t\t\t<p class=\"p1\">VEGALSA EROSKI forma parte de Grupo EROSKI desde 1998 e \u00e9 o referente na distribuci\u00f3n comercial en Galicia. Actualmente desenvolve a s\u00faa actividade tam\u00e9n nas comunidades lim\u00edtrofes de Asturias e Castela e Le\u00f3n, onde conta cunha forte implantaci\u00f3n.<\/p>\n<p class=\"p1\">A aposta pola produci\u00f3n agroalimentaria local de calidade e o valor da s\u00faa orixe, unha constante en toda a traxectoria da compa\u00f1\u00eda, d\u00e1 un salto cualitativo coa campa\u00f1a Aposta polos provedores locais, organizando ao longo do ano numerosos actos de promoci\u00f3n e posta en valor da calidade, sabor e orixe da mellor selecci\u00f3n dos produtos da terra. Grazas a esta campa\u00f1a, destin\u00e1ronse m\u00e1is de 326 mill\u00f3ns de euros a compras de 909 provedores de Galicia, Asturias e Castela e Le\u00f3n.<\/p>\n<p class=\"p1\">A alimentaci\u00f3n saudable \u00e9 outro dos obxectivos estrat\u00e9xicos deste ano, sendo un bo exemplo diso a activaci\u00f3n da iniciativa \u201cCome Rico. Vive San\u201d, enmarcada no proxecto de alcance nacional \u201cPrevenci\u00f3n da Obesidade. Alixeira a t\u00faa Vida\u201d.<\/p>\n<p class=\"p1\">Ademais, realizouse unha firme aposta pola innovaci\u00f3n para potenciar o e-commerce. Ampli\u00e1ronse a 34 os centros de distribuci\u00f3n con servizo a domicilio e de recollida en tenda. D\u00e1se cobertura a domicilio a 9 de cada 10 fogares galegos.<\/p>\n<p class=\"p1\">Premios e reco\u00f1ecementos:<\/p>\n\n<ul>\n \t<li class=\"p2\"><span class=\"s1\"><b>Premio AGAFAN<\/b><\/span> polo apoio da compa\u00f1\u00eda \u00e1s familias numerosas.<\/li>\n \t<li class=\"p2\"><span class=\"s1\"><b>\u2018T\u00edtulo de Excelencia Galega 2017\u2019<\/b><\/span> da Asociaci\u00f3n de Empresarios Galegos de Catalu\u00f1a concedido a D. Ventura Gonz\u00e1lez Prieto pola s\u00faa traxectoria Empresarial.<\/li>\n \t<li class=\"p2\"><span class=\"s1\"><b>Premio de Humana-Fundaci\u00f3n Pueblo para Pueblo <\/b><\/span>a Vegalsa-Eroski polo seu compromiso coa responsabilidade social empresarial e a reutilizaci\u00f3n t\u00e9xtil.<\/li>\n \t<li class=\"p2\"><span class=\"s1\"><b>Premio \u201ceWoman\u201d negocio online<\/b><\/span> outorgado polo Grupo Faro de Vigo-La Opini\u00f3n de A Coru\u00f1a, reco\u00f1ecemento \u00e1 innovaci\u00f3n a trav\u00e9s dos desenvolvementos na web para comprar en li\u00f1a\n<a href=\"http:\/\/www.eroski.es\">www.eroski.es<\/a>.<\/li>\n<\/ul>\t\t\t\t\t\t\t\t\t<\/div>\n\t\t\t\t<div class=\"col-md-5\">\n\t\t\t\t\t\t\t\t\t\t\t<figure>\n\t\t\t\t\t\t\t<img loading=\"lazy\" decoding=\"async\" width=\"570\" height=\"222\" src=\"https:\/\/corporativo.eroski.es\/wp-content\/uploads\/2018\/05\/vegalsa.jpg\" class=\"attachment-full size-full\" alt=\"Logo Vegalsa Eroski\" \/>\t\t\t\t\t\t<\/figure>\n\t\t\t\t\t\t\t\t\t<\/div>\n\t\t\t<\/div>\n\t\t\t\t\t\t\t\t<\/div>\n\t\t\n\t<\/div>\t\n<\/section>\n<\/div><\/div>\n<div id=\"panel-1880-0-0-8\" class=\"so-panel widget widget_memoria-section-collapsible panel-last-child\" data-index=\"8\" data-style=\"{&quot;background_image_attachment&quot;:false,&quot;background_display&quot;:&quot;tile&quot;}\" data-label=\"Negocios de diversificaci\u00f3n\" ><div class=\"so-widget-memoria-section-collapsible so-widget-memoria-section-collapsible-default-d75171398898\">\n\n\t<section class=\"memoria-section-collapsible collapsible\">\n\t<div class=\"container\">\n\t\t<header class=\"collapsible-handler\">\n\t\t\t<h3><\/h3>\n\t\t\t<a class=\"icon-collapse\"><svg xmlns=\"http:\/\/www.w3.org\/2000\/svg\" width=\"24\" height=\"24\" viewBox=\"0 0 24 24\">\n    <path d=\"M16.59 8.59L12 13.17 7.41 8.59 6 10l6 6 6-6z\"\/>\n    <path d=\"M0 0h24v24H0z\" fill=\"none\"\/>\n<\/svg>\n<\/a>\n\t\t<\/header>\n\t\t<div class=\"collapsible-content\">\n\t\t\t<div class=\"row\">\n\t\t\t\t<div class=\"col-md-7 col-lg-6\">\n\t\t\t\t\t\t\t\t\t\t\t\t\t\t<\/div>\n\t\t\t\t<div class=\"col-md-5\">\n\t\t\t\t\t\t\t\t\t<\/div>\n\t\t\t<\/div>\n\t\t\t\t\t\t\t\t<\/div>\n\t\t\n\t<\/div>\t\n<\/section>\n<\/div><\/div>\n<\/div>\n<\/div>\n<\/div>\n","protected":false},"excerpt":{"rendered":"","protected":false},"author":1,"featured_media":0,"parent":4781,"menu_order":0,"comment_status":"closed","ping_status":"closed","template":"memoria.php","meta":{"_acf_changed":false,"footnotes":""},"class_list":["post-4875","page","type-page","status-publish","hentry"],"acf":[],"yoast_head":"<!-- This site is optimized with the Yoast SEO plugin v24.5 - https:\/\/yoast.com\/wordpress\/plugins\/seo\/ -->\n<title>Tendas - Eroski Corporativo<\/title>\n<meta name=\"description\" content=\"Conoce todos los detalles de nuestras tiendas y las gesti\u00f3n que de ellas realiza EROSKI.\" \/>\n<meta name=\"robots\" content=\"index, follow, max-snippet:-1, max-image-preview:large, max-video-preview:-1\" \/>\n<link rel=\"canonical\" href=\"https:\/\/corporativo.eroski.es\/gl\/memoria-2017\/tendas\/\" \/>\n<meta property=\"og:locale\" content=\"gl_ES\" \/>\n<meta property=\"og:type\" content=\"article\" \/>\n<meta property=\"og:title\" content=\"Tendas - Eroski Corporativo\" \/>\n<meta property=\"og:description\" content=\"Conoce todos los detalles de nuestras tiendas y las gesti\u00f3n que de ellas realiza EROSKI.\" \/>\n<meta property=\"og:url\" content=\"https:\/\/corporativo.eroski.es\/gl\/memoria-2017\/tendas\/\" \/>\n<meta property=\"og:site_name\" content=\"Eroski Corporativo\" \/>\n<meta property=\"article:modified_time\" content=\"2019-03-21T10:57:08+00:00\" \/>\n<meta name=\"twitter:card\" content=\"summary_large_image\" \/>\n<script type=\"application\/ld+json\" class=\"yoast-schema-graph\">{\"@context\":\"https:\/\/schema.org\",\"@graph\":[{\"@type\":\"WebPage\",\"@id\":\"https:\/\/corporativo.eroski.es\/gl\/memoria-2017\/tendas\/\",\"url\":\"https:\/\/corporativo.eroski.es\/gl\/memoria-2017\/tendas\/\",\"name\":\"Tendas - Eroski Corporativo\",\"isPartOf\":{\"@id\":\"https:\/\/corporativo.eroski.es\/gl\/#website\"},\"datePublished\":\"2018-05-24T16:00:47+00:00\",\"dateModified\":\"2019-03-21T10:57:08+00:00\",\"description\":\"Conoce todos los detalles de nuestras tiendas y las gesti\u00f3n que de ellas realiza EROSKI.\",\"breadcrumb\":{\"@id\":\"https:\/\/corporativo.eroski.es\/gl\/memoria-2017\/tendas\/#breadcrumb\"},\"inLanguage\":\"gl-ES\",\"potentialAction\":[{\"@type\":\"ReadAction\",\"target\":[\"https:\/\/corporativo.eroski.es\/gl\/memoria-2017\/tendas\/\"]}]},{\"@type\":\"BreadcrumbList\",\"@id\":\"https:\/\/corporativo.eroski.es\/gl\/memoria-2017\/tendas\/#breadcrumb\",\"itemListElement\":[{\"@type\":\"ListItem\",\"position\":1,\"name\":\"Portada\",\"item\":\"https:\/\/corporativo.eroski.es\/gl\/\"},{\"@type\":\"ListItem\",\"position\":2,\"name\":\"Memoria 2017\",\"item\":\"https:\/\/corporativo.eroski.es\/gl\/memoria-2017\/\"},{\"@type\":\"ListItem\",\"position\":3,\"name\":\"Tendas\"}]},{\"@type\":\"WebSite\",\"@id\":\"https:\/\/corporativo.eroski.es\/gl\/#website\",\"url\":\"https:\/\/corporativo.eroski.es\/gl\/\",\"name\":\"Eroski Corporativo\",\"description\":\"\",\"potentialAction\":[{\"@type\":\"SearchAction\",\"target\":{\"@type\":\"EntryPoint\",\"urlTemplate\":\"https:\/\/corporativo.eroski.es\/gl\/?s={search_term_string}\"},\"query-input\":{\"@type\":\"PropertyValueSpecification\",\"valueRequired\":true,\"valueName\":\"search_term_string\"}}],\"inLanguage\":\"gl-ES\"}]}<\/script>\n<!-- \/ Yoast SEO plugin. -->","yoast_head_json":{"title":"Tendas - Eroski Corporativo","description":"Conoce todos los detalles de nuestras tiendas y las gesti\u00f3n que de ellas realiza EROSKI.","robots":{"index":"index","follow":"follow","max-snippet":"max-snippet:-1","max-image-preview":"max-image-preview:large","max-video-preview":"max-video-preview:-1"},"canonical":"https:\/\/corporativo.eroski.es\/gl\/memoria-2017\/tendas\/","og_locale":"gl_ES","og_type":"article","og_title":"Tendas - Eroski Corporativo","og_description":"Conoce todos los detalles de nuestras tiendas y las gesti\u00f3n que de ellas realiza EROSKI.","og_url":"https:\/\/corporativo.eroski.es\/gl\/memoria-2017\/tendas\/","og_site_name":"Eroski Corporativo","article_modified_time":"2019-03-21T10:57:08+00:00","twitter_card":"summary_large_image","schema":{"@context":"https:\/\/schema.org","@graph":[{"@type":"WebPage","@id":"https:\/\/corporativo.eroski.es\/gl\/memoria-2017\/tendas\/","url":"https:\/\/corporativo.eroski.es\/gl\/memoria-2017\/tendas\/","name":"Tendas - Eroski Corporativo","isPartOf":{"@id":"https:\/\/corporativo.eroski.es\/gl\/#website"},"datePublished":"2018-05-24T16:00:47+00:00","dateModified":"2019-03-21T10:57:08+00:00","description":"Conoce todos los detalles de nuestras tiendas y las gesti\u00f3n que de ellas realiza EROSKI.","breadcrumb":{"@id":"https:\/\/corporativo.eroski.es\/gl\/memoria-2017\/tendas\/#breadcrumb"},"inLanguage":"gl-ES","potentialAction":[{"@type":"ReadAction","target":["https:\/\/corporativo.eroski.es\/gl\/memoria-2017\/tendas\/"]}]},{"@type":"BreadcrumbList","@id":"https:\/\/corporativo.eroski.es\/gl\/memoria-2017\/tendas\/#breadcrumb","itemListElement":[{"@type":"ListItem","position":1,"name":"Portada","item":"https:\/\/corporativo.eroski.es\/gl\/"},{"@type":"ListItem","position":2,"name":"Memoria 2017","item":"https:\/\/corporativo.eroski.es\/gl\/memoria-2017\/"},{"@type":"ListItem","position":3,"name":"Tendas"}]},{"@type":"WebSite","@id":"https:\/\/corporativo.eroski.es\/gl\/#website","url":"https:\/\/corporativo.eroski.es\/gl\/","name":"Eroski Corporativo","description":"","potentialAction":[{"@type":"SearchAction","target":{"@type":"EntryPoint","urlTemplate":"https:\/\/corporativo.eroski.es\/gl\/?s={search_term_string}"},"query-input":{"@type":"PropertyValueSpecification","valueRequired":true,"valueName":"search_term_string"}}],"inLanguage":"gl-ES"}]}},"_links":{"self":[{"href":"https:\/\/corporativo.eroski.es\/gl\/wp-json\/wp\/v2\/pages\/4875","targetHints":{"allow":["GET"]}}],"collection":[{"href":"https:\/\/corporativo.eroski.es\/gl\/wp-json\/wp\/v2\/pages"}],"about":[{"href":"https:\/\/corporativo.eroski.es\/gl\/wp-json\/wp\/v2\/types\/page"}],"author":[{"embeddable":true,"href":"https:\/\/corporativo.eroski.es\/gl\/wp-json\/wp\/v2\/users\/1"}],"replies":[{"embeddable":true,"href":"https:\/\/corporativo.eroski.es\/gl\/wp-json\/wp\/v2\/comments?post=4875"}],"version-history":[{"count":2,"href":"https:\/\/corporativo.eroski.es\/gl\/wp-json\/wp\/v2\/pages\/4875\/revisions"}],"predecessor-version":[{"id":4878,"href":"https:\/\/corporativo.eroski.es\/gl\/wp-json\/wp\/v2\/pages\/4875\/revisions\/4878"}],"up":[{"embeddable":true,"href":"https:\/\/corporativo.eroski.es\/gl\/wp-json\/wp\/v2\/pages\/4781"}],"wp:attachment":[{"href":"https:\/\/corporativo.eroski.es\/gl\/wp-json\/wp\/v2\/media?parent=4875"}],"curies":[{"name":"wp","href":"https:\/\/api.w.org\/{rel}","templated":true}]}}