{"id":4835,"date":"2018-05-23T14:46:39","date_gmt":"2018-05-23T14:46:39","guid":{"rendered":"https:\/\/corporativo.eroski.es\/memoria-2017\/contigo\/"},"modified":"2019-03-21T21:33:39","modified_gmt":"2019-03-21T21:33:39","slug":"contigo","status":"publish","type":"page","link":"https:\/\/corporativo.eroski.es\/gl\/memoria-2017\/contigo\/","title":{"rendered":"Modelo comercial &#8220;contigo&#8221;"},"content":{"rendered":"<div id=\"pl-4835\"  class=\"panel-layout\" ><div id=\"pg-4835-0\"  class=\"panel-grid panel-no-style\" ><div id=\"pgc-4835-0-0\"  class=\"panel-grid-cell\" ><div id=\"panel-4835-0-0-0\" class=\"so-panel widget widget_image-navigable panel-first-child\" data-index=\"0\" ><div class=\"so-widget-image-navigable so-widget-image-navigable-default-d75171398898\">\n<section class=\"image-navigable\">\n    <div class=\"container\">\n        <div class=\"swiper-container mode-free\">\n            <div class=\"swiper-wrapper\">\n                <figure class=\"swiper-slide\">\n                    <img loading=\"lazy\" decoding=\"async\" width=\"1000\" height=\"711\" src=\"https:\/\/corporativo.eroski.es\/wp-content\/uploads\/2018\/05\/esquema-1.jpg\" class=\"attachment-full size-full\" alt=\"Esquema salud y sostenibilidad Eroski\" \/>                <\/figure>\n            <\/div>\n            <div class=\"swiper-scrollbar\"><\/div>\n        <\/div>\n    <\/div>\n<\/section><\/div><\/div><div id=\"panel-4835-0-0-1\" class=\"so-panel widget widget_separator\" data-index=\"1\" ><div class=\"so-widget-separator so-widget-separator-default-d75171398898\">\n<div class=\"separator vs-medium\"><\/div><\/div><\/div><div id=\"panel-4835-0-0-2\" class=\"so-panel widget widget_memoria-section-collapsible panel-last-child\" data-index=\"2\" ><div class=\"so-widget-memoria-section-collapsible so-widget-memoria-section-collapsible-default-d75171398898\">\n\n\t<section class=\"memoria-section-collapsible collapsible expanded-on-load expand\">\n\t<div class=\"container\">\n\t\t<header class=\"collapsible-handler\">\n\t\t\t<h3>Comprometidos coa sa\u00fade e  a sostibilidade<\/h3>\n\t\t\t<a class=\"icon-collapse\"><svg xmlns=\"http:\/\/www.w3.org\/2000\/svg\" width=\"24\" height=\"24\" viewBox=\"0 0 24 24\">\n    <path d=\"M16.59 8.59L12 13.17 7.41 8.59 6 10l6 6 6-6z\"\/>\n    <path d=\"M0 0h24v24H0z\" fill=\"none\"\/>\n<\/svg>\n<\/a>\n\t\t<\/header>\n\t\t<div class=\"collapsible-content\">\n\t\t\t<div class=\"row\">\n\t\t\t\t<div class=\"col-md-7 col-lg-6\">\n\t\t\t\t\t<p class=\"p1\">Desde o comezo, en EROSKI cremos que a tenda \u00e9 o lugar desde onde podemos impulsar unha boa alimentaci\u00f3n e un consumo responsable. Por iso, consultamos aos nosos traballadores e traballadoras, consumidores e consumidoras e aos nosos grupos de interese como podiamos facelo mellor. As s\u00faas reflexi\u00f3ns e propostas pl\u00e1smanse en dez compromisos pola sa\u00fade e a sostibilidade que marcan o noso cami\u00f1o a seguir. 7.500 persoas colaboraron na elaboraci\u00f3n deste dec\u00e1logo que rexe o noso modelo comercial \u2018contigo\u2019.<\/p>\t\t\t\t\t\t\t\t\t\t\t<ol class=\"custom-ol\">\n\t\t\t\t\t\t\t\t\t\t\t\t\t\t\t<li>\n\t\t\t\t\t\t\t\t\t<span class=\"key\">1<\/span>\n\t\t\t\t\t\t\t\t\t<header><h4>Implicarnos coa seguridade alimentaria<\/h4><\/header>\n\t\t\t\t\t\t\t\t\t<p class=\"p1\"><span class=\"s1\">A seguridade alimentaria \u00e9 para EROSKI a condici\u00f3n b\u00e1sica tanto a nivel de produtos, especialmente os da s\u00faa marca propia, como das s\u00faas instalaci\u00f3ns. EROSKI conta cun plan de calidade preventivo a trav\u00e9s do cal realiza m\u00e1is de 11.000 an\u00e1lises de produto e audita m\u00e1is de 400 provedores por ano.<\/span><\/p>\n<p class=\"p1\">Son tres as principais li\u00f1as de traballo arredor das que se desenvolve este compromiso. Velar pola trazabilidade dos produtos desde a s\u00faa orixe ata a tenda. Garantir que en todo momento do proceso da subministraci\u00f3n (transporte, almacenaxe ou manipulaci\u00f3n en tenda) se mant\u00e9n a cadea de fr\u00edo; e deste xeito asegurar o acceso aos produtos en perfectas condici\u00f3ns e con todas as s\u00faas propiedades. E auditar, analizar e controlar a diario e cos m\u00e1ximos niveis de esixencia. Para iso, EROSKI homologa o 100% dos seus fabricantes e realiza un control continuo da calidade dos produtos a trav\u00e9s de an\u00e1lises microbiol\u00f3xicas e fisicoqu\u00edmicas.<\/p>\t\t\t\t\t\t\t\t<\/li>\n\t\t\t\t\t\t\t\t\t\t\t\t\t\t\t<li>\n\t\t\t\t\t\t\t\t\t<span class=\"key\">2<\/span>\n\t\t\t\t\t\t\t\t\t<header><h4>Promover unha alimentaci\u00f3n equilibrada<\/h4><\/header>\n\t\t\t\t\t\t\t\t\t<p class=\"p1\">Como distribuidor, EROSKI comprom\u00e9tese a ofrecer unha proposta equilibrada de alimentos. Para iso traballa, por unha banda, na promoci\u00f3n dos grupos de alimentos que deben formar parte con maior frecuencia dunha dieta equilibrada. Por outro, na revisi\u00f3n das receitas dos produtos de marca propia pertencentes aos grupos de alimentos que se deben inxerir de xeito m\u00e1is espor\u00e1dico, para mellorar o seu perfil nutricional.<\/p>\n<p class=\"p1\">Seguindo os consellos das expertas e os expertos en sa\u00fade e escoitando aos seus clientes, EROSKI converteuse na primeira empresa de distribuci\u00f3n en Espa\u00f1a e das primeiras a nivel europeo en eliminar dos seus produtos as graxas vexetais parcialmente hidroxenadas, fonte das graxas trans artificiais. A reformulaci\u00f3n ou substituci\u00f3n dos produtos que conti\u00f1an graxas trans industriais foi un proceso moi complexo e supuxo un grande esforzo, no que participaron de forma moi activa todos os provedores, co apoio do laboratorio da \u00e1rea de calidade. Ademais, calibrouse o sabor dos produtos mediante numerosas catas, xa que as persoas consumidoras deb\u00edan percibilo igual ou mellor que o anterior.<\/p>\n<p class=\"p1\">Complementariamente, EROSKI ofrece soluci\u00f3ns cun perfil nutricional mellorado a trav\u00e9s da s\u00faa marca EROSKI Sannia en cada familia de produto e categor\u00eda.<\/p>\t\t\t\t\t\t\t\t<\/li>\n\t\t\t\t\t\t\t\t\t\t\t\t\t\t\t<li>\n\t\t\t\t\t\t\t\t\t<span class=\"key\">3<\/span>\n\t\t\t\t\t\t\t\t\t<header><h4>Previr a obesidade infantil<\/h4><\/header>\n\t\t\t\t\t\t\t\t\t<p class=\"p1\"><span class=\"s1\">A obesidade infantil representa unha gran ameaza para os m\u00e1is pequenos. Este compromiso pon o foco na proactividade \u00e1 hora da prevenci\u00f3n. En consecuencia, EROSKI adquire o compromiso de promover o consumo dos produtos da base da pir\u00e1mide nutricional e mellorar o resto reducindo a s\u00faa carga de calor\u00edas, sal, azucre e graxa.<\/span><\/p>\n<p class=\"p1\">En li\u00f1a con este obxectivo, EROSKI comprom\u00e9tese a traballar na reformulaci\u00f3n dos seus produtos de marca propia dirixidos aos m\u00e1is novos para que a s\u00faa composici\u00f3n sexa m\u00e1is axeitada.<\/p>\n<p class=\"p1\">Do mesmo xeito, a cooperativa adquire o compromiso de p\u00f3r \u00e9nfase especial en potenciar a formaci\u00f3n en h\u00e1bitos de vida saudables para os m\u00e1is pequenos e a s\u00faa contorna m\u00e1is pr\u00f3xima -escolar e familiar- e que desenvolve especialmente a trav\u00e9s do programa Enerx\u00eda para Medrar, Programa Educativo en Alimentaci\u00f3n e H\u00e1bitos Saudables (PEAHS) da Fundaci\u00f3n EROSKI. Aspiramos a chegar a formar a m\u00e1is de dous mill\u00f3ns de nenos e as s\u00faas familias para 2025.<\/p>\n\t\t\t\t\t\t\t\t<\/li>\n\t\t\t\t\t\t\t\t\t\t\t\t\t\t\t<li>\n\t\t\t\t\t\t\t\t\t<span class=\"key\">4<\/span>\n\t\t\t\t\t\t\t\t\t<header><h4>Atender as necesidades nutricionais espec\u00edficas<\/h4><\/header>\n\t\t\t\t\t\t\t\t\t<p class=\"p1\">EROSKI traballa para achegar soluci\u00f3ns ante as necesidades sensibles da poboaci\u00f3n. Varias son as causas:<\/p>\n\n<ul>\n \t<li class=\"p2\">As derivadas de limitaci\u00f3ns de sa\u00fade por alerxias e intolerancias.<\/li>\n \t<li class=\"p2\">As relativas \u00e1s diferentes etapas da vida: soluci\u00f3ns m\u00e1is axeitadas para diferentes etapas da vida, desde a infancia ata as necesidades dos maiores.<\/li>\n \t<li class=\"p2\">Incluso promove soluci\u00f3ns para os diversos estilos de vida ali\u00f1ados cunha busca dunha<span class=\"Apple-converted-space\">\u00a0 <\/span>alimentaci\u00f3n m\u00e1is saudable e sostible.<\/li>\n<\/ul>\n<p class=\"p3\">A cooperativa aborda neste compromiso a s\u00faa vontade de atender a quen precisa unha alimentaci\u00f3n espec\u00edfica de xeito que a oferta dos produtos sexa segura, suficiente para unha compra ordinaria e cun sacrificio econ\u00f3mico axeitado.<\/p>\n<p class=\"p1\">En concreto, EROSKI disp\u00f3n, ademais dunha gama espec\u00edfica de m\u00e1is de 2.500 produtos de marcas l\u00edderes, de 550 produtos de marca propia garantidos sen glute e un 30% m\u00e1is baratos. Ademais, ao longo de 2018 a cooperativa lanzar\u00e1 unha gama nova de produtos espec\u00edficos sen glute marca EROSKI.<\/p>\t\t\t\t\t\t\t\t<\/li>\n\t\t\t\t\t\t\t\t\t\t\t\t\t\t\t<li>\n\t\t\t\t\t\t\t\t\t<span class=\"key\">5<\/span>\n\t\t\t\t\t\t\t\t\t<header><h4>Favorecer o consumo responsable<\/h4><\/header>\n\t\t\t\t\t\t\t\t\t<p class=\"p1\">A alimentaci\u00f3n, ademais de sa e equilibrada, debe ser responsable e sostible. EROSKI comprom\u00e9tese a mellorar o seu impacto na contorna a trav\u00e9s da mellora nos procesos, instalaci\u00f3ns e produtos desde a sostibilidade econ\u00f3mica, social e \u00e9tica. O uso sostible dos recursos, a reduci\u00f3n da pegada ambiental, a promoci\u00f3n da econom\u00eda circular, a prevenci\u00f3n do cambio clim\u00e1tico, a defensa da biodiversidade\u2026 son imperativos ineludibles que EROSKI recolle no seu quinto compromiso. A cooperativa continuar\u00e1 reducindo a pegada ambiental das s\u00faas tendas, flota lox\u00edstica e produtos.<\/p>\n<p class=\"p1\">EROSKI mellorou o modelo enerx\u00e9tico das s\u00faas tendas de nova xeraci\u00f3n configurando un prototipo de tenda ecoeficiente que reduce un 60% o consumo enerx\u00e9tico respecto a un supermercado convencional. EROSKI estende este novo modelo enerx\u00e9tico a todas as aperturas e reformas dos seus supermercados e hipermercados para transformalas \u00e1 nova xeraci\u00f3n de tendas.<\/p>\n<p class=\"p1\">Do mesmo xeito, os investimentos, a reordenaci\u00f3n do mapa lox\u00edstico e os procesos de automatizaci\u00f3n de plataformas acometidos durante os \u00faltimos anos supuxeron unha mellora global do 27% na eficiencia lox\u00edstica de toda a cadea de subministraci\u00f3n.<\/p>\n\t\t\t\t\t\t\t\t<\/li>\n\t\t\t\t\t\t\t\t\t\t\t\t\t\t\t<li>\n\t\t\t\t\t\t\t\t\t<span class=\"key\">6<\/span>\n\t\t\t\t\t\t\t\t\t<header><h4>Ofrecer m\u00e1is produtos locais<\/h4><\/header>\n\t\t\t\t\t\t\t\t\t<p class=\"p1\">Unha alimentaci\u00f3n m\u00e1is sostible non s\u00f3 se refire a aspectos ambientais, tam\u00e9n sociais. O desenvolvemento social e econ\u00f3mico da contorna, o fomento do emprego e a riqueza local e o respecto \u00e1 cultura gastron\u00f3mica local son obxecto do sexto compromiso de EROSKI en Sa\u00fade e Sostibilidade. A cooperativa ab\u00f3rdao desde o punto de vista de empresa de distribuci\u00f3n cunha relaci\u00f3n de apoio e pr\u00f3xima dos provedores agroalimentarios locais e unha oferta ampla e variada que ofrece m\u00e1is de 20.000 produtos locais de 2.000 pequenos produtores; e desde o punto de vista como axente social, implic\u00e1ndose nos aspectos sociais, culturais, solidarios da contorna onde opera, \u00e1 que desde a s\u00faa orixe devolve boa parte dos seus beneficios empresariais.<\/p>\n<p class=\"p1\">As tendas EROSKI ofrecen unha proposta relevante de gamas locais diferenciais en todas as categor\u00edas de produtos procedentes da contorna en todos os territorios.<\/p>\t\t\t\t\t\t\t\t<\/li>\n\t\t\t\t\t\t\t\t\t\t\t\t\t\t\t<li>\n\t\t\t\t\t\t\t\t\t<span class=\"key\">7<\/span>\n\t\t\t\t\t\t\t\t\t<header><h4>Facilitar comer ben a bo prezo<\/h4><\/header>\n\t\t\t\t\t\t\t\t\t<p class=\"p1\">EROSKI quere ser un axente democratizador da sa\u00fade e a sostibilidade e este \u00e9 o obxecto do seu s\u00e9timo compromiso. A cooperativa aspira a reducir a barreira que no mercado en moitas ocasi\u00f3ns sup\u00f3n o prezo para poder acceder a certos alimentos, necesarios para unha alimentaci\u00f3n equilibrada. Para iso, EROSKI comprom\u00e9tese a ofrecer os produtos necesarios para levar unha alimentaci\u00f3n equilibrada e responsable a prezos accesibles, ademais de desenvolver propostas personalizadas de aforro para os seus Socios e Socias Cliente en produtos m\u00e1is saudables e sostibles.<\/p>\t\t\t\t\t\t\t\t<\/li>\n\t\t\t\t\t\t\t\t\t\t\t\t\t\t\t<li>\n\t\t\t\t\t\t\t\t\t<span class=\"key\">8<\/span>\n\t\t\t\t\t\t\t\t\t<header><h4>Impulsar un estilo de vida saudable<\/h4><\/header>\n\t\t\t\t\t\t\t\t\t<p class=\"p1\">EROSKI comprom\u00e9tese a ofrecer unha informaci\u00f3n clara e transparente no relativo \u00e1 proposta comercial (etiquetaxe, folletos, revistas\u2026), informando e recomendando as mellores opci\u00f3ns. Para iso, creou unha serie de ferramentas coas que promover unhas persoas consumidoras m\u00e1is informadas sobre as s\u00faas elecci\u00f3ns alimentarias. S\u00f3 unha consumidora ou consumidor informado pode tomar decisi\u00f3ns racionais.<\/p>\n\n<ol>\n \t<li class=\"p2\">M\u00e1xima claridade e transparencia na informaci\u00f3n que ofrecen os envases. Xa en 2007, EROSKI foi pioneira na informaci\u00f3n ao cliente coa incorporaci\u00f3n do sem\u00e1foro nutricional na parte frontal do envase dos seus produtos de marca propia. Este sistema permite aos consumidores co\u00f1ecer dunha simple ollada a cantidade de calor\u00edas, azucres, graxa, graxa saturada e sal que achega unha raci\u00f3n dun produto, as\u00ed como as s\u00faas porcentaxes sobre o consumo diario a trav\u00e9s das cores verde, amarela e laranxa. Ademais, ao sem\u00e1foro acomp\u00e1\u00f1ano outros s\u00edmbolos de informaci\u00f3n nutricional que indican os nutrientes que achegan determinados produtos e a s\u00faa orixe, as\u00ed como os ingredientes que poden xerar intolerancias.<\/li>\n \t<li class=\"p2\">Escoitar os socios e socias e outros grupos de interese para mellorar.<\/li>\n<\/ol>\t\t\t\t\t\t\t\t<\/li>\n\t\t\t\t\t\t\t\t\t\t\t\t\t\t\t<li>\n\t\t\t\t\t\t\t\t\t<span class=\"key\">9<\/span>\n\t\t\t\t\t\t\t\t\t<header><h4>Coidarnos como traballadores\"<\/h4><\/header>\n\t\t\t\t\t\t\t\t\t<p class=\"p1\">Como cooperativa, os traballadores te\u00f1en un papel esencial e diferente e son un fin en si mesmo. A formaci\u00f3n en sa\u00fade, sostibilidade e benestar e a promoci\u00f3n de h\u00e1bitos de vida saudables forman parte do noveno compromiso para mellorar a s\u00faa calidade de vida e atender mellor os seus clientes.<\/p>\n<p class=\"p1\">Durante os \u00faltimos anos, EROSKI aumentou os recursos destinados \u00e1 formaci\u00f3n das persoas:<\/p>\n\n<ol>\n \t<li class=\"p2\">Mellora da atenci\u00f3n ao cliente. Os traballadores f\u00f3rmanse en sa\u00fade e sostibilidade. S\u00f3 en 2017, dedic\u00e1ronse m\u00e1is de 122.000 horas \u00e1 formaci\u00f3n de m\u00e1is de 6.300 persoas. A formaci\u00f3n ordinaria incl\u00fae contidos de sa\u00fade e sostibilidade. A formaci\u00f3n recibida redunda na mellor calidade de vida dos traballadores e permite unha mellor atenci\u00f3n e asesoramento ao cliente.<\/li>\n \t<li class=\"p2\">Mellora da calidade de vida como traballadores. Ofrecendo formaci\u00f3n, asesoramento, actividades, programas e diversas ferramentas para os traballadores e tam\u00e9n para as s\u00faas familias, co obxectivo de mellorar os seus h\u00e1bitos alimentarios e tam\u00e9n de sostibilidade.<\/li>\n<\/ol>\t\t\t\t\t\t\t\t<\/li>\n\t\t\t\t\t\t\t\t\t\t\t\t\t\t\t<li>\n\t\t\t\t\t\t\t\t\t<span class=\"key\">10<\/span>\n\t\t\t\t\t\t\t\t\t<header><h4>Actuar con claridade e transparencia<\/h4><\/header>\n\t\t\t\t\t\t\t\t\t<p class=\"p1\">EROSKI, como cooperativa de consumo, sempre destacou pola s\u00faa actividade na formaci\u00f3n e informaci\u00f3n ao consumidor para axudalo a facer elecci\u00f3ns cara a soluci\u00f3ns m\u00e1is saudables e sostibles. A cooperativa impulsa esta formaci\u00f3n a trav\u00e9s da Fundaci\u00f3n EROSKI e EROSKI Club.<\/p>\n<p class=\"p1\">Desde fai m\u00e1is de 40 anos, faino a trav\u00e9s da revista Consumer e o portal<br \/>\n<a href=\"http:\/\/www.consumer.es\">www.consumer.es<\/a>.<\/p>\n<p class=\"p1\">Tam\u00e9n desenvolve a s\u00faa vocaci\u00f3n de fomentar unha alimentaci\u00f3n sa e uns h\u00e1bitos de vida saudables entre a cidadan\u00eda a trav\u00e9s da s\u00faa Escola de Alimentaci\u00f3n da Fundaci\u00f3n EROSKI, que colabora activamente con profesionais da sa\u00fade e da alimentaci\u00f3n para estar sempre ao d\u00eda e poder contribu\u00edr na s\u00faa difusi\u00f3n dentro do sector, ofrecendo informaci\u00f3n rigorosa e de actualidade para os profesionais. Desde ela cr\u00e9anse diversos contidos e tam\u00e9n se organizan eventos divulgativos. E co obxectivo de ofrecer un espazo de reflexi\u00f3n, desde o 2009, Fundaci\u00f3n EROSKI promove encontros nos que participan profesionais sanitarios e cidad\u00e1s e cidad\u00e1ns con preocupaci\u00f3ns e necesidades en materia de sa\u00fade.<\/p>\n\t\t\t\t\t\t\t\t<\/li>\n\t\t\t\t\t\t\t\t\t\t\t\t\t<\/ol>\n\t\t\t\t\t\t\t\t\t<\/div>\n\t\t\t\t<div class=\"col-md-5\">\n\t\t\t\t\t\t\t\t\t\t\t<figure>\n\t\t\t\t\t\t\t<img loading=\"lazy\" decoding=\"async\" width=\"570\" height=\"356\" src=\"https:\/\/corporativo.eroski.es\/wp-content\/uploads\/2018\/05\/compromisos-saludables-sostenibles-1.jpg\" class=\"attachment-full size-full\" alt=\"Diez compromisos saludables y sostenibles de Eroski\" \/>\t\t\t\t\t\t<\/figure>\n\t\t\t\t\t\t\t\t\t<\/div>\n\t\t\t<\/div>\n\t\t\t\t\t\t\t\t\t\t<div class=\"row sub-section\">\n\t\t\t\t\t<div class=\"col-md-7 col-lg-6\">\n\t\t\t\t\t\t<header>\n\t\t\t\t\t\t\t<h4>Compromiso coa sa\u00fade e a sostibilidade<\/h4>\n\t\t\t\t\t\t<\/header>\n\t\t\t\t\t\t<p class=\"p1\">Co\u00f1ece o dec\u00e1logo que asume EROSKI para contribu\u00edr a unha sociedade m\u00e1is sostible e con maiores cotas de sa\u00fade e benestar.<br \/>\n<a href=\"https:\/\/vimeo.com\/263111572\" target=\"_blank\" rel=\"noopener\">https:\/\/vimeo.com\/263111572<\/a><\/p>\t\t\t\t\t<\/div>\n\t\t\t\t\t<div class=\"col-md-5 col-lg-6\">\n\t\t\t\t\t\t\t\t\t\t\t<\/div>\n\t\t\t\t<\/div>\n\t\t\t\t\t<\/div>\n\t\t\n\t<\/div>\t\n<\/section>\n<\/div><\/div><\/div><\/div><\/div>","protected":false},"excerpt":{"rendered":"<p>Comprometidos coa sa\u00fade e a sostibilidade Desde o comezo, en EROSKI cremos que a tenda \u00e9 o lugar desde onde podemos impulsar unha boa alimentaci\u00f3n e un consumo responsable. Por iso, consultamos aos nosos traballadores e traballadoras, consumidores e consumidoras e aos nosos grupos de interese como podiamos facelo mellor. As s\u00faas reflexi\u00f3ns e propostas [&hellip;]<\/p>\n","protected":false},"author":1,"featured_media":0,"parent":4781,"menu_order":0,"comment_status":"closed","ping_status":"closed","template":"memoria.php","meta":{"_acf_changed":false,"footnotes":""},"class_list":["post-4835","page","type-page","status-publish","hentry"],"acf":[],"yoast_head":"<!-- This site is optimized with the Yoast SEO plugin v24.5 - https:\/\/yoast.com\/wordpress\/plugins\/seo\/ -->\n<title>Modelo comercial &quot;contigo&quot; - Eroski Corporativo<\/title>\n<meta name=\"description\" content=\"Conoce &quot;Contigo&quot;, el modelo comercial de EROSKI que evoluciona para dar cabida a los 10 compromisos de EROSKI con la sostenibilidad y la salud.\" \/>\n<meta name=\"robots\" content=\"index, follow, max-snippet:-1, max-image-preview:large, max-video-preview:-1\" \/>\n<link rel=\"canonical\" href=\"https:\/\/corporativo.eroski.es\/gl\/memoria-2017\/contigo\/\" \/>\n<meta property=\"og:locale\" content=\"gl_ES\" \/>\n<meta property=\"og:type\" content=\"article\" \/>\n<meta property=\"og:title\" content=\"Modelo comercial &quot;contigo&quot; - Eroski Corporativo\" \/>\n<meta property=\"og:description\" content=\"Conoce &quot;Contigo&quot;, el modelo comercial de EROSKI que evoluciona para dar cabida a los 10 compromisos de EROSKI con la sostenibilidad y la salud.\" \/>\n<meta property=\"og:url\" content=\"https:\/\/corporativo.eroski.es\/gl\/memoria-2017\/contigo\/\" \/>\n<meta property=\"og:site_name\" content=\"Eroski Corporativo\" \/>\n<meta property=\"article:modified_time\" content=\"2019-03-21T21:33:39+00:00\" \/>\n<meta name=\"twitter:card\" content=\"summary_large_image\" \/>\n<script type=\"application\/ld+json\" class=\"yoast-schema-graph\">{\"@context\":\"https:\/\/schema.org\",\"@graph\":[{\"@type\":\"WebPage\",\"@id\":\"https:\/\/corporativo.eroski.es\/gl\/memoria-2017\/contigo\/\",\"url\":\"https:\/\/corporativo.eroski.es\/gl\/memoria-2017\/contigo\/\",\"name\":\"Modelo comercial \\\"contigo\\\" - Eroski Corporativo\",\"isPartOf\":{\"@id\":\"https:\/\/corporativo.eroski.es\/gl\/#website\"},\"datePublished\":\"2018-05-23T14:46:39+00:00\",\"dateModified\":\"2019-03-21T21:33:39+00:00\",\"description\":\"Conoce \\\"Contigo\\\", el modelo comercial de EROSKI que evoluciona para dar cabida a los 10 compromisos de EROSKI con la sostenibilidad y la salud.\",\"breadcrumb\":{\"@id\":\"https:\/\/corporativo.eroski.es\/gl\/memoria-2017\/contigo\/#breadcrumb\"},\"inLanguage\":\"gl-ES\",\"potentialAction\":[{\"@type\":\"ReadAction\",\"target\":[\"https:\/\/corporativo.eroski.es\/gl\/memoria-2017\/contigo\/\"]}]},{\"@type\":\"BreadcrumbList\",\"@id\":\"https:\/\/corporativo.eroski.es\/gl\/memoria-2017\/contigo\/#breadcrumb\",\"itemListElement\":[{\"@type\":\"ListItem\",\"position\":1,\"name\":\"Portada\",\"item\":\"https:\/\/corporativo.eroski.es\/gl\/\"},{\"@type\":\"ListItem\",\"position\":2,\"name\":\"Memoria 2017\",\"item\":\"https:\/\/corporativo.eroski.es\/gl\/memoria-2017\/\"},{\"@type\":\"ListItem\",\"position\":3,\"name\":\"Modelo comercial &#8220;contigo&#8221;\"}]},{\"@type\":\"WebSite\",\"@id\":\"https:\/\/corporativo.eroski.es\/gl\/#website\",\"url\":\"https:\/\/corporativo.eroski.es\/gl\/\",\"name\":\"Eroski Corporativo\",\"description\":\"\",\"potentialAction\":[{\"@type\":\"SearchAction\",\"target\":{\"@type\":\"EntryPoint\",\"urlTemplate\":\"https:\/\/corporativo.eroski.es\/gl\/?s={search_term_string}\"},\"query-input\":{\"@type\":\"PropertyValueSpecification\",\"valueRequired\":true,\"valueName\":\"search_term_string\"}}],\"inLanguage\":\"gl-ES\"}]}<\/script>\n<!-- \/ Yoast SEO plugin. -->","yoast_head_json":{"title":"Modelo comercial \"contigo\" - Eroski Corporativo","description":"Conoce \"Contigo\", el modelo comercial de EROSKI que evoluciona para dar cabida a los 10 compromisos de EROSKI con la sostenibilidad y la salud.","robots":{"index":"index","follow":"follow","max-snippet":"max-snippet:-1","max-image-preview":"max-image-preview:large","max-video-preview":"max-video-preview:-1"},"canonical":"https:\/\/corporativo.eroski.es\/gl\/memoria-2017\/contigo\/","og_locale":"gl_ES","og_type":"article","og_title":"Modelo comercial \"contigo\" - Eroski Corporativo","og_description":"Conoce \"Contigo\", el modelo comercial de EROSKI que evoluciona para dar cabida a los 10 compromisos de EROSKI con la sostenibilidad y la salud.","og_url":"https:\/\/corporativo.eroski.es\/gl\/memoria-2017\/contigo\/","og_site_name":"Eroski Corporativo","article_modified_time":"2019-03-21T21:33:39+00:00","twitter_card":"summary_large_image","schema":{"@context":"https:\/\/schema.org","@graph":[{"@type":"WebPage","@id":"https:\/\/corporativo.eroski.es\/gl\/memoria-2017\/contigo\/","url":"https:\/\/corporativo.eroski.es\/gl\/memoria-2017\/contigo\/","name":"Modelo comercial \"contigo\" - Eroski Corporativo","isPartOf":{"@id":"https:\/\/corporativo.eroski.es\/gl\/#website"},"datePublished":"2018-05-23T14:46:39+00:00","dateModified":"2019-03-21T21:33:39+00:00","description":"Conoce \"Contigo\", el modelo comercial de EROSKI que evoluciona para dar cabida a los 10 compromisos de EROSKI con la sostenibilidad y la salud.","breadcrumb":{"@id":"https:\/\/corporativo.eroski.es\/gl\/memoria-2017\/contigo\/#breadcrumb"},"inLanguage":"gl-ES","potentialAction":[{"@type":"ReadAction","target":["https:\/\/corporativo.eroski.es\/gl\/memoria-2017\/contigo\/"]}]},{"@type":"BreadcrumbList","@id":"https:\/\/corporativo.eroski.es\/gl\/memoria-2017\/contigo\/#breadcrumb","itemListElement":[{"@type":"ListItem","position":1,"name":"Portada","item":"https:\/\/corporativo.eroski.es\/gl\/"},{"@type":"ListItem","position":2,"name":"Memoria 2017","item":"https:\/\/corporativo.eroski.es\/gl\/memoria-2017\/"},{"@type":"ListItem","position":3,"name":"Modelo comercial &#8220;contigo&#8221;"}]},{"@type":"WebSite","@id":"https:\/\/corporativo.eroski.es\/gl\/#website","url":"https:\/\/corporativo.eroski.es\/gl\/","name":"Eroski Corporativo","description":"","potentialAction":[{"@type":"SearchAction","target":{"@type":"EntryPoint","urlTemplate":"https:\/\/corporativo.eroski.es\/gl\/?s={search_term_string}"},"query-input":{"@type":"PropertyValueSpecification","valueRequired":true,"valueName":"search_term_string"}}],"inLanguage":"gl-ES"}]}},"_links":{"self":[{"href":"https:\/\/corporativo.eroski.es\/gl\/wp-json\/wp\/v2\/pages\/4835","targetHints":{"allow":["GET"]}}],"collection":[{"href":"https:\/\/corporativo.eroski.es\/gl\/wp-json\/wp\/v2\/pages"}],"about":[{"href":"https:\/\/corporativo.eroski.es\/gl\/wp-json\/wp\/v2\/types\/page"}],"author":[{"embeddable":true,"href":"https:\/\/corporativo.eroski.es\/gl\/wp-json\/wp\/v2\/users\/1"}],"replies":[{"embeddable":true,"href":"https:\/\/corporativo.eroski.es\/gl\/wp-json\/wp\/v2\/comments?post=4835"}],"version-history":[{"count":4,"href":"https:\/\/corporativo.eroski.es\/gl\/wp-json\/wp\/v2\/pages\/4835\/revisions"}],"predecessor-version":[{"id":4907,"href":"https:\/\/corporativo.eroski.es\/gl\/wp-json\/wp\/v2\/pages\/4835\/revisions\/4907"}],"up":[{"embeddable":true,"href":"https:\/\/corporativo.eroski.es\/gl\/wp-json\/wp\/v2\/pages\/4781"}],"wp:attachment":[{"href":"https:\/\/corporativo.eroski.es\/gl\/wp-json\/wp\/v2\/media?parent=4835"}],"curies":[{"name":"wp","href":"https:\/\/api.w.org\/{rel}","templated":true}]}}