{"id":4783,"date":"2018-05-16T09:00:46","date_gmt":"2018-05-16T07:00:46","guid":{"rendered":"https:\/\/corporativo.eroski.es\/memoria-2017\/goberno-corporativo\/"},"modified":"2018-05-16T09:00:46","modified_gmt":"2018-05-16T09:00:46","slug":"goberno-corporativo","status":"publish","type":"page","link":"https:\/\/corporativo.eroski.es\/gl\/memoria-2017\/goberno-corporativo\/","title":{"rendered":"Goberno Corporativo"},"content":{"rendered":"","protected":false},"excerpt":{"rendered":"","protected":false},"author":1,"featured_media":0,"parent":4781,"menu_order":0,"comment_status":"closed","ping_status":"closed","template":"memoria.php","meta":{"_acf_changed":false,"footnotes":""},"class_list":["post-4783","page","type-page","status-publish","hentry"],"acf":[],"yoast_head":"<!-- This site is optimized with the Yoast SEO plugin v24.5 - https:\/\/yoast.com\/wordpress\/plugins\/seo\/ -->\n<title>Goberno Corporativo - Eroski Corporativo<\/title>\n<meta name=\"description\" content=\"En EROSKI las buenas pr\u00e1cticas de gobierno corporativo forman parte de nuestra identidad cooperativa. Desc\u00e1rgate aqu\u00ed nuestro gobierno corporativo.\" \/>\n<meta name=\"robots\" content=\"index, follow, max-snippet:-1, max-image-preview:large, max-video-preview:-1\" \/>\n<link rel=\"canonical\" href=\"https:\/\/corporativo.eroski.es\/gl\/memoria-2017\/goberno-corporativo\/\" \/>\n<meta property=\"og:locale\" content=\"gl_ES\" \/>\n<meta property=\"og:type\" content=\"article\" \/>\n<meta property=\"og:title\" content=\"Goberno Corporativo - Eroski Corporativo\" \/>\n<meta property=\"og:description\" content=\"En EROSKI las buenas pr\u00e1cticas de gobierno corporativo forman parte de nuestra identidad cooperativa. Desc\u00e1rgate aqu\u00ed nuestro gobierno corporativo.\" \/>\n<meta property=\"og:url\" content=\"https:\/\/corporativo.eroski.es\/gl\/memoria-2017\/goberno-corporativo\/\" \/>\n<meta property=\"og:site_name\" content=\"Eroski Corporativo\" \/>\n<meta property=\"article:modified_time\" content=\"2018-05-16T09:00:46+00:00\" \/>\n<meta name=\"twitter:card\" content=\"summary_large_image\" \/>\n<script type=\"application\/ld+json\" class=\"yoast-schema-graph\">{\"@context\":\"https:\/\/schema.org\",\"@graph\":[{\"@type\":\"WebPage\",\"@id\":\"https:\/\/corporativo.eroski.es\/gl\/memoria-2017\/goberno-corporativo\/\",\"url\":\"https:\/\/corporativo.eroski.es\/gl\/memoria-2017\/goberno-corporativo\/\",\"name\":\"Goberno Corporativo - Eroski Corporativo\",\"isPartOf\":{\"@id\":\"https:\/\/corporativo.eroski.es\/gl\/#website\"},\"datePublished\":\"2018-05-16T07:00:46+00:00\",\"dateModified\":\"2018-05-16T09:00:46+00:00\",\"description\":\"En EROSKI las buenas pr\u00e1cticas de gobierno corporativo forman parte de nuestra identidad cooperativa. Desc\u00e1rgate aqu\u00ed nuestro gobierno corporativo.\",\"breadcrumb\":{\"@id\":\"https:\/\/corporativo.eroski.es\/gl\/memoria-2017\/goberno-corporativo\/#breadcrumb\"},\"inLanguage\":\"gl-ES\",\"potentialAction\":[{\"@type\":\"ReadAction\",\"target\":[\"https:\/\/corporativo.eroski.es\/gl\/memoria-2017\/goberno-corporativo\/\"]}]},{\"@type\":\"BreadcrumbList\",\"@id\":\"https:\/\/corporativo.eroski.es\/gl\/memoria-2017\/goberno-corporativo\/#breadcrumb\",\"itemListElement\":[{\"@type\":\"ListItem\",\"position\":1,\"name\":\"Portada\",\"item\":\"https:\/\/corporativo.eroski.es\/gl\/\"},{\"@type\":\"ListItem\",\"position\":2,\"name\":\"Memoria 2017\",\"item\":\"https:\/\/corporativo.eroski.es\/gl\/memoria-2017\/\"},{\"@type\":\"ListItem\",\"position\":3,\"name\":\"Goberno Corporativo\"}]},{\"@type\":\"WebSite\",\"@id\":\"https:\/\/corporativo.eroski.es\/gl\/#website\",\"url\":\"https:\/\/corporativo.eroski.es\/gl\/\",\"name\":\"Eroski Corporativo\",\"description\":\"\",\"potentialAction\":[{\"@type\":\"SearchAction\",\"target\":{\"@type\":\"EntryPoint\",\"urlTemplate\":\"https:\/\/corporativo.eroski.es\/gl\/?s={search_term_string}\"},\"query-input\":{\"@type\":\"PropertyValueSpecification\",\"valueRequired\":true,\"valueName\":\"search_term_string\"}}],\"inLanguage\":\"gl-ES\"}]}<\/script>\n<!-- \/ Yoast SEO plugin. -->","yoast_head_json":{"title":"Goberno Corporativo - Eroski Corporativo","description":"En EROSKI las buenas pr\u00e1cticas de gobierno corporativo forman parte de nuestra identidad cooperativa. Desc\u00e1rgate aqu\u00ed nuestro gobierno corporativo.","robots":{"index":"index","follow":"follow","max-snippet":"max-snippet:-1","max-image-preview":"max-image-preview:large","max-video-preview":"max-video-preview:-1"},"canonical":"https:\/\/corporativo.eroski.es\/gl\/memoria-2017\/goberno-corporativo\/","og_locale":"gl_ES","og_type":"article","og_title":"Goberno Corporativo - Eroski Corporativo","og_description":"En EROSKI las buenas pr\u00e1cticas de gobierno corporativo forman parte de nuestra identidad cooperativa. Desc\u00e1rgate aqu\u00ed nuestro gobierno corporativo.","og_url":"https:\/\/corporativo.eroski.es\/gl\/memoria-2017\/goberno-corporativo\/","og_site_name":"Eroski Corporativo","article_modified_time":"2018-05-16T09:00:46+00:00","twitter_card":"summary_large_image","schema":{"@context":"https:\/\/schema.org","@graph":[{"@type":"WebPage","@id":"https:\/\/corporativo.eroski.es\/gl\/memoria-2017\/goberno-corporativo\/","url":"https:\/\/corporativo.eroski.es\/gl\/memoria-2017\/goberno-corporativo\/","name":"Goberno Corporativo - Eroski Corporativo","isPartOf":{"@id":"https:\/\/corporativo.eroski.es\/gl\/#website"},"datePublished":"2018-05-16T07:00:46+00:00","dateModified":"2018-05-16T09:00:46+00:00","description":"En EROSKI las buenas pr\u00e1cticas de gobierno corporativo forman parte de nuestra identidad cooperativa. Desc\u00e1rgate aqu\u00ed nuestro gobierno corporativo.","breadcrumb":{"@id":"https:\/\/corporativo.eroski.es\/gl\/memoria-2017\/goberno-corporativo\/#breadcrumb"},"inLanguage":"gl-ES","potentialAction":[{"@type":"ReadAction","target":["https:\/\/corporativo.eroski.es\/gl\/memoria-2017\/goberno-corporativo\/"]}]},{"@type":"BreadcrumbList","@id":"https:\/\/corporativo.eroski.es\/gl\/memoria-2017\/goberno-corporativo\/#breadcrumb","itemListElement":[{"@type":"ListItem","position":1,"name":"Portada","item":"https:\/\/corporativo.eroski.es\/gl\/"},{"@type":"ListItem","position":2,"name":"Memoria 2017","item":"https:\/\/corporativo.eroski.es\/gl\/memoria-2017\/"},{"@type":"ListItem","position":3,"name":"Goberno Corporativo"}]},{"@type":"WebSite","@id":"https:\/\/corporativo.eroski.es\/gl\/#website","url":"https:\/\/corporativo.eroski.es\/gl\/","name":"Eroski Corporativo","description":"","potentialAction":[{"@type":"SearchAction","target":{"@type":"EntryPoint","urlTemplate":"https:\/\/corporativo.eroski.es\/gl\/?s={search_term_string}"},"query-input":{"@type":"PropertyValueSpecification","valueRequired":true,"valueName":"search_term_string"}}],"inLanguage":"gl-ES"}]}},"_links":{"self":[{"href":"https:\/\/corporativo.eroski.es\/gl\/wp-json\/wp\/v2\/pages\/4783","targetHints":{"allow":["GET"]}}],"collection":[{"href":"https:\/\/corporativo.eroski.es\/gl\/wp-json\/wp\/v2\/pages"}],"about":[{"href":"https:\/\/corporativo.eroski.es\/gl\/wp-json\/wp\/v2\/types\/page"}],"author":[{"embeddable":true,"href":"https:\/\/corporativo.eroski.es\/gl\/wp-json\/wp\/v2\/users\/1"}],"replies":[{"embeddable":true,"href":"https:\/\/corporativo.eroski.es\/gl\/wp-json\/wp\/v2\/comments?post=4783"}],"version-history":[{"count":0,"href":"https:\/\/corporativo.eroski.es\/gl\/wp-json\/wp\/v2\/pages\/4783\/revisions"}],"up":[{"embeddable":true,"href":"https:\/\/corporativo.eroski.es\/gl\/wp-json\/wp\/v2\/pages\/4781"}],"wp:attachment":[{"href":"https:\/\/corporativo.eroski.es\/gl\/wp-json\/wp\/v2\/media?parent=4783"}],"curies":[{"name":"wp","href":"https:\/\/api.w.org\/{rel}","templated":true}]}}