{"id":40013,"date":"2023-04-20T13:54:13","date_gmt":"2023-04-20T11:54:13","guid":{"rendered":"https:\/\/corporativo.eroski.es\/memoria-2022\/carta-de-leire-mugerza\/"},"modified":"2023-05-16T17:05:05","modified_gmt":"2023-05-16T15:05:05","slug":"carta-de-leire-mugerza","status":"publish","type":"page","link":"https:\/\/corporativo.eroski.es\/gl\/memoria-2022\/carta-de-leire-mugerza\/","title":{"rendered":"Carta de Leire Mugerza"},"content":{"rendered":"\n<style>\n\t.descarga_documentos{\n\t    display: flex;\n\t\tjustify-content: flex-end;\n\t\tmargin-top: -100px;\n\t}\n\t.descarga {\n\t\tmax-width: min-content;\n\t\ttext-align: center;\n\t\tpadding: 5px;\n\t}\n\t.descarga svg{\n\t\tmargin-top: 10px;\n\t}\n\t.descarga p{\n\t\tfont-family: \"Roboto\",Arial;\n\t\tfont-size: 14px;\n\t\tline-height: initial;\n\t\tmargin-bottom: 0;\n\t}\n@media (max-width: 1024px){\t\n\t.descarga_documentos{\n\t\tmargin-top: 0;\n\t}\n}\n<\/style>\n\n\n<div class=\"container\">\n\t<div class=\"descarga_documentos\">\n\t\t<div class=\"descarga\">\n\t\t\t<a target=\"_blank\" href=\"\/wp-content\/uploads\/memorias-2022\/memoria-eroski-digital-gal.pdf\" rel=\"noopener\">\n\t\t\t\t<p>Descargar <strong>Memoria<\/strong><\/p>\n\t\t\t\t<img loading=\"lazy\" decoding=\"async\" width=\"47\" height=\"51\" src=\"\/wp-content\/uploads\/2023\/04\/0_Descarga.svg\">\n\t\t\t<\/a>\n\t\t<\/div>\n\t\t<div class=\"descarga\">\n\t\t\t<a target=\"_blank\" href=\"\/wp-content\/uploads\/einf\/einf-2022_ga.pdf\" rel=\"noopener\">\n\t\t\t\t<p>Descargar <strong>EINF<\/strong><\/p>\n\t\t\t\t<img loading=\"lazy\" decoding=\"async\" width=\"47\" height=\"51\" src=\"\/wp-content\/uploads\/2023\/04\/0_Descarga.svg\">\n\t\t\t<\/a>\n\t\t<\/div>\n\t<\/div>\n<\/div>\n\n\n\n<h1 class=\"wp-block-heading\"><strong>Carta de Leire Mugerza<\/strong><\/h1>\n\n\n\n<p>Se me pediran un titular para as seguintes li\u00f1as, grazas ser\u00eda, probablemente, a palabra que de forma m\u00e1is certeza puidera condensar o que van ler a continuaci\u00f3n. Grazas aos equipos de persoas que formamos EROSKI polo esforzo, pola dedicaci\u00f3n e pola paix\u00f3n.&nbsp;&nbsp;<\/p>\n\n\n\n<p>A contribuci\u00f3n das persoas, como digo, foi esencial para entender a forma na que a nosa organizaci\u00f3n respondeu a un per\u00edodo claramente marcado por unha alta inflaci\u00f3n, en especial, no que se refire aos produtos de alimentaci\u00f3n. As mensaxes simplistas e demag\u00f3xicas fan que a opini\u00f3n p\u00fablica non poida distinguir entre as distintas actividades empresariais, porque non se consigue diferenciar entre sectores ou non se discriminan unhas empresas de outras. Sirvan estas palabras para reivindicar que non \u00e9 o mesmo un modelo que outro. En ocasi\u00f3ns t\u00e9ndese a baleirar de contido o sentido de EROSKI como asociaci\u00f3n de consumidores, como cooperativa de consumidores e esta \u00e9 unha diferencia clara no sector. Porque todo o que xera rep\u00e1rtese entre os seus propietarios, que son as persoas socias de consumo e as socias de traballo, decidimos e abordamos a xesti\u00f3n do negocio pensando en ambos colectivos, porque participamos ambos na decisi\u00f3n. \u00c9 unha realidade que busca un reparto equilibrado da riqueza que se xera como empresa de distribuci\u00f3n, \u00e9 un diferencial en como decidimos e como o aplicamos, e p\u00f3dese apreciar con feitos a validez do discurso. \u00c9 o que somos e o que sirve de folla de ruta para entender por que actuamos desta forma.&nbsp;&nbsp;<\/p>\n\n\n\n<p>Porque o consumidor \u00e9 o noso centro, neste per\u00edodo fixemos un gran esforzo por non trasladar a totalidade dos sobre custos no prezo de venta ao p\u00fablico, reducindo a marxe de beneficio da empresa, aquela que pertence \u00e1s s\u00faas 9.500 persoas socias de traballo e \u00e1 sociedade na que reinviste os seus resultados.&nbsp;&nbsp;<\/p>\n\n\n\n<p><strong>Transparencia na informaci\u00f3n<\/strong>&nbsp;<\/p>\n\n\n\n<p>Unha das formas de evidenciar o noso compromiso cos consumidores e a sociedade son os 10 compromisos de sa\u00fade e sostibilidade, que enmarcan moitas actuaci\u00f3ns definidas de forma conxunta con miles de consumidores e feitos expl\u00edcitos e compartidos entre todas as persoas. A transparencia co consumidor, o noso socio, \u00e9 un deles.&nbsp;&nbsp;<\/p>\n\n\n\n<p>A mesma transparencia que aplicamos no traslado das mensaxes anteriores, existe \u00e1 hora de ofrecer a nosa variedade nas tendas. A demanda de informaci\u00f3n por parte dos consumidores na configuraci\u00f3n da s\u00faa cesta da compra \u00e9 un dos atributos m\u00e1is distintivos dos novos tempos. A confianza en elementos tanxibles como o produto ou intanxibles como a marca ga\u00f1aron en relevancia para o cliente \u00e1 hora de definir os seus h\u00e1bitos de compra. \u00c9 un factor esencial para EROSKI. Proba diso foron os dous novos sistemas de etiquetado de introducimos en 2022. O primeiro, pioneiro na distribuci\u00f3n alimentaria nacional, am\u00f3sanos de forma sinxela e visual o impacto global dun determinado produto no medio ambiente. Unha iniciativa que irase enriquecendo coa opini\u00f3n dos miles de consumidores aos que EROSKI preguntou.&nbsp;&nbsp;<\/p>\n\n\n\n<p>A segunda etiqueta incide na aposta da organizaci\u00f3n por unha alimentaci\u00f3n m\u00e1is \u00e9tica e sostible co benestar animal como v\u00e9rtice: un sistema de clasificaci\u00f3n propio que axuda a identificar as caracter\u00edsticas da crianza da carne de polo e, desta forma, facilitar o co\u00f1ecemento e o fomento dun necesario esp\u00edrito cr\u00edtico que nos fai avanzar como sociedade.&nbsp;&nbsp;<\/p>\n\n\n\n<p><strong>Compromiso social<\/strong>&nbsp;<\/p>\n\n\n\n<p>Se por algo destacou o 2022 \u00e9 pola dureza que supuxo ser testemu\u00f1as do inicio dunha cruenta guerra que afectou ao coraz\u00f3n de Europa e a miles de persoas, inclu\u00eddas familias enteiras, nenos e nenas. Non hai alivio posible para aqueles que o perderon todo, pero dende EROSKI quixemos contribu\u00edr ao traballo que sobre o terreo realizan organizaci\u00f3ns como UNICEF para socorrer \u00e1s persoas afectadas. Unha vez m\u00e1is os clientes e clientas foron decisivos na contribuci\u00f3n de m\u00e1is de 560.000 euros na campa\u00f1a de emerxencia de axuda humanitaria. Non \u00e9 a primeira vez e, desgraciadamente, non ser\u00e1 a \u00faltima, pero n\u00f3s actuaremos sempre, porque a solidariedade non \u00e9 unha acci\u00f3n puntual, \u00e9 parte do que somos.&nbsp;&nbsp;<\/p>\n\n\n\n<p><strong>Cooperativismo. Non \u00e9 a meta sen\u00f3n o cami\u00f1o<\/strong>&nbsp;<\/p>\n\n\n\n<p>Permit\u00edde que dedique as \u00faltimas li\u00f1as desta carta a enxalzar o modelo empresarial que, sen moito lugar a d\u00fabidas, situou a EROSKI na posici\u00f3n na que est\u00e1. Un modelo xusto; democr\u00e1tico; que promove a igualdade e a diversidade; que xera e reparte a riqueza de forma equitativa. Un modelo no que cremos firmemente. O noso modelo. Ser cooperativa ref\u00f3rzanos nos valores que queremos trasladar \u00e1 sociedade. Todo o que facemos, dende a nosa oferta comercial ata os nosos 10 Compromisos saudables e sostibles existen porque somos cooperativa.&nbsp; E isto, fainos m\u00e1is fortes. Xuntos sumamos, para multiplicar aport\u00e1molo \u00e1 sociedade, aos propietarios deste proxecto, que son os nosos socios e socias de traballo e de consumo. Porque queremos seguir avanzando para lograr que o proxecto cooperativo, con valores ligados \u00e1 solidariedade e intercooperaci\u00f3n, sexa o mellor lugar para as nosas socias e socios de traballo e de consumo, polo que facemos e como o facemos. Xuntos somos m\u00e1is. EROSKI contigo.&nbsp;<\/p>\n\n\n\n<p><strong>Leire Mugerza<\/strong>&nbsp;<\/p>\n\n\n\n<p><strong>Socia consumidora e Presidenta do Consello Reitor de EROSKI S. COOP.<\/strong>&nbsp;<\/p>\n","protected":false},"excerpt":{"rendered":"<p>Descargar Memoria Descargar EINF Carta de Leire Mugerza Se me pediran un titular para as seguintes li\u00f1as, grazas ser\u00eda, probablemente, a palabra que de forma m\u00e1is certeza puidera condensar o que van ler a continuaci\u00f3n. Grazas aos equipos de persoas que formamos EROSKI polo esforzo, pola dedicaci\u00f3n e pola paix\u00f3n.&nbsp;&nbsp; A contribuci\u00f3n das persoas, como [&hellip;]<\/p>\n","protected":false},"author":26,"featured_media":0,"parent":39988,"menu_order":0,"comment_status":"closed","ping_status":"closed","template":"","meta":{"_acf_changed":false,"footnotes":""},"class_list":["post-40013","page","type-page","status-publish","hentry"],"acf":[],"yoast_head":"<!-- This site is optimized with the Yoast SEO plugin v24.5 - https:\/\/yoast.com\/wordpress\/plugins\/seo\/ -->\n<title>Carta de Leire Mugerza - Eroski Corporativo<\/title>\n<meta name=\"robots\" content=\"index, follow, max-snippet:-1, max-image-preview:large, max-video-preview:-1\" \/>\n<link rel=\"canonical\" href=\"https:\/\/corporativo.eroski.es\/gl\/memoria-2022\/carta-de-leire-mugerza\/\" \/>\n<meta property=\"og:locale\" content=\"gl_ES\" \/>\n<meta property=\"og:type\" content=\"article\" \/>\n<meta property=\"og:title\" content=\"Carta de Leire Mugerza - Eroski Corporativo\" \/>\n<meta property=\"og:description\" content=\"Descargar Memoria Descargar EINF Carta de Leire Mugerza Se me pediran un titular para as seguintes li\u00f1as, grazas ser\u00eda, probablemente, a palabra que de forma m\u00e1is certeza puidera condensar o que van ler a continuaci\u00f3n. Grazas aos equipos de persoas que formamos EROSKI polo esforzo, pola dedicaci\u00f3n e pola paix\u00f3n.&nbsp;&nbsp; A contribuci\u00f3n das persoas, como [&hellip;]\" \/>\n<meta property=\"og:url\" content=\"https:\/\/corporativo.eroski.es\/gl\/memoria-2022\/carta-de-leire-mugerza\/\" \/>\n<meta property=\"og:site_name\" content=\"Eroski Corporativo\" \/>\n<meta property=\"article:modified_time\" content=\"2023-05-16T15:05:05+00:00\" \/>\n<meta name=\"twitter:card\" content=\"summary_large_image\" \/>\n<meta name=\"twitter:label1\" content=\"Est. reading time\" \/>\n\t<meta name=\"twitter:data1\" content=\"5 minutos\" \/>\n<script type=\"application\/ld+json\" class=\"yoast-schema-graph\">{\"@context\":\"https:\/\/schema.org\",\"@graph\":[{\"@type\":\"WebPage\",\"@id\":\"https:\/\/corporativo.eroski.es\/gl\/memoria-2022\/carta-de-leire-mugerza\/\",\"url\":\"https:\/\/corporativo.eroski.es\/gl\/memoria-2022\/carta-de-leire-mugerza\/\",\"name\":\"Carta de Leire Mugerza - Eroski Corporativo\",\"isPartOf\":{\"@id\":\"https:\/\/corporativo.eroski.es\/gl\/#website\"},\"datePublished\":\"2023-04-20T11:54:13+00:00\",\"dateModified\":\"2023-05-16T15:05:05+00:00\",\"breadcrumb\":{\"@id\":\"https:\/\/corporativo.eroski.es\/gl\/memoria-2022\/carta-de-leire-mugerza\/#breadcrumb\"},\"inLanguage\":\"gl-ES\",\"potentialAction\":[{\"@type\":\"ReadAction\",\"target\":[\"https:\/\/corporativo.eroski.es\/gl\/memoria-2022\/carta-de-leire-mugerza\/\"]}]},{\"@type\":\"BreadcrumbList\",\"@id\":\"https:\/\/corporativo.eroski.es\/gl\/memoria-2022\/carta-de-leire-mugerza\/#breadcrumb\",\"itemListElement\":[{\"@type\":\"ListItem\",\"position\":1,\"name\":\"Portada\",\"item\":\"https:\/\/corporativo.eroski.es\/gl\/\"},{\"@type\":\"ListItem\",\"position\":2,\"name\":\"Memoria 2022\",\"item\":\"https:\/\/corporativo.eroski.es\/gl\/memoria-2022\/\"},{\"@type\":\"ListItem\",\"position\":3,\"name\":\"Carta de Leire Mugerza\"}]},{\"@type\":\"WebSite\",\"@id\":\"https:\/\/corporativo.eroski.es\/gl\/#website\",\"url\":\"https:\/\/corporativo.eroski.es\/gl\/\",\"name\":\"Eroski Corporativo\",\"description\":\"\",\"potentialAction\":[{\"@type\":\"SearchAction\",\"target\":{\"@type\":\"EntryPoint\",\"urlTemplate\":\"https:\/\/corporativo.eroski.es\/gl\/?s={search_term_string}\"},\"query-input\":{\"@type\":\"PropertyValueSpecification\",\"valueRequired\":true,\"valueName\":\"search_term_string\"}}],\"inLanguage\":\"gl-ES\"}]}<\/script>\n<!-- \/ Yoast SEO plugin. -->","yoast_head_json":{"title":"Carta de Leire Mugerza - Eroski Corporativo","robots":{"index":"index","follow":"follow","max-snippet":"max-snippet:-1","max-image-preview":"max-image-preview:large","max-video-preview":"max-video-preview:-1"},"canonical":"https:\/\/corporativo.eroski.es\/gl\/memoria-2022\/carta-de-leire-mugerza\/","og_locale":"gl_ES","og_type":"article","og_title":"Carta de Leire Mugerza - Eroski Corporativo","og_description":"Descargar Memoria Descargar EINF Carta de Leire Mugerza Se me pediran un titular para as seguintes li\u00f1as, grazas ser\u00eda, probablemente, a palabra que de forma m\u00e1is certeza puidera condensar o que van ler a continuaci\u00f3n. Grazas aos equipos de persoas que formamos EROSKI polo esforzo, pola dedicaci\u00f3n e pola paix\u00f3n.&nbsp;&nbsp; A contribuci\u00f3n das persoas, como [&hellip;]","og_url":"https:\/\/corporativo.eroski.es\/gl\/memoria-2022\/carta-de-leire-mugerza\/","og_site_name":"Eroski Corporativo","article_modified_time":"2023-05-16T15:05:05+00:00","twitter_card":"summary_large_image","twitter_misc":{"Est. reading time":"5 minutos"},"schema":{"@context":"https:\/\/schema.org","@graph":[{"@type":"WebPage","@id":"https:\/\/corporativo.eroski.es\/gl\/memoria-2022\/carta-de-leire-mugerza\/","url":"https:\/\/corporativo.eroski.es\/gl\/memoria-2022\/carta-de-leire-mugerza\/","name":"Carta de Leire Mugerza - Eroski Corporativo","isPartOf":{"@id":"https:\/\/corporativo.eroski.es\/gl\/#website"},"datePublished":"2023-04-20T11:54:13+00:00","dateModified":"2023-05-16T15:05:05+00:00","breadcrumb":{"@id":"https:\/\/corporativo.eroski.es\/gl\/memoria-2022\/carta-de-leire-mugerza\/#breadcrumb"},"inLanguage":"gl-ES","potentialAction":[{"@type":"ReadAction","target":["https:\/\/corporativo.eroski.es\/gl\/memoria-2022\/carta-de-leire-mugerza\/"]}]},{"@type":"BreadcrumbList","@id":"https:\/\/corporativo.eroski.es\/gl\/memoria-2022\/carta-de-leire-mugerza\/#breadcrumb","itemListElement":[{"@type":"ListItem","position":1,"name":"Portada","item":"https:\/\/corporativo.eroski.es\/gl\/"},{"@type":"ListItem","position":2,"name":"Memoria 2022","item":"https:\/\/corporativo.eroski.es\/gl\/memoria-2022\/"},{"@type":"ListItem","position":3,"name":"Carta de Leire Mugerza"}]},{"@type":"WebSite","@id":"https:\/\/corporativo.eroski.es\/gl\/#website","url":"https:\/\/corporativo.eroski.es\/gl\/","name":"Eroski Corporativo","description":"","potentialAction":[{"@type":"SearchAction","target":{"@type":"EntryPoint","urlTemplate":"https:\/\/corporativo.eroski.es\/gl\/?s={search_term_string}"},"query-input":{"@type":"PropertyValueSpecification","valueRequired":true,"valueName":"search_term_string"}}],"inLanguage":"gl-ES"}]}},"_links":{"self":[{"href":"https:\/\/corporativo.eroski.es\/gl\/wp-json\/wp\/v2\/pages\/40013","targetHints":{"allow":["GET"]}}],"collection":[{"href":"https:\/\/corporativo.eroski.es\/gl\/wp-json\/wp\/v2\/pages"}],"about":[{"href":"https:\/\/corporativo.eroski.es\/gl\/wp-json\/wp\/v2\/types\/page"}],"author":[{"embeddable":true,"href":"https:\/\/corporativo.eroski.es\/gl\/wp-json\/wp\/v2\/users\/26"}],"replies":[{"embeddable":true,"href":"https:\/\/corporativo.eroski.es\/gl\/wp-json\/wp\/v2\/comments?post=40013"}],"version-history":[{"count":2,"href":"https:\/\/corporativo.eroski.es\/gl\/wp-json\/wp\/v2\/pages\/40013\/revisions"}],"predecessor-version":[{"id":40125,"href":"https:\/\/corporativo.eroski.es\/gl\/wp-json\/wp\/v2\/pages\/40013\/revisions\/40125"}],"up":[{"embeddable":true,"href":"https:\/\/corporativo.eroski.es\/gl\/wp-json\/wp\/v2\/pages\/39988"}],"wp:attachment":[{"href":"https:\/\/corporativo.eroski.es\/gl\/wp-json\/wp\/v2\/media?parent=40013"}],"curies":[{"name":"wp","href":"https:\/\/api.w.org\/{rel}","templated":true}]}}