{"id":40010,"date":"2023-04-20T13:58:10","date_gmt":"2023-04-20T11:58:10","guid":{"rendered":"https:\/\/corporativo.eroski.es\/memoria-2022\/carta-de-rosa-carabel\/"},"modified":"2023-05-16T17:05:00","modified_gmt":"2023-05-16T15:05:00","slug":"carta-de-rosa-carabel","status":"publish","type":"page","link":"https:\/\/corporativo.eroski.es\/gl\/memoria-2022\/carta-de-rosa-carabel\/","title":{"rendered":"Carta de Rosa Carabel"},"content":{"rendered":"\n<style>\n\t.descarga_documentos{\n\t    display: flex;\n\t\tjustify-content: flex-end;\n\t\tmargin-top: -100px;\n\t}\n\t.descarga {\n\t\tmax-width: min-content;\n\t\ttext-align: center;\n\t\tpadding: 5px;\n\t}\n\t.descarga svg{\n\t\tmargin-top: 10px;\n\t}\n\t.descarga p{\n\t\tfont-family: \"Roboto\",Arial;\n\t\tfont-size: 14px;\n\t\tline-height: initial;\n\t\tmargin-bottom: 0;\n\t}\n@media (max-width: 1024px){\t\n\t.descarga_documentos{\n\t\tmargin-top: 0;\n\t}\n}\n<\/style>\n\n\n<div class=\"container\">\n\t<div class=\"descarga_documentos\">\n\t\t<div class=\"descarga\">\n\t\t\t<a target=\"_blank\" href=\"\/wp-content\/uploads\/memorias-2022\/memoria-eroski-digital-gal.pdf\" rel=\"noopener\">\n\t\t\t\t<p>Descargar <strong>Memoria<\/strong><\/p>\n\t\t\t\t<img loading=\"lazy\" decoding=\"async\" width=\"47\" height=\"51\" src=\"\/wp-content\/uploads\/2023\/04\/0_Descarga.svg\">\n\t\t\t<\/a>\n\t\t<\/div>\n\t\t<div class=\"descarga\">\n\t\t\t<a target=\"_blank\" href=\"\/wp-content\/uploads\/einf\/einf-2022_ga.pdf\" rel=\"noopener\">\n\t\t\t\t<p>Descargar <strong>EINF<\/strong><\/p>\n\t\t\t\t<img loading=\"lazy\" decoding=\"async\" width=\"47\" height=\"51\" src=\"\/wp-content\/uploads\/2023\/04\/0_Descarga.svg\">\n\t\t\t<\/a>\n\t\t<\/div>\n\t<\/div>\n<\/div>\n\n\n\n<h1 class=\"wp-block-heading\"><strong>Carta de Rosa Carabel<\/strong><\/h1>\n\n\n\n<p>\u00c9 cada vez m\u00e1is com\u00fan comezar a an\u00e1lise anual falando de incerteza. E non faltan raz\u00f3ns para facelo: primeiro, a crise sanitaria que derivou nunha crise econ\u00f3mica e social; agora, unha guerra en Europa que, ademais da traxedia humana que implica, provocou un aumento significativo dos custos enerx\u00e9ticos e das materias primas. Todo iso, xuntos con outros factores, provocou que as econom\u00edas evolucionaran por detr\u00e1s das estimaci\u00f3ns iniciais e que os niveis de inflaci\u00f3n alcanzasen unhas cifras que non se v\u00edan dende fai d\u00e9cadas. Se po\u00f1emos o foco nos custos dos alimentos, estaremos de acordo en que non recordabamos unha situaci\u00f3n como a que estamos xestionando. A pesar de todo, quero resistirme a empregar este termo tan manido; para centrarme no que marcou a nosa xesti\u00f3n durante todo o ano e utilizar d\u00faas palabras que resultan m\u00e1is apropiadas para describir a forma na que nos enfrontarnos a esta situaci\u00f3n tan complexa: responsabilidade e compromiso.&nbsp;<\/p>\n\n\n\n<p>Todas as actuaci\u00f3ns que desenvolvemos este ano tiveron por obxecto axudar, facilitar, mitigar e aliviar. Son termos que poder\u00edan empregarse indistintamente como sin\u00f3nimos da responsabilidade e inquebrantable compromiso que temos co consumidor. Evid\u00e9ncianse en todas e cada unha das decisi\u00f3ns e actuaci\u00f3ns que cada unha das persoas que conformamos este proxecto aplicamos ao longo de todo o exercicio. Na actualidade, as empresas do noso sector est\u00e1n sendo inxustamente cuestionadas, por iso dende EROSKI queremos deixar claro que sempre estivemos, estamos e estaremos ao lado do consumidor. Lamentablemente, a pesar dos nosos esforzos, non contamos coa capacidade para absorber a totalidade dos sobre custos que afrontamos. Que non caiba d\u00fabida de que nos esforzamos ao m\u00e1ximo para aplicar todas as medidas posibles que poidan reducir o seu impacto.&nbsp;<\/p>\n\n\n\n<p>Grazas \u00e1 nosa firme convicci\u00f3n, logramos transferir aforro \u00e1s persoas consumidoras a trav\u00e9s dunha actividade de promoci\u00f3n especialmente intensa e dunha vixilancia, seguimento e axuste fino do prezo dos nosos lineais. Para iso, tomamos d\u00faas decisi\u00f3ns clave. En primeiro lugar, reducir as nosas marxes comerciais co fin de non trasladar ao cliente a totalidade do incremento dos custos e, como consecuencia, impulsamos unha maior eficiencia en t\u00f3dolos procesos internos, dende a lox\u00edstica e a xesti\u00f3n de tendas ata as nosas plataformas e sedes centrais. Todos nos responsabilizamos para identificar oportunidades de aforro para constru\u00edr un plan eficaz e sostible.&nbsp;<\/p>\n\n\n\n<p>Estas d\u00faas decisi\u00f3ns deron como resultado un incremento da cesta da compra notablemente inferior \u00e1 media do mercado.&nbsp;&nbsp;<\/p>\n\n\n\n<p><strong>As nosas alianzas<\/strong>&nbsp;<\/p>\n\n\n\n<p>En setembro de 2022 cumpriuse o primeiro aniversario da alianza que nos une a EP Corporate Group en Catalu\u00f1a e Baleares. Estamos realmente satisfeitos dos resultados obtidos que responden plenamente aos obxectivos de negocio que nos propuxemos para ambos per\u00edmetros.&nbsp;&nbsp;<\/p>\n\n\n\n<p>Un dos principais pasaba por renovar a imaxe e o compromiso con Catalu\u00f1a mediante o relanzamento da marca Caprabo baixo o lema \u201cBenviguda la vida\u201d. A campa\u00f1a foi o rostro visible dun plan estrat\u00e9xico que impulsou a expansi\u00f3n da compa\u00f1\u00eda que ter\u00e1, ademais, a s\u00faa continuidade nos pr\u00f3ximos anos. Por outro lado, perseguiamos reforzar e consolidar o noso compromiso con Baleares, onde somos un dos l\u00edderes consolidados do mercado, entre outras raz\u00f3ns, por combinar como ningu\u00e9n unha ampla variedade de produtos locais a prezos moi competitivos. Outra das nosas alianzas estrat\u00e9xicas \u00e9 a que nos une \u00e1 Familia Gonz\u00e1lez Iglesias en Vegalsa-EROSKI, cos que celebraremos 25 anos o pr\u00f3ximo 2023.&nbsp;<\/p>\n\n\n\n<p><strong>A nosa diferenza<\/strong>&nbsp;<\/p>\n\n\n\n<p>A promoci\u00f3n do produto local, a sostibilidade e a sa\u00fade seguiron sendo unha constante, a pesar da complexidade que estamos xestionando. Cremos firmemente que estas son as pancas que marcan a diferenza. En 2022 fortalecemos a nosa aposta por estes valores mediante a creaci\u00f3n do primeiro marketplace dunha empresa de distribuci\u00f3n en Espa\u00f1a para produtores locais, EROSKI Azoka, un espazo de encontro entre os nosos clientes e os pequenos produtores. Ademais, renovamos o noso acordo co Goberno Vasco para o desenvolvemento do sector agroalimentario e co sector transformador en Arag\u00f3n para seguir sendo un actor clave na rexi\u00f3n.&nbsp;&nbsp;<\/p>\n\n\n\n<p>O noso compromiso co produtor estendeuse a ferramentas como o programa de acompa\u00f1amento mediante o cal estamos contribu\u00edndo a que as pequenas empresas produtoras poidan dese\u00f1ar a folla de ruta que contrib\u00faa a que os seus procesos sexan sostibles e os seus produtos de mellor calidade, en beneficio de todas as partes, en especial das persoas consumidoras..&nbsp;&nbsp;<\/p>\n\n\n\n<p>Por outro lado, seguimos po\u00f1endo foco na alimentaci\u00f3n dos nosos \u201cpequenos\u201d a trav\u00e9s do noso programa de formaci\u00f3n en h\u00e1bitos de alimentaci\u00f3n saudable que un ano m\u00e1is a chegado a centos de colexios e miles de alumnos.&nbsp;<\/p>\n\n\n\n<p>Un ano m\u00e1is a contribuci\u00f3n social de EROSKI, unida \u00e1s xenerosas aportaci\u00f3ns dos clientes \u00e1s distintas causas propostas ao longo destes doce meses \u00e9 fundamental para entender o impacto da nosa organizaci\u00f3n. Foron 23 mill\u00f3ns aportados en solidariedade e acci\u00f3n social; apoio \u00e1s familias e colectivos con necesidades especiais; formaci\u00f3n e informaci\u00f3n ao consumidor e cultura, ocio e contorna local. Sen esquecer a nosa mirada global de contribuci\u00f3n \u00e1 consecuci\u00f3n dos Obxectivos de Desenvolvemento Sostible en virtude da adhesi\u00f3n de EROSKI ao Pacto Mundial.&nbsp;<\/p>\n\n\n\n<p><strong>As nosas decisi\u00f3ns dif\u00edciles&nbsp;<\/strong>&nbsp;<\/p>\n\n\n\n<p>O 2022 quedar\u00e1 na nosa memoria por ser o ano no que pechamos o acordo con o Grupo Iberostar traspas\u00e1ndolle o 100% do negocio de Viaxes EROSKI. Foi unha decisi\u00f3n dif\u00edcil pero responsable e consistente co obxectivo de garantir o futuro do negocio e, por tanto, do futuro laboral das persoas.. Estamos profundamente orgullosos do que Viaxes EROSKI supuxo para toda a sociedade. Naceu fai m\u00e1is de catro d\u00e9cadas coa ambici\u00f3n de ofrecer un servizo de calidade nun momento de ebulici\u00f3n do turismo como industria. Hoxe ese proxecto ter\u00e1 a s\u00faa continuidade no seo dunha das empresas l\u00edderes do sector. Desde aqu\u00ed, grazas a t\u00f3dalas persoas que formades parte da nosa historia.&nbsp;&nbsp;&nbsp;<\/p>\n\n\n\n<p><strong>As persoas<\/strong>&nbsp;<\/p>\n\n\n\n<p>Sen d\u00fabida o noso principal activo son as persoas que conformamos este proxecto e este exercicio quixera destacar a capacidade de adaptaci\u00f3n e a flexibilidade que demostraron ao longo dun ano complexo que requiriu dun esforzo extraordinario en todas e cada unha das \u00e1reas e tendas da organizaci\u00f3n. \u00c9 necesario agradecer e reco\u00f1ecer a profesionalidade e mestr\u00eda coas que xestionamos esta situaci\u00f3n de cambio permanente.&nbsp;&nbsp;<\/p>\n\n\n\n<p>Persoalmente, foi un ano especial para min. \u00c9 a primeira vez que escribo esta carta como l\u00edder dun proxecto empresarial que me enche de orgullo, que ten unha ra\u00edz e unha alma cooperativa que nos fai ser como somos e facer as cousas como as facemos. Queremos transmitir os nosos valores \u00e1 sociedade: igualdade, sostibilidade, solidariedade e reparto equitativo de riqueza. Cremos que son valores aos que deberiamos aspirar como sociedade. Temos o claro prop\u00f3sito de contribu\u00edr ao desenvolvemento sostible e \u00e1 s\u00faa transformaci\u00f3n. Apostamos por ser un referente claro para as persoas consumidoras e queremos evolucionar ofrecendo respostas e aportando soluci\u00f3ns \u00e1s necesidades que te\u00f1a en cada etapa vital. Neste ano 2023 continuaremos estando ao lado dos consumidores. Contigo m\u00e1is que nunca.&nbsp;&nbsp;&nbsp;<\/p>\n\n\n\n<p><strong>Rosa Carabel<\/strong>&nbsp;<\/p>\n\n\n\n<p><strong>CEO de EROSKI<\/strong>&nbsp;<\/p>\n","protected":false},"excerpt":{"rendered":"<p>Descargar Memoria Descargar EINF Carta de Rosa Carabel \u00c9 cada vez m\u00e1is com\u00fan comezar a an\u00e1lise anual falando de incerteza. E non faltan raz\u00f3ns para facelo: primeiro, a crise sanitaria que derivou nunha crise econ\u00f3mica e social; agora, unha guerra en Europa que, ademais da traxedia humana que implica, provocou un aumento significativo dos custos [&hellip;]<\/p>\n","protected":false},"author":26,"featured_media":0,"parent":39988,"menu_order":0,"comment_status":"closed","ping_status":"closed","template":"","meta":{"_acf_changed":false,"footnotes":""},"class_list":["post-40010","page","type-page","status-publish","hentry"],"acf":[],"yoast_head":"<!-- This site is optimized with the Yoast SEO plugin v24.5 - https:\/\/yoast.com\/wordpress\/plugins\/seo\/ -->\n<title>Carta de Rosa Carabel - Eroski Corporativo<\/title>\n<meta name=\"robots\" content=\"index, follow, max-snippet:-1, max-image-preview:large, max-video-preview:-1\" \/>\n<link rel=\"canonical\" href=\"https:\/\/corporativo.eroski.es\/gl\/memoria-2022\/carta-de-rosa-carabel\/\" \/>\n<meta property=\"og:locale\" content=\"gl_ES\" \/>\n<meta property=\"og:type\" content=\"article\" \/>\n<meta property=\"og:title\" content=\"Carta de Rosa Carabel - Eroski Corporativo\" \/>\n<meta property=\"og:description\" content=\"Descargar Memoria Descargar EINF Carta de Rosa Carabel \u00c9 cada vez m\u00e1is com\u00fan comezar a an\u00e1lise anual falando de incerteza. E non faltan raz\u00f3ns para facelo: primeiro, a crise sanitaria que derivou nunha crise econ\u00f3mica e social; agora, unha guerra en Europa que, ademais da traxedia humana que implica, provocou un aumento significativo dos custos [&hellip;]\" \/>\n<meta property=\"og:url\" content=\"https:\/\/corporativo.eroski.es\/gl\/memoria-2022\/carta-de-rosa-carabel\/\" \/>\n<meta property=\"og:site_name\" content=\"Eroski Corporativo\" \/>\n<meta property=\"article:modified_time\" content=\"2023-05-16T15:05:00+00:00\" \/>\n<meta name=\"twitter:card\" content=\"summary_large_image\" \/>\n<meta name=\"twitter:label1\" content=\"Est. reading time\" \/>\n\t<meta name=\"twitter:data1\" content=\"6 minutos\" \/>\n<script type=\"application\/ld+json\" class=\"yoast-schema-graph\">{\"@context\":\"https:\/\/schema.org\",\"@graph\":[{\"@type\":\"WebPage\",\"@id\":\"https:\/\/corporativo.eroski.es\/gl\/memoria-2022\/carta-de-rosa-carabel\/\",\"url\":\"https:\/\/corporativo.eroski.es\/gl\/memoria-2022\/carta-de-rosa-carabel\/\",\"name\":\"Carta de Rosa Carabel - Eroski Corporativo\",\"isPartOf\":{\"@id\":\"https:\/\/corporativo.eroski.es\/gl\/#website\"},\"datePublished\":\"2023-04-20T11:58:10+00:00\",\"dateModified\":\"2023-05-16T15:05:00+00:00\",\"breadcrumb\":{\"@id\":\"https:\/\/corporativo.eroski.es\/gl\/memoria-2022\/carta-de-rosa-carabel\/#breadcrumb\"},\"inLanguage\":\"gl-ES\",\"potentialAction\":[{\"@type\":\"ReadAction\",\"target\":[\"https:\/\/corporativo.eroski.es\/gl\/memoria-2022\/carta-de-rosa-carabel\/\"]}]},{\"@type\":\"BreadcrumbList\",\"@id\":\"https:\/\/corporativo.eroski.es\/gl\/memoria-2022\/carta-de-rosa-carabel\/#breadcrumb\",\"itemListElement\":[{\"@type\":\"ListItem\",\"position\":1,\"name\":\"Portada\",\"item\":\"https:\/\/corporativo.eroski.es\/gl\/\"},{\"@type\":\"ListItem\",\"position\":2,\"name\":\"Memoria 2022\",\"item\":\"https:\/\/corporativo.eroski.es\/gl\/memoria-2022\/\"},{\"@type\":\"ListItem\",\"position\":3,\"name\":\"Carta de Rosa Carabel\"}]},{\"@type\":\"WebSite\",\"@id\":\"https:\/\/corporativo.eroski.es\/gl\/#website\",\"url\":\"https:\/\/corporativo.eroski.es\/gl\/\",\"name\":\"Eroski Corporativo\",\"description\":\"\",\"potentialAction\":[{\"@type\":\"SearchAction\",\"target\":{\"@type\":\"EntryPoint\",\"urlTemplate\":\"https:\/\/corporativo.eroski.es\/gl\/?s={search_term_string}\"},\"query-input\":{\"@type\":\"PropertyValueSpecification\",\"valueRequired\":true,\"valueName\":\"search_term_string\"}}],\"inLanguage\":\"gl-ES\"}]}<\/script>\n<!-- \/ Yoast SEO plugin. -->","yoast_head_json":{"title":"Carta de Rosa Carabel - Eroski Corporativo","robots":{"index":"index","follow":"follow","max-snippet":"max-snippet:-1","max-image-preview":"max-image-preview:large","max-video-preview":"max-video-preview:-1"},"canonical":"https:\/\/corporativo.eroski.es\/gl\/memoria-2022\/carta-de-rosa-carabel\/","og_locale":"gl_ES","og_type":"article","og_title":"Carta de Rosa Carabel - Eroski Corporativo","og_description":"Descargar Memoria Descargar EINF Carta de Rosa Carabel \u00c9 cada vez m\u00e1is com\u00fan comezar a an\u00e1lise anual falando de incerteza. E non faltan raz\u00f3ns para facelo: primeiro, a crise sanitaria que derivou nunha crise econ\u00f3mica e social; agora, unha guerra en Europa que, ademais da traxedia humana que implica, provocou un aumento significativo dos custos [&hellip;]","og_url":"https:\/\/corporativo.eroski.es\/gl\/memoria-2022\/carta-de-rosa-carabel\/","og_site_name":"Eroski Corporativo","article_modified_time":"2023-05-16T15:05:00+00:00","twitter_card":"summary_large_image","twitter_misc":{"Est. reading time":"6 minutos"},"schema":{"@context":"https:\/\/schema.org","@graph":[{"@type":"WebPage","@id":"https:\/\/corporativo.eroski.es\/gl\/memoria-2022\/carta-de-rosa-carabel\/","url":"https:\/\/corporativo.eroski.es\/gl\/memoria-2022\/carta-de-rosa-carabel\/","name":"Carta de Rosa Carabel - Eroski Corporativo","isPartOf":{"@id":"https:\/\/corporativo.eroski.es\/gl\/#website"},"datePublished":"2023-04-20T11:58:10+00:00","dateModified":"2023-05-16T15:05:00+00:00","breadcrumb":{"@id":"https:\/\/corporativo.eroski.es\/gl\/memoria-2022\/carta-de-rosa-carabel\/#breadcrumb"},"inLanguage":"gl-ES","potentialAction":[{"@type":"ReadAction","target":["https:\/\/corporativo.eroski.es\/gl\/memoria-2022\/carta-de-rosa-carabel\/"]}]},{"@type":"BreadcrumbList","@id":"https:\/\/corporativo.eroski.es\/gl\/memoria-2022\/carta-de-rosa-carabel\/#breadcrumb","itemListElement":[{"@type":"ListItem","position":1,"name":"Portada","item":"https:\/\/corporativo.eroski.es\/gl\/"},{"@type":"ListItem","position":2,"name":"Memoria 2022","item":"https:\/\/corporativo.eroski.es\/gl\/memoria-2022\/"},{"@type":"ListItem","position":3,"name":"Carta de Rosa Carabel"}]},{"@type":"WebSite","@id":"https:\/\/corporativo.eroski.es\/gl\/#website","url":"https:\/\/corporativo.eroski.es\/gl\/","name":"Eroski Corporativo","description":"","potentialAction":[{"@type":"SearchAction","target":{"@type":"EntryPoint","urlTemplate":"https:\/\/corporativo.eroski.es\/gl\/?s={search_term_string}"},"query-input":{"@type":"PropertyValueSpecification","valueRequired":true,"valueName":"search_term_string"}}],"inLanguage":"gl-ES"}]}},"_links":{"self":[{"href":"https:\/\/corporativo.eroski.es\/gl\/wp-json\/wp\/v2\/pages\/40010","targetHints":{"allow":["GET"]}}],"collection":[{"href":"https:\/\/corporativo.eroski.es\/gl\/wp-json\/wp\/v2\/pages"}],"about":[{"href":"https:\/\/corporativo.eroski.es\/gl\/wp-json\/wp\/v2\/types\/page"}],"author":[{"embeddable":true,"href":"https:\/\/corporativo.eroski.es\/gl\/wp-json\/wp\/v2\/users\/26"}],"replies":[{"embeddable":true,"href":"https:\/\/corporativo.eroski.es\/gl\/wp-json\/wp\/v2\/comments?post=40010"}],"version-history":[{"count":2,"href":"https:\/\/corporativo.eroski.es\/gl\/wp-json\/wp\/v2\/pages\/40010\/revisions"}],"predecessor-version":[{"id":40124,"href":"https:\/\/corporativo.eroski.es\/gl\/wp-json\/wp\/v2\/pages\/40010\/revisions\/40124"}],"up":[{"embeddable":true,"href":"https:\/\/corporativo.eroski.es\/gl\/wp-json\/wp\/v2\/pages\/39988"}],"wp:attachment":[{"href":"https:\/\/corporativo.eroski.es\/gl\/wp-json\/wp\/v2\/media?parent=40010"}],"curies":[{"name":"wp","href":"https:\/\/api.w.org\/{rel}","templated":true}]}}