{"id":39992,"date":"2023-04-18T14:50:56","date_gmt":"2023-04-18T12:50:56","guid":{"rendered":"https:\/\/corporativo.eroski.es\/memoria-2022\/las-cifras-de-2022\/"},"modified":"2023-05-16T17:04:17","modified_gmt":"2023-05-16T15:04:17","slug":"as-cifras-de-2022","status":"publish","type":"page","link":"https:\/\/corporativo.eroski.es\/gl\/memoria-2022\/as-cifras-de-2022\/","title":{"rendered":"As cifras de 2022"},"content":{"rendered":"<div id=\"pl-39992\"  class=\"panel-layout\" ><div id=\"pg-39992-0\"  class=\"panel-grid panel-no-style\" ><div id=\"pgc-39992-0-0\"  class=\"panel-grid-cell\" ><div id=\"panel-39992-0-0-0\" class=\"widget_text so-panel widget widget_custom_html panel-first-child\" data-index=\"0\" ><div class=\"textwidget custom-html-widget\"><style>\n\t.descarga_documentos{\n\t    display: flex;\n\t\tjustify-content: flex-end;\n\t}\n\t.descarga {\n\t\tmax-width: min-content;\n\t\ttext-align: center;\n\t\tpadding: 5px;\n\t}\n\t.descarga svg{\n\t\tmargin-top: 10px;\n\t}\n\t.descarga p{\n\t\tfont-family: \"Roboto\",Arial;\n\t\tfont-size: 14px;\n\t\tline-height: initial;\n\t\tmargin-bottom: 0;\n\t}\n@media (max-width: 1024px){\t\n\t.descarga_documentos{\n\t\tmargin-top: 0;\n\t}\n}\n<\/style>\n\n\n<div class=\"container\">\n\t<div class=\"descarga_documentos\">\n\t\t<div class=\"descarga\">\n\t\t\t<a target=\"_blank\" href=\"\/wp-content\/uploads\/memorias-2022\/memoria-eroski-digital-gal.pdf\">\n\t\t\t\t<p>Descargar <strong>Memoria<\/strong><\/p>\n\t\t\t\t<img loading=\"lazy\" decoding=\"async\" width=\"47\" height=\"51\" src=\"\/wp-content\/uploads\/2023\/04\/0_Descarga.svg\">\n\t\t\t<\/a>\n\t\t<\/div>\n\t\t<div class=\"descarga\">\n\t\t\t<a target=\"_blank\" href=\"\/wp-content\/uploads\/einf\/einf-2022_ga.pdf\">\n\t\t\t\t<p>Descargar <strong>EINF<\/strong><\/p>\n\t\t\t\t<img loading=\"lazy\" decoding=\"async\" width=\"47\" height=\"51\" src=\"\/wp-content\/uploads\/2023\/04\/0_Descarga.svg\">\n\t\t\t<\/a>\n\t\t<\/div>\n\t<\/div>\n<\/div><\/div><\/div><div id=\"panel-39992-0-0-1\" class=\"widget_text so-panel widget widget_custom_html\" data-index=\"1\" ><div class=\"textwidget custom-html-widget\"><div class=\"container\">\n\t<h2>\n\t\tAs cifras de 2022 \n\t<\/h2>\n<\/div><\/div><\/div><div id=\"panel-39992-0-0-2\" class=\"so-panel widget widget_separator\" data-index=\"2\" ><div class=\"so-widget-separator so-widget-separator-default-d75171398898\">\n<div class=\"separator vs-small\"><\/div><\/div><\/div><div id=\"panel-39992-0-0-3\" class=\"widget_text so-panel widget widget_custom_html\" data-index=\"3\" ><div class=\"textwidget custom-html-widget\"><style>\n\t.guten-content h2, .guten-content .h2{\n\t\tfont-weight: 700;\n\t}\n\t.toggle-menu-memoria {\n\t\tdisplay: none;\n\t}\n\t.stats-list>li .text {\n\t\tfont-weight: 100;\n\t}\n\t.stats-list>li {\n\t\tmax-width: 100% !important;\n\t\tpadding: 10px;\n    padding-left: -50px;\n\t}\n\tul.stats-list {\n\t\tmargin-bottom: 50px;\n\t\tpadding-bottom: 50px;\n\t}\n\t\n\tul.bloque_rojo{\n\t\tborder-bottom: 1px solid #CD2328;\n\t}\n\tul.bloque_oscuro{\n\t\tborder-bottom: 1px solid #0F3625;\n\t}\n\tul.bloque_verde{\n\t\tborder-bottom: 1px solid #42AA31;\n\t}\n\tul.bloque_azul{\n\t\tborder-bottom: 1px solid #33A2DF;\n\t}\n\t\n\tli svg {\t\t\n\t\theight: 80px;\n\t\tmargin: auto;\n\t\tmargin-bottom: 20px;\n\t\tmax-width: 100%\n\t}\n\n\t.stats-list>li .value {\n\t\tfont-size: 35px;\n\t\tfont-weight: 700;\n\t}\n\t.stats-list>li .text {\n\t\tfont-weight: 500;\n\t}\n\t.stats-list.bloque_rojo>li .value{\n\t\tcolor: #CD2328;\n\t}\n\t.stats-list.bloque_oscuro>li .value{\n\t\tcolor: #0F3625;\n\t}\n\t.stats-list.bloque_verde>li .value{\n\t\tcolor: #42AA31;\n\t}\n\t.stats-list.bloque_azul>li .value{\n\t\tcolor: #33A2DF;\n\t}\t\n\t\n<\/style><\/div><\/div><div id=\"panel-39992-0-0-4\" class=\"widget_text so-panel widget widget_custom_html\" data-index=\"4\" ><div class=\"widget_text panel-widget-style panel-widget-style-for-39992-0-0-4\" ><div class=\"textwidget custom-html-widget\"><div class=\"container\">\n        <div class=\"memoria-dd-stats-inner\">\n<ul class=\"stats-list bloque_rojo\" style=\"padding-left: 0px;\">\n                  <li>\n                        <center><img loading=\"lazy\" decoding=\"async\" width=\"94\" height=\"94\" src=\"\/wp-content\/uploads\/2023\/04\/Cifras1.svg\"><\/center>\n                        <span class=\"value\">5.476 <\/span>\n                        <p class=\"text\">mill\u00f3ns de euros de facturaci\u00f3n  <\/p><p><\/p>\n                    <\/li>\n                    <li>\n\t\t\t\t\t\t\t\t\t\t<center><img loading=\"lazy\" decoding=\"async\" width=\"94\" height=\"94\" src=\"\/wp-content\/uploads\/2023\/04\/Cifras2.svg\"><\/center>\n                        <span class=\"value\">1.656 <\/span>\n                        <p class=\"text\">establecementos<\/p><p><\/p>\n                    <\/li>\n                    <li>\n                       <center><img loading=\"lazy\" decoding=\"async\" width=\"94\" height=\"94\" src=\"\/wp-content\/uploads\/2023\/04\/Cifras3.svg\"><\/center>\n                        <span class=\"value\">78<\/span>\n                        <p class=\"text\">novas aperturas <\/p><p><\/p>\n                    <\/li>\n                    <li>\n                       <center><img loading=\"lazy\" decoding=\"async\" width=\"94\" height=\"94\" src=\"\/wp-content\/uploads\/2023\/04\/EROSKI_azoka.svg\"><\/center>\n\n                        <span class=\"value\">1<\/span>\n                        <p class=\"text\"><a style=\"color: #3b3b3b\" href=\"https:\/\/azoka.eroski.es\/es\" target=\"_blank\">novo mercado  <i>online<\/i>: EROSKI Azoka<\/a><\/p>\n                    <\/li>\n                    <li>\n                        <center><img width=\"94\" height=\"94\"src=\"\/wp-content\/uploads\/2023\/04\/Cifras5.svg\"><\/center>\n\n                        <span class=\"value\">+6,4<\/span>\n                        <p class=\"text\">mill\u00f3ns de Socios Cliente <\/p><p><\/p>\n                    <\/li>\n            <\/ul>\n\t<\/div><\/div><\/div><\/div><\/div><div id=\"panel-39992-0-0-5\" class=\"widget_text so-panel widget widget_custom_html\" data-index=\"5\" ><div class=\"textwidget custom-html-widget\"><div class=\"container\">\n        <div class=\"memoria-dd-stats-inner\">\n<ul class=\"stats-list bloque_oscuro\" style=\"\n    padding-left: 0px;\n\">\n                    <li>\n                       <center><img loading=\"lazy\" decoding=\"async\" width=\"94\" height=\"94\" src=\"\/wp-content\/uploads\/2023\/04\/Cifras7.svg\"><\/center>\n                        <span class=\"value\">27.308 <\/span>\n                        <p class=\"text\">persoas traballadoras <\/p><p><\/p>\n                    <\/li>\n                    <li>\n                        <center><img loading=\"lazy\" decoding=\"async\" width=\"94\" height=\"94\" src=\"\/wp-content\/uploads\/2023\/04\/Cifras8.svg\"><\/center>\n\n                        <span class=\"value\">1.268<\/span>\n                        <p class=\"text\">novos Socios e Socias de Traballo <\/p><p><\/p>\n                    <\/li>\n                    <li>\n                        <center><img loading=\"lazy\" decoding=\"async\" width=\"94\" height=\"94\" src=\"\/wp-content\/uploads\/2023\/04\/Cifras9.svg\"><\/center>\n\n\n                        <span class=\"value\">74%<\/span>\n                        <p class=\"text\">postos de responsabilidade ocupados por mulleres <\/p><p><\/p>\n                    <\/li>\n                    <li>\n                        <center><img loading=\"lazy\" decoding=\"async\" width=\"94\" height=\"94\" src=\"\/wp-content\/uploads\/2023\/04\/Cifras10.svg\"><\/center>\n\n                        <span class=\"value\">486.615<\/span>\n                        <p class=\"text\">consultas atendidas polo noso Servizo de Atenci\u00f3n ao Cliente <\/p><p><\/p>\n                    <\/li>\n                    <li>\n                        <center><img loading=\"lazy\" decoding=\"async\" width=\"94\" height=\"94\" src=\"\/wp-content\/uploads\/2023\/04\/Cifras7.svg\"><\/center>\n\n\n                        <span class=\"value\">3.663<\/span>\n                        <p class=\"text\">empregos estimados en franqu\u00edas <\/p><p><\/p>\n                    <\/li>\n                <\/ul>\n\t<\/div><\/div><\/div><\/div><div id=\"panel-39992-0-0-6\" class=\"widget_text so-panel widget widget_custom_html\" data-index=\"6\" ><div class=\"textwidget custom-html-widget\"><div class=\"container\">\n        <div class=\"memoria-dd-stats-inner\">\n<ul class=\"stats-list bloque_verde\" style=\"\n    padding-left: 0px;\n\">\n                <li>\n                    <center><img loading=\"lazy\" decoding=\"async\" width=\"94\" height=\"94\" src=\"\/wp-content\/uploads\/2023\/04\/Cifras12.svg\"><\/center>\n\n                    <span class=\"value\">97% <\/span>\n                    <p class=\"text\">residuos destinados \u00e1 reciclaxe ou valorizaci\u00f3n seguindo os principios da econom\u00eda circular <\/p>\n                <\/li>\n                <li>\n                     <center><img loading=\"lazy\" decoding=\"async\" width=\"94\" height=\"94\" src=\"\/wp-content\/uploads\/2023\/04\/Cifras13.svg\"><\/center>\n                    <span class=\"value\">+ 1.400<\/span>\n                    <p class=\"text\">produtos ecol\u00f3xicos dentro da nosa oferta comercial   <\/p>\n                <\/li>\n                <li>\n\t\t\t\t\t\t\t <center><img loading=\"lazy\" decoding=\"async\" width=\"94\" height=\"94\" src=\"\/wp-content\/uploads\/2023\/04\/Cifras14.svg\"><\/center>\n\n                    <span class=\"value\">3.468<\/span>\n                    <p class=\"text\">provedores comerciais nacionais <\/p><p><\/p>\n                <\/li>\n                <li>\n                    <center><img loading=\"lazy\" decoding=\"async\" width=\"94\" height=\"94\" src=\"\/wp-content\/uploads\/2023\/04\/Cifras15.svg\"><\/center>\n\n                    <span class=\"value\">2.065 <\/span>\n                    <p class=\"text\">pequenos produtores agroalimentarios  <\/p>\n                <\/li>\n                <li>\n                    <center><img loading=\"lazy\" decoding=\"async\" width=\"94\" height=\"94\" src=\"\/wp-content\/uploads\/2023\/04\/Cifras16.svg\"><\/center>\n\n                    <span class=\"value\">+21.000 <\/span>\n                    <p class=\"text\">produtos locais <\/p>\n                <\/li>\n            <\/ul>\n\t<\/div><\/div><\/div><\/div><div id=\"panel-39992-0-0-7\" class=\"widget_text so-panel widget widget_custom_html\" data-index=\"7\" ><div class=\"textwidget custom-html-widget\"><div class=\"container\">\n        <div class=\"memoria-dd-stats-inner\">\n <ul class=\"stats-list bloque_azul\" style=\"\n    padding-left: 0px;\n\">\n                <li>\n                    <center><img loading=\"lazy\" decoding=\"async\" width=\"94\" height=\"94\" src=\"\/wp-content\/uploads\/2023\/04\/Cifras17.svg\"><\/center>\n\n                    <span class=\"value\">+2.300 <\/span>\n                    <p class=\"text\">produtos sen glute  <\/p><p><\/p>\n                <\/li>\n                <li>\n                    <center><img loading=\"lazy\" decoding=\"async\" width=\"94\" height=\"94\" src=\"\/wp-content\/uploads\/2023\/04\/Cifras18.svg\"><\/center>\n\n                    <span class=\"value\">33.375<\/span>\n                    <p class=\"text\">controis anal\u00edticos, tanto qu\u00edmicos e microbiol\u00f3xicos como xen\u00e9ticos  <\/p>\n                <\/li>\n                <li>\n                    <center><img loading=\"lazy\" decoding=\"async\" width=\"94\" height=\"94\" src=\"\/wp-content\/uploads\/2023\/04\/Cifras19.svg\"><\/center>\n\n                    <span class=\"value\">159.442 <\/span>\n                    <p class=\"text\">escolares formados no Programa Educativo en Alimentaci\u00f3n e H\u00e1bitos Saudables  <\/p><p><\/p>\n                <\/li>\n                <li>\n                    <center><img loading=\"lazy\" decoding=\"async\" width=\"94\" height=\"94\" src=\"\/wp-content\/uploads\/2023\/04\/Cifras20.svg\"><\/center>\n\n\n\n                    <span class=\"value\">Nutri-Score 100%<\/span>\n                    <p class=\"text\">implementado en marca propia \n\n  <\/p>\n                <\/li>\n                <li>\n                    <center><img loading=\"lazy\" decoding=\"async\" width=\"94\" height=\"94\" src=\"\/wp-content\/uploads\/2023\/04\/Cifras21.svg\"><\/center>\n\n                    <span class=\"value\">Premios<\/span>\n\t\t\t\t\t\t\t\t\t<p class=\"text\">\u00b7 Comercio do Ano <\/p>\n\t\t\t\t\t\t\t\t\t<p class=\"text\">\u00b7 Atenci\u00f3n ao Cliente <\/p>\n\t\t\t\t\t\t\t\t\t<p class=\"text\">\u00b7 Premio ARD\u00c1N \u00e1 Excelencia Empresarial. Vegalsa - EROSKI <\/p>\n                <\/li>\n            <\/ul>\n\t<\/div><\/div><\/div><\/div><div id=\"panel-39992-0-0-8\" class=\"so-panel widget widget_separator panel-last-child\" data-index=\"8\" ><div class=\"so-widget-separator so-widget-separator-default-d75171398898\">\n<div class=\"separator vs-small\"><\/div><\/div><\/div><\/div><\/div><\/div>","protected":false},"excerpt":{"rendered":"<p>Descargar Memoria Descargar EINF As cifras de 2022 5.476 mill\u00f3ns de euros de facturaci\u00f3n 1.656 establecementos 78 novas aperturas 1 novo mercado online: EROSKI Azoka +6,4 mill\u00f3ns de Socios Cliente 27.308 persoas traballadoras 1.268 novos Socios e Socias de Traballo 74% postos de responsabilidade ocupados por mulleres 486.615 consultas atendidas polo noso Servizo de Atenci\u00f3n [&hellip;]<\/p>\n","protected":false},"author":26,"featured_media":0,"parent":39988,"menu_order":0,"comment_status":"closed","ping_status":"closed","template":"","meta":{"_acf_changed":false,"footnotes":""},"class_list":["post-39992","page","type-page","status-publish","hentry"],"acf":[],"yoast_head":"<!-- This site is optimized with the Yoast SEO plugin v24.5 - https:\/\/yoast.com\/wordpress\/plugins\/seo\/ -->\n<title>As cifras de 2022 - Eroski Corporativo<\/title>\n<meta name=\"robots\" content=\"index, follow, max-snippet:-1, max-image-preview:large, max-video-preview:-1\" \/>\n<link rel=\"canonical\" href=\"https:\/\/corporativo.eroski.es\/gl\/memoria-2022\/as-cifras-de-2022\/\" \/>\n<meta property=\"og:locale\" content=\"gl_ES\" \/>\n<meta property=\"og:type\" content=\"article\" \/>\n<meta property=\"og:title\" content=\"As cifras de 2022 - Eroski Corporativo\" \/>\n<meta property=\"og:description\" content=\"Descargar Memoria Descargar EINF As cifras de 2022 5.476 mill\u00f3ns de euros de facturaci\u00f3n 1.656 establecementos 78 novas aperturas 1 novo mercado online: EROSKI Azoka +6,4 mill\u00f3ns de Socios Cliente 27.308 persoas traballadoras 1.268 novos Socios e Socias de Traballo 74% postos de responsabilidade ocupados por mulleres 486.615 consultas atendidas polo noso Servizo de Atenci\u00f3n [&hellip;]\" \/>\n<meta property=\"og:url\" content=\"https:\/\/corporativo.eroski.es\/gl\/memoria-2022\/as-cifras-de-2022\/\" \/>\n<meta property=\"og:site_name\" content=\"Eroski Corporativo\" \/>\n<meta property=\"article:modified_time\" content=\"2023-05-16T15:04:17+00:00\" \/>\n<meta name=\"twitter:card\" content=\"summary_large_image\" \/>\n<script type=\"application\/ld+json\" class=\"yoast-schema-graph\">{\"@context\":\"https:\/\/schema.org\",\"@graph\":[{\"@type\":\"WebPage\",\"@id\":\"https:\/\/corporativo.eroski.es\/gl\/memoria-2022\/as-cifras-de-2022\/\",\"url\":\"https:\/\/corporativo.eroski.es\/gl\/memoria-2022\/as-cifras-de-2022\/\",\"name\":\"As cifras de 2022 - Eroski Corporativo\",\"isPartOf\":{\"@id\":\"https:\/\/corporativo.eroski.es\/gl\/#website\"},\"datePublished\":\"2023-04-18T12:50:56+00:00\",\"dateModified\":\"2023-05-16T15:04:17+00:00\",\"breadcrumb\":{\"@id\":\"https:\/\/corporativo.eroski.es\/gl\/memoria-2022\/as-cifras-de-2022\/#breadcrumb\"},\"inLanguage\":\"gl-ES\",\"potentialAction\":[{\"@type\":\"ReadAction\",\"target\":[\"https:\/\/corporativo.eroski.es\/gl\/memoria-2022\/as-cifras-de-2022\/\"]}]},{\"@type\":\"BreadcrumbList\",\"@id\":\"https:\/\/corporativo.eroski.es\/gl\/memoria-2022\/as-cifras-de-2022\/#breadcrumb\",\"itemListElement\":[{\"@type\":\"ListItem\",\"position\":1,\"name\":\"Portada\",\"item\":\"https:\/\/corporativo.eroski.es\/gl\/\"},{\"@type\":\"ListItem\",\"position\":2,\"name\":\"Memoria 2022\",\"item\":\"https:\/\/corporativo.eroski.es\/gl\/memoria-2022\/\"},{\"@type\":\"ListItem\",\"position\":3,\"name\":\"As cifras de 2022\"}]},{\"@type\":\"WebSite\",\"@id\":\"https:\/\/corporativo.eroski.es\/gl\/#website\",\"url\":\"https:\/\/corporativo.eroski.es\/gl\/\",\"name\":\"Eroski Corporativo\",\"description\":\"\",\"potentialAction\":[{\"@type\":\"SearchAction\",\"target\":{\"@type\":\"EntryPoint\",\"urlTemplate\":\"https:\/\/corporativo.eroski.es\/gl\/?s={search_term_string}\"},\"query-input\":{\"@type\":\"PropertyValueSpecification\",\"valueRequired\":true,\"valueName\":\"search_term_string\"}}],\"inLanguage\":\"gl-ES\"}]}<\/script>\n<!-- \/ Yoast SEO plugin. -->","yoast_head_json":{"title":"As cifras de 2022 - Eroski Corporativo","robots":{"index":"index","follow":"follow","max-snippet":"max-snippet:-1","max-image-preview":"max-image-preview:large","max-video-preview":"max-video-preview:-1"},"canonical":"https:\/\/corporativo.eroski.es\/gl\/memoria-2022\/as-cifras-de-2022\/","og_locale":"gl_ES","og_type":"article","og_title":"As cifras de 2022 - Eroski Corporativo","og_description":"Descargar Memoria Descargar EINF As cifras de 2022 5.476 mill\u00f3ns de euros de facturaci\u00f3n 1.656 establecementos 78 novas aperturas 1 novo mercado online: EROSKI Azoka +6,4 mill\u00f3ns de Socios Cliente 27.308 persoas traballadoras 1.268 novos Socios e Socias de Traballo 74% postos de responsabilidade ocupados por mulleres 486.615 consultas atendidas polo noso Servizo de Atenci\u00f3n [&hellip;]","og_url":"https:\/\/corporativo.eroski.es\/gl\/memoria-2022\/as-cifras-de-2022\/","og_site_name":"Eroski Corporativo","article_modified_time":"2023-05-16T15:04:17+00:00","twitter_card":"summary_large_image","schema":{"@context":"https:\/\/schema.org","@graph":[{"@type":"WebPage","@id":"https:\/\/corporativo.eroski.es\/gl\/memoria-2022\/as-cifras-de-2022\/","url":"https:\/\/corporativo.eroski.es\/gl\/memoria-2022\/as-cifras-de-2022\/","name":"As cifras de 2022 - Eroski Corporativo","isPartOf":{"@id":"https:\/\/corporativo.eroski.es\/gl\/#website"},"datePublished":"2023-04-18T12:50:56+00:00","dateModified":"2023-05-16T15:04:17+00:00","breadcrumb":{"@id":"https:\/\/corporativo.eroski.es\/gl\/memoria-2022\/as-cifras-de-2022\/#breadcrumb"},"inLanguage":"gl-ES","potentialAction":[{"@type":"ReadAction","target":["https:\/\/corporativo.eroski.es\/gl\/memoria-2022\/as-cifras-de-2022\/"]}]},{"@type":"BreadcrumbList","@id":"https:\/\/corporativo.eroski.es\/gl\/memoria-2022\/as-cifras-de-2022\/#breadcrumb","itemListElement":[{"@type":"ListItem","position":1,"name":"Portada","item":"https:\/\/corporativo.eroski.es\/gl\/"},{"@type":"ListItem","position":2,"name":"Memoria 2022","item":"https:\/\/corporativo.eroski.es\/gl\/memoria-2022\/"},{"@type":"ListItem","position":3,"name":"As cifras de 2022"}]},{"@type":"WebSite","@id":"https:\/\/corporativo.eroski.es\/gl\/#website","url":"https:\/\/corporativo.eroski.es\/gl\/","name":"Eroski Corporativo","description":"","potentialAction":[{"@type":"SearchAction","target":{"@type":"EntryPoint","urlTemplate":"https:\/\/corporativo.eroski.es\/gl\/?s={search_term_string}"},"query-input":{"@type":"PropertyValueSpecification","valueRequired":true,"valueName":"search_term_string"}}],"inLanguage":"gl-ES"}]}},"_links":{"self":[{"href":"https:\/\/corporativo.eroski.es\/gl\/wp-json\/wp\/v2\/pages\/39992","targetHints":{"allow":["GET"]}}],"collection":[{"href":"https:\/\/corporativo.eroski.es\/gl\/wp-json\/wp\/v2\/pages"}],"about":[{"href":"https:\/\/corporativo.eroski.es\/gl\/wp-json\/wp\/v2\/types\/page"}],"author":[{"embeddable":true,"href":"https:\/\/corporativo.eroski.es\/gl\/wp-json\/wp\/v2\/users\/26"}],"replies":[{"embeddable":true,"href":"https:\/\/corporativo.eroski.es\/gl\/wp-json\/wp\/v2\/comments?post=39992"}],"version-history":[{"count":14,"href":"https:\/\/corporativo.eroski.es\/gl\/wp-json\/wp\/v2\/pages\/39992\/revisions"}],"predecessor-version":[{"id":40122,"href":"https:\/\/corporativo.eroski.es\/gl\/wp-json\/wp\/v2\/pages\/39992\/revisions\/40122"}],"up":[{"embeddable":true,"href":"https:\/\/corporativo.eroski.es\/gl\/wp-json\/wp\/v2\/pages\/39988"}],"wp:attachment":[{"href":"https:\/\/corporativo.eroski.es\/gl\/wp-json\/wp\/v2\/media?parent=39992"}],"curies":[{"name":"wp","href":"https:\/\/api.w.org\/{rel}","templated":true}]}}