{"id":34282,"date":"2022-04-29T10:59:41","date_gmt":"2022-04-29T08:59:41","guid":{"rendered":"https:\/\/corporativo.eroski.es\/?page_id=34282"},"modified":"2022-05-04T18:46:06","modified_gmt":"2022-05-04T16:46:06","slug":"carta-do-presidente-2021","status":"publish","type":"page","link":"https:\/\/corporativo.eroski.es\/gl\/memoria-2021\/carta-do-presidente-2021\/","title":{"rendered":"Carta do presidente 2021"},"content":{"rendered":"\n<style>\n\t.descarga_documentos{\n\t    display: flex;\n\t\tjustify-content: flex-end;\n\t\tmargin-top: -100px;\n\t}\n\t.descarga {\n\t\tmax-width: min-content;\n\t\ttext-align: center;\n\t\tpadding: 5px;\n\t}\n\t.descarga svg{\n\t\tmargin-top: 10px;\n\t}\n\t.descarga p{\n\t\tfont-family: \"Roboto\",Arial;\n\t\tfont-size: 14px;\n\t\tline-height: initial;\n\t\tmargin-bottom: 0;\n\t}\n@media (max-width: 1024px){\t\n\t.descarga_documentos{\n\t\tmargin-top: 0;\n\t}\n}\n<\/style>\n\n\n<div class=\"container\">\n\t<div class=\"descarga_documentos\">\n\t\t<div class=\"descarga\">\n\t\t\t<a target=\"_blank\" href=\"\/wp-content\/uploads\/memorias-2021\/memoria-eroski-digital-gal.pdf\" rel=\"noopener\">\n\t\t\t\t<p>Descargar <strong>Memoria<\/strong><\/p>\n\t\t\t\t \n\t\t\t\t<svg width=\"47\" height=\"51\" viewBox=\"0 0 47 51\" fill=\"none\" xmlns=\"http:\/\/www.w3.org\/2000\/svg\">\n\t\t\t\t<g clip-path=\"url(#clip0_1419_17)\">\n\t\t\t\t<path d=\"M47 0L3.8147e-06 -2.05444e-06L2.42921e-06 31.6963L24.8886 51L47 31.6963L47 0Z\" fill=\"#CD2328\"><\/path>\n\t\t\t\t<\/g>\n\t\t\t\t<defs>\n\t\t\t\t<clipPath id=\"clip0_1419_17\">\n\t\t\t\t<rect width=\"51\" height=\"47\" fill=\"white\" transform=\"translate(47) rotate(90)\"><\/rect>\n\t\t\t\t<\/clipPath>\n\t\t\t\t<\/defs>\n\t\t\t\t<\/svg>\n\t\t\t<\/a>\n\t\t<\/div>\n\t\t<div class=\"descarga\">\n\t\t\t<a target=\"_blank\" href=\"\/wp-content\/uploads\/einf\/einf-2021_cast.pdf\" rel=\"noopener\">\n\t\t\t\t<p>Descargar <strong>EINF<\/strong><\/p>\n\t\t\t\t\n\t\t\t\t<svg width=\"47\" height=\"51\" viewBox=\"0 0 47 51\" fill=\"none\" xmlns=\"http:\/\/www.w3.org\/2000\/svg\">\n\t\t\t\t<g clip-path=\"url(#clip0_1419_17)\">\n\t\t\t\t<path d=\"M47 0L3.8147e-06 -2.05444e-06L2.42921e-06 31.6963L24.8886 51L47 31.6963L47 0Z\" fill=\"#CD2328\"><\/path>\n\t\t\t\t<\/g>\n\t\t\t\t<defs>\n\t\t\t\t<clipPath id=\"clip0_1419_17\">\n\t\t\t\t<rect width=\"51\" height=\"47\" fill=\"white\" transform=\"translate(47) rotate(90)\"><\/rect>\n\t\t\t\t<\/clipPath>\n\t\t\t\t<\/defs>\n\t\t\t\t<\/svg>\n\t\t\t<\/a>\n\t\t<\/div>\n\t<\/div>\n<\/div>\n\n\n\n<h1 class=\"wp-block-heading\"><strong>Carta de Agust\u00edn Markaide<\/strong><\/h1>\n\n\n\n<h2 class=\"wp-block-heading\">Presidente de EROSKI<\/h2>\n\n\n\n<p><strong>Comeza unha nova etapa, para reforzar e avanzar no proxecto EROSKI<\/strong><\/p>\n\n\n\n<p>2021 foi, como 2020, un ano no que os plans non foron unha gu\u00eda de actuaci\u00f3n \u00fatil. E todo leva a pensar que 2022 manter\u00e1 este perfil. A pericia dos xestores e profesionais debeu responder \u00e1 sucesi\u00f3n de cambios, en moitos casos inversos aos que se produciran doce meses antes, e debo dicir que o resultado obtido por Eroski foi moi positivo tanto nos logros propios como na aportaci\u00f3n \u00e1 sociedade.<\/p>\n\n\n\n<p>Efectivamente, EROSKI chegou ao final dunha \u00e9poca a est\u00e1 iniciando outra. A situaci\u00f3n econ\u00f3mica consolidouse de forma continua e o exercicio 2021 mostra un dos mellores resultados brutos da \u00faltima d\u00e9cada. Pola s\u00faa parte a situaci\u00f3n financeira tam\u00e9n evolucionou favorablemente e o balance ao peche do exercicio reflicte unha d\u00e9beda bancaria inferior aos 1.000 mill\u00f3ns de euros. Emprendemos unha nova etapa coa mirada renovada e con m\u00e1is posibilidades de actuaci\u00f3n. Unha etapa na que nos propo\u00f1emos reforzar as bases da nosa actividade e avanzar con firmeza no seu desenvolvemento.<\/p>\n\n\n\n<p><strong>2021: cara \u00e1 normalidade pospandemia<\/strong><\/p>\n\n\n\n<p>Para o negocio alimentario o 2021 foi cami\u00f1ando cara a unha normalidade que hoxe se ans\u00eda e se ambiciona socialmente. A\u00ednda baixo os efectos da pandemia, melloramos as nosas vendas en algo m\u00e1is dun punto sobre 2019. Este curso as empresas de distribuci\u00f3n polo mi\u00fado de alimentaci\u00f3n devolvemos a outros sectores parte da cota que tomaramos prestada en 2020 e, polo tanto, constatamos unha reduci\u00f3n do mercado. Inda as\u00ed consolidamos algunhas pr\u00e1cticas e tendencias que vi\u00f1amos observando, como o aumento da canle online ou a aposta polo produto local.<\/p>\n\n\n\n<p><strong>Pero cun incerto futuro pr\u00f3ximo<\/strong><\/p>\n\n\n\n<p>A traxedia do inicio dunha guerra en Ucra\u00edna, en Europa, afectar\u00e1 directamente a mill\u00f3ns de persoas e deberemos estar atentos a prestar a atenci\u00f3n e apoio social necesarios. Ademais, as tendencias inflacionistas, que xa exist\u00edan con anterioridade ao conflito b\u00e9lico, agud\u00edzanse e afectar\u00e1n a todos os integrantes da cadea de valor alimentaria e, en \u00faltima instancia, a poboaci\u00f3n en xeral. Debemos tratar de amortecer os efectos da inflaci\u00f3n sobre o consumidor mediante a mellora da eficiencia nos nosos procesos internos. Pero igualmente temos unha responsabilidade para cos elos anteriores, as empresas e explotaci\u00f3ns, que est\u00e1n tam\u00e9n sometidas a estas presi\u00f3ns inflacionistas e que deben\npoder trasladalas aos prezos de venda para poder soster a s\u00faa actividade. O novo equilibrio que alcancemos na cadea de valor deber\u00e1 responder a todas as necesidades do xogo, entre elas as dunha cidadan\u00eda que ver\u00e1 ameazada a s\u00faa capacidade\nadquisitiva e reaccionar\u00e1 ante quen non o faga ben.<\/p>\n\n\n\n<p><strong>A expansi\u00f3n adquire ritmo<\/strong><\/p>\n\n\n\n<p>O ritmo de expansi\u00f3n con novas tendas comeza a ser m\u00e1is atractivo: abrimos ou ampliamos quince tendas propias mentres que as renovaci\u00f3ns ascenderon a 141 tendas. Todas elas na zona norte de Espa\u00f1a, aquela que definimos como zona prioritaria de actuaci\u00f3n e que abarca unha ancha franxa que vai dende Galicia ata as Illas Baleares. E todas elas aplicando elevados est\u00e1ndares de sostibilidade.<\/p>\n\n\n\n<p>Ademais hai que sumar as 65 novas franqu\u00edas entre as que o formato de ultra proximidade, Rapid, experimentou un importante crecemento.<\/p>\n\n\n\n<p>A incorporaci\u00f3n de EP Corporate Group como socio de Supratuc perm\u00edtenos reforzar o futuro do proxecto en Baleares e Catalu\u00f1a e, en pr\u00f3ximos meses, isto ter\u00e1 reflexo na actuaci\u00f3n comercial.<\/p>\n\n\n\n<p><strong>Cara a unha alimentaci\u00f3n m\u00e1is saudable e sostible<\/strong><\/p>\n\n\n\n<p>A sa\u00fade, o medio ambiente e o compromiso social son tres eixes sen os que ser\u00eda moi dif\u00edcil entender a forma de facer empresa que temos en EROSKI.<\/p>\n\n\n\n<p>Dende que no 2018 nos marcamos a nosa folla de ruta cara a un entorno m\u00e1is saudable e sostible a trav\u00e9s dos nosos 10\nCompromisos, cada ano \u00e9 un reto. Estes \u00faltimos doce meses constatamos que os h\u00e1bitos de compra dos nosos clientes\nmelloraron dende a introduci\u00f3n da etiqueta nutricional Nutri-Score. A mellora nutricional dos nosos produtos \u00e9 esencial para propiciar h\u00e1bitos m\u00e1is saudables. Por iso liberamos de graxa de palma todos os nosos produtos de marca propia no que foi un excelente exemplo de colaboraci\u00f3n cos nosos provedores de alimentaci\u00f3n.<\/p>\n\n\n\n<p>Como saben, a protecci\u00f3n da sa\u00fade foi o asunto estrela nos \u00faltimos 2 anos, pero esta realidade non ocultou outros retos sociais que agora se recuperan con forza. Por exemplo, a descarbonizaci\u00f3n, a favor da cal se comprometeu EROSKI coa confirmaci\u00f3n de que ser\u00e1 neutra en emisi\u00f3ns de carbono no 2050.<\/p>\n\n\n\n<p>O debate e a construci\u00f3n social \u00e1s que EROSKI se une contribu\u00edndo de forma expl\u00edcita \u00e1 consecuci\u00f3n dos Obxectivos de\nDesenvolvemento Sostible son prop\u00f3sito com\u00fan coas nosas socias e socios cliente. S\u00f3 as\u00ed se entende a resposta que nos ofreceron na elaboraci\u00f3n do noso Plan Solidariedade 2022. M\u00e1is de 12.400 clientes axud\u00e1ronnos a escoller as causas sociais nas que seremos activos este ano. Gracias \u00e1s aportaci\u00f3ns dos clientes e \u00e1s de EROSKI destinamos m\u00e1is de 13 mill\u00f3ns de euros a distintas causas sociais para combater a desigualdade, axudar a quen m\u00e1is o precisa e evitar o dispendio alimentario.<\/p>\n\n\n\n<p><strong>O enorme compromiso das persoas de EROSKI<\/strong><\/p>\n\n\n\n<p>Os traballadores de EROSKI vivimos un tempo dif\u00edcil e esixente. As persoas de EROSKI respondemos ante a sociedade con calidade e con calidez. O agradecemento dos clientes foi rotundo e sent\u00edmonos orgullosos por formar parte deste magn\u00edfico equipo.<\/p>\n\n\n\n<p>O noso proxecto cooperativo fortaleceuse estes anos, incorporamos novos socios que ser\u00e1n 2000 nos pr\u00f3ximos cinco\nanos. Encarnar\u00e1n o mesmo esp\u00edrito ao servizo das necesidades da cidadan\u00eda. <\/p>\n\n\n\n<p><strong>Nova \u00e9poca. Novos liderados<\/strong><\/p>\n\n\n\n<p>Iniciamos unha nova etapa con novos liderados. Rosa Carabel, Directora Xeral de EROSKI, \u00e9 a quen corresponder\u00e1\na responsabilidade de liderar a nova etapa co prop\u00f3sito de reforzar os fundamentos e avanzar nos prop\u00f3sitos do proxecto.\nNon me cabe d\u00fabida de que, baixo a s\u00faa direcci\u00f3n, a alma da organizaci\u00f3n seguir\u00e1 traballando ao servizo da misi\u00f3n e a\nestratexia deste proxecto empresarial cooperativo que busca mellorar a sa\u00fade dos consumidores e a sostibilidade dos nosos actos e os de toda a cadea de valor.<\/p>\n","protected":false},"excerpt":{"rendered":"<p>Descargar Memoria Descargar EINF Carta de Agust\u00edn Markaide Presidente de EROSKI Comeza unha nova etapa, para reforzar e avanzar no proxecto EROSKI 2021 foi, como 2020, un ano no que os plans non foron unha gu\u00eda de actuaci\u00f3n \u00fatil. E todo leva a pensar que 2022 manter\u00e1 este perfil. A pericia dos xestores e profesionais [&hellip;]<\/p>\n","protected":false},"author":19,"featured_media":0,"parent":34307,"menu_order":0,"comment_status":"closed","ping_status":"closed","template":"","meta":{"_acf_changed":false,"footnotes":""},"class_list":["post-34282","page","type-page","status-publish","hentry"],"acf":[],"yoast_head":"<!-- This site is optimized with the Yoast SEO plugin v24.5 - https:\/\/yoast.com\/wordpress\/plugins\/seo\/ -->\n<title>Carta do presidente 2021 - Eroski Corporativo<\/title>\n<meta name=\"robots\" content=\"index, follow, max-snippet:-1, max-image-preview:large, max-video-preview:-1\" \/>\n<link rel=\"canonical\" href=\"https:\/\/corporativo.eroski.es\/gl\/memoria-2021\/carta-do-presidente-2021\/\" \/>\n<meta property=\"og:locale\" content=\"gl_ES\" \/>\n<meta property=\"og:type\" content=\"article\" \/>\n<meta property=\"og:title\" content=\"Carta do presidente 2021 - Eroski Corporativo\" \/>\n<meta property=\"og:description\" content=\"Descargar Memoria Descargar EINF Carta de Agust\u00edn Markaide Presidente de EROSKI Comeza unha nova etapa, para reforzar e avanzar no proxecto EROSKI 2021 foi, como 2020, un ano no que os plans non foron unha gu\u00eda de actuaci\u00f3n \u00fatil. E todo leva a pensar que 2022 manter\u00e1 este perfil. A pericia dos xestores e profesionais [&hellip;]\" \/>\n<meta property=\"og:url\" content=\"https:\/\/corporativo.eroski.es\/gl\/memoria-2021\/carta-do-presidente-2021\/\" \/>\n<meta property=\"og:site_name\" content=\"Eroski Corporativo\" \/>\n<meta property=\"article:modified_time\" content=\"2022-05-04T16:46:06+00:00\" \/>\n<meta name=\"twitter:card\" content=\"summary_large_image\" \/>\n<meta name=\"twitter:label1\" content=\"Est. reading time\" \/>\n\t<meta name=\"twitter:data1\" content=\"5 minutos\" \/>\n<script type=\"application\/ld+json\" class=\"yoast-schema-graph\">{\"@context\":\"https:\/\/schema.org\",\"@graph\":[{\"@type\":\"WebPage\",\"@id\":\"https:\/\/corporativo.eroski.es\/gl\/memoria-2021\/carta-do-presidente-2021\/\",\"url\":\"https:\/\/corporativo.eroski.es\/gl\/memoria-2021\/carta-do-presidente-2021\/\",\"name\":\"Carta do presidente 2021 - Eroski Corporativo\",\"isPartOf\":{\"@id\":\"https:\/\/corporativo.eroski.es\/gl\/#website\"},\"datePublished\":\"2022-04-29T08:59:41+00:00\",\"dateModified\":\"2022-05-04T16:46:06+00:00\",\"breadcrumb\":{\"@id\":\"https:\/\/corporativo.eroski.es\/gl\/memoria-2021\/carta-do-presidente-2021\/#breadcrumb\"},\"inLanguage\":\"gl-ES\",\"potentialAction\":[{\"@type\":\"ReadAction\",\"target\":[\"https:\/\/corporativo.eroski.es\/gl\/memoria-2021\/carta-do-presidente-2021\/\"]}]},{\"@type\":\"BreadcrumbList\",\"@id\":\"https:\/\/corporativo.eroski.es\/gl\/memoria-2021\/carta-do-presidente-2021\/#breadcrumb\",\"itemListElement\":[{\"@type\":\"ListItem\",\"position\":1,\"name\":\"Portada\",\"item\":\"https:\/\/corporativo.eroski.es\/gl\/\"},{\"@type\":\"ListItem\",\"position\":2,\"name\":\"Memoria 2021\",\"item\":\"https:\/\/corporativo.eroski.es\/gl\/memoria-2021\/\"},{\"@type\":\"ListItem\",\"position\":3,\"name\":\"Carta do presidente 2021\"}]},{\"@type\":\"WebSite\",\"@id\":\"https:\/\/corporativo.eroski.es\/gl\/#website\",\"url\":\"https:\/\/corporativo.eroski.es\/gl\/\",\"name\":\"Eroski Corporativo\",\"description\":\"\",\"potentialAction\":[{\"@type\":\"SearchAction\",\"target\":{\"@type\":\"EntryPoint\",\"urlTemplate\":\"https:\/\/corporativo.eroski.es\/gl\/?s={search_term_string}\"},\"query-input\":{\"@type\":\"PropertyValueSpecification\",\"valueRequired\":true,\"valueName\":\"search_term_string\"}}],\"inLanguage\":\"gl-ES\"}]}<\/script>\n<!-- \/ Yoast SEO plugin. -->","yoast_head_json":{"title":"Carta do presidente 2021 - Eroski Corporativo","robots":{"index":"index","follow":"follow","max-snippet":"max-snippet:-1","max-image-preview":"max-image-preview:large","max-video-preview":"max-video-preview:-1"},"canonical":"https:\/\/corporativo.eroski.es\/gl\/memoria-2021\/carta-do-presidente-2021\/","og_locale":"gl_ES","og_type":"article","og_title":"Carta do presidente 2021 - Eroski Corporativo","og_description":"Descargar Memoria Descargar EINF Carta de Agust\u00edn Markaide Presidente de EROSKI Comeza unha nova etapa, para reforzar e avanzar no proxecto EROSKI 2021 foi, como 2020, un ano no que os plans non foron unha gu\u00eda de actuaci\u00f3n \u00fatil. E todo leva a pensar que 2022 manter\u00e1 este perfil. A pericia dos xestores e profesionais [&hellip;]","og_url":"https:\/\/corporativo.eroski.es\/gl\/memoria-2021\/carta-do-presidente-2021\/","og_site_name":"Eroski Corporativo","article_modified_time":"2022-05-04T16:46:06+00:00","twitter_card":"summary_large_image","twitter_misc":{"Est. reading time":"5 minutos"},"schema":{"@context":"https:\/\/schema.org","@graph":[{"@type":"WebPage","@id":"https:\/\/corporativo.eroski.es\/gl\/memoria-2021\/carta-do-presidente-2021\/","url":"https:\/\/corporativo.eroski.es\/gl\/memoria-2021\/carta-do-presidente-2021\/","name":"Carta do presidente 2021 - Eroski Corporativo","isPartOf":{"@id":"https:\/\/corporativo.eroski.es\/gl\/#website"},"datePublished":"2022-04-29T08:59:41+00:00","dateModified":"2022-05-04T16:46:06+00:00","breadcrumb":{"@id":"https:\/\/corporativo.eroski.es\/gl\/memoria-2021\/carta-do-presidente-2021\/#breadcrumb"},"inLanguage":"gl-ES","potentialAction":[{"@type":"ReadAction","target":["https:\/\/corporativo.eroski.es\/gl\/memoria-2021\/carta-do-presidente-2021\/"]}]},{"@type":"BreadcrumbList","@id":"https:\/\/corporativo.eroski.es\/gl\/memoria-2021\/carta-do-presidente-2021\/#breadcrumb","itemListElement":[{"@type":"ListItem","position":1,"name":"Portada","item":"https:\/\/corporativo.eroski.es\/gl\/"},{"@type":"ListItem","position":2,"name":"Memoria 2021","item":"https:\/\/corporativo.eroski.es\/gl\/memoria-2021\/"},{"@type":"ListItem","position":3,"name":"Carta do presidente 2021"}]},{"@type":"WebSite","@id":"https:\/\/corporativo.eroski.es\/gl\/#website","url":"https:\/\/corporativo.eroski.es\/gl\/","name":"Eroski Corporativo","description":"","potentialAction":[{"@type":"SearchAction","target":{"@type":"EntryPoint","urlTemplate":"https:\/\/corporativo.eroski.es\/gl\/?s={search_term_string}"},"query-input":{"@type":"PropertyValueSpecification","valueRequired":true,"valueName":"search_term_string"}}],"inLanguage":"gl-ES"}]}},"_links":{"self":[{"href":"https:\/\/corporativo.eroski.es\/gl\/wp-json\/wp\/v2\/pages\/34282","targetHints":{"allow":["GET"]}}],"collection":[{"href":"https:\/\/corporativo.eroski.es\/gl\/wp-json\/wp\/v2\/pages"}],"about":[{"href":"https:\/\/corporativo.eroski.es\/gl\/wp-json\/wp\/v2\/types\/page"}],"author":[{"embeddable":true,"href":"https:\/\/corporativo.eroski.es\/gl\/wp-json\/wp\/v2\/users\/19"}],"replies":[{"embeddable":true,"href":"https:\/\/corporativo.eroski.es\/gl\/wp-json\/wp\/v2\/comments?post=34282"}],"version-history":[{"count":6,"href":"https:\/\/corporativo.eroski.es\/gl\/wp-json\/wp\/v2\/pages\/34282\/revisions"}],"predecessor-version":[{"id":34600,"href":"https:\/\/corporativo.eroski.es\/gl\/wp-json\/wp\/v2\/pages\/34282\/revisions\/34600"}],"up":[{"embeddable":true,"href":"https:\/\/corporativo.eroski.es\/gl\/wp-json\/wp\/v2\/pages\/34307"}],"wp:attachment":[{"href":"https:\/\/corporativo.eroski.es\/gl\/wp-json\/wp\/v2\/media?parent=34282"}],"curies":[{"name":"wp","href":"https:\/\/api.w.org\/{rel}","templated":true}]}}