{"id":34267,"date":"2022-04-29T11:00:58","date_gmt":"2022-04-29T09:00:58","guid":{"rendered":"https:\/\/corporativo.eroski.es\/?page_id=34267"},"modified":"2022-05-04T18:45:55","modified_gmt":"2022-05-04T16:45:55","slug":"carta-do-consello-reitor-2021","status":"publish","type":"page","link":"https:\/\/corporativo.eroski.es\/gl\/memoria-2021\/carta-do-consello-reitor-2021\/","title":{"rendered":"Carta do Consello Reitor 2021"},"content":{"rendered":"\n<style>\n\t.descarga_documentos{\n\t    display: flex;\n\t\tjustify-content: flex-end;\n\t\tmargin-top: -100px;\n\t}\n\t.descarga {\n\t\tmax-width: min-content;\n\t\ttext-align: center;\n\t\tpadding: 5px;\n\t}\n\t.descarga svg{\n\t\tmargin-top: 10px;\n\t}\n\t.descarga p{\n\t\tfont-family: \"Roboto\",Arial;\n\t\tfont-size: 14px;\n\t\tline-height: initial;\n\t\tmargin-bottom: 0;\n\t}\n@media (max-width: 1024px){\t\n\t.descarga_documentos{\n\t\tmargin-top: 0;\n\t}\n}\n<\/style>\n\n\n<div class=\"container\">\n\t<div class=\"descarga_documentos\">\n\t\t<div class=\"descarga\">\n\t\t\t<a target=\"_blank\" href=\"\/wp-content\/uploads\/memorias-2021\/memoria-eroski-digital-gal.pdf\" rel=\"noopener\">\n\t\t\t\t<p>Descargar <strong>Memoria<\/strong><\/p>\n\t\t\t\t \n\t\t\t\t<svg width=\"47\" height=\"51\" viewBox=\"0 0 47 51\" fill=\"none\" xmlns=\"http:\/\/www.w3.org\/2000\/svg\">\n\t\t\t\t<g clip-path=\"url(#clip0_1419_17)\">\n\t\t\t\t<path d=\"M47 0L3.8147e-06 -2.05444e-06L2.42921e-06 31.6963L24.8886 51L47 31.6963L47 0Z\" fill=\"#CD2328\"><\/path>\n\t\t\t\t<\/g>\n\t\t\t\t<defs>\n\t\t\t\t<clipPath id=\"clip0_1419_17\">\n\t\t\t\t<rect width=\"51\" height=\"47\" fill=\"white\" transform=\"translate(47) rotate(90)\"><\/rect>\n\t\t\t\t<\/clipPath>\n\t\t\t\t<\/defs>\n\t\t\t\t<\/svg>\n\t\t\t<\/a>\n\t\t<\/div>\n\t\t<div class=\"descarga\">\n\t\t\t<a target=\"_blank\" href=\"\/wp-content\/uploads\/einf\/einf-2021_cast.pdf\" rel=\"noopener\">\n\t\t\t\t<p>Descargar <strong>EINF<\/strong><\/p>\n\t\t\t\t\n\t\t\t\t<svg width=\"47\" height=\"51\" viewBox=\"0 0 47 51\" fill=\"none\" xmlns=\"http:\/\/www.w3.org\/2000\/svg\">\n\t\t\t\t<g clip-path=\"url(#clip0_1419_17)\">\n\t\t\t\t<path d=\"M47 0L3.8147e-06 -2.05444e-06L2.42921e-06 31.6963L24.8886 51L47 31.6963L47 0Z\" fill=\"#CD2328\"><\/path>\n\t\t\t\t<\/g>\n\t\t\t\t<defs>\n\t\t\t\t<clipPath id=\"clip0_1419_17\">\n\t\t\t\t<rect width=\"51\" height=\"47\" fill=\"white\" transform=\"translate(47) rotate(90)\"><\/rect>\n\t\t\t\t<\/clipPath>\n\t\t\t\t<\/defs>\n\t\t\t\t<\/svg>\n\t\t\t<\/a>\n\t\t<\/div>\n\t<\/div>\n<\/div>\n\n\n\n<h1 class=\"wp-block-heading\"><strong>Carta de Leire Mugerza<\/strong><\/h1>\n\n\n\n<h2 class=\"wp-block-heading\">Presidenta do Consello Reitor de EROSKI<\/h2>\n\n\n\n<p>Chegamos. Unha frase que encerra moitos significados nestes incertos tempos. \u00c9 unha incerteza que non afunde as s\u00faas ra\u00edces en elementos internos, se non que obedece a causas externas: unha pandemia, a inflaci\u00f3n, unha guerra en Europa&#8230; \u00c9 unha incerteza que nos obriga a repensar as nosas prioridades. A inquietude e o sufrimento da sociedade non nos resultan alleas \u00e1s empresas. Debemos ser parte activa da soluci\u00f3n.<\/p>\n\n\n\n<p>A Corporaci\u00f3n Mondrag\u00f3n utiliza un lema que facemos propio<br> tam\u00e9n as s\u00faas cooperativas: Humanity at work. Nunca houbo mellor aplicaci\u00f3n posible que estes dous \u00faltimos anos. As persoas que facemos EROSKI demos o mellor para acompa\u00f1ar \u00e1 sociedade neste per\u00edodo. Con tensi\u00f3n, pero con alma. Chegamos. Ou estamos chegando, porque seguiremos atentos ao rumbo que tome a guerra en Ucra\u00edna e actuaremos para amortecer os seus efectos no plano humano.<\/p>\n\n\n\n<p><strong>Chegamos a miles de persoas necesitadas<\/strong><\/p>\n\n\n\n<p>Este 2021 chegamos a moitas m\u00e1is persoas a trav\u00e9s de miles de pequenas aportaci\u00f3ns. \u00c9 case m\u00e1xico alcanzar tal nivel de capilaridade social: dende EROSKI e dende os nosos clientes apoiamos a m\u00e1is de 435.000 persoas a trav\u00e9s de 260 entidades sociais.<\/p>\n\n\n\n<p>Esa maxia posibilitouna, entre outras cousas, o programa C\u00e9ntimos Solidarios onde logramos m\u00e1is de 14 mill\u00f3ns de doaz\u00f3ns. Non s\u00f3 iso: 12.400 clientes escolleron as causas sociais \u00e1s que destinaremos os nosos recursos gracias ao traballo de escoita activa que desenvolvemos con todos eles no \u00faltimo trimestre do 2021. <\/p>\n\n\n\n<p>Pero, ademais, contribu\u00edmos a trav\u00e9s doutros programas como o Desperdicio Cero, para mitigar o dispendio alimentario e colaboramos con centenares de organizaci\u00f3ns como os Bancos de Alimentos na construci\u00f3n dunha sociedade m\u00e1is xusta e\nsostible. <\/p>\n\n\n\n<p><strong>Chegamos a un consumidor mellor informado<\/strong><\/p>\n\n\n\n<p>O consumidor \u00e9 a nosa raz\u00f3n de ser como cooperativa de consumo. Estamos convencidos de que un consumidor mellor\nformado e informado tomar\u00e1 mellores decisi\u00f3ns que afectar\u00e1n de forma positiva \u00e1 s\u00faa sa\u00fade. Ti\u00f1amos isto en mente cando en 2019 fomos a primeira empresa na distribuci\u00f3n espa\u00f1ola en introducir o etiquetado frontal Nutri-Score, que se engad\u00eda ao Sem\u00e1foro Nutricional xa incorporado fai m\u00e1is dunha d\u00e9cada. Os datos da an\u00e1lise publicada na revista Consumer do mes de xullo mostran claramente que ao consumidor lle infl\u00fae de forma positiva a informaci\u00f3n que lle aportamos. Tam\u00e9n chegamos aqu\u00ed. <\/p>\n\n\n\n<p><strong>Gracias a un esforzo compartido <\/strong><\/p>\n\n\n\n<p>O ano 2021, ademais, foi para EROSKI o inicio dunha nova etapa. Un nacemento impensable sen a implicaci\u00f3n de todo o colectivo social e, sobre todo, sen o seu sacrificio, traballo e dedicaci\u00f3n. As decisi\u00f3ns que tomamos permit\u00edronnos, hoxe, transformar o Grupo. Gracias a eles e elas chegamos. <\/p>\n\n\n\n<p><strong>E agora t\u00f3canos avanzar para fortalecer esta nova etapa<\/strong><\/p>\n\n\n\n<p>Sabemos que a forza do cooperativismo se fundamenta na solidariedade de moitos, que se nutre do esforzo, o tes\u00f3n e o\nco\u00f1ecemento dos individuos. Excelentes individualidades que suman e iso fai que a forza se multiplique. Experiment\u00e1molo. A diferenza nun proxecto como EROSKI non s\u00f3 radica en ter un bo l\u00edder, se non en que sexa un bo l\u00edder cooperativo, e iso tam\u00e9n o compartimos. Gracias, Agustin Markaide, por compartir unha maneira de facer empresa, unha empresa de distribuci\u00f3n, pero cunha permanente adecuaci\u00f3n do prop\u00f3sito.<\/p>\n\n\n\n<p>Iniciamos a nova etapa coa mirada renovada, con Rosa Carabel, mantendo a Misi\u00f3n deste proxecto cooperativo. Seguiremos avanzando en pro da sa\u00fade dos consumidores e na sostibilidade do noso contorno, no noso proxecto EROSKI, contigo<\/p>\n","protected":false},"excerpt":{"rendered":"<p>Descargar Memoria Descargar EINF Carta de Leire Mugerza Presidenta do Consello Reitor de EROSKI Chegamos. Unha frase que encerra moitos significados nestes incertos tempos. \u00c9 unha incerteza que non afunde as s\u00faas ra\u00edces en elementos internos, se non que obedece a causas externas: unha pandemia, a inflaci\u00f3n, unha guerra en Europa&#8230; \u00c9 unha incerteza que [&hellip;]<\/p>\n","protected":false},"author":19,"featured_media":0,"parent":34307,"menu_order":0,"comment_status":"closed","ping_status":"closed","template":"","meta":{"_acf_changed":false,"footnotes":""},"class_list":["post-34267","page","type-page","status-publish","hentry"],"acf":[],"yoast_head":"<!-- This site is optimized with the Yoast SEO plugin v24.5 - https:\/\/yoast.com\/wordpress\/plugins\/seo\/ -->\n<title>Carta do Consello Reitor 2021 - Eroski Corporativo<\/title>\n<meta name=\"robots\" content=\"index, follow, max-snippet:-1, max-image-preview:large, max-video-preview:-1\" \/>\n<link rel=\"canonical\" href=\"https:\/\/corporativo.eroski.es\/gl\/memoria-2021\/carta-do-consello-reitor-2021\/\" \/>\n<meta property=\"og:locale\" content=\"gl_ES\" \/>\n<meta property=\"og:type\" content=\"article\" \/>\n<meta property=\"og:title\" content=\"Carta do Consello Reitor 2021 - Eroski Corporativo\" \/>\n<meta property=\"og:description\" content=\"Descargar Memoria Descargar EINF Carta de Leire Mugerza Presidenta do Consello Reitor de EROSKI Chegamos. Unha frase que encerra moitos significados nestes incertos tempos. \u00c9 unha incerteza que non afunde as s\u00faas ra\u00edces en elementos internos, se non que obedece a causas externas: unha pandemia, a inflaci\u00f3n, unha guerra en Europa&#8230; \u00c9 unha incerteza que [&hellip;]\" \/>\n<meta property=\"og:url\" content=\"https:\/\/corporativo.eroski.es\/gl\/memoria-2021\/carta-do-consello-reitor-2021\/\" \/>\n<meta property=\"og:site_name\" content=\"Eroski Corporativo\" \/>\n<meta property=\"article:modified_time\" content=\"2022-05-04T16:45:55+00:00\" \/>\n<meta name=\"twitter:card\" content=\"summary_large_image\" \/>\n<meta name=\"twitter:label1\" content=\"Est. reading time\" \/>\n\t<meta name=\"twitter:data1\" content=\"3 minutos\" \/>\n<script type=\"application\/ld+json\" class=\"yoast-schema-graph\">{\"@context\":\"https:\/\/schema.org\",\"@graph\":[{\"@type\":\"WebPage\",\"@id\":\"https:\/\/corporativo.eroski.es\/gl\/memoria-2021\/carta-do-consello-reitor-2021\/\",\"url\":\"https:\/\/corporativo.eroski.es\/gl\/memoria-2021\/carta-do-consello-reitor-2021\/\",\"name\":\"Carta do Consello Reitor 2021 - Eroski Corporativo\",\"isPartOf\":{\"@id\":\"https:\/\/corporativo.eroski.es\/gl\/#website\"},\"datePublished\":\"2022-04-29T09:00:58+00:00\",\"dateModified\":\"2022-05-04T16:45:55+00:00\",\"breadcrumb\":{\"@id\":\"https:\/\/corporativo.eroski.es\/gl\/memoria-2021\/carta-do-consello-reitor-2021\/#breadcrumb\"},\"inLanguage\":\"gl-ES\",\"potentialAction\":[{\"@type\":\"ReadAction\",\"target\":[\"https:\/\/corporativo.eroski.es\/gl\/memoria-2021\/carta-do-consello-reitor-2021\/\"]}]},{\"@type\":\"BreadcrumbList\",\"@id\":\"https:\/\/corporativo.eroski.es\/gl\/memoria-2021\/carta-do-consello-reitor-2021\/#breadcrumb\",\"itemListElement\":[{\"@type\":\"ListItem\",\"position\":1,\"name\":\"Portada\",\"item\":\"https:\/\/corporativo.eroski.es\/gl\/\"},{\"@type\":\"ListItem\",\"position\":2,\"name\":\"Memoria 2021\",\"item\":\"https:\/\/corporativo.eroski.es\/gl\/memoria-2021\/\"},{\"@type\":\"ListItem\",\"position\":3,\"name\":\"Carta do Consello Reitor 2021\"}]},{\"@type\":\"WebSite\",\"@id\":\"https:\/\/corporativo.eroski.es\/gl\/#website\",\"url\":\"https:\/\/corporativo.eroski.es\/gl\/\",\"name\":\"Eroski Corporativo\",\"description\":\"\",\"potentialAction\":[{\"@type\":\"SearchAction\",\"target\":{\"@type\":\"EntryPoint\",\"urlTemplate\":\"https:\/\/corporativo.eroski.es\/gl\/?s={search_term_string}\"},\"query-input\":{\"@type\":\"PropertyValueSpecification\",\"valueRequired\":true,\"valueName\":\"search_term_string\"}}],\"inLanguage\":\"gl-ES\"}]}<\/script>\n<!-- \/ Yoast SEO plugin. -->","yoast_head_json":{"title":"Carta do Consello Reitor 2021 - Eroski Corporativo","robots":{"index":"index","follow":"follow","max-snippet":"max-snippet:-1","max-image-preview":"max-image-preview:large","max-video-preview":"max-video-preview:-1"},"canonical":"https:\/\/corporativo.eroski.es\/gl\/memoria-2021\/carta-do-consello-reitor-2021\/","og_locale":"gl_ES","og_type":"article","og_title":"Carta do Consello Reitor 2021 - Eroski Corporativo","og_description":"Descargar Memoria Descargar EINF Carta de Leire Mugerza Presidenta do Consello Reitor de EROSKI Chegamos. Unha frase que encerra moitos significados nestes incertos tempos. \u00c9 unha incerteza que non afunde as s\u00faas ra\u00edces en elementos internos, se non que obedece a causas externas: unha pandemia, a inflaci\u00f3n, unha guerra en Europa&#8230; \u00c9 unha incerteza que [&hellip;]","og_url":"https:\/\/corporativo.eroski.es\/gl\/memoria-2021\/carta-do-consello-reitor-2021\/","og_site_name":"Eroski Corporativo","article_modified_time":"2022-05-04T16:45:55+00:00","twitter_card":"summary_large_image","twitter_misc":{"Est. reading time":"3 minutos"},"schema":{"@context":"https:\/\/schema.org","@graph":[{"@type":"WebPage","@id":"https:\/\/corporativo.eroski.es\/gl\/memoria-2021\/carta-do-consello-reitor-2021\/","url":"https:\/\/corporativo.eroski.es\/gl\/memoria-2021\/carta-do-consello-reitor-2021\/","name":"Carta do Consello Reitor 2021 - Eroski Corporativo","isPartOf":{"@id":"https:\/\/corporativo.eroski.es\/gl\/#website"},"datePublished":"2022-04-29T09:00:58+00:00","dateModified":"2022-05-04T16:45:55+00:00","breadcrumb":{"@id":"https:\/\/corporativo.eroski.es\/gl\/memoria-2021\/carta-do-consello-reitor-2021\/#breadcrumb"},"inLanguage":"gl-ES","potentialAction":[{"@type":"ReadAction","target":["https:\/\/corporativo.eroski.es\/gl\/memoria-2021\/carta-do-consello-reitor-2021\/"]}]},{"@type":"BreadcrumbList","@id":"https:\/\/corporativo.eroski.es\/gl\/memoria-2021\/carta-do-consello-reitor-2021\/#breadcrumb","itemListElement":[{"@type":"ListItem","position":1,"name":"Portada","item":"https:\/\/corporativo.eroski.es\/gl\/"},{"@type":"ListItem","position":2,"name":"Memoria 2021","item":"https:\/\/corporativo.eroski.es\/gl\/memoria-2021\/"},{"@type":"ListItem","position":3,"name":"Carta do Consello Reitor 2021"}]},{"@type":"WebSite","@id":"https:\/\/corporativo.eroski.es\/gl\/#website","url":"https:\/\/corporativo.eroski.es\/gl\/","name":"Eroski Corporativo","description":"","potentialAction":[{"@type":"SearchAction","target":{"@type":"EntryPoint","urlTemplate":"https:\/\/corporativo.eroski.es\/gl\/?s={search_term_string}"},"query-input":{"@type":"PropertyValueSpecification","valueRequired":true,"valueName":"search_term_string"}}],"inLanguage":"gl-ES"}]}},"_links":{"self":[{"href":"https:\/\/corporativo.eroski.es\/gl\/wp-json\/wp\/v2\/pages\/34267","targetHints":{"allow":["GET"]}}],"collection":[{"href":"https:\/\/corporativo.eroski.es\/gl\/wp-json\/wp\/v2\/pages"}],"about":[{"href":"https:\/\/corporativo.eroski.es\/gl\/wp-json\/wp\/v2\/types\/page"}],"author":[{"embeddable":true,"href":"https:\/\/corporativo.eroski.es\/gl\/wp-json\/wp\/v2\/users\/19"}],"replies":[{"embeddable":true,"href":"https:\/\/corporativo.eroski.es\/gl\/wp-json\/wp\/v2\/comments?post=34267"}],"version-history":[{"count":5,"href":"https:\/\/corporativo.eroski.es\/gl\/wp-json\/wp\/v2\/pages\/34267\/revisions"}],"predecessor-version":[{"id":34599,"href":"https:\/\/corporativo.eroski.es\/gl\/wp-json\/wp\/v2\/pages\/34267\/revisions\/34599"}],"up":[{"embeddable":true,"href":"https:\/\/corporativo.eroski.es\/gl\/wp-json\/wp\/v2\/pages\/34307"}],"wp:attachment":[{"href":"https:\/\/corporativo.eroski.es\/gl\/wp-json\/wp\/v2\/media?parent=34267"}],"curies":[{"name":"wp","href":"https:\/\/api.w.org\/{rel}","templated":true}]}}