{"id":19649,"date":"2021-05-18T11:27:45","date_gmt":"2021-05-18T11:27:45","guid":{"rendered":"https:\/\/corporativo.eroski.es\/?page_id=19649"},"modified":"2021-07-15T10:08:24","modified_gmt":"2021-07-15T10:08:24","slug":"carta-da-presidenta-do-consello-reitor","status":"publish","type":"page","link":"https:\/\/corporativo.eroski.es\/gl\/memoria-2020\/carta-da-presidenta-do-consello-reitor\/","title":{"rendered":"Carta do Consello Reitor EROSKI 2020"},"content":{"rendered":"<h1>Carta do Consello Reitor EROSKI<\/h1>\n<p style=\"text-align: justify;\">Cando fai un ano reflexionaba sobre o desempe\u00f1o de 2019 a trav\u00e9s destas mesmas li\u00f1as, atopab\u00e1monos no punto m\u00e1s \u00e1lxido da crise sanitaria derivada da Covid-19. O que veu despois e que a\u00ednda nos ocupa hoxe, \u00e9 de sobra co\u00f1ecido. A crise sanitaria derivou en econ\u00f3mica, tensando a moitos sectores da sociedade e a moitos profesionais que dende a s\u00faa responsabilidade individual tenderon pontes e ocuparon espazos necesarios para manter a cohesi\u00f3n social.<\/p>\n<p style=\"text-align: justify;\">Nunca son suficientes as oportunidades para dar as grazas \u00e1s persoas que facemos EROSKI. A disxuntiva \u00e1 que nos enfrontamos non foi f\u00e1cil, pero escollemos: sempre primou o interese colectivo por encima do benestar individual. Non houbo d\u00fabidas. Grazas a todos os que o fixestes posible, pola dedicaci\u00f3n, profesionalidade, sensibilidade e colaboraci\u00f3n.<\/p>\n<p style=\"text-align: justify;\">Eses atributos son parte da cultura cooperativista sobre a que est\u00e1 constru\u00eddo o proxecto de EROSKI. Son os eixes sobre os que nos baseamos para abordar unha crise destas caracter\u00edsticas. As medidas de protecci\u00f3n para facer das nosas tendas un entorno seguro de traballo e compra, as acci\u00f3ns de solidariedade que levamos a cabo e a sensibilidade cara aos pequenos produtores que viron como desaparec\u00edan algunhas das s\u00faas canles de venta m\u00e1is importantes, son respostas que nacen da nosa forma de entender a empresa. Solidariedade e cooperaci\u00f3n: tales son os valores que estiveron m\u00e1is presentes que nunca nas nosas persoas, e prevaleceron e brillaron con forza nos momentos m\u00e1is complicados da sociedade, cando m\u00e1is necesarios eran.<\/p>\n<p style=\"text-align: justify;\">O presente est\u00e1 cheo de importantes desaf\u00edos e o futuro a\u00ednda est\u00e1 por definir. A \u00fanica certeza \u00e9 que dende EROSKI seguiremos sendo fieis aos principios cooperativos que nos levaron a ser esixentes con n\u00f3s mesmos. Un proxecto baseado na proximidade \u00e1s persoas do noso proxecto cooperativo, persoas traballadoras e consumidoras, que foron as catalizadoras do noso traballo e actuaci\u00f3ns, para poder adaptarnos xuntos \u00e1s necesidades e h\u00e1bitos de consumo que require a nosa sociedade.<\/p>\n<p style=\"text-align: justify;\">Seguiremos traballando firmemente por po\u00f1er o consumidor no centro, avanzando firmemente no cumprimento dos 10 Compromisos pola Sa\u00fade e a Sustentabilidade. Por ofrecerlle toda a formaci\u00f3n e a informaci\u00f3n necesaria para que tome as mellores decisi\u00f3ns de compra. Adaptando, incluso, as nosas canles para que poda facelo de maneira telem\u00e1tica dunha forma segura. Seguiremos promovendo unha alimentaci\u00f3n saudable e sostible, coa incorporaci\u00f3n de produtos ecol\u00f3xicos e o ecodese\u00f1o dos envases. Manteremos a nosa firme proposta pola formaci\u00f3n dos m\u00e1is pequenos en h\u00e1bitos de vida saudables a trav\u00e9s dos nosos programas educativos en centros escolares. Todo iso, ademais, cunha perspectiva innovadora\u00a0 para facer da experiencia de compra algo m\u00e1is atractivo, \u00e1xil, seguro e eficaz.<\/p>\n<p style=\"text-align: justify;\">Todo o que facemos fac\u00e9molo polo cliente, polo consumidor, que son na s\u00faa gran maior\u00eda socios e socias da cooperativa. \u00c9 a nosa forma de entender as relaci\u00f3ns comerciais, algo moito m\u00e1is relevante que unha mera transacci\u00f3n e que adquiriu especial importancia nestes tempos de pandemia.<\/p>\n<p style=\"text-align: justify;\">Tivemos toda a satisfacci\u00f3n, ademais, de que o noso traballo foi valorado externamente a trav\u00e9s de numerosos reco\u00f1ecementos ao longo do ano. Destaco dous: o Premio Cidad\u00e1ns polo compromiso e a responsabilidade de EROSKI na xesti\u00f3n da crise sanitaria e o Premio Europeo de Medio Ambiente polo compromiso no fomento da pesca sostible. Sa\u00fade e Sustentabilidade. A nosa folla de ruta.<\/p>\n<p style=\"text-align: justify;\">No \u00e1mbito corporativo tam\u00e9n se produciron importantes fitos, como \u00e9 a posta en marcha de ERLAN, un fondo solidario aprobado na Asemblea Xeral e que axudar\u00e1 aos socios de traballo, que no futuro as\u00ed o necesiten, a realizar a achega necesaria ao capital social marcado nos estatutos da cooperativa. \u00c9 unha mostra m\u00e1is da solidariedade e cooperaci\u00f3n que emana dos nosos principios cooperativos.<\/p>\n<p style=\"text-align: justify;\">EROSKI \u00e9 unha organizaci\u00f3n presente no d\u00eda a d\u00eda das persoas, cunha influencia directa na construci\u00f3n social de cidades, pobos e barrios, temos responsabilidades na contorna na que operamos, e segu\u00edmonos comprometendo con iso. Neste complicado per\u00edodo que nos tocou vivir fomos soporte e axuda para miles de persoas. Seguiremos traballando contigo, xuntos, para que a nosa cooperativa de consumo siga sendo referente.<\/p>\n<p>Leire Mugerza<br \/>\nPresidenta do Consello Reitor de EROSKI<\/p>\n","protected":false},"excerpt":{"rendered":"<p>Carta do Consello Reitor EROSKI Cando fai un ano reflexionaba sobre o desempe\u00f1o de 2019 a trav\u00e9s destas mesmas li\u00f1as, atopab\u00e1monos no punto m\u00e1s \u00e1lxido da crise sanitaria derivada da Covid-19. O que veu despois e que a\u00ednda nos ocupa hoxe, \u00e9 de sobra co\u00f1ecido. A crise sanitaria derivou en econ\u00f3mica, tensando a moitos sectores [&hellip;]<\/p>\n","protected":false},"author":4,"featured_media":0,"parent":19592,"menu_order":0,"comment_status":"closed","ping_status":"closed","template":"","meta":{"_acf_changed":false,"footnotes":""},"class_list":["post-19649","page","type-page","status-publish","hentry"],"acf":[],"yoast_head":"<!-- This site is optimized with the Yoast SEO plugin v24.5 - https:\/\/yoast.com\/wordpress\/plugins\/seo\/ -->\n<title>Carta do Consello Reitor EROSKI 2020 - Eroski Corporativo<\/title>\n<meta name=\"robots\" content=\"index, follow, max-snippet:-1, max-image-preview:large, max-video-preview:-1\" \/>\n<link rel=\"canonical\" href=\"https:\/\/corporativo.eroski.es\/gl\/memoria-2020\/carta-da-presidenta-do-consello-reitor\/\" \/>\n<meta property=\"og:locale\" content=\"gl_ES\" \/>\n<meta property=\"og:type\" content=\"article\" \/>\n<meta property=\"og:title\" content=\"Carta do Consello Reitor EROSKI 2020 - Eroski Corporativo\" \/>\n<meta property=\"og:description\" content=\"Carta do Consello Reitor EROSKI Cando fai un ano reflexionaba sobre o desempe\u00f1o de 2019 a trav\u00e9s destas mesmas li\u00f1as, atopab\u00e1monos no punto m\u00e1s \u00e1lxido da crise sanitaria derivada da Covid-19. O que veu despois e que a\u00ednda nos ocupa hoxe, \u00e9 de sobra co\u00f1ecido. A crise sanitaria derivou en econ\u00f3mica, tensando a moitos sectores [&hellip;]\" \/>\n<meta property=\"og:url\" content=\"https:\/\/corporativo.eroski.es\/gl\/memoria-2020\/carta-da-presidenta-do-consello-reitor\/\" \/>\n<meta property=\"og:site_name\" content=\"Eroski Corporativo\" \/>\n<meta property=\"article:modified_time\" content=\"2021-07-15T10:08:24+00:00\" \/>\n<meta name=\"twitter:card\" content=\"summary_large_image\" \/>\n<meta name=\"twitter:label1\" content=\"Est. reading time\" \/>\n\t<meta name=\"twitter:data1\" content=\"4 minutos\" \/>\n<script type=\"application\/ld+json\" class=\"yoast-schema-graph\">{\"@context\":\"https:\/\/schema.org\",\"@graph\":[{\"@type\":\"WebPage\",\"@id\":\"https:\/\/corporativo.eroski.es\/gl\/memoria-2020\/carta-da-presidenta-do-consello-reitor\/\",\"url\":\"https:\/\/corporativo.eroski.es\/gl\/memoria-2020\/carta-da-presidenta-do-consello-reitor\/\",\"name\":\"Carta do Consello Reitor EROSKI 2020 - Eroski Corporativo\",\"isPartOf\":{\"@id\":\"https:\/\/corporativo.eroski.es\/gl\/#website\"},\"datePublished\":\"2021-05-18T11:27:45+00:00\",\"dateModified\":\"2021-07-15T10:08:24+00:00\",\"breadcrumb\":{\"@id\":\"https:\/\/corporativo.eroski.es\/gl\/memoria-2020\/carta-da-presidenta-do-consello-reitor\/#breadcrumb\"},\"inLanguage\":\"gl-ES\",\"potentialAction\":[{\"@type\":\"ReadAction\",\"target\":[\"https:\/\/corporativo.eroski.es\/gl\/memoria-2020\/carta-da-presidenta-do-consello-reitor\/\"]}]},{\"@type\":\"BreadcrumbList\",\"@id\":\"https:\/\/corporativo.eroski.es\/gl\/memoria-2020\/carta-da-presidenta-do-consello-reitor\/#breadcrumb\",\"itemListElement\":[{\"@type\":\"ListItem\",\"position\":1,\"name\":\"Portada\",\"item\":\"https:\/\/corporativo.eroski.es\/gl\/\"},{\"@type\":\"ListItem\",\"position\":2,\"name\":\"Memoria 2020\",\"item\":\"https:\/\/corporativo.eroski.es\/gl\/memoria-2020\/\"},{\"@type\":\"ListItem\",\"position\":3,\"name\":\"Carta do Consello Reitor EROSKI 2020\"}]},{\"@type\":\"WebSite\",\"@id\":\"https:\/\/corporativo.eroski.es\/gl\/#website\",\"url\":\"https:\/\/corporativo.eroski.es\/gl\/\",\"name\":\"Eroski Corporativo\",\"description\":\"\",\"potentialAction\":[{\"@type\":\"SearchAction\",\"target\":{\"@type\":\"EntryPoint\",\"urlTemplate\":\"https:\/\/corporativo.eroski.es\/gl\/?s={search_term_string}\"},\"query-input\":{\"@type\":\"PropertyValueSpecification\",\"valueRequired\":true,\"valueName\":\"search_term_string\"}}],\"inLanguage\":\"gl-ES\"}]}<\/script>\n<!-- \/ Yoast SEO plugin. -->","yoast_head_json":{"title":"Carta do Consello Reitor EROSKI 2020 - Eroski Corporativo","robots":{"index":"index","follow":"follow","max-snippet":"max-snippet:-1","max-image-preview":"max-image-preview:large","max-video-preview":"max-video-preview:-1"},"canonical":"https:\/\/corporativo.eroski.es\/gl\/memoria-2020\/carta-da-presidenta-do-consello-reitor\/","og_locale":"gl_ES","og_type":"article","og_title":"Carta do Consello Reitor EROSKI 2020 - Eroski Corporativo","og_description":"Carta do Consello Reitor EROSKI Cando fai un ano reflexionaba sobre o desempe\u00f1o de 2019 a trav\u00e9s destas mesmas li\u00f1as, atopab\u00e1monos no punto m\u00e1s \u00e1lxido da crise sanitaria derivada da Covid-19. O que veu despois e que a\u00ednda nos ocupa hoxe, \u00e9 de sobra co\u00f1ecido. A crise sanitaria derivou en econ\u00f3mica, tensando a moitos sectores [&hellip;]","og_url":"https:\/\/corporativo.eroski.es\/gl\/memoria-2020\/carta-da-presidenta-do-consello-reitor\/","og_site_name":"Eroski Corporativo","article_modified_time":"2021-07-15T10:08:24+00:00","twitter_card":"summary_large_image","twitter_misc":{"Est. reading time":"4 minutos"},"schema":{"@context":"https:\/\/schema.org","@graph":[{"@type":"WebPage","@id":"https:\/\/corporativo.eroski.es\/gl\/memoria-2020\/carta-da-presidenta-do-consello-reitor\/","url":"https:\/\/corporativo.eroski.es\/gl\/memoria-2020\/carta-da-presidenta-do-consello-reitor\/","name":"Carta do Consello Reitor EROSKI 2020 - Eroski Corporativo","isPartOf":{"@id":"https:\/\/corporativo.eroski.es\/gl\/#website"},"datePublished":"2021-05-18T11:27:45+00:00","dateModified":"2021-07-15T10:08:24+00:00","breadcrumb":{"@id":"https:\/\/corporativo.eroski.es\/gl\/memoria-2020\/carta-da-presidenta-do-consello-reitor\/#breadcrumb"},"inLanguage":"gl-ES","potentialAction":[{"@type":"ReadAction","target":["https:\/\/corporativo.eroski.es\/gl\/memoria-2020\/carta-da-presidenta-do-consello-reitor\/"]}]},{"@type":"BreadcrumbList","@id":"https:\/\/corporativo.eroski.es\/gl\/memoria-2020\/carta-da-presidenta-do-consello-reitor\/#breadcrumb","itemListElement":[{"@type":"ListItem","position":1,"name":"Portada","item":"https:\/\/corporativo.eroski.es\/gl\/"},{"@type":"ListItem","position":2,"name":"Memoria 2020","item":"https:\/\/corporativo.eroski.es\/gl\/memoria-2020\/"},{"@type":"ListItem","position":3,"name":"Carta do Consello Reitor EROSKI 2020"}]},{"@type":"WebSite","@id":"https:\/\/corporativo.eroski.es\/gl\/#website","url":"https:\/\/corporativo.eroski.es\/gl\/","name":"Eroski Corporativo","description":"","potentialAction":[{"@type":"SearchAction","target":{"@type":"EntryPoint","urlTemplate":"https:\/\/corporativo.eroski.es\/gl\/?s={search_term_string}"},"query-input":{"@type":"PropertyValueSpecification","valueRequired":true,"valueName":"search_term_string"}}],"inLanguage":"gl-ES"}]}},"_links":{"self":[{"href":"https:\/\/corporativo.eroski.es\/gl\/wp-json\/wp\/v2\/pages\/19649","targetHints":{"allow":["GET"]}}],"collection":[{"href":"https:\/\/corporativo.eroski.es\/gl\/wp-json\/wp\/v2\/pages"}],"about":[{"href":"https:\/\/corporativo.eroski.es\/gl\/wp-json\/wp\/v2\/types\/page"}],"author":[{"embeddable":true,"href":"https:\/\/corporativo.eroski.es\/gl\/wp-json\/wp\/v2\/users\/4"}],"replies":[{"embeddable":true,"href":"https:\/\/corporativo.eroski.es\/gl\/wp-json\/wp\/v2\/comments?post=19649"}],"version-history":[{"count":6,"href":"https:\/\/corporativo.eroski.es\/gl\/wp-json\/wp\/v2\/pages\/19649\/revisions"}],"predecessor-version":[{"id":20923,"href":"https:\/\/corporativo.eroski.es\/gl\/wp-json\/wp\/v2\/pages\/19649\/revisions\/20923"}],"up":[{"embeddable":true,"href":"https:\/\/corporativo.eroski.es\/gl\/wp-json\/wp\/v2\/pages\/19592"}],"wp:attachment":[{"href":"https:\/\/corporativo.eroski.es\/gl\/wp-json\/wp\/v2\/media?parent=19649"}],"curies":[{"name":"wp","href":"https:\/\/api.w.org\/{rel}","templated":true}]}}