{"id":19638,"date":"2021-05-18T00:05:24","date_gmt":"2021-05-18T00:05:24","guid":{"rendered":"https:\/\/corporativo.eroski.es\/?page_id=19638"},"modified":"2021-07-15T10:00:55","modified_gmt":"2021-07-15T10:00:55","slug":"carta-do-presidente-2020","status":"publish","type":"page","link":"https:\/\/corporativo.eroski.es\/gl\/memoria-2020\/carta-do-presidente-2020\/","title":{"rendered":"Carta do Presidente 2020"},"content":{"rendered":"<div id=\"pl-gb19638-69fa53c87ab27\"  class=\"panel-layout\" ><div id=\"pg-gb19638-69fa53c87ab27-0\"  class=\"panel-grid panel-no-style\" ><div id=\"pgc-gb19638-69fa53c87ab27-0-0\"  class=\"panel-grid-cell\" ><div id=\"panel-gb19638-69fa53c87ab27-0-0-0\" class=\"so-panel widget widget_sow-editor panel-first-child panel-last-child\" data-index=\"0\" ><div class=\"so-widget-sow-editor so-widget-sow-editor-base\">\n<div class=\"siteorigin-widget-tinymce textwidget\">\n\t<\/div>\n<\/div><\/div><\/div><\/div><\/div>\n\n\n<h1 class=\"wp-block-heading\">Carta do Presidente 2020<\/h1>\n\n\n\n<p style=\"text-align:justify\">Os 12 meses de\n2020 foron excepcionais na vida de toda a sociedade. Como en tantos outros\naspectos, a pandemia provocada pola COVID-19 tam\u00e9n tivo os seus efectos nas\nempresas, tanto no d\u00eda a d\u00eda da s\u00faa xesti\u00f3n como na s\u00faa planificaci\u00f3n a longo\nprazo. A d\u00eda de hoxe, a situaci\u00f3n obrigounos a vivir, se cabe, m\u00e1is pegados \u00e1\nactualidade. <\/p>\n\n\n\n<p style=\"text-align:justify\">Vanme\npermitir comece esta mensaxe dando as grazas a todas as persoas fan posible\nEROSKI. As persoas, individual e colectivamente, estiveron \u00e1 altura das\ndemandas da sociedade e fix\u00e9rono con determinaci\u00f3n e eficacia, en todo momento\nderon o mellor de si mesmas en beneficio da comunidade. Para ningu\u00e9n de n\u00f3s\nesta resposta foi unha sorpresa. Pero \u00e9 imprescindible reco\u00f1ecelo, sobre todo\ncando acada este nivel de entrega.<\/p>\n\n\n\n<p style=\"text-align:justify\">O certo \u00e9 que a clasificaci\u00f3n da nosa actividade como \u2018servizo esencial\u2019\nesixiunos axilidade e rapidez na resposta aos retos xurdidos. <\/p>\n\n\n\n<p style=\"text-align:justify\">Marc\u00e1monos como\nm\u00e1xima prioridade a garant\u00eda da seguridade, tanto para os traballadores como\npara os clientes. Foi complicado nos primeiros momentos, pero rematamos\ncertificando os nosos establecementos a trav\u00e9s do selo de <em>Tenda M\u00e1is Segura<\/em>\nde Bureau Veritas. <\/p>\n\n\n\n<p style=\"text-align:justify\">E mentres\ntanto debiamos asegurar que, cada d\u00eda, as tendas estiveran ben nutridas. Toda a\ncadea de valor funcionou de forma excepcional e conseguimos dar unha resposta\n\u00f3ptima a unha demanda acumulada que aumentou de maneira significativa nos\nprimeiros momentos da crise.<\/p>\n\n\n\n<p style=\"text-align:justify\">A pandemia afectou negativamente a diversos colectivos e, por fortuna,\npuidemos atender as necesidades imperantes de varios deles. Doamos 1.000.000 de\nm\u00e1scaras a concellos e entidades sociais. Facilitamos o acceso a produtos de\nprimeira necesidade a trav\u00e9s de nosa Tarxeta Solidaria, posta a disposici\u00f3n das\ninstituci\u00f3ns p\u00fablicas. Doamos aos Bancos de Alimentos o equivalente a m\u00e1is de\n6,5 mill\u00f3ns de comidas. Realizamos a compra e lev\u00e1mola \u00e1 casa de miles de\npersoas maiores. O ano m\u00e1is complicado ti\u00f1a que ser o ano m\u00e1is solidario. <\/p>\n\n\n\n<p style=\"text-align:justify\">O consumidor cambiou os seus h\u00e1bitos de compra e n\u00f3s quixemos acompa\u00f1alo\nnese cambio. Buscou outras formas de relacionarse con n\u00f3s e utilizou de forma\nintensa a canle online e Internet. Isto sup\u00f3n un reto de presente e futuro,\nporque o conxuntural converteuse en estrutural. A innovaci\u00f3n e a transformaci\u00f3n\ndixital da que tanto se fala en clave de negocio, non \u00e9 outra cousa que\nfacilitar a vida ao cliente, facer que encontre produtos innovadores,\ndistintos, que te\u00f1a unha experiencia de compra m\u00e1is satisfactoria, \u00e1xil e\neficiente. <\/p>\n\n\n\n<p style=\"text-align:justify\">De igual forma, ese consumidor m\u00e1is omnicanle, est\u00e1 adquirindo uns h\u00e1bitos\nde consumo m\u00e1is saudables e sostibles. Para facilitar esta evoluci\u00f3n, EROSKI\nampliou a gama de produtos Eco\/Bio de marca propia, tanto en frescos como en\nalimentaci\u00f3n non perecedoira. Tam\u00e9n estamos facilitando o acceso a produtos que\nte\u00f1en uns elevados est\u00e1ndares en aspectos como a pegada medioambiental ou o\nbenestar animal e acercando a orixe dos produtos ao lugar onde se consumir\u00e1n. <\/p>\n\n\n\n<p style=\"text-align:justify\">Sen soluci\u00f3n de continuidade, o ano 2021 xa est\u00e1 en marcha e dende o \u00e1mbito\ncorporativo e organizativo, EROSKI deu pasos para adecuar a s\u00faa estrutura \u00e1\nnova realidade. Rosa Carabel \u00e9 a nova directora xeral do grupo. Quen temos a\nsorte de traballar con ela co\u00f1ecemos o seu talento, tes\u00f3n e habilidade para\nliderar equipos. Rosa estar\u00e1 \u00e1 fronte dun Consello de Direcci\u00f3n que se ampl\u00eda e\nincorpora \u00e1reas que resultar\u00e1n fundamentais para o futuro pr\u00f3ximo como as de\ninnovaci\u00f3n e desenvolvemento. Estes cambios son coherentes cos retos de EROSKI\nque queremos seguir constru\u00edndo, coa apertura e transformaci\u00f3n de m\u00e1is tendas;\ncoa inversi\u00f3n nunha lox\u00edstica m\u00e1is eficiente e sostible ou cunha sostida aposta\npolo produto fresco e de proximidade. Non esquecemos tampouco a folla de ruta\nque nos marcan os 17 Obxectivos de Desenvolvemento Sostible (ODS) de Naci\u00f3ns\nUnidas aos que queremos contribu\u00edr de forma decidida en virtude da nosa\nadhesi\u00f3n ao Pacto Mundial no 2002 e que referendamos anualmente coa\nactualizaci\u00f3n dos nosos compromisos pola Sa\u00fade e a Sustentabilidade definidos\nen 2018 gracias \u00e1s aportaci\u00f3ns de 8.000 socios clientes. <\/p>\n\n\n\n<p style=\"text-align:justify\">Un dos \u00faltimos pasos que demos desde o \u00e1mbito corporativo \u00e9 o da\nincorporaci\u00f3n dun socio para compartir a xesti\u00f3n do noso negocio en Catalunya e\nnas Illas Baleares. Esta operaci\u00f3n sit\u00faanos nun escenario moi positivo para\nseguir afianzando os nosos negocios nos citados per\u00edmetros e \u00e9, sen d\u00fabida, un\npaso definitivo no proceso de reestruturaci\u00f3n da d\u00e9beda comezado no ano 2009. <\/p>\n\n\n\n<p style=\"text-align:justify\">Este informe anual que ten entre as s\u00faas mans recolle interesantes datos e\ndetalles que poder\u00e1n referendar o que quixen trasladarlles nestas poucas li\u00f1as.\nEspero que lles resulte unha lectura inspiradora. <\/p>\n\n\n\n<p>Agust\u00edn Markaide  <br>Presidente Grupo EROSKI<\/p>\n","protected":false},"excerpt":{"rendered":"<p>Carta do Presidente 2020 Os 12 meses de 2020 foron excepcionais na vida de toda a sociedade. Como en tantos outros aspectos, a pandemia provocada pola COVID-19 tam\u00e9n tivo os seus efectos nas empresas, tanto no d\u00eda a d\u00eda da s\u00faa xesti\u00f3n como na s\u00faa planificaci\u00f3n a longo prazo. A d\u00eda de hoxe, a situaci\u00f3n [&hellip;]<\/p>\n","protected":false},"author":4,"featured_media":0,"parent":19592,"menu_order":0,"comment_status":"closed","ping_status":"closed","template":"","meta":{"_acf_changed":false,"footnotes":""},"class_list":["post-19638","page","type-page","status-publish","hentry"],"acf":[],"yoast_head":"<!-- This site is optimized with the Yoast SEO plugin v24.5 - https:\/\/yoast.com\/wordpress\/plugins\/seo\/ -->\n<title>Carta do Presidente 2020 - Eroski Corporativo<\/title>\n<meta name=\"robots\" content=\"index, follow, max-snippet:-1, max-image-preview:large, max-video-preview:-1\" \/>\n<link rel=\"canonical\" href=\"https:\/\/corporativo.eroski.es\/gl\/memoria-2020\/carta-do-presidente-2020\/\" \/>\n<meta property=\"og:locale\" content=\"gl_ES\" \/>\n<meta property=\"og:type\" content=\"article\" \/>\n<meta property=\"og:title\" content=\"Carta do Presidente 2020 - Eroski Corporativo\" \/>\n<meta property=\"og:description\" content=\"Carta do Presidente 2020 Os 12 meses de 2020 foron excepcionais na vida de toda a sociedade. Como en tantos outros aspectos, a pandemia provocada pola COVID-19 tam\u00e9n tivo os seus efectos nas empresas, tanto no d\u00eda a d\u00eda da s\u00faa xesti\u00f3n como na s\u00faa planificaci\u00f3n a longo prazo. A d\u00eda de hoxe, a situaci\u00f3n [&hellip;]\" \/>\n<meta property=\"og:url\" content=\"https:\/\/corporativo.eroski.es\/gl\/memoria-2020\/carta-do-presidente-2020\/\" \/>\n<meta property=\"og:site_name\" content=\"Eroski Corporativo\" \/>\n<meta property=\"article:modified_time\" content=\"2021-07-15T10:00:55+00:00\" \/>\n<meta name=\"twitter:card\" content=\"summary_large_image\" \/>\n<meta name=\"twitter:label1\" content=\"Est. reading time\" \/>\n\t<meta name=\"twitter:data1\" content=\"4 minutos\" \/>\n<script type=\"application\/ld+json\" class=\"yoast-schema-graph\">{\"@context\":\"https:\/\/schema.org\",\"@graph\":[{\"@type\":\"WebPage\",\"@id\":\"https:\/\/corporativo.eroski.es\/gl\/memoria-2020\/carta-do-presidente-2020\/\",\"url\":\"https:\/\/corporativo.eroski.es\/gl\/memoria-2020\/carta-do-presidente-2020\/\",\"name\":\"Carta do Presidente 2020 - Eroski Corporativo\",\"isPartOf\":{\"@id\":\"https:\/\/corporativo.eroski.es\/gl\/#website\"},\"datePublished\":\"2021-05-18T00:05:24+00:00\",\"dateModified\":\"2021-07-15T10:00:55+00:00\",\"breadcrumb\":{\"@id\":\"https:\/\/corporativo.eroski.es\/gl\/memoria-2020\/carta-do-presidente-2020\/#breadcrumb\"},\"inLanguage\":\"gl-ES\",\"potentialAction\":[{\"@type\":\"ReadAction\",\"target\":[\"https:\/\/corporativo.eroski.es\/gl\/memoria-2020\/carta-do-presidente-2020\/\"]}]},{\"@type\":\"BreadcrumbList\",\"@id\":\"https:\/\/corporativo.eroski.es\/gl\/memoria-2020\/carta-do-presidente-2020\/#breadcrumb\",\"itemListElement\":[{\"@type\":\"ListItem\",\"position\":1,\"name\":\"Portada\",\"item\":\"https:\/\/corporativo.eroski.es\/gl\/\"},{\"@type\":\"ListItem\",\"position\":2,\"name\":\"Memoria 2020\",\"item\":\"https:\/\/corporativo.eroski.es\/gl\/memoria-2020\/\"},{\"@type\":\"ListItem\",\"position\":3,\"name\":\"Carta do Presidente 2020\"}]},{\"@type\":\"WebSite\",\"@id\":\"https:\/\/corporativo.eroski.es\/gl\/#website\",\"url\":\"https:\/\/corporativo.eroski.es\/gl\/\",\"name\":\"Eroski Corporativo\",\"description\":\"\",\"potentialAction\":[{\"@type\":\"SearchAction\",\"target\":{\"@type\":\"EntryPoint\",\"urlTemplate\":\"https:\/\/corporativo.eroski.es\/gl\/?s={search_term_string}\"},\"query-input\":{\"@type\":\"PropertyValueSpecification\",\"valueRequired\":true,\"valueName\":\"search_term_string\"}}],\"inLanguage\":\"gl-ES\"}]}<\/script>\n<!-- \/ Yoast SEO plugin. -->","yoast_head_json":{"title":"Carta do Presidente 2020 - Eroski Corporativo","robots":{"index":"index","follow":"follow","max-snippet":"max-snippet:-1","max-image-preview":"max-image-preview:large","max-video-preview":"max-video-preview:-1"},"canonical":"https:\/\/corporativo.eroski.es\/gl\/memoria-2020\/carta-do-presidente-2020\/","og_locale":"gl_ES","og_type":"article","og_title":"Carta do Presidente 2020 - Eroski Corporativo","og_description":"Carta do Presidente 2020 Os 12 meses de 2020 foron excepcionais na vida de toda a sociedade. Como en tantos outros aspectos, a pandemia provocada pola COVID-19 tam\u00e9n tivo os seus efectos nas empresas, tanto no d\u00eda a d\u00eda da s\u00faa xesti\u00f3n como na s\u00faa planificaci\u00f3n a longo prazo. A d\u00eda de hoxe, a situaci\u00f3n [&hellip;]","og_url":"https:\/\/corporativo.eroski.es\/gl\/memoria-2020\/carta-do-presidente-2020\/","og_site_name":"Eroski Corporativo","article_modified_time":"2021-07-15T10:00:55+00:00","twitter_card":"summary_large_image","twitter_misc":{"Est. reading time":"4 minutos"},"schema":{"@context":"https:\/\/schema.org","@graph":[{"@type":"WebPage","@id":"https:\/\/corporativo.eroski.es\/gl\/memoria-2020\/carta-do-presidente-2020\/","url":"https:\/\/corporativo.eroski.es\/gl\/memoria-2020\/carta-do-presidente-2020\/","name":"Carta do Presidente 2020 - Eroski Corporativo","isPartOf":{"@id":"https:\/\/corporativo.eroski.es\/gl\/#website"},"datePublished":"2021-05-18T00:05:24+00:00","dateModified":"2021-07-15T10:00:55+00:00","breadcrumb":{"@id":"https:\/\/corporativo.eroski.es\/gl\/memoria-2020\/carta-do-presidente-2020\/#breadcrumb"},"inLanguage":"gl-ES","potentialAction":[{"@type":"ReadAction","target":["https:\/\/corporativo.eroski.es\/gl\/memoria-2020\/carta-do-presidente-2020\/"]}]},{"@type":"BreadcrumbList","@id":"https:\/\/corporativo.eroski.es\/gl\/memoria-2020\/carta-do-presidente-2020\/#breadcrumb","itemListElement":[{"@type":"ListItem","position":1,"name":"Portada","item":"https:\/\/corporativo.eroski.es\/gl\/"},{"@type":"ListItem","position":2,"name":"Memoria 2020","item":"https:\/\/corporativo.eroski.es\/gl\/memoria-2020\/"},{"@type":"ListItem","position":3,"name":"Carta do Presidente 2020"}]},{"@type":"WebSite","@id":"https:\/\/corporativo.eroski.es\/gl\/#website","url":"https:\/\/corporativo.eroski.es\/gl\/","name":"Eroski Corporativo","description":"","potentialAction":[{"@type":"SearchAction","target":{"@type":"EntryPoint","urlTemplate":"https:\/\/corporativo.eroski.es\/gl\/?s={search_term_string}"},"query-input":{"@type":"PropertyValueSpecification","valueRequired":true,"valueName":"search_term_string"}}],"inLanguage":"gl-ES"}]}},"_links":{"self":[{"href":"https:\/\/corporativo.eroski.es\/gl\/wp-json\/wp\/v2\/pages\/19638","targetHints":{"allow":["GET"]}}],"collection":[{"href":"https:\/\/corporativo.eroski.es\/gl\/wp-json\/wp\/v2\/pages"}],"about":[{"href":"https:\/\/corporativo.eroski.es\/gl\/wp-json\/wp\/v2\/types\/page"}],"author":[{"embeddable":true,"href":"https:\/\/corporativo.eroski.es\/gl\/wp-json\/wp\/v2\/users\/4"}],"replies":[{"embeddable":true,"href":"https:\/\/corporativo.eroski.es\/gl\/wp-json\/wp\/v2\/comments?post=19638"}],"version-history":[{"count":6,"href":"https:\/\/corporativo.eroski.es\/gl\/wp-json\/wp\/v2\/pages\/19638\/revisions"}],"predecessor-version":[{"id":20807,"href":"https:\/\/corporativo.eroski.es\/gl\/wp-json\/wp\/v2\/pages\/19638\/revisions\/20807"}],"up":[{"embeddable":true,"href":"https:\/\/corporativo.eroski.es\/gl\/wp-json\/wp\/v2\/pages\/19592"}],"wp:attachment":[{"href":"https:\/\/corporativo.eroski.es\/gl\/wp-json\/wp\/v2\/media?parent=19638"}],"curies":[{"name":"wp","href":"https:\/\/api.w.org\/{rel}","templated":true}]}}