{"id":19592,"date":"2021-05-18T10:31:45","date_gmt":"2021-05-18T10:31:45","guid":{"rendered":"https:\/\/corporativo.eroski.es\/?page_id=19592"},"modified":"2021-07-23T11:55:32","modified_gmt":"2021-07-23T11:55:32","slug":"memoria-2020","status":"publish","type":"page","link":"https:\/\/corporativo.eroski.es\/gl\/memoria-2020\/","title":{"rendered":"Memoria 2020"},"content":{"rendered":"<div id=\"pl-19592\"  class=\"panel-layout\" ><div id=\"pg-19592-0\"  class=\"panel-grid panel-no-style\" ><div id=\"pgc-19592-0-0\"  class=\"panel-grid-cell\" ><div id=\"panel-19592-0-0-0\" class=\"widget_text so-panel widget widget_custom_html panel-first-child\" data-index=\"0\" ><div class=\"textwidget custom-html-widget\"><style>\n\t.toggle-menu-memoria  {\n\t\t\/*display:none;*\/\n\t    z-index: 99999;\n\t}\n\t.memoria-wrapper {\n\t\tpadding: 0;\n\t}\n\t.top-portada {\n\t\tbackground-size: cover;\n\t    background-repeat: no-repeat;\n\t    height: 500px;\n\t    background-position: center;\n\t    position: relative;\n\t}\n\t.square-1 {\n\t\tposition: absolute;\n\t    left: 50%;\n\t    bottom: 0;\n\t    width: 400px;\n\t    margin-left: -200px;\n\t    background: rgba(222, 23, 25, 0.75);\n\t    padding: 30px;\n\t    color: #fff;\n\t}\n\t.square-1 h4 {\n\t\t   font-weight: 500;\n\t    font-size: 20px;\n\t}\n\t.square-1 h3 {\n\t\t  font-size: 30px;\n\t    margin-bottom: 10px;\n\t}\n\t.square-2 {\nposition: absolute;\n    left: 50%;\n    bottom: 0;\n    width: 280px;\n    background: rgba(255,255,255,0.8);\n    height: 90px;\n    display: flex;\n    align-items: center;\n    justify-content: center;\n    font-size: 16px;\n    margin-left: 60px;\n\t}\n\t\n\t\t.cartas-background {\n\t\tdisplay: flex;\n\t}\n\t.cartas-image {\n\t\tbackground-image: url(https:\/\/corporativo.eroski.es\/wp-content\/uploads\/2019\/05\/compromiso.jpg);\n\t    width: 75%;\n\t    background-size: cover;\n\t    background-position: center;\n\t    height: 450px;\n\t}\n\t.cartas-content {\n\t    background-color: #d72a30;\n\t    width: 25%;\n\t    display: flex;\n\t    flex-direction: column;\n\t    \n\t}\n\t.cartas-persona {\n\t\tpadding: 20px;\n\t\theight: 50%;\n\t\tcolor: #fff;\n\t\tposition: relative;\n\t\tborder-bottom: 1px solid #fff;\n\t}\n\t.cartas-persona a {\n\t\tcolor: #fff;\n\t\tposition: absolute;\n\t\tbottom: 20px;\n\t\tleft: 20px;\n\t}\n\t.cartas-persona h5 {\n\t\tmargin-bottom: 10px;\n\t}\n\t\n\t\n\t.memoria-summary-stats {\n        background-image: none !important;\n    }\n    .memoria-summary-stats-inner {\n        display: block !important;\n    }\n\n    .memoria-summary-stats .memoria-summary-stats-inner header {\n        width: 100%;\n        max-width: 100%;\n        color: #000;\n        margin-bottom: 20px;\n    }\n\n    .stats-list {\n\n    }\n    .stats-list li {\n        background: #00a0e0;\n\t\t\t\tpadding: 70px 20px;\n        max-width: initial !important;\n    }\n\n    .stats-list li:nth-child(1) {\n        background: #de171a;\n    }\n    \n    .stats-list li:nth-child(2) {\n        background: #438b37;\n    }\n\n    .stats-list li:nth-child(3) {\n        background: #d73532\n    }\n    \n    .stats-list li:nth-child(4) {\n        background: #009edf;\n    }\n\n    .memoria-summary-stats .memoria-summary-stats-inner header .link-arrow {\n        margin-top: 0;\n\n    }\n\n    .memoria-summary-stats-inner h2 {\n\n    }\n\n    .memoria-summary-stats .memoria-summary-stats-inner header .link-arrow span {\n        color: #000;\n    }\n\n    .memoria-summary-stats .memoria-summary-stats-inner header .link-arrow svg {\n        fill: #000;\n    }\n\t\n\t.stats-list svg {\n\t\tmargin: auto;\n    height: 80px;\n    margin-bottom: 30px;\n\t}\n\t\n\t@media (max-width: 768px) {\n\t\t.toggle-menu-memoria  {\n\t\t\tz-index: 9;\n\t\t}\n\t\t.cartas-image\t{\n\t\t\twidth: 65%;\n\t\t}\n\t\t.cartas-content {\n\t\t\twidth: 35%;\n\t\t}\n\t\t.square-1 {\n\t\t\twidth: 260px;\n\t\t\tmargin-left: -130px;\n\t\t\tpadding: 20px;\n\t\t}\n\t\t.square-1 h3 {\n\t\t\tfont-size: 30px;\n\t\t}\n\t\t\n\t\t.square-1 h4 {\n\t\t\tfont-size: 16px;\n\t\t}\n\t\t.square-2 {\n\t\t\tfont-size: 15px;\n\t\t\tmargin-left: 40px;\n\t\t\twidth: 180px;\n\t\t}\n\t\t.square-2 .link-arrow svg {\n\t\t\tdisplay: none;\n\t\t}\n\t}\n\t\n\t@media (max-width: 575px) {\n\t\t\n\t\t.cartas-background {\n\t\t\tdisplay: block;\n\t\t}\n\t\t\n\t\t.cartas-image {\n\t\t\twidth: 100%;\n\t\t\theight: 300px;\n\t\t}\n\t\t.cartas-content {\n\t\t\tflex-direction: row;\n    \twidth: 100%;\n\t\t}\n\t\t.cartas-persona {\n\t\t\t   border-right: 1px solid #fff;\n\t\t    width: 50%;\n\t\t\theight: 235px;\n\t\t}\n\t\t\n\t\t.square-2 {\n\t\t\tfont-size: 15px;\n    \tmargin-left: -130px;\n    \twidth: 260px;\n    \theight: 50px;\n\t\t}\n\t\t.square-1 {\n\t\t\t   width: 260px;\n\t    margin-left: -130px;\n  \t  padding: 20px;\n\t\t\tbottom: 50px;\n\t\t}\n\t}\n<\/style><\/div><\/div><div id=\"panel-19592-0-0-1\" class=\"widget_text so-panel widget widget_custom_html\" data-index=\"1\" ><div class=\"textwidget custom-html-widget\"><div class=\"top-portada\" style=\"background-image: url('\/wp-content\/uploads\/2021\/05\/Foto-portada2.jpg')\">\n\n\t<div class=\"square-1\">\n\t\t<h3>Memoria<br>2020<\/h3>\n\t\t<h4 style=\"color:#FFFFFF;\">Estado de<br>informaci\u00f3n non<br>financeira<\/h4>\n\t<\/div>\n\t<div class=\"square-2\">\n\t\t<a target=\"_blank\" href=\"\/wp-content\/uploads\/2021\/07\/Memoria-EROSKI-2020_ga.pdf\">\n\t\t\t<span class=\"link-arrow\">Descargar memoria \n\t\t\t\t<svg xmlns=\"http:\/\/www.w3.org\/2000\/svg\" xmlns:xlink=\"http:\/\/www.w3.org\/1999\/xlink\" viewBox=\"0 0 64 64\">\n\t\t\t\t\t<rect x=\"1.501\" y=\"30.999\" width=\"57.663\" height=\"2\"><\/rect>\n\t\t\t\t\t<polygon points=\"48.977,44.574 46.879,42.322 57.984,32.001 46.879,21.677 48.977,19.426 62.499,32.001\"><\/polygon>\n\t\t\t\t<\/svg>\n\t\t\t<\/span>\n\t\t<\/a>\n\t<\/div>\n<\/div><\/div><\/div><div id=\"panel-19592-0-0-2\" class=\"widget_text so-panel widget widget_custom_html\" data-index=\"2\" ><div class=\"textwidget custom-html-widget\"><div class=\"so-widget-memoria-summary-stats so-widget-memoria-summary-stats-default-d75171398898\"><a href=\"https:\/\/corporativo.eroski.es\/gl\/?page_id=19613&preview=true\">\n    <section class=\"memoria-summary-stats bg-cover\" style=\"background-image:url('\/wp-content\/uploads\/2018\/05\/datos-destacados.jpg')\">\n        <div class=\"container\">\n            <div class=\"memoria-summary-stats-inner\">\n                <header>\n                    <h2>Datos destacados 2020<\/h2>\n                    <span class=\"link-arrow\"><span>Ver todos os datos<\/span><svg xmlns=\"http:\/\/www.w3.org\/2000\/svg\" xmlns:xlink=\"http:\/\/www.w3.org\/1999\/xlink\" viewBox=\"0 0 64 64\">\n\t<rect x=\"1.501\" y=\"30.999\" width=\"57.663\" height=\"2\"><\/rect>\n\t<polygon points=\"48.977,44.574 46.879,42.322 57.984,32.001 46.879,21.677 48.977,19.426 62.499,32.001 \t\t\t\t\"><\/polygon>\n<\/svg>\n<\/span>\n                <\/header>\n                <ul class=\"stats-list\">\n                         <li>\n\t\t\t\t\t\t\t\t\t\t\t\t\t <svg version=\"1.1\" id=\"Capa_1\" xmlns=\"http:\/\/www.w3.org\/2000\/svg\" xmlns:xlink=\"http:\/\/www.w3.org\/1999\/xlink\" x=\"0px\" y=\"0px\" viewBox=\"0 0  44.09 44.09\" enable-background=\"new 0 0  44.09 44.09\" xml:space=\"preserve\">\n<g>\n    <path fill=\"#FFFFFF\" d=\"M35.79,35.79A19.43,19.43,0,1,1,8.31,8.31,19.43,19.43,0,1,1,35.79,35.79M22.05,0a22,22,0,1,0,22,22.05,22.12,22.12,0,0,0-22-22\"\/>\n    <path fill=\"#FFFFFF\" d=\"M24.63,18.17v2.59H17a8.37,8.37,0,0,0,0,2.58h7.65v2.58h-6.9a8.89,8.89,0,0,0,1.11,1.68,5.93,5.93,0,0,0,4.5,2.2,6.22,6.22,0,0,0,5.24-3.26l2.22,1.35a8.76,8.76,0,0,1-7.46,4.49,8.46,8.46,0,0,1-6.46-3.1A9.84,9.84,0,0,1,15,25.92H11.71V23.34h2.66a11.92,11.92,0,0,1,0-2.58H11.71V18.17H15a9.84,9.84,0,0,1,1.91-3.36,8.46,8.46,0,0,1,6.46-3.1,8.75,8.75,0,0,1,7.46,4.5l-2.22,1.34a6.21,6.21,0,0,0-5.24-3.25,5.92,5.92,0,0,0-4.5,2.19,9.22,9.22,0,0,0-1.11,1.68Zm9.33-8A16.85,16.85,0,1,0,10.13,34,16.85,16.85,0,1,0,34,10.13\"\/>\n<\/g>\n<\/svg>\n                            <span class=\"value\">5.377<\/span>\n                            <p class=\"text\">mill\u00f3ns de euros de facturaci\u00f3n<\/p>\n                        <\/li>\n                        <li>\n\t\t\t\t\t\t\t\t\t\t\t\t\t<svg version=\"1.1\" id=\"Capa_1\" xmlns=\"http:\/\/www.w3.org\/2000\/svg\" xmlns:xlink=\"http:\/\/www.w3.org\/1999\/xlink\" x=\"0px\" y=\"0px\" viewBox=\"0 0 39.31 39.31\" enable-background=\"new 0 0 39.31 39.31\" xml:space=\"preserve\">\n<g>\n    <path fill=\"#FFFFFF\" d=\"M19.65,34.73c1-.83,3.44-2.67,3.44-3.94A1.22,1.22,0,0,0,22,29.45c-.6,0-.95.55-1.14,1l-.29.72H18.78l-.3-.7c-.2-.47-.55-1-1.12-1a1.22,1.22,0,0,0-1.14,1.34c0,1.16,1.45,2.24,3.43,3.94\"\/>\n    <path fill=\"#FFFFFF\" d=\"M17.36,27.15a3.22,3.22,0,0,1,2.29,1,3.22,3.22,0,0,1,2.3-1,3.51,3.51,0,0,1,3.44,3.64c0,1.43-.18,2.49-5.74,7.06-5.77-4.91-5.73-5.46-5.73-7.06a3.51,3.51,0,0,1,3.44-3.64M0,25.41H2.86l2,13.9H34.47l2-13.9h2.86v-2.3H0Z\"\/>\n    <path fill=\"#FFFFFF\" d=\"M4.75,20.81h8V11.13a22.47,22.47,0,0,0-1.68-2.49C8.44,5.34,6.49,5.16,5.32,5.59,3.26,6.34,2.65,9.26,3,13l3.48-1.27.79,2.17L3.3,15.29c.14.74.3,1.5.49,2.27L8,16l.79,2.17-4.41,1.6c.1.34.21.69.33,1\"\/>\n    <path fill=\"#FFFFFF\" d=\"M24.26,2.3V0H15.05V2.3h2.3V7.62a4.59,4.59,0,0,0-2.3,4V20.8h9.21V11.59a4.59,4.59,0,0,0-2.3-4V2.3Z\"\/>\n    <path fill=\"#FFFFFF\" d=\"M32.49,9.42A3.46,3.46,0,0,1,35.78,7V4.68a5.76,5.76,0,0,0-5.65,4.69,8,8,0,0,0-3.57,1.38V20.81H38.5a8,8,0,0,0-6-11.39\"\/>\n<\/g>\n<\/svg>\n                           <span class=\"value\">+9<\/span>\n                            <p class=\"text\">mill\u00f3ns de comidas doadas a trav\u00e9s do programa Desperdicio Cero<\/p>\n                        <\/li>\n                        <li>\n                        <svg version=\"1.1\" id=\"Capa_1\" xmlns=\"http:\/\/www.w3.org\/2000\/svg\" xmlns:xlink=\"http:\/\/www.w3.org\/1999\/xlink\" x=\"0px\" y=\"0px\"\n      viewBox=\"0 0 41.95 41.9\" enable-background=\"new 0 0 41.95 41.9\" xml:space=\"preserve\">\n<g>\n    <path fill=\"#FFFFFF\" d=\"M7.59,16.13l.37.2v2.29L6.31,19l3.82,2.23,0,1.33L10,22.8l2.26-.51v-.53a3.61,3.61,0,0,1,1-2.52l-2.48-.62V16.34l.36-.21A3.65,3.65,0,0,0,13,13V11.74A3.74,3.74,0,0,0,9.51,8,3.58,3.58,0,0,0,6.88,9a3.62,3.62,0,0,0-1.09,2.6V13a3.64,3.64,0,0,0,1.8,3.13\"\/>\n    <path fill=\"#FFFFFF\" d=\"M13,8.06a9.4,9.4,0,0,1,16,0L29,7.93a5,5,0,0,1,1.53-1L31.37,5,29.06,2.69,27,4l-.39-.24a11,11,0,0,0-3.13-1.29l-.45-.11L22.56,0H19.39l-.5,2.37-.45.1a11.27,11.27,0,0,0-3.13,1.3L14.92,4l-2-1.32L10.58,5l.81,1.93A5,5,0,0,1,13,8.06\"\/>\n    <polygon fill=\"#FFFFFF\" points=\"0 16.61 0 29.82 3.1 30.85 5.73 20.37 0 16.61\"\/>\n    <path fill=\"#FFFFFF\" d=\"M29.65,17.15A5.09,5.09,0,0,1,27.48,13V11.56A4.94,4.94,0,0,1,28,9.31a8,8,0,0,0-14.12.06,5.25,5.25,0,0,1,.57,2.37V13a5.07,5.07,0,0,1-2.18,4.15v.34l2.9.73,2.89-.73v-.34A5.07,5.07,0,0,1,15.91,13V11.56A5.07,5.07,0,0,1,21.13,6.5,5.19,5.19,0,0,1,26,11.74V13a5.09,5.09,0,0,1-2.17,4.15v.34l2.89.73,2.89-.73Z\"\/>\n    <polygon fill=\"#FFFFFF\" points=\"8.68 22.09 7.03 21.13 4.48 31.31 5.9 31.78 5.96 31.78 8.68 22.29 8.68 22.09\"\/>\n    <path fill=\"#FFFFFF\" d=\"M15.38,19.66a2.16,2.16,0,0,0-1.64,2.1V22l.42-.09a8.88,8.88,0,0,1,4.63.21l3.27,1.05a4.33,4.33,0,0,1,1.08.15l4.44,1.27H28l.18-.09V21.76a2.16,2.16,0,0,0-1.65-2.1l-4.14-1V16.34l.36-.21A3.63,3.63,0,0,0,24.59,13V11.74A3.74,3.74,0,0,0,21.09,8a3.62,3.62,0,0,0-3.73,3.61V13a3.63,3.63,0,0,0,1.81,3.13l.36.21v2.28Z\"\/>\n    <path fill=\"#FFFFFF\" d=\"M15.38,19.66a2.16,2.16,0,0,0-1.64,2.1V22l.42-.09a8.88,8.88,0,0,1,4.63.21l3.27,1.05a4.33,4.33,0,0,1,1.08.15l4.44,1.27H28l.18-.09V21.76a2.16,2.16,0,0,0-1.65-2.1l-4.14-1V16.34l.36-.21A3.63,3.63,0,0,0,24.59,13V11.74A3.74,3.74,0,0,0,21.09,8a3.62,3.62,0,0,0-3.73,3.61V13a3.63,3.63,0,0,0,1.81,3.13l.36.21v2.28Z\"\/>\n    <path fill=\"#FFFFFF\" d=\"M28.93,11.56V13a3.63,3.63,0,0,0,1.81,3.13l.36.21v2.28l-2.48.62a3.61,3.61,0,0,1,1,2.52v1.95l8-4.19L34,18.62V16.34l.36-.21A3.63,3.63,0,0,0,36.16,13V11.74A3.74,3.74,0,0,0,32.66,8a3.62,3.62,0,0,0-3.73,3.61\"\/>\n    <path fill=\"#FFFFFF\" d=\"M22.56,28.55a1.49,1.49,0,0,0-1.73-.17L18.13,30a2.35,2.35,0,0,1-1.24.35,2.42,2.42,0,0,1-2.42-2.42v-.14a2.42,2.42,0,0,1,1.33-2.17l3.62-1.8-1.07-.34a7.52,7.52,0,0,0-3.88-.18L9.59,24.38,7.64,31.19l2.22,1.33.2-.25L11.34,31a2.25,2.25,0,0,1,3.84,1.51,2.26,2.26,0,0,1,2.17,2.17,2.25,2.25,0,0,1,2.17,2.17,2.26,2.26,0,0,1,1.94,1.26l1.62,1.35a1.22,1.22,0,0,0,.76.27.76.76,0,0,0,.75-.75.75.75,0,0,0-.27-.58l-3.81-3.17.93-1.11,3.93,3.27a.74.74,0,0,0,.48.17H26a.75.75,0,0,0,.75-.75.76.76,0,0,0-.27-.58l-3.81-3.17L23.61,32l3.92,3.27a.83.83,0,0,0,.5.18h.12a.78.78,0,0,0,.78-.78.77.77,0,0,0-.26-.58Z\"\/>\n    <path fill=\"#FFFFFF\" d=\"M28.39,26l-1.1,0-4.55-1.3a3.13,3.13,0,0,0-2.25.21l-4,2a1,1,0,0,0-.54.88v.14a1,1,0,0,0,1.48.84l2.69-1.62a2.94,2.94,0,0,1,3.45.33L29.64,33l.12.12L42,27V18.87Z\"\/>\n\t <path fill=\"#FFFFFF\" d=\"M21.49,40a2.19,2.19,0,0,1-.45.67l-.55.54.54.48a.78.78,0,0,0,.5.19h.14a.76.76,0,0,0,.75-.76.78.78,0,0,0-.27-.58Z\"\/>\n    <path fill=\"#FFFFFF\" d=\"M15.91,34.76A.81.81,0,0,0,15.1,34a.82.82,0,0,0-.57.24l-1.27,1.27A.78.78,0,0,0,13,36a.81.81,0,0,0,.81.81.82.82,0,0,0,.57-.24l1.27-1.27a.78.78,0,0,0,.24-.57\"\/>\n    <path fill=\"#FFFFFF\" d=\"M18.08,36.93a.81.81,0,0,0-.81-.81.78.78,0,0,0-.57.24l-1.27,1.27a.78.78,0,0,0-.24.57.81.81,0,0,0,1.38.57l1.27-1.27a.78.78,0,0,0,.24-.57\"\/>\n    <path fill=\"#FFFFFF\" d=\"M13.74,32.59A.81.81,0,0,0,12.36,32l-1.27,1.27a.78.78,0,0,0-.24.57.81.81,0,0,0,1.38.58l1.27-1.27a.78.78,0,0,0,.24-.58\"\/>\n\n<\/g>\n<\/svg>\n                            <span class=\"value\">29.806<\/span>\n                            <p class=\"text\">traballadores e traballadoras no Grupo EROSKI<\/p>\n                        <\/li>\n                <li>\n                    <svg version=\"1.1\" id=\"Capa_1\" xmlns=\"http:\/\/www.w3.org\/2000\/svg\" xmlns:xlink=\"http:\/\/www.w3.org\/1999\/xlink\" x=\"0px\" y=\"0px\"\n     viewBox=\"0 0 34.14 45.7\" enable-background=\"new 0 0 34.14 45.7\" xml:space=\"preserve\">\n<g>\n    <path fill=\"#FFFFFF\" d=\"M0,36a9.37,9.37,0,0,1,3.59-7.28v17H0ZM.9,25a2.21,2.21,0,0,1,2.3-2.09h.39v3.71A12.17,12.17,0,0,0,.9,28.94Zm4.49-2.09H8.08V45.7H5.39ZM8.08,10.69a.85.85,0,0,0-.89.81v5a8.58,8.58,0,0,0,.34,2.36A2.3,2.3,0,0,1,5.39,16.6V10.66A10.66,10.66,0,0,1,12.05,1a12,12,0,0,1,9-.13l.66.26a10.63,10.63,0,0,1,7,9.84V16.6a2.3,2.3,0,0,1-2.15,2.24A8.22,8.22,0,0,0,27,16.48v-5a.85.85,0,0,0-.9-.81c-.91,0-1.92-2-2.3-3.4A.88.88,0,0,0,23,6.67a.93.93,0,0,0-.9.46c-1.53,2.92-10.61,3.56-14,3.56m17.07,5.79c.11,3.91-3.29,7.15-7.6,7.27h-1c-4.31-.12-7.71-3.37-7.6-7.27V12.3c2.75-.06,10.29-.49,13.55-3.11a5.18,5.18,0,0,0,2.62,3Zm-.9,8.13-.82,0a.93.93,0,0,0-.52.15L17.07,28.5l-5.84-3.76a1,1,0,0,0-.52-.15l-.83,0V22.93a.78.78,0,0,0,.22,0,9.61,9.61,0,0,0,6.48,2.48h1A9.62,9.62,0,0,0,24,22.89a.78.78,0,0,0,.21,0Zm0,21.09H9.88V26.26c.18,0,.36,0,.54,0l6.12,3.94a1,1,0,0,0,1.05,0l6.13-3.94c.17,0,.36,0,.53,0Zm1.8-22.77h2.7V45.7h-2.7Zm4.49,5.78A9.4,9.4,0,0,1,34.14,36v9.7h-3.6Zm0-5.78h.4A2.21,2.21,0,0,1,33.24,25v3.92a12.23,12.23,0,0,0-2.7-2.3Z\"\/>\n<\/g>\n<\/svg>\n\n                    <span class=\"value\">126.002<\/span>\n                    <p class=\"text\">escolares formados a trav\u00e9s dos nosos Programas Educativos en Alimentaci\u00f3n e H\u00e1bitos Saudables<\/p>\n                <\/li>\n                                    <\/ul>\n            <\/div>\n        <\/div>\n    <\/section>\n<\/a><\/div><\/div><\/div><div id=\"panel-19592-0-0-3\" class=\"widget_text so-panel widget widget_custom_html\" data-index=\"3\" ><div class=\"textwidget custom-html-widget\"><div class=\"container\">\n\n\t<h2 style=\"color:#000;margin-bottom:20px\">Cartas de presentaci\u00f3n<\/h2>\n\t<div class=\"row\" >\n\t\t<div class=\"col-md-4 pr-md-0\">\n\t\t\t<div style=\"background-image: url(\/wp-content\/uploads\/2021\/05\/Agustin_Web.jpg); background-size: cover; background-position: top; min-height: 450px;\">\t\t\t\n\t\t\t<\/div>\n\t\t<\/div>\n\t\t<div class=\"col-md-4 cartas-content-2 p-md-0\">\n\t\t\t<div style=\"background-color: #d72a30; height: 100%;\">\n\t\t\t\t<div class=\"cartas-persona\" style=\"min-height: 200px;\">\n\t\t\t\t\t<h5>Carta de Agust\u00edn Markaide<\/h5>\n\t\t\t\t\t<b>Presidente<\/b>\n\t\t\t\t\t<a href=\"https:\/\/corporativo.eroski.es\/gl\/?page_id=19638\">Ler carta<\/a>\n\t\t\t\t<\/div>\n\t\t\t\t<div class=\"cartas-persona\" style=\"min-height: 200px; border-bottom: none; text-align: right;\">\n\t\t\t\t\t<h5>Carta de Leire Mugerza<\/h5>\n\t\t\t\t\t<b>Presidenta do Consello Reitor<\/b>\n\t\t\t\t\t<a href=\"https:\/\/corporativo.eroski.es\/gl\/?page_id=19649\/\" style=\"right: 15px;\">Ler carta<\/a>\n\t\t\t\t<\/div>\n\t\t\t<\/div>\n\t\t<\/div>\n\t\t<div class=\"col-md-4 pl-md-0\">\n\t\t\t<div style=\"background-image: url(\/wp-content\/uploads\/2021\/05\/Leire_Web.jpg); background-size: cover; background-position: top; min-height: 450px;\">\n\t\t\t<\/div>\n\t\t<\/div>\n\t<\/div>\n<\/div><\/div><\/div><div id=\"panel-19592-0-0-4\" class=\"so-panel widget widget_separator\" data-index=\"4\" ><div class=\"so-widget-separator so-widget-separator-default-d75171398898\">\n<div class=\"separator vs-medium\"><\/div><\/div><\/div><div id=\"panel-19592-0-0-5\" class=\"widget_text so-panel widget widget_custom_html\" data-index=\"5\" ><div class=\"textwidget custom-html-widget\"><div class=\"container\">\n    <a href=\"https:\/\/corporativo.eroski.es\/gl\/?page_id=19619&preview=true\">\n                                                <section class=\"section-featured-two-cols  type-image_content elev-raised\">\n                            <figure style=\"background-image: url('\/wp-content\/uploads\/2021\/06\/Sin-t\u00edtulo-2_gal-1.jpg')\">\n                    \n                <\/figure>\n                <div class=\"block-title\">\n                    <header>\n                        <h2>10 Compromisos pola Sa\u00fade e a Sustentabilidade<\/h2>\n                    <\/header>\n                    <p><\/p>\n                    <span class=\"link-arrow\"><span>M\u00e1is informaci\u00f3n<\/span><svg xmlns=\"http:\/\/www.w3.org\/2000\/svg\" xmlns:xlink=\"http:\/\/www.w3.org\/1999\/xlink\" viewBox=\"0 0 64 64\">\n\t<rect x=\"1.501\" y=\"30.999\" width=\"57.663\" height=\"2\"><\/rect>\n\t<polygon points=\"48.977,44.574 46.879,42.322 57.984,32.001 46.879,21.677 48.977,19.426 62.499,32.001 \t\t\t\t\"><\/polygon>\n<\/svg>\n<\/span>\n                <\/div>\n            <\/section>\n            <\/a>\n    <\/div><\/div><\/div><div id=\"panel-19592-0-0-6\" class=\"so-panel widget widget_separator panel-last-child\" data-index=\"6\" ><div class=\"so-widget-separator so-widget-separator-default-d75171398898\">\n<div class=\"separator vs-medium\"><\/div><\/div><\/div><\/div><\/div><\/div>","protected":false},"excerpt":{"rendered":"<p>Memoria2020 Estado deinformaci\u00f3n nonfinanceira Descargar memoria Datos destacados 2020 Ver todos os datos 5.377 mill\u00f3ns de euros de facturaci\u00f3n +9 mill\u00f3ns de comidas doadas a trav\u00e9s do programa Desperdicio Cero 29.806 traballadores e traballadoras no Grupo EROSKI 126.002 escolares formados a trav\u00e9s dos nosos Programas Educativos en Alimentaci\u00f3n e H\u00e1bitos Saudables Cartas de presentaci\u00f3n Carta [&hellip;]<\/p>\n","protected":false},"author":4,"featured_media":0,"parent":0,"menu_order":0,"comment_status":"closed","ping_status":"closed","template":"memoria.php","meta":{"_acf_changed":false,"footnotes":""},"class_list":["post-19592","page","type-page","status-publish","hentry"],"acf":[],"yoast_head":"<!-- This site is optimized with the Yoast SEO plugin v24.5 - https:\/\/yoast.com\/wordpress\/plugins\/seo\/ -->\n<title>Memoria 2020 - Eroski Corporativo<\/title>\n<meta name=\"robots\" content=\"index, follow, max-snippet:-1, max-image-preview:large, max-video-preview:-1\" \/>\n<link rel=\"canonical\" href=\"https:\/\/corporativo.eroski.es\/gl\/memoria-2020\/\" \/>\n<meta property=\"og:locale\" content=\"gl_ES\" \/>\n<meta property=\"og:type\" content=\"article\" \/>\n<meta property=\"og:title\" content=\"Memoria 2020 - Eroski Corporativo\" \/>\n<meta property=\"og:description\" content=\"Memoria2020 Estado deinformaci\u00f3n nonfinanceira Descargar memoria Datos destacados 2020 Ver todos os datos 5.377 mill\u00f3ns de euros de facturaci\u00f3n +9 mill\u00f3ns de comidas doadas a trav\u00e9s do programa Desperdicio Cero 29.806 traballadores e traballadoras no Grupo EROSKI 126.002 escolares formados a trav\u00e9s dos nosos Programas Educativos en Alimentaci\u00f3n e H\u00e1bitos Saudables Cartas de presentaci\u00f3n Carta [&hellip;]\" \/>\n<meta property=\"og:url\" content=\"https:\/\/corporativo.eroski.es\/gl\/memoria-2020\/\" \/>\n<meta property=\"og:site_name\" content=\"Eroski Corporativo\" \/>\n<meta property=\"article:modified_time\" content=\"2021-07-23T11:55:32+00:00\" \/>\n<meta name=\"twitter:card\" content=\"summary_large_image\" \/>\n<script type=\"application\/ld+json\" class=\"yoast-schema-graph\">{\"@context\":\"https:\/\/schema.org\",\"@graph\":[{\"@type\":\"WebPage\",\"@id\":\"https:\/\/corporativo.eroski.es\/gl\/memoria-2020\/\",\"url\":\"https:\/\/corporativo.eroski.es\/gl\/memoria-2020\/\",\"name\":\"Memoria 2020 - Eroski Corporativo\",\"isPartOf\":{\"@id\":\"https:\/\/corporativo.eroski.es\/gl\/#website\"},\"datePublished\":\"2021-05-18T10:31:45+00:00\",\"dateModified\":\"2021-07-23T11:55:32+00:00\",\"breadcrumb\":{\"@id\":\"https:\/\/corporativo.eroski.es\/gl\/memoria-2020\/#breadcrumb\"},\"inLanguage\":\"gl-ES\",\"potentialAction\":[{\"@type\":\"ReadAction\",\"target\":[\"https:\/\/corporativo.eroski.es\/gl\/memoria-2020\/\"]}]},{\"@type\":\"BreadcrumbList\",\"@id\":\"https:\/\/corporativo.eroski.es\/gl\/memoria-2020\/#breadcrumb\",\"itemListElement\":[{\"@type\":\"ListItem\",\"position\":1,\"name\":\"Portada\",\"item\":\"https:\/\/corporativo.eroski.es\/gl\/\"},{\"@type\":\"ListItem\",\"position\":2,\"name\":\"Memoria 2020\"}]},{\"@type\":\"WebSite\",\"@id\":\"https:\/\/corporativo.eroski.es\/gl\/#website\",\"url\":\"https:\/\/corporativo.eroski.es\/gl\/\",\"name\":\"Eroski Corporativo\",\"description\":\"\",\"potentialAction\":[{\"@type\":\"SearchAction\",\"target\":{\"@type\":\"EntryPoint\",\"urlTemplate\":\"https:\/\/corporativo.eroski.es\/gl\/?s={search_term_string}\"},\"query-input\":{\"@type\":\"PropertyValueSpecification\",\"valueRequired\":true,\"valueName\":\"search_term_string\"}}],\"inLanguage\":\"gl-ES\"}]}<\/script>\n<!-- \/ Yoast SEO plugin. -->","yoast_head_json":{"title":"Memoria 2020 - Eroski Corporativo","robots":{"index":"index","follow":"follow","max-snippet":"max-snippet:-1","max-image-preview":"max-image-preview:large","max-video-preview":"max-video-preview:-1"},"canonical":"https:\/\/corporativo.eroski.es\/gl\/memoria-2020\/","og_locale":"gl_ES","og_type":"article","og_title":"Memoria 2020 - Eroski Corporativo","og_description":"Memoria2020 Estado deinformaci\u00f3n nonfinanceira Descargar memoria Datos destacados 2020 Ver todos os datos 5.377 mill\u00f3ns de euros de facturaci\u00f3n +9 mill\u00f3ns de comidas doadas a trav\u00e9s do programa Desperdicio Cero 29.806 traballadores e traballadoras no Grupo EROSKI 126.002 escolares formados a trav\u00e9s dos nosos Programas Educativos en Alimentaci\u00f3n e H\u00e1bitos Saudables Cartas de presentaci\u00f3n Carta [&hellip;]","og_url":"https:\/\/corporativo.eroski.es\/gl\/memoria-2020\/","og_site_name":"Eroski Corporativo","article_modified_time":"2021-07-23T11:55:32+00:00","twitter_card":"summary_large_image","schema":{"@context":"https:\/\/schema.org","@graph":[{"@type":"WebPage","@id":"https:\/\/corporativo.eroski.es\/gl\/memoria-2020\/","url":"https:\/\/corporativo.eroski.es\/gl\/memoria-2020\/","name":"Memoria 2020 - Eroski Corporativo","isPartOf":{"@id":"https:\/\/corporativo.eroski.es\/gl\/#website"},"datePublished":"2021-05-18T10:31:45+00:00","dateModified":"2021-07-23T11:55:32+00:00","breadcrumb":{"@id":"https:\/\/corporativo.eroski.es\/gl\/memoria-2020\/#breadcrumb"},"inLanguage":"gl-ES","potentialAction":[{"@type":"ReadAction","target":["https:\/\/corporativo.eroski.es\/gl\/memoria-2020\/"]}]},{"@type":"BreadcrumbList","@id":"https:\/\/corporativo.eroski.es\/gl\/memoria-2020\/#breadcrumb","itemListElement":[{"@type":"ListItem","position":1,"name":"Portada","item":"https:\/\/corporativo.eroski.es\/gl\/"},{"@type":"ListItem","position":2,"name":"Memoria 2020"}]},{"@type":"WebSite","@id":"https:\/\/corporativo.eroski.es\/gl\/#website","url":"https:\/\/corporativo.eroski.es\/gl\/","name":"Eroski Corporativo","description":"","potentialAction":[{"@type":"SearchAction","target":{"@type":"EntryPoint","urlTemplate":"https:\/\/corporativo.eroski.es\/gl\/?s={search_term_string}"},"query-input":{"@type":"PropertyValueSpecification","valueRequired":true,"valueName":"search_term_string"}}],"inLanguage":"gl-ES"}]}},"_links":{"self":[{"href":"https:\/\/corporativo.eroski.es\/gl\/wp-json\/wp\/v2\/pages\/19592","targetHints":{"allow":["GET"]}}],"collection":[{"href":"https:\/\/corporativo.eroski.es\/gl\/wp-json\/wp\/v2\/pages"}],"about":[{"href":"https:\/\/corporativo.eroski.es\/gl\/wp-json\/wp\/v2\/types\/page"}],"author":[{"embeddable":true,"href":"https:\/\/corporativo.eroski.es\/gl\/wp-json\/wp\/v2\/users\/4"}],"replies":[{"embeddable":true,"href":"https:\/\/corporativo.eroski.es\/gl\/wp-json\/wp\/v2\/comments?post=19592"}],"version-history":[{"count":40,"href":"https:\/\/corporativo.eroski.es\/gl\/wp-json\/wp\/v2\/pages\/19592\/revisions"}],"predecessor-version":[{"id":21137,"href":"https:\/\/corporativo.eroski.es\/gl\/wp-json\/wp\/v2\/pages\/19592\/revisions\/21137"}],"wp:attachment":[{"href":"https:\/\/corporativo.eroski.es\/gl\/wp-json\/wp\/v2\/media?parent=19592"}],"curies":[{"name":"wp","href":"https:\/\/api.w.org\/{rel}","templated":true}]}}