{"id":16430,"date":"2020-06-25T10:23:24","date_gmt":"2020-06-25T10:23:24","guid":{"rendered":"https:\/\/corporativo.eroski.es\/memoria-2019\/carta-del-consejo-rector-de-eroski\/"},"modified":"2021-06-29T11:34:19","modified_gmt":"2021-06-29T11:34:19","slug":"carta-do-consello-reitor-de-eroski","status":"publish","type":"page","link":"https:\/\/corporativo.eroski.es\/gl\/memoria-2019\/carta-do-consello-reitor-de-eroski\/","title":{"rendered":"Carta do Consello Reitor de EROSKI"},"content":{"rendered":"\n<h2 class=\"wp-block-heading\">Carta do Consello Reitor de EROSKI<\/h2>\n\n\n\n<p style=\"text-align:justify\">Fago esta reflexi\u00f3n sobre o que supuxo o exercicio de 2019 para o noso proxecto cooperativo nun momento excepcional, como \u00e9 a crise sanitaria da COVID-19, que condicionar\u00e1, como m\u00ednimo, o futuro inmediato da nosa sociedade e, polo tanto, a de EROSKI. Esta situaci\u00f3n evidenciou a necesidade de algo que nos caracteriza como organizaci\u00f3n, e que en 2019 reco\u00f1ecemos no 50 aniversario da nosa creaci\u00f3n: situar \u00e1s persoas no centro do noso traballo, orientar o esforzo de cada persoa en beneficio da colectividade e alimentar a solidariedade coa sociedade e en especial cos m\u00e1is desfavorecidos.<\/p>\n\n\n\n<p style=\"text-align:justify\">Ap\u00f3s 50 anos de traballo cooperativo, en 2019 constatamos importantes avances na adaptaci\u00f3n da nosa organizaci\u00f3n \u00e1s necesidades dos socios consumidores, con apostas claras en aspectos chave como son a sa\u00fade e a sustentabilidade. Neste sentido, o noso modelo de goberno, no que a capacidade de decisi\u00f3n dos socios traballadores e dos socios consumidores marca as directrices do noso proxecto, est\u00e1 a demostrar a s\u00faa eficacia para facer realidade o noso compromiso coa contorna social.<\/p>\n\n\n\n<p style=\"text-align:justify\">Nestas cinco d\u00e9cadas foron moitas as persoas que desde dentro da nosa organizaci\u00f3n e desde a colaboraci\u00f3n, a dedicaci\u00f3n, a profesionalidade e a sensibilidade social contribu\u00edron de forma determinante a que EROSKI sexa hoxe un referente no sector e que a nosa identidade estea amplamente reco\u00f1ecida, como organizaci\u00f3n solidaria e comprometida coa sa\u00fade e o benestar social. A todas elas quero amosar o noso m\u00e1is sincero agradecemento.  <\/p>\n\n\n\n<p style=\"text-align:justify\">A nosa evoluci\u00f3n como empresa foi da man das transformaci\u00f3ns producidas na sociedade. E as nosas singularidades como organizaci\u00f3n permit\u00edronnos facelo con certa anticipaci\u00f3n. Desde as nosas orixes constru\u00edmos o noso proxecto base\u00e1ndonos na proximidade cos consumidores e consumidoras, que foron o catalizador do noso traballo e das nosas actuaci\u00f3ns, para poder adaptalas \u00e1s s\u00faas necesidades e h\u00e1bitos de consumo.  <\/p>\n\n\n\n<p style=\"text-align:justify\">O presente est\u00e1 cheo de novos desaf\u00edos e estamos preparados para afrontalos coas nosas fortalezas. Co compromiso dos socios traballadores e coa implicaci\u00f3n dos nosos socios clientes, cuxa participaci\u00f3n foi decisiva en iniciativas comprometidas coa sa\u00fade e a sustentabilidade, dous elementos que son a punta de lanza da nosa oferta ao consumidor. Un claro expo\u00f1ente deste compromiso \u00e9 a consecuci\u00f3n en 2019 do Premio NAOS, que concede a Axencia Espa\u00f1ola de Seguridade Alimentaria e Nutrici\u00f3n, e que reco\u00f1ece a nosa contribuci\u00f3n \u00e1 adopci\u00f3n de h\u00e1bitos alimentarios saudables entre a poboaci\u00f3n.<\/p>\n\n\n\n<p style=\"text-align:justify\">2019 foi tam\u00e9n un ano con importantes decisi\u00f3ns no eido societario. Alcanzamos un acordo s\u00f3lido para a reestruturaci\u00f3n financeira e a nova Lei de Cooperativas representa un fortalecemento do noso proxecto. Ambos os casos constit\u00faen un bo respaldo para afrontar o futuro con optimismo e con ilusi\u00f3n renovada na tarefa que temos por diante, para continuar proporcionando maiores cotas de benestar \u00e1 sociedade no noso \u00e1mbito de actuaci\u00f3n.  <\/p>\n\n\n\n<p style=\"text-align:justify\">Os logros conseguidos baixo a f\u00f3rmula da cooperaci\u00f3n e a atenci\u00f3n posta nos consumidores e consumidoras foron moi importantes nestes 50 anos. A nosa contribuci\u00f3n ao benestar da sociedade demostra que a f\u00f3rmula funciona. Debemos perseverar nesta direcci\u00f3n, mantendo sempre claro quen son os propietarios e protagonistas do noso proxecto, os socios traballadores e os socios clientes, e para eles \u00e9 todo o que EROSKI xera, para a sociedade na que opera, impulsando iniciativas solidarias e de responsabilidade social, e tendo sempre presente que no centro do noso traballo estar\u00e1 sempre mellorar a calidade de vida das persoas, que \u00e9 para o que se creou hai 50 anos como cooperativa de consumo, e debemos ter presente sempre.  <\/p>\n\n\n\n<p>Leire Mugerza<br>Presidenta do Consello Reitor de EROSKI<\/p>\n","protected":false},"excerpt":{"rendered":"<p>Carta do Consello Reitor de EROSKI Fago esta reflexi\u00f3n sobre o que supuxo o exercicio de 2019 para o noso proxecto cooperativo nun momento excepcional, como \u00e9 a crise sanitaria da COVID-19, que condicionar\u00e1, como m\u00ednimo, o futuro inmediato da nosa sociedade e, polo tanto, a de EROSKI. Esta situaci\u00f3n evidenciou a necesidade de algo [&hellip;]<\/p>\n","protected":false},"author":4,"featured_media":0,"parent":14222,"menu_order":0,"comment_status":"closed","ping_status":"closed","template":"","meta":{"_acf_changed":false,"footnotes":""},"class_list":["post-16430","page","type-page","status-publish","hentry"],"acf":[],"yoast_head":"<!-- This site is optimized with the Yoast SEO plugin v24.5 - https:\/\/yoast.com\/wordpress\/plugins\/seo\/ -->\n<title>Carta do Consello Reitor de EROSKI - Eroski Corporativo<\/title>\n<meta name=\"robots\" content=\"index, follow, max-snippet:-1, max-image-preview:large, max-video-preview:-1\" \/>\n<link rel=\"canonical\" href=\"https:\/\/corporativo.eroski.es\/gl\/memoria-2019\/carta-do-consello-reitor-de-eroski\/\" \/>\n<meta property=\"og:locale\" content=\"gl_ES\" \/>\n<meta property=\"og:type\" content=\"article\" \/>\n<meta property=\"og:title\" content=\"Carta do Consello Reitor de EROSKI - Eroski Corporativo\" \/>\n<meta property=\"og:description\" content=\"Carta do Consello Reitor de EROSKI Fago esta reflexi\u00f3n sobre o que supuxo o exercicio de 2019 para o noso proxecto cooperativo nun momento excepcional, como \u00e9 a crise sanitaria da COVID-19, que condicionar\u00e1, como m\u00ednimo, o futuro inmediato da nosa sociedade e, polo tanto, a de EROSKI. Esta situaci\u00f3n evidenciou a necesidade de algo [&hellip;]\" \/>\n<meta property=\"og:url\" content=\"https:\/\/corporativo.eroski.es\/gl\/memoria-2019\/carta-do-consello-reitor-de-eroski\/\" \/>\n<meta property=\"og:site_name\" content=\"Eroski Corporativo\" \/>\n<meta property=\"article:modified_time\" content=\"2021-06-29T11:34:19+00:00\" \/>\n<meta name=\"twitter:card\" content=\"summary_large_image\" \/>\n<meta name=\"twitter:label1\" content=\"Est. reading time\" \/>\n\t<meta name=\"twitter:data1\" content=\"3 minutos\" \/>\n<script type=\"application\/ld+json\" class=\"yoast-schema-graph\">{\"@context\":\"https:\/\/schema.org\",\"@graph\":[{\"@type\":\"WebPage\",\"@id\":\"https:\/\/corporativo.eroski.es\/gl\/memoria-2019\/carta-do-consello-reitor-de-eroski\/\",\"url\":\"https:\/\/corporativo.eroski.es\/gl\/memoria-2019\/carta-do-consello-reitor-de-eroski\/\",\"name\":\"Carta do Consello Reitor de EROSKI - Eroski Corporativo\",\"isPartOf\":{\"@id\":\"https:\/\/corporativo.eroski.es\/gl\/#website\"},\"datePublished\":\"2020-06-25T10:23:24+00:00\",\"dateModified\":\"2021-06-29T11:34:19+00:00\",\"breadcrumb\":{\"@id\":\"https:\/\/corporativo.eroski.es\/gl\/memoria-2019\/carta-do-consello-reitor-de-eroski\/#breadcrumb\"},\"inLanguage\":\"gl-ES\",\"potentialAction\":[{\"@type\":\"ReadAction\",\"target\":[\"https:\/\/corporativo.eroski.es\/gl\/memoria-2019\/carta-do-consello-reitor-de-eroski\/\"]}]},{\"@type\":\"BreadcrumbList\",\"@id\":\"https:\/\/corporativo.eroski.es\/gl\/memoria-2019\/carta-do-consello-reitor-de-eroski\/#breadcrumb\",\"itemListElement\":[{\"@type\":\"ListItem\",\"position\":1,\"name\":\"Portada\",\"item\":\"https:\/\/corporativo.eroski.es\/gl\/\"},{\"@type\":\"ListItem\",\"position\":2,\"name\":\"Memoria 2019\",\"item\":\"https:\/\/corporativo.eroski.es\/gl\/memoria-2019\/\"},{\"@type\":\"ListItem\",\"position\":3,\"name\":\"Carta do Consello Reitor de EROSKI\"}]},{\"@type\":\"WebSite\",\"@id\":\"https:\/\/corporativo.eroski.es\/gl\/#website\",\"url\":\"https:\/\/corporativo.eroski.es\/gl\/\",\"name\":\"Eroski Corporativo\",\"description\":\"\",\"potentialAction\":[{\"@type\":\"SearchAction\",\"target\":{\"@type\":\"EntryPoint\",\"urlTemplate\":\"https:\/\/corporativo.eroski.es\/gl\/?s={search_term_string}\"},\"query-input\":{\"@type\":\"PropertyValueSpecification\",\"valueRequired\":true,\"valueName\":\"search_term_string\"}}],\"inLanguage\":\"gl-ES\"}]}<\/script>\n<!-- \/ Yoast SEO plugin. -->","yoast_head_json":{"title":"Carta do Consello Reitor de EROSKI - Eroski Corporativo","robots":{"index":"index","follow":"follow","max-snippet":"max-snippet:-1","max-image-preview":"max-image-preview:large","max-video-preview":"max-video-preview:-1"},"canonical":"https:\/\/corporativo.eroski.es\/gl\/memoria-2019\/carta-do-consello-reitor-de-eroski\/","og_locale":"gl_ES","og_type":"article","og_title":"Carta do Consello Reitor de EROSKI - Eroski Corporativo","og_description":"Carta do Consello Reitor de EROSKI Fago esta reflexi\u00f3n sobre o que supuxo o exercicio de 2019 para o noso proxecto cooperativo nun momento excepcional, como \u00e9 a crise sanitaria da COVID-19, que condicionar\u00e1, como m\u00ednimo, o futuro inmediato da nosa sociedade e, polo tanto, a de EROSKI. Esta situaci\u00f3n evidenciou a necesidade de algo [&hellip;]","og_url":"https:\/\/corporativo.eroski.es\/gl\/memoria-2019\/carta-do-consello-reitor-de-eroski\/","og_site_name":"Eroski Corporativo","article_modified_time":"2021-06-29T11:34:19+00:00","twitter_card":"summary_large_image","twitter_misc":{"Est. reading time":"3 minutos"},"schema":{"@context":"https:\/\/schema.org","@graph":[{"@type":"WebPage","@id":"https:\/\/corporativo.eroski.es\/gl\/memoria-2019\/carta-do-consello-reitor-de-eroski\/","url":"https:\/\/corporativo.eroski.es\/gl\/memoria-2019\/carta-do-consello-reitor-de-eroski\/","name":"Carta do Consello Reitor de EROSKI - Eroski Corporativo","isPartOf":{"@id":"https:\/\/corporativo.eroski.es\/gl\/#website"},"datePublished":"2020-06-25T10:23:24+00:00","dateModified":"2021-06-29T11:34:19+00:00","breadcrumb":{"@id":"https:\/\/corporativo.eroski.es\/gl\/memoria-2019\/carta-do-consello-reitor-de-eroski\/#breadcrumb"},"inLanguage":"gl-ES","potentialAction":[{"@type":"ReadAction","target":["https:\/\/corporativo.eroski.es\/gl\/memoria-2019\/carta-do-consello-reitor-de-eroski\/"]}]},{"@type":"BreadcrumbList","@id":"https:\/\/corporativo.eroski.es\/gl\/memoria-2019\/carta-do-consello-reitor-de-eroski\/#breadcrumb","itemListElement":[{"@type":"ListItem","position":1,"name":"Portada","item":"https:\/\/corporativo.eroski.es\/gl\/"},{"@type":"ListItem","position":2,"name":"Memoria 2019","item":"https:\/\/corporativo.eroski.es\/gl\/memoria-2019\/"},{"@type":"ListItem","position":3,"name":"Carta do Consello Reitor de EROSKI"}]},{"@type":"WebSite","@id":"https:\/\/corporativo.eroski.es\/gl\/#website","url":"https:\/\/corporativo.eroski.es\/gl\/","name":"Eroski Corporativo","description":"","potentialAction":[{"@type":"SearchAction","target":{"@type":"EntryPoint","urlTemplate":"https:\/\/corporativo.eroski.es\/gl\/?s={search_term_string}"},"query-input":{"@type":"PropertyValueSpecification","valueRequired":true,"valueName":"search_term_string"}}],"inLanguage":"gl-ES"}]}},"_links":{"self":[{"href":"https:\/\/corporativo.eroski.es\/gl\/wp-json\/wp\/v2\/pages\/16430","targetHints":{"allow":["GET"]}}],"collection":[{"href":"https:\/\/corporativo.eroski.es\/gl\/wp-json\/wp\/v2\/pages"}],"about":[{"href":"https:\/\/corporativo.eroski.es\/gl\/wp-json\/wp\/v2\/types\/page"}],"author":[{"embeddable":true,"href":"https:\/\/corporativo.eroski.es\/gl\/wp-json\/wp\/v2\/users\/4"}],"replies":[{"embeddable":true,"href":"https:\/\/corporativo.eroski.es\/gl\/wp-json\/wp\/v2\/comments?post=16430"}],"version-history":[{"count":4,"href":"https:\/\/corporativo.eroski.es\/gl\/wp-json\/wp\/v2\/pages\/16430\/revisions"}],"predecessor-version":[{"id":20805,"href":"https:\/\/corporativo.eroski.es\/gl\/wp-json\/wp\/v2\/pages\/16430\/revisions\/20805"}],"up":[{"embeddable":true,"href":"https:\/\/corporativo.eroski.es\/gl\/wp-json\/wp\/v2\/pages\/14222"}],"wp:attachment":[{"href":"https:\/\/corporativo.eroski.es\/gl\/wp-json\/wp\/v2\/media?parent=16430"}],"curies":[{"name":"wp","href":"https:\/\/api.w.org\/{rel}","templated":true}]}}