{"id":15951,"date":"2020-06-16T15:30:03","date_gmt":"2020-06-16T15:30:03","guid":{"rendered":"https:\/\/corporativo.eroski.es\/memoria-2019\/eroski\/"},"modified":"2020-07-28T12:16:56","modified_gmt":"2020-07-28T12:16:56","slug":"eroski","status":"publish","type":"page","link":"https:\/\/corporativo.eroski.es\/gl\/memoria-2019\/eroski\/","title":{"rendered":"EROSKI"},"content":{"rendered":"<div id=\"pl-15951\"  class=\"panel-layout\" ><div id=\"pg-15951-0\"  class=\"panel-grid panel-no-style\" ><div id=\"pgc-15951-0-0\"  class=\"panel-grid-cell\" ><div id=\"panel-15951-0-0-0\" class=\"widget_text so-panel widget widget_custom_html panel-first-child\" data-index=\"0\" ><div class=\"textwidget custom-html-widget\"><style>\n\t.toggle-menu-memoria {\n\t\t\tz-index: 9999;\n\t}\n\th3.title2 {\n\t\tfont-size: 26px;\n\t}\n\th4.title3 {\n    font-size: 1.5em;\n    font-weight: bold;\n    \/* color: #3b3b3b; *\/\n    border-bottom: 1px solid #3b3b3b;\n    padding-bottom: 20px;\n    margin-bottom: 30px;\n\t}\n\thr {\n    color: #f2f2f2;\n    margin-top: 2rem;\n    margin-bottom: 2rem;\n\t}\n\t.memoria-section-collapsible .container>header {\n\t\tcolor: #c80b0e !important;\n\t}\n\t.memoria-section-collapsible .container>header .icon-collapse svg {\n\t\tfill: #c80b0e !important;\n\t}\n\t.so-widget-memoria-section-collapsible-default-d75171398898 .col-md-7.col-lg-6 {\n\t\t\t-webkit-box-flex: 0;\n\t\t\t-ms-flex: 0 0 100%;\n\t\t\tflex: 0 0 100%;\n\t\t\tmax-width: 100%;\n\t}\n\t\/*\n\t.stats-list {\n\t\tdisplay: flex;\n    margin: 0;\n    padding: 0;\n    padding-left: 0px !important;\n\t\tmargin-top: 40px;\n\t}\n  .stats-list li {\n   \tborder: 1px solid #d72a30;\n\t\tpadding: 0px;\n\t\tmin-height: 175px;\n    max-width: initial !important;\n\t\tjustify-content: center;\n    align-items: center;\n    display: flex;\n\t\tmargin-left: 5px;\n    margin-right: 5px;\n  }\n\t.stats-list>li>a {\n    display: block;\n    text-align: center;\n    overflow: hidden;\n    height: 100%;\n    justify-content: center;\n    align-items: center;\n    display: flex;\n}\n\t\n\t*\/\n\t.stats-list {\t\t\n    margin: 0;\n    padding: 0;\n    padding-left: 0px !important;\t\t\n\t\tmargin-bottom: 5rem;\n\t}\n\t\n\th2.title {\n\t\tfont-size: 2.8rem;\n    line-height: 45px;\n    color: #c80b0e;\n    margin-bottom: 30px;\t\n\t}\n\tp.destacat {\n\t\t\tfont-size: 22px;\n\t\t\tline-height: 32px;\n\t\t\tmargin-top: 5rem;\n\t\t\tmargin-bottom: 5rem;\n\t}\n\t.toggle-menu-memoria  {\n\t\tdisplay: block;\n\t}\n\t.memoria-wrapper {\n\t\tpadding: 0;\n\t}\n\t.top-portada {\n\t\tbackground-size: cover;\n\t    background-repeat: no-repeat;\n\t    height: 500px;\n\t    background-position: top center;\n\t    position: relative;\n\t}\n\t.square-1 {\n\t\tposition: absolute;\n\t    left: 0;\n\t    bottom: 0;\n\t    width: 100%;\n\t    margin-left: 0px;\n\t    background: rgba(200, 11, 14, 0.75);\n\t    padding: 30px;\n\t    color: #fff;\n\t}\n\t.square-1 h4 {\n\t\t   font-weight: 500;\n\t    font-size: 20px;\n\t}\n\t.square-1 h3 {\n\t\t  font-size: 30px;\n\t    margin-bottom: 10px;\n\t}\n\t.square-2 {\nposition: absolute;\n    left: 50%;\n    bottom: 0;\n    width: 280px;\n    background: rgba(255,255,255,0.8);\n    height: 90px;\n    display: flex;\n    align-items: center;\n    justify-content: center;\n    font-size: 16px;\n    margin-left: 60px;\n\t}\n\t\n\t\t.cartas-background {\n\t\tdisplay: flex;\n\t}\n\t.cartas-image {\n\t\tbackground-image: url(https:\/\/corporativo.eroski.es\/wp-content\/uploads\/2019\/05\/compromiso.jpg);\n\t    width: 75%;\n\t    background-size: cover;\n\t    background-position: center;\n\t    height: 450px;\n\t}\n\t.cartas-content {\n\t    background-color: #c80b0e;\n\t    width: 25%;\n\t    display: flex;\n\t    flex-direction: column;\n\t    \n\t}\n\t.cartas-persona {\n\t\tpadding: 20px;\n\t\theight: 50%;\n\t\tcolor: #fff;\n\t\tposition: relative;\n\t\tborder-bottom: 1px solid #fff;\n\t}\n\t.cartas-persona a {\n\t\tcolor: #fff;\n\t\tposition: absolute;\n\t\tbottom: 20px;\n\t\tleft: 20px;\n\t}\n\t.cartas-persona h5 {\n\t\tmargin-bottom: 10px;\n\t}\n\t\n\t\n\t.memoria-summary-stats {\n        background-image: none !important;\n    }\n    .memoria-summary-stats-inner {\n        display: block !important;\n    }\n\n    .memoria-summary-stats .memoria-summary-stats-inner header {\n        width: 100%;\n        max-width: 100%;\n        color: #000;\n        margin-bottom: 20px;\n    }\n\n    .stats-list li a {\n\t\t\tcolor: #FFF;\n    }\n    .stats-list li {\n        background: #e64636;\n\t\t\t\tpadding: 70px 20px;\n        max-width: initial !important;\n    }\n\n    .stats-list li:nth-child(1) {\n        background: #e64636;\n    }\n    \n    .stats-list li:nth-child(2) {\n        background: #e21924;\n    }\n\n    .stats-list li:nth-child(3) {\n        background: #c8191e\n    }\n    \n    .stats-list li:nth-child(4) {\n        background: #e64636;\n    }\n\n    .memoria-summary-stats .memoria-summary-stats-inner header .link-arrow {\n        margin-top: 0;\n\n    }\n\n    .memoria-summary-stats-inner h2 {\n\n    }\n\n    .memoria-summary-stats .memoria-summary-stats-inner header .link-arrow span {\n        color: #000;\n    }\n\n    .memoria-summary-stats .memoria-summary-stats-inner header .link-arrow svg {\n        fill: #000;\n    }\n\t\n\t.stats-list svg {\n    margin: auto;\n    height: auto;\n    margin-bottom: 0px;\n    fill: #FFF;\n    margin-top: 10px;  \n\t}\n\t\n\t@media (max-width: 768px) {\n\t\t\n\t\t.page-template-memoria .square-1 {\n\t\t\t\twidth: 100% !important;\n\t\t\t\tmargin-left: 0px!important;\n\t\t\t\tpadding: 20px !important;\n\t\t\t\tbottom: 0px !important;\n\t\t\t\tleft: 0;\n\t\t}\n\t\t\n\t\t.cartas-image\t{\n\t\t\twidth: 65%;\n\t\t}\n\t\t.cartas-content {\n\t\t\twidth: 35%;\n\t\t}\n\t\t.square-1 {\n\t\t\twidth: 260px;\n\t\t\tmargin-left: -130px;\n\t\t\tpadding: 20px;\n\t\t}\n\t\t.square-1 h3 {\n\t\t\tfont-size: 30px;\n\t\t}\n\t\t\n\t\t.square-1 h4 {\n\t\t\tfont-size: 16px;\n\t\t}\n\t\t.square-2 {\n\t\t\tfont-size: 15px;\n\t\t\tmargin-left: 40px;\n\t\t\twidth: 180px;\n\t\t}\n\t\t.square-2 .link-arrow svg {\n\t\t\tdisplay: none;\n\t\t}\n\t}\n\t\n\t@media (max-width: 575px) {\n\t\t\n\t\t.cartas-background {\n\t\t\tdisplay: block;\n\t\t}\n\t\t\n\t\t.cartas-image {\n\t\t\twidth: 100%;\n\t\t\theight: 300px;\n\t\t}\n\t\t.cartas-content {\n\t\t\tflex-direction: row;\n    \twidth: 100%;\n\t\t}\n\t\t.cartas-persona {\n\t\t\t   border-right: 1px solid #fff;\n\t\t    width: 50%;\n\t\t\theight: 235px;\n\t\t}\n\t\t\n\t\t.square-2 {\n\t\t\tfont-size: 15px;\n    \tmargin-left: -130px;\n    \twidth: 260px;\n    \theight: 50px;\n\t\t}\n\t\t.square-1 {\n\t\t\t   width: 260px;\n\t    margin-left: -130px;\n  \t  padding: 20px;\n\t\t\tbottom: 50px;\n\t\t}\n\t\t.page-template-memoria .square-1 {\n\t\t\twidth: 100% !important;\n\t\t\tmargin-left: 0px!important;\n\t\t\tpadding: 20px !important;\n\t\t\tbottom: 0px !important;\n\t\t\tleft: 0;\n\t}\n\t}\t\n\t\n<\/style><\/div><\/div><div id=\"panel-15951-0-0-1\" class=\"widget_text so-panel widget widget_custom_html\" data-index=\"1\" ><div class=\"textwidget custom-html-widget\"><div class=\"top-portada\" style=\"background-image: url('\/wp-content\/uploads\/2020\/06\/Eroski.jpg')\">\n\t<div class=\"container\" style=\"position:relative; height: 100%; width: 100%;\">\t\t\n\t\t<div class=\"square-1\">\n\t\t\t<h3>EROSKI<\/h3>\n\t\t\t<h4>Modelo de empresa singular<\/h4>\n\t\t<\/div>\t\t\t\n\t<\/div>\n<\/div><\/div><\/div><div id=\"panel-15951-0-0-2\" class=\"widget_text so-panel widget widget_custom_html\" data-index=\"2\" ><div class=\"textwidget custom-html-widget\"><div class=\"container\">\n\t<div class=\"ods-images\">\n\t\t<img decoding=\"async\" src=\"https:\/\/corporativo.eroski.es\/wp-content\/uploads\/2020\/07\/3.jpg\">\n\t\t<img decoding=\"async\" src=\"https:\/\/corporativo.eroski.es\/wp-content\/uploads\/2020\/07\/4.jpg\">\n\t\t<img decoding=\"async\" src=\"https:\/\/corporativo.eroski.es\/wp-content\/uploads\/2020\/07\/8.jpg\">\n\t\t<img decoding=\"async\" src=\"https:\/\/corporativo.eroski.es\/wp-content\/uploads\/2020\/07\/10.jpg\">\n\t\t<img decoding=\"async\" src=\"https:\/\/corporativo.eroski.es\/wp-content\/uploads\/2020\/07\/11.jpg\">\n\t\t<img decoding=\"async\" src=\"https:\/\/corporativo.eroski.es\/wp-content\/uploads\/2020\/07\/16.jpg\">\n\t\t<img decoding=\"async\" src=\"https:\/\/corporativo.eroski.es\/wp-content\/uploads\/2020\/07\/17.jpg\">\n\t<\/div>\n<\/div><\/div><\/div><div id=\"panel-15951-0-0-3\" class=\"widget_text so-panel widget widget_custom_html\" data-index=\"3\" ><div class=\"textwidget custom-html-widget\"><div class=\"container\">\n\t<p class=\"destacat\">\n\tEROSKI \u00e9 o primeiro grupo de distribuci\u00f3n retallista de bens e servizos de gran consumo de car\u00e1cter cooperativo de Espa\u00f1a e \u00e9 un operador de referencia nas rexi\u00f3ns de Galicia, Pa\u00eds Vasco, Navarra, Catalu\u00f1a e Baleares. A sociedade matriz do grupo \u00e9 a cooperativa de consumo EROSKI S. Coop., a cal re\u00fane unha tripla condici\u00f3n: \u00e9 unha empresa de distribuci\u00f3n, unha organizaci\u00f3n de consumidores e un proxecto cooperativo no que as persoas consumidoras e traballadoras comparten protagonismo e soberan\u00eda.\n\t<\/p>\n<\/div>\n<\/div><\/div><div id=\"panel-15951-0-0-4\" class=\"widget_text so-panel widget widget_custom_html\" data-index=\"4\" ><div class=\"textwidget custom-html-widget\"><div class=\"container\">\n\t\n\t<ul class=\"stats-list\">\n  \t<li>\n\t\t\t<a href=\"\/wp-content\/uploads\/2020\/07\/modelo_empresa_gl.pdf\" target=\"_blank\"><p class=\"text\">Modelo de empresa singular<\/p><span class=\"link-arrow\"><svg xmlns=\"http:\/\/www.w3.org\/2000\/svg\" xmlns:xlink=\"http:\/\/www.w3.org\/1999\/xlink\" viewBox=\"0 0 64 64\"><rect x=\"1.501\" y=\"30.999\" width=\"57.663\" height=\"2\"><\/rect><polygon points=\"48.977,44.574 46.879,42.322 57.984,32.001 46.879,21.677 48.977,19.426 62.499,32.001\"><\/polygon><\/svg><\/span>\n\t\t\t<\/a>\n    <\/li>\n\t\t<li>\n\t\t\t<a href=\"\/wp-content\/uploads\/2020\/07\/mision_vision_valores_gl.pdf\" target=\"_blank\"><p class=\"text\">Misi\u00f3n, visi\u00f3n e valores<\/p><span class=\"link-arrow\"><svg xmlns=\"http:\/\/www.w3.org\/2000\/svg\" xmlns:xlink=\"http:\/\/www.w3.org\/1999\/xlink\" viewBox=\"0 0 64 64\"><rect x=\"1.501\" y=\"30.999\" width=\"57.663\" height=\"2\"><\/rect><polygon points=\"48.977,44.574 46.879,42.322 57.984,32.001 46.879,21.677 48.977,19.426 62.499,32.001\"><\/polygon><\/svg><\/span><\/a>\n    <\/li>\n\t\t<li>\n\t\t\t<a href=\"\/wp-content\/uploads\/2020\/07\/governanza_gl.pdf\" target=\"_blank\"><p class=\"text\">Gobernanza<\/p><span class=\"link-arrow\"><svg xmlns=\"http:\/\/www.w3.org\/2000\/svg\" xmlns:xlink=\"http:\/\/www.w3.org\/1999\/xlink\" viewBox=\"0 0 64 64\"><rect x=\"1.501\" y=\"30.999\" width=\"57.663\" height=\"2\"><\/rect><polygon points=\"48.977,44.574 46.879,42.322 57.984,32.001 46.879,21.677 48.977,19.426 62.499,32.001\"><\/polygon><\/svg><\/span><\/a>\n    <\/li>\t\t\n  <\/ul>\n\t\t\n<\/div><\/div><\/div><div id=\"panel-15951-0-0-5\" class=\"widget_text so-panel widget widget_custom_html\" data-index=\"5\" ><div class=\"textwidget custom-html-widget\"><section class=\"intro-content\">\n<div class=\"container\">\n\t\n\t<h2 class=\"title\">Compromiso coa sa\u00fade e a sustentabilidade<\/h2>\n\n\t<div class=\"row\">\n\t\t\n\t<div class=\"col-md-10\">\n\t\t<p>\n\t\t\tEn EROSKI, desde o noso nacemento, hai cincuenta anos, mantivemos o noso compromiso cunha alimentaci\u00f3n de calidade, aumentando constantemente as nosas esixencias para ofrecer un produto m\u00e1is sostible e capaz de satisfacer as necesidades dos nosos consumidores. Nun contexto no que os impactos da nosa actividade alcanzan unha dimensi\u00f3n non s\u00f3 local sen\u00f3n tam\u00e9n global, cremos importante ali\u00f1ar os nosos compromisos como compa\u00f1\u00eda cos 17 Obxectivos de Desenvolvemento Sustentable (ODS), aprobados en 2015 polas Naci\u00f3ns Unidas, e traballar xunto co resto dos axentes econ\u00f3micos, sociais e ambientais.<br><br>\n\t\t\t\n\t\t\t<a href=\"\/wp-content\/uploads\/2020\/07\/compromiso_salud_y_sostenibilidad_gl.pdf\" target=\"_blank\"><span class=\"link-arrow\"><span>M\u00e1is informaci\u00f3n<\/span><svg xmlns=\"http:\/\/www.w3.org\/2000\/svg\" xmlns:xlink=\"http:\/\/www.w3.org\/1999\/xlink\" viewBox=\"0 0 64 64\"><rect x=\"1.501\" y=\"30.999\" width=\"57.663\" height=\"2\"><\/rect><polygon points=\"48.977,44.574 46.879,42.322 57.984,32.001 46.879,21.677 48.977,19.426 62.499,32.001\"><\/polygon><\/svg><\/span><\/a>\n\t\t<\/p>\n\t<\/div>\n\t\n\t<div class=\"col-md-2\">\n\t\t\t<img decoding=\"async\" src=\"\/wp-content\/uploads\/2019\/06\/logo-compromisos-1.jpg\">\n\t<\/div>\n\t\n\t<\/div>\n\t\n\t\t<!-- <h3 class=\"title2\">\n\t\tEROSKI con los Objetivos de Desarrollo Sostenible\n\t<\/h3>\n\t<p>En un contexto en el que los impactos de nuestra actividad alcanzan una dimensio\u0301n no solo local sino tambie\u0301n global, creemos importante alinear nuestros compromisos con los 17 Objetivos de Desarrollo Sostenible (ODS) aprobados en 2015 por Naciones Unidas.<\/p>\t\n-->\n\t<br><br>\n<\/div>\n\n<\/section><\/div><\/div><div id=\"panel-15951-0-0-6\" class=\"widget_text so-panel widget widget_custom_html\" data-index=\"6\" ><div class=\"textwidget custom-html-widget\"><div class=\"container\">\n\t\n\t<h4 class=\"title3\">Avances destacados nos nosos 10 Compromisos pola Sa\u00fade e a Sustentabilidade<\/h4>\t\t\n\t<img decoding=\"async\" src=\"https:\/\/corporativo.eroski.es\/wp-content\/uploads\/2020\/07\/imatge_3_CAP1_gl.jpg\">\n<\/div><\/div><\/div><div id=\"panel-15951-0-0-7\" class=\"widget_text so-panel widget widget_custom_html\" data-index=\"7\" ><div class=\"textwidget custom-html-widget\"><section class=\"intro-content\">\n<div class=\"container\">\n\t\n\t<h2 class=\"title\">Xeramos riqueza na nosa contorna<\/h2>\n\n\t<p>En EROSKI non s\u00f3 distribu\u00edmos os beneficios xerados mediante a nosa actividade empresarial entre as socias e socios traballadores da cooperativa e co resto das sociedades do grupo, sen\u00f3n que, ademais, xeramos riqueza directamente nos distintos actores da nosa cadea de valor.<\/p>\t\n\t<img decoding=\"async\" src=\"https:\/\/corporativo.eroski.es\/wp-content\/uploads\/2020\/07\/imatge_1_CAP1_gl.jpg\">\t\n<\/div>\n\t\n\t<br><br>\n\n<\/section><\/div><\/div><div id=\"panel-15951-0-0-8\" class=\"so-panel widget widget_memoria-section-collapsible\" data-index=\"8\" ><div class=\"so-widget-memoria-section-collapsible so-widget-memoria-section-collapsible-default-d75171398898\">\n\n\t<section class=\"memoria-section-collapsible collapsible\">\n\t<div class=\"container\">\n\t\t<header class=\"collapsible-handler\">\n\t\t\t<h3>Desempe\u00f1o econ\u00f3mico<\/h3>\n\t\t\t<a class=\"icon-collapse\"><svg xmlns=\"http:\/\/www.w3.org\/2000\/svg\" width=\"24\" height=\"24\" viewBox=\"0 0 24 24\">\n    <path d=\"M16.59 8.59L12 13.17 7.41 8.59 6 10l6 6 6-6z\"\/>\n    <path d=\"M0 0h24v24H0z\" fill=\"none\"\/>\n<\/svg>\n<\/a>\n\t\t<\/header>\n\t\t<div class=\"collapsible-content\">\n\t\t\t<div class=\"row\">\n\t\t\t\t<div class=\"col-md-7 col-lg-6\">\n\t\t\t\t\t<img decoding=\"async\" style=\"max-width:100%; height: auto;\" src=\"https:\/\/corporativo.eroski.es\/wp-content\/uploads\/2020\/07\/imatge_2_CAP1_gl.jpg\"  \/>\t\t\t\t\t\t\t\t\t<\/div>\n\t\t\t\t<div class=\"col-md-5\">\n\t\t\t\t\t\t\t\t\t<\/div>\n\t\t\t<\/div>\n\t\t\t\t\t\t\t\t<\/div>\n\t\t\n\t<\/div>\t\n<\/section>\n<\/div><\/div><div id=\"panel-15951-0-0-9\" class=\"widget_text so-panel widget widget_custom_html\" data-index=\"9\" ><div class=\"textwidget custom-html-widget\"><div class=\"container\">\n  <div class=\"download-section\">\n\t\t<a target=\"_blank\" href=\"\/wp-content\/uploads\/2020\/07\/cap_1_eroski_gl.pdf\" class=\"link-archive\"><span>Descargar o cap\u00edtulo 1. EROSKI<\/span><svg xmlns=\"http:\/\/www.w3.org\/2000\/svg\" xmlns:xlink=\"http:\/\/www.w3.org\/1999\/xlink\" viewBox=\"0 0 64 64\">\n\t\t<g class=\"arrow\">\n\t\t\t<rect x=\"30.775\" y=\"3.222\" fill=\"#1E1E1C\" width=\"2.451\" height=\"45.957\"><\/rect>\n\t\t\t<polygon fill=\"#1E1E1C\" points=\"21.979,41.058 23.773,39.387 31.999,48.238 40.227,39.387 42.021,41.058 31.999,51.836\"><\/polygon>\t\t\t\n\t\t<\/g>\n\t\t<rect x=\"5.154\" y=\"58.328\" fill=\"#1E1E1C\" width=\"53.691\" height=\"2.45\"><\/rect>\n\t<\/svg>\n\t<\/a>\n<\/div>\n<\/div><\/div><\/div><div id=\"panel-15951-0-0-10\" class=\"so-panel widget widget_separator panel-last-child\" data-index=\"10\" ><div class=\"so-widget-separator so-widget-separator-default-d75171398898\">\n<div class=\"separator vs-small\"><\/div><\/div><\/div><\/div><\/div><\/div>","protected":false},"excerpt":{"rendered":"<p>EROSKI Modelo de empresa singular EROSKI \u00e9 o primeiro grupo de distribuci\u00f3n retallista de bens e servizos de gran consumo de car\u00e1cter cooperativo de Espa\u00f1a e \u00e9 un operador de referencia nas rexi\u00f3ns de Galicia, Pa\u00eds Vasco, Navarra, Catalu\u00f1a e Baleares. A sociedade matriz do grupo \u00e9 a cooperativa de consumo EROSKI S. Coop., a [&hellip;]<\/p>\n","protected":false},"author":4,"featured_media":0,"parent":14222,"menu_order":0,"comment_status":"closed","ping_status":"closed","template":"memoria.php","meta":{"_acf_changed":false,"footnotes":""},"class_list":["post-15951","page","type-page","status-publish","hentry"],"acf":[],"yoast_head":"<!-- This site is optimized with the Yoast SEO plugin v24.5 - https:\/\/yoast.com\/wordpress\/plugins\/seo\/ -->\n<title>EROSKI - Eroski Corporativo<\/title>\n<meta name=\"robots\" content=\"index, follow, max-snippet:-1, max-image-preview:large, max-video-preview:-1\" \/>\n<link rel=\"canonical\" href=\"https:\/\/corporativo.eroski.es\/gl\/memoria-2019\/eroski\/\" \/>\n<meta property=\"og:locale\" content=\"gl_ES\" \/>\n<meta property=\"og:type\" content=\"article\" \/>\n<meta property=\"og:title\" content=\"EROSKI - Eroski Corporativo\" \/>\n<meta property=\"og:description\" content=\"EROSKI Modelo de empresa singular EROSKI \u00e9 o primeiro grupo de distribuci\u00f3n retallista de bens e servizos de gran consumo de car\u00e1cter cooperativo de Espa\u00f1a e \u00e9 un operador de referencia nas rexi\u00f3ns de Galicia, Pa\u00eds Vasco, Navarra, Catalu\u00f1a e Baleares. A sociedade matriz do grupo \u00e9 a cooperativa de consumo EROSKI S. Coop., a [&hellip;]\" \/>\n<meta property=\"og:url\" content=\"https:\/\/corporativo.eroski.es\/gl\/memoria-2019\/eroski\/\" \/>\n<meta property=\"og:site_name\" content=\"Eroski Corporativo\" \/>\n<meta property=\"article:modified_time\" content=\"2020-07-28T12:16:56+00:00\" \/>\n<meta name=\"twitter:card\" content=\"summary_large_image\" \/>\n<script type=\"application\/ld+json\" class=\"yoast-schema-graph\">{\"@context\":\"https:\/\/schema.org\",\"@graph\":[{\"@type\":\"WebPage\",\"@id\":\"https:\/\/corporativo.eroski.es\/gl\/memoria-2019\/eroski\/\",\"url\":\"https:\/\/corporativo.eroski.es\/gl\/memoria-2019\/eroski\/\",\"name\":\"EROSKI - Eroski Corporativo\",\"isPartOf\":{\"@id\":\"https:\/\/corporativo.eroski.es\/gl\/#website\"},\"datePublished\":\"2020-06-16T15:30:03+00:00\",\"dateModified\":\"2020-07-28T12:16:56+00:00\",\"breadcrumb\":{\"@id\":\"https:\/\/corporativo.eroski.es\/gl\/memoria-2019\/eroski\/#breadcrumb\"},\"inLanguage\":\"gl-ES\",\"potentialAction\":[{\"@type\":\"ReadAction\",\"target\":[\"https:\/\/corporativo.eroski.es\/gl\/memoria-2019\/eroski\/\"]}]},{\"@type\":\"BreadcrumbList\",\"@id\":\"https:\/\/corporativo.eroski.es\/gl\/memoria-2019\/eroski\/#breadcrumb\",\"itemListElement\":[{\"@type\":\"ListItem\",\"position\":1,\"name\":\"Portada\",\"item\":\"https:\/\/corporativo.eroski.es\/gl\/\"},{\"@type\":\"ListItem\",\"position\":2,\"name\":\"Memoria 2019\",\"item\":\"https:\/\/corporativo.eroski.es\/gl\/memoria-2019\/\"},{\"@type\":\"ListItem\",\"position\":3,\"name\":\"EROSKI\"}]},{\"@type\":\"WebSite\",\"@id\":\"https:\/\/corporativo.eroski.es\/gl\/#website\",\"url\":\"https:\/\/corporativo.eroski.es\/gl\/\",\"name\":\"Eroski Corporativo\",\"description\":\"\",\"potentialAction\":[{\"@type\":\"SearchAction\",\"target\":{\"@type\":\"EntryPoint\",\"urlTemplate\":\"https:\/\/corporativo.eroski.es\/gl\/?s={search_term_string}\"},\"query-input\":{\"@type\":\"PropertyValueSpecification\",\"valueRequired\":true,\"valueName\":\"search_term_string\"}}],\"inLanguage\":\"gl-ES\"}]}<\/script>\n<!-- \/ Yoast SEO plugin. -->","yoast_head_json":{"title":"EROSKI - Eroski Corporativo","robots":{"index":"index","follow":"follow","max-snippet":"max-snippet:-1","max-image-preview":"max-image-preview:large","max-video-preview":"max-video-preview:-1"},"canonical":"https:\/\/corporativo.eroski.es\/gl\/memoria-2019\/eroski\/","og_locale":"gl_ES","og_type":"article","og_title":"EROSKI - Eroski Corporativo","og_description":"EROSKI Modelo de empresa singular EROSKI \u00e9 o primeiro grupo de distribuci\u00f3n retallista de bens e servizos de gran consumo de car\u00e1cter cooperativo de Espa\u00f1a e \u00e9 un operador de referencia nas rexi\u00f3ns de Galicia, Pa\u00eds Vasco, Navarra, Catalu\u00f1a e Baleares. A sociedade matriz do grupo \u00e9 a cooperativa de consumo EROSKI S. Coop., a [&hellip;]","og_url":"https:\/\/corporativo.eroski.es\/gl\/memoria-2019\/eroski\/","og_site_name":"Eroski Corporativo","article_modified_time":"2020-07-28T12:16:56+00:00","twitter_card":"summary_large_image","schema":{"@context":"https:\/\/schema.org","@graph":[{"@type":"WebPage","@id":"https:\/\/corporativo.eroski.es\/gl\/memoria-2019\/eroski\/","url":"https:\/\/corporativo.eroski.es\/gl\/memoria-2019\/eroski\/","name":"EROSKI - Eroski Corporativo","isPartOf":{"@id":"https:\/\/corporativo.eroski.es\/gl\/#website"},"datePublished":"2020-06-16T15:30:03+00:00","dateModified":"2020-07-28T12:16:56+00:00","breadcrumb":{"@id":"https:\/\/corporativo.eroski.es\/gl\/memoria-2019\/eroski\/#breadcrumb"},"inLanguage":"gl-ES","potentialAction":[{"@type":"ReadAction","target":["https:\/\/corporativo.eroski.es\/gl\/memoria-2019\/eroski\/"]}]},{"@type":"BreadcrumbList","@id":"https:\/\/corporativo.eroski.es\/gl\/memoria-2019\/eroski\/#breadcrumb","itemListElement":[{"@type":"ListItem","position":1,"name":"Portada","item":"https:\/\/corporativo.eroski.es\/gl\/"},{"@type":"ListItem","position":2,"name":"Memoria 2019","item":"https:\/\/corporativo.eroski.es\/gl\/memoria-2019\/"},{"@type":"ListItem","position":3,"name":"EROSKI"}]},{"@type":"WebSite","@id":"https:\/\/corporativo.eroski.es\/gl\/#website","url":"https:\/\/corporativo.eroski.es\/gl\/","name":"Eroski Corporativo","description":"","potentialAction":[{"@type":"SearchAction","target":{"@type":"EntryPoint","urlTemplate":"https:\/\/corporativo.eroski.es\/gl\/?s={search_term_string}"},"query-input":{"@type":"PropertyValueSpecification","valueRequired":true,"valueName":"search_term_string"}}],"inLanguage":"gl-ES"}]}},"_links":{"self":[{"href":"https:\/\/corporativo.eroski.es\/gl\/wp-json\/wp\/v2\/pages\/15951","targetHints":{"allow":["GET"]}}],"collection":[{"href":"https:\/\/corporativo.eroski.es\/gl\/wp-json\/wp\/v2\/pages"}],"about":[{"href":"https:\/\/corporativo.eroski.es\/gl\/wp-json\/wp\/v2\/types\/page"}],"author":[{"embeddable":true,"href":"https:\/\/corporativo.eroski.es\/gl\/wp-json\/wp\/v2\/users\/4"}],"replies":[{"embeddable":true,"href":"https:\/\/corporativo.eroski.es\/gl\/wp-json\/wp\/v2\/comments?post=15951"}],"version-history":[{"count":11,"href":"https:\/\/corporativo.eroski.es\/gl\/wp-json\/wp\/v2\/pages\/15951\/revisions"}],"predecessor-version":[{"id":17136,"href":"https:\/\/corporativo.eroski.es\/gl\/wp-json\/wp\/v2\/pages\/15951\/revisions\/17136"}],"up":[{"embeddable":true,"href":"https:\/\/corporativo.eroski.es\/gl\/wp-json\/wp\/v2\/pages\/14222"}],"wp:attachment":[{"href":"https:\/\/corporativo.eroski.es\/gl\/wp-json\/wp\/v2\/media?parent=15951"}],"curies":[{"name":"wp","href":"https:\/\/api.w.org\/{rel}","templated":true}]}}