{"id":10473,"date":"2019-05-31T07:13:45","date_gmt":"2019-05-31T07:13:45","guid":{"rendered":"https:\/\/corporativo.eroski.es\/memoria-2018\/carta-consejo-rector\/"},"modified":"2019-07-17T06:16:33","modified_gmt":"2019-07-17T06:16:33","slug":"carta-consejo-rector","status":"publish","type":"page","link":"https:\/\/corporativo.eroski.es\/gl\/memoria-2018\/carta-consejo-rector\/","title":{"rendered":"CARTA DE LEIRE MUGERZA"},"content":{"rendered":"<h1 class=\"p1\" style=\"margin-bottom: 10px;\"><span class=\"s1\"><b>CARTA DE LEIRE MUGERZA<\/b><\/span><\/h1>\n<h2 class=\"p2\" style=\"margin-top: 0;\">Presidenta do Consello Reitor<\/h2>\n<p class=\"p1\">As bases asentadas en EROSKI durante os \u00faltimos exercicios son s\u00f3lidas para afrontar novos retos e seguir aportando valor ao consumidor e \u00e1 sociedade. A trav\u00e9s do noso xeito diferente de facer empresa, traballamos para contribu\u00edr a unha sociedade m\u00e1is xusta, cohesionada e sostible, con maiores cotas de sa\u00fade e benestar. Soubemos dotarnos dunha configuraci\u00f3n societaria orixinal coa que edificamos un modelo de gobernanza diferente no que os socios traballadores e os socios consumidores constit\u00faen as d\u00faas grandes comunidades que configuran a organizaci\u00f3n e contan con poder de decisi\u00f3n nas iniciativas que desenvolvemos, o que se plasma en realidades concretas no noso quefacer diario. Porque en EROSKI cremos nas persoas e a s\u00faa importancia vital no proxecto. A nosa aspiraci\u00f3n \u00e9 a de integrar nas pol\u00edticas de empresa os valores que sit\u00faan as persoas en cooperaci\u00f3n no centro da mesma e asegurar que a estratexia e a organizaci\u00f3n combinan axeitadamente eses valores coa necesaria eficiencia e rendibilidade.<br \/>\nBoa mostra diso \u00e9 a actualizaci\u00f3n dos nosos compromisos en sa\u00fade e sostibilidade, que se adaptan \u00e1s diferentes novas prioridades e necesidades que existen hoxe en d\u00eda no campo da alimentaci\u00f3n e o consumo. A definici\u00f3n destes compromisos, que fixemos p\u00fablica a principios de 2018 e que nos marca o cami\u00f1o a seguir nos pr\u00f3ximos anos, foi posible tras un proceso de participaci\u00f3n e escoita de m\u00e1is de 7.500 persoas entre socios traballadores, socios cliente e grupos de interese que tomaron parte na s\u00faa construci\u00f3n.<\/p>\n<p>Apostamos pola innovaci\u00f3n para avanzar en nova soluci\u00f3ns que melloren a calidade de vida, a sa\u00fade e o benestar dos consumidores nas mellores condici\u00f3ns de calidade, informaci\u00f3n e prezo, co compromiso de fomentar a pr\u00e1ctica dun consumo sostible. Por iso puxemos en marcha m\u00e1is de vinte medidas para facelo realidade. Un compromiso coa sa\u00fade e a sostibilidade presente na nosa marca propia, na nosa especializaci\u00f3n en alimentos frescos, na nosa aposta pola produci\u00f3n local e na amplitude de gama para unha alimentaci\u00f3n m\u00e1is variada. Igualmente presente na decisi\u00f3n de introducir o etiquetado nutricional avanzado Nutri-Score nos nosos produtos de marca propia de xeito pioneiro en Espa\u00f1a, tam\u00e9n a trav\u00e9s dun proceso participativo con miles dos nosos socios cliente que avalaron a decisi\u00f3n.<\/p>\n<p>As\u00ed mesmo, seguimos avanzando na promoci\u00f3n dun consumo responsable, solidario e respectuoso co ambiente. Iso faise visible a trav\u00e9s da nosa colaboraci\u00f3n co Banco de Alimentos e as organizaci\u00f3ns sociais do noso contorno a quen, en 2018, doamos m\u00e1is de 6.500 toneladas de alimentos para axudar aos colectivos m\u00e1is desfavorecidos. O noso compromiso no campo da lox\u00edstica sostible para reducir as emisi\u00f3ns de CO2 polo menos nun 20 % nos pr\u00f3ximos 5 anos, foi certificado pola plataforma europea Lean &amp; Green. Neste \u00e1mbito ambiental, no noso compromiso por facilitar que o consumidor poida adoptar patr\u00f3ns de consumo m\u00e1is sostibles, incorporamos unha nova bolsa de papel como alternativa \u00e1s de pl\u00e1stico. Somos un proxecto afanado no consumidor e a sociedade, cuxos valores e competitividade est\u00e1n dirixidos a un desenvolvemento inclusivo e sostible.<\/p>\n<p>Por iso estamos en continua adaptaci\u00f3n, para facer fronte aos retos presentes e futuros, pois seguimos considerando vixente a nosa misi\u00f3n de orixe como empresa: humanizar as relaci\u00f3ns laborais, defender ao consumidor, comprometernos co contorno, colaborar na transformaci\u00f3n social&#8230; Esta \u00e9 a contribuci\u00f3n diferencial que estamos chamados a facer na nosa comunidade e na que traballan intensamente moitas persoas de EROSKI para que se faga realidade, achegando \u00e1 sociedade un xeito diferente de facer empresa.<\/p>\n<p>Leire Mugerza, Presidenta do Consello Reitor<\/p>\n","protected":false},"excerpt":{"rendered":"<p>CARTA DE LEIRE MUGERZA Presidenta do Consello Reitor As bases asentadas en EROSKI durante os \u00faltimos exercicios son s\u00f3lidas para afrontar novos retos e seguir aportando valor ao consumidor e \u00e1 sociedade. A trav\u00e9s do noso xeito diferente de facer empresa, traballamos para contribu\u00edr a unha sociedade m\u00e1is xusta, cohesionada e sostible, con maiores cotas [&hellip;]<\/p>\n","protected":false},"author":4,"featured_media":0,"parent":10466,"menu_order":0,"comment_status":"closed","ping_status":"closed","template":"","meta":{"_acf_changed":false,"footnotes":""},"class_list":["post-10473","page","type-page","status-publish","hentry"],"acf":[],"yoast_head":"<!-- This site is optimized with the Yoast SEO plugin v24.5 - https:\/\/yoast.com\/wordpress\/plugins\/seo\/ -->\n<title>CARTA DE LEIRE MUGERZA - Eroski Corporativo<\/title>\n<meta name=\"robots\" content=\"index, follow, max-snippet:-1, max-image-preview:large, max-video-preview:-1\" \/>\n<link rel=\"canonical\" href=\"https:\/\/corporativo.eroski.es\/gl\/memoria-2018\/carta-consejo-rector\/\" \/>\n<meta property=\"og:locale\" content=\"gl_ES\" \/>\n<meta property=\"og:type\" content=\"article\" \/>\n<meta property=\"og:title\" content=\"CARTA DE LEIRE MUGERZA - Eroski Corporativo\" \/>\n<meta property=\"og:description\" content=\"CARTA DE LEIRE MUGERZA Presidenta do Consello Reitor As bases asentadas en EROSKI durante os \u00faltimos exercicios son s\u00f3lidas para afrontar novos retos e seguir aportando valor ao consumidor e \u00e1 sociedade. A trav\u00e9s do noso xeito diferente de facer empresa, traballamos para contribu\u00edr a unha sociedade m\u00e1is xusta, cohesionada e sostible, con maiores cotas [&hellip;]\" \/>\n<meta property=\"og:url\" content=\"https:\/\/corporativo.eroski.es\/gl\/memoria-2018\/carta-consejo-rector\/\" \/>\n<meta property=\"og:site_name\" content=\"Eroski Corporativo\" \/>\n<meta property=\"article:modified_time\" content=\"2019-07-17T06:16:33+00:00\" \/>\n<meta name=\"twitter:card\" content=\"summary_large_image\" \/>\n<meta name=\"twitter:label1\" content=\"Est. reading time\" \/>\n\t<meta name=\"twitter:data1\" content=\"3 minutos\" \/>\n<script type=\"application\/ld+json\" class=\"yoast-schema-graph\">{\"@context\":\"https:\/\/schema.org\",\"@graph\":[{\"@type\":\"WebPage\",\"@id\":\"https:\/\/corporativo.eroski.es\/gl\/memoria-2018\/carta-consejo-rector\/\",\"url\":\"https:\/\/corporativo.eroski.es\/gl\/memoria-2018\/carta-consejo-rector\/\",\"name\":\"CARTA DE LEIRE MUGERZA - Eroski Corporativo\",\"isPartOf\":{\"@id\":\"https:\/\/corporativo.eroski.es\/gl\/#website\"},\"datePublished\":\"2019-05-31T07:13:45+00:00\",\"dateModified\":\"2019-07-17T06:16:33+00:00\",\"breadcrumb\":{\"@id\":\"https:\/\/corporativo.eroski.es\/gl\/memoria-2018\/carta-consejo-rector\/#breadcrumb\"},\"inLanguage\":\"gl-ES\",\"potentialAction\":[{\"@type\":\"ReadAction\",\"target\":[\"https:\/\/corporativo.eroski.es\/gl\/memoria-2018\/carta-consejo-rector\/\"]}]},{\"@type\":\"BreadcrumbList\",\"@id\":\"https:\/\/corporativo.eroski.es\/gl\/memoria-2018\/carta-consejo-rector\/#breadcrumb\",\"itemListElement\":[{\"@type\":\"ListItem\",\"position\":1,\"name\":\"Portada\",\"item\":\"https:\/\/corporativo.eroski.es\/gl\/\"},{\"@type\":\"ListItem\",\"position\":2,\"name\":\"Memoria 2018\",\"item\":\"https:\/\/corporativo.eroski.es\/gl\/memoria-2018\/\"},{\"@type\":\"ListItem\",\"position\":3,\"name\":\"CARTA DE LEIRE MUGERZA\"}]},{\"@type\":\"WebSite\",\"@id\":\"https:\/\/corporativo.eroski.es\/gl\/#website\",\"url\":\"https:\/\/corporativo.eroski.es\/gl\/\",\"name\":\"Eroski Corporativo\",\"description\":\"\",\"potentialAction\":[{\"@type\":\"SearchAction\",\"target\":{\"@type\":\"EntryPoint\",\"urlTemplate\":\"https:\/\/corporativo.eroski.es\/gl\/?s={search_term_string}\"},\"query-input\":{\"@type\":\"PropertyValueSpecification\",\"valueRequired\":true,\"valueName\":\"search_term_string\"}}],\"inLanguage\":\"gl-ES\"}]}<\/script>\n<!-- \/ Yoast SEO plugin. -->","yoast_head_json":{"title":"CARTA DE LEIRE MUGERZA - Eroski Corporativo","robots":{"index":"index","follow":"follow","max-snippet":"max-snippet:-1","max-image-preview":"max-image-preview:large","max-video-preview":"max-video-preview:-1"},"canonical":"https:\/\/corporativo.eroski.es\/gl\/memoria-2018\/carta-consejo-rector\/","og_locale":"gl_ES","og_type":"article","og_title":"CARTA DE LEIRE MUGERZA - Eroski Corporativo","og_description":"CARTA DE LEIRE MUGERZA Presidenta do Consello Reitor As bases asentadas en EROSKI durante os \u00faltimos exercicios son s\u00f3lidas para afrontar novos retos e seguir aportando valor ao consumidor e \u00e1 sociedade. A trav\u00e9s do noso xeito diferente de facer empresa, traballamos para contribu\u00edr a unha sociedade m\u00e1is xusta, cohesionada e sostible, con maiores cotas [&hellip;]","og_url":"https:\/\/corporativo.eroski.es\/gl\/memoria-2018\/carta-consejo-rector\/","og_site_name":"Eroski Corporativo","article_modified_time":"2019-07-17T06:16:33+00:00","twitter_card":"summary_large_image","twitter_misc":{"Est. reading time":"3 minutos"},"schema":{"@context":"https:\/\/schema.org","@graph":[{"@type":"WebPage","@id":"https:\/\/corporativo.eroski.es\/gl\/memoria-2018\/carta-consejo-rector\/","url":"https:\/\/corporativo.eroski.es\/gl\/memoria-2018\/carta-consejo-rector\/","name":"CARTA DE LEIRE MUGERZA - Eroski Corporativo","isPartOf":{"@id":"https:\/\/corporativo.eroski.es\/gl\/#website"},"datePublished":"2019-05-31T07:13:45+00:00","dateModified":"2019-07-17T06:16:33+00:00","breadcrumb":{"@id":"https:\/\/corporativo.eroski.es\/gl\/memoria-2018\/carta-consejo-rector\/#breadcrumb"},"inLanguage":"gl-ES","potentialAction":[{"@type":"ReadAction","target":["https:\/\/corporativo.eroski.es\/gl\/memoria-2018\/carta-consejo-rector\/"]}]},{"@type":"BreadcrumbList","@id":"https:\/\/corporativo.eroski.es\/gl\/memoria-2018\/carta-consejo-rector\/#breadcrumb","itemListElement":[{"@type":"ListItem","position":1,"name":"Portada","item":"https:\/\/corporativo.eroski.es\/gl\/"},{"@type":"ListItem","position":2,"name":"Memoria 2018","item":"https:\/\/corporativo.eroski.es\/gl\/memoria-2018\/"},{"@type":"ListItem","position":3,"name":"CARTA DE LEIRE MUGERZA"}]},{"@type":"WebSite","@id":"https:\/\/corporativo.eroski.es\/gl\/#website","url":"https:\/\/corporativo.eroski.es\/gl\/","name":"Eroski Corporativo","description":"","potentialAction":[{"@type":"SearchAction","target":{"@type":"EntryPoint","urlTemplate":"https:\/\/corporativo.eroski.es\/gl\/?s={search_term_string}"},"query-input":{"@type":"PropertyValueSpecification","valueRequired":true,"valueName":"search_term_string"}}],"inLanguage":"gl-ES"}]}},"_links":{"self":[{"href":"https:\/\/corporativo.eroski.es\/gl\/wp-json\/wp\/v2\/pages\/10473","targetHints":{"allow":["GET"]}}],"collection":[{"href":"https:\/\/corporativo.eroski.es\/gl\/wp-json\/wp\/v2\/pages"}],"about":[{"href":"https:\/\/corporativo.eroski.es\/gl\/wp-json\/wp\/v2\/types\/page"}],"author":[{"embeddable":true,"href":"https:\/\/corporativo.eroski.es\/gl\/wp-json\/wp\/v2\/users\/4"}],"replies":[{"embeddable":true,"href":"https:\/\/corporativo.eroski.es\/gl\/wp-json\/wp\/v2\/comments?post=10473"}],"version-history":[{"count":2,"href":"https:\/\/corporativo.eroski.es\/gl\/wp-json\/wp\/v2\/pages\/10473\/revisions"}],"predecessor-version":[{"id":11094,"href":"https:\/\/corporativo.eroski.es\/gl\/wp-json\/wp\/v2\/pages\/10473\/revisions\/11094"}],"up":[{"embeddable":true,"href":"https:\/\/corporativo.eroski.es\/gl\/wp-json\/wp\/v2\/pages\/10466"}],"wp:attachment":[{"href":"https:\/\/corporativo.eroski.es\/gl\/wp-json\/wp\/v2\/media?parent=10473"}],"curies":[{"name":"wp","href":"https:\/\/api.w.org\/{rel}","templated":true}]}}