{"id":43596,"date":"2019-03-12T14:47:24","date_gmt":"2019-03-12T13:47:24","guid":{"rendered":"https:\/\/corporativo.eroski.es\/nor-gara\/mision-y-valores\/"},"modified":"2024-04-04T14:19:18","modified_gmt":"2024-04-04T12:19:18","slug":"mision-y-valores","status":"publish","type":"page","link":"https:\/\/corporativo.eroski.es\/eu\/nor-gara\/mision-y-valores\/","title":{"rendered":"Misioa, ikuspegia eta balioak"},"content":{"rendered":"\n    <header class=\"page-header\">\n        <div>\n             \n                <p>Qui\u00e9nes somos<\/p>\n                        <h1>Misioa, ikuspegia eta balioak<\/h1>\n             \n                <div class=\"featured\"><p>EROSKIn, gure interes-taldeen kezkei eta itxaropenei erantzuteko orduan dugun erantzukizunean eta zintzotasunean oinarritzen gara.<\/p><p>Erantzukizunaren alde egiten dugu, gure negozioaren eraginaz jabetzen garelako eta gure ekintzetan jasangarritasuna bilatzen dugulako. Konpromisoa hartzen dugu, balioa sortzen eta gure interes-taldeen bizi-kalitatea hobetzen saiatzen garelako. Eta zintzotasuna dugu ezaugarri, uste baitugu gardentasunak konfiantza, sinesgarritasuna eta sendotasuna sortzen dituela.<\/p><\/div>\n                    <\/div>\n        \n<picture class=\"image fullsize\">\n            <source media=\"(min-width: 1801px)\" srcset=\"https:\/\/corporativo.eroski.es\/wp-content\/uploads\/2019\/02\/trabajadora-gorro-delantal-rayas-clientes-mision-valores-eroski.jpg\"\/>\n        <source media=\"(min-width: 1201px)\" srcset=\"https:\/\/corporativo.eroski.es\/wp-content\/uploads\/2019\/02\/trabajadora-gorro-delantal-rayas-clientes-mision-valores-eroski.jpg\"\/>\n        <source media=\"(min-width: 993px)\" srcset=\"https:\/\/corporativo.eroski.es\/wp-content\/uploads\/2019\/02\/trabajadora-gorro-delantal-rayas-clientes-mision-valores-eroski.jpg\"\/>    \n    <source media=\"(min-width: 769px)\" srcset=\"https:\/\/corporativo.eroski.es\/wp-content\/uploads\/2019\/02\/trabajadora-gorro-delantal-rayas-clientes-mision-valores-eroski.jpg\"\/>\n    <source media=\"(min-width: 451px)\" srcset=\"https:\/\/corporativo.eroski.es\/wp-content\/uploads\/2019\/02\/trabajadora-gorro-delantal-rayas-clientes-mision-valores-eroski.jpg\"\/>\n    <source media=\"(min-width: 0)\" srcset=\"https:\/\/corporativo.eroski.es\/wp-content\/uploads\/2019\/02\/trabajadora-gorro-delantal-rayas-clientes-mision-valores-eroski.jpg\"\/>\n            <img decoding=\"async\" srcset=\"https:\/\/corporativo.eroski.es\/wp-content\/uploads\/2019\/02\/trabajadora-gorro-delantal-rayas-clientes-mision-valores-eroski.jpg\" src=\"https:\/\/corporativo.eroski.es\/wp-content\/uploads\/2019\/02\/trabajadora-gorro-delantal-rayas-clientes-mision-valores-eroski.jpg\" alt=\"Cl\" title=\"trabajadora-gorro-delantal-rayas&#8211;clientes-mision-valores-eroski\"\/>\n    <\/picture>    <\/header>\n\n\n<p id=\"mission-video\">Ezagutu EROSKIren esentzia bideo labur honetan: gure misioari eta gure komunitatetik gertuko enpresa-eredu berezi eta jasangarria egunez egun eraikitzeko dugun konpromisoari buruzko ikuspegia. Ezagutu minutu batean nola egiten dugun enpresa zurekin.<\/p>\n\n\n\n<br><br>\n\n\n\n<section class=\"video-block video-modal-block\" data-source=\"vimeo\" data-code=\"929805901\">\n  <div>\n     \n        <button class=\"action-video toggle-video-modal\">\n      <span class=\"button-play\">\n        <svg xmlns=\"http:\/\/www.w3.org\/2000\/svg\" xmlns:xlink=\"http:\/\/www.w3.org\/1999\/xlink\" viewBox=\"0 0 64 64\">\r\n<polygon points=\"5.415,1.303 58.584,32 5.415,62.697 \"\/>\r\n<\/svg> \r\n      <\/span>Ver v\u00eddeo\n    <\/button>\n  <\/div>\n  <figure>\n      \n<picture class=\"image fullsize\">\n            <source media=\"(min-width: 1801px)\" srcset=\"https:\/\/corporativo.eroski.es\/wp-content\/uploads\/2024\/04\/eroski-video-mision.jpg\"\/>\n        <source media=\"(min-width: 1201px)\" srcset=\"https:\/\/corporativo.eroski.es\/wp-content\/uploads\/2024\/04\/eroski-video-mision.jpg\"\/>\n        <source media=\"(min-width: 993px)\" srcset=\"https:\/\/corporativo.eroski.es\/wp-content\/uploads\/2024\/04\/eroski-video-mision.jpg\"\/>    \n    <source media=\"(min-width: 769px)\" srcset=\"https:\/\/corporativo.eroski.es\/wp-content\/uploads\/2024\/04\/eroski-video-mision-992x402.jpg\"\/>\n    <source media=\"(min-width: 451px)\" srcset=\"https:\/\/corporativo.eroski.es\/wp-content\/uploads\/2024\/04\/eroski-video-mision-768x312.jpg\"\/>\n    <source media=\"(min-width: 0)\" srcset=\"https:\/\/corporativo.eroski.es\/wp-content\/uploads\/2024\/04\/eroski-video-mision-450x183.jpg, https:\/\/corporativo.eroski.es\/wp-content\/uploads\/2024\/04\/eroski-video-mision-900x365.jpg 2x\"\/>\n            <img decoding=\"async\" srcset=\"https:\/\/corporativo.eroski.es\/wp-content\/uploads\/2024\/04\/eroski-video-mision.jpg\" src=\"https:\/\/corporativo.eroski.es\/wp-content\/uploads\/2024\/04\/eroski-video-mision.jpg\" alt=\"\" title=\"eroski-video-mision\"\/>\n    <\/picture>  <\/figure>\n<\/section>\n\n\n\n\n\n\n\n\n\n  <section class=\"cta-block dark\">\n  <div class=\"cta-description\">\n        <div>\n            <header>\n                <h2>Misioa<\/h2>\n            <\/header>\n            <p>Elikagai-denden elkarte bat gara, eta gure misio nagusia enpresa-emaitza sortzea da, gaur egungoa eta etorkizunekoa, honetarako:<br>\u00b7\u00a0\u00a0Ingurunean aberastasuna sortzea<br>\u00b7\u00a0\u00a0Kontsumitzaileak eta langileak gogobetetzea<br>\u00b7\u00a0\u00a0Elikadura ona sustatzea<br><br>EROSKIn, balio kooperatiboen alde egiten dugu, eta partaidetzazko kudeaketan eta laneko lankidetzan sinesten dugu.<\/p>\n        <\/div>\n        \n        <a target=\"\" href=\"\" class=\"cta-link \">\n                    <span>\n            <svg xmlns=\"http:\/\/www.w3.org\/2000\/svg\" xmlns:xlink=\"http:\/\/www.w3.org\/1999\/xlink\" viewBox=\"0 0 64 64\">\r\n\t<rect x=\"1.501\" y=\"30.999\" width=\"57.663\" height=\"2\"\/>\r\n\t<polygon points=\"48.977,44.574 46.879,42.322 57.984,32.001 46.879,21.677 48.977,19.426 62.499,32.001 \t\t\t\t\"\/>\r\n<\/svg>\r\n          <\/span>\n        <\/a>\n    <\/div>\n    <figure>\n       \n      \n<picture class=\"image \">\n        <source media=\"(min-width: 993px)\" srcset=\"https:\/\/corporativo.eroski.es\/wp-content\/uploads\/2019\/02\/cliente-consumidor-carniceria-trabajadora-compras-mision-valores-eroski.jpg\"\/>    \n    <source media=\"(min-width: 769px)\" srcset=\"https:\/\/corporativo.eroski.es\/wp-content\/uploads\/2019\/02\/cliente-consumidor-carniceria-trabajadora-compras-mision-valores-eroski.jpg\"\/>\n    <source media=\"(min-width: 451px)\" srcset=\"https:\/\/corporativo.eroski.es\/wp-content\/uploads\/2019\/02\/cliente-consumidor-carniceria-trabajadora-compras-mision-valores-eroski.jpg\"\/>\n    <source media=\"(min-width: 0)\" srcset=\"https:\/\/corporativo.eroski.es\/wp-content\/uploads\/2019\/02\/cliente-consumidor-carniceria-trabajadora-compras-mision-valores-eroski.jpg\"\/>\n            <img decoding=\"async\" srcset=\"https:\/\/corporativo.eroski.es\/wp-content\/uploads\/2019\/02\/cliente-consumidor-carniceria-trabajadora-compras-mision-valores-eroski.jpg\" src=\"https:\/\/corporativo.eroski.es\/wp-content\/uploads\/2019\/02\/cliente-consumidor-carniceria-trabajadora-compras-mision-valores-eroski.jpg\" alt=\"Mujer sonrie a empleada en supermercado Eroski\" title=\"cliente-consumidor-carniceria-trabajadora-compras-mision-valores-eroski\"\/>\n    <\/picture>    <\/figure>\n    \n<\/section>\n\n\n\n\n\n\n  <section class=\"cta-block dark\">\n  <div class=\"cta-description\">\n        <div>\n            <header>\n                <h2>Ikuspegia<\/h2>\n            <\/header>\n            <p><em><strong>Kontsumitzaileen, langileen eta haien ingurunearen denda gogokoena izango gara.<\/strong><\/em><br><br>Kalitatezko produktuak <strong>prezio onean<\/strong> eskuratzeko aukera emateagatik, <strong>elikadura osasungarria, tokikoa eta jasangarria<\/strong> sustatzeagatik,<strong> nagusiki emakumezkoek osatua den taldeari proiektu ilusionagarria<\/strong> eta une oro<strong> gure kooperatiba-balioak <\/strong>islatuko dituena eskaintzeagatik<strong>.<\/strong><\/p>\n        <\/div>\n        \n        <a target=\"\" href=\"\" class=\"cta-link \">\n                    <span>\n            <svg xmlns=\"http:\/\/www.w3.org\/2000\/svg\" xmlns:xlink=\"http:\/\/www.w3.org\/1999\/xlink\" viewBox=\"0 0 64 64\">\r\n\t<rect x=\"1.501\" y=\"30.999\" width=\"57.663\" height=\"2\"\/>\r\n\t<polygon points=\"48.977,44.574 46.879,42.322 57.984,32.001 46.879,21.677 48.977,19.426 62.499,32.001 \t\t\t\t\"\/>\r\n<\/svg>\r\n          <\/span>\n        <\/a>\n    <\/div>\n    <figure>\n       \n      \n<picture class=\"image \">\n        <source media=\"(min-width: 993px)\" srcset=\"https:\/\/corporativo.eroski.es\/wp-content\/uploads\/2019\/06\/igualdad-trabajdores-comida-eroski.jpg\"\/>    \n    <source media=\"(min-width: 769px)\" srcset=\"https:\/\/corporativo.eroski.es\/wp-content\/uploads\/2019\/06\/igualdad-trabajdores-comida-eroski.jpg\"\/>\n    <source media=\"(min-width: 451px)\" srcset=\"https:\/\/corporativo.eroski.es\/wp-content\/uploads\/2019\/06\/igualdad-trabajdores-comida-eroski.jpg\"\/>\n    <source media=\"(min-width: 0)\" srcset=\"https:\/\/corporativo.eroski.es\/wp-content\/uploads\/2019\/06\/igualdad-trabajdores-comida-eroski.jpg\"\/>\n            <img decoding=\"async\" srcset=\"https:\/\/corporativo.eroski.es\/wp-content\/uploads\/2019\/06\/igualdad-trabajdores-comida-eroski.jpg\" src=\"https:\/\/corporativo.eroski.es\/wp-content\/uploads\/2019\/06\/igualdad-trabajdores-comida-eroski.jpg\" alt=\"\" title=\"igualdad-trabajdores-comida-eroski\"\/>\n    <\/picture>    <\/figure>\n    \n<\/section>\n\n\n\n\n\n<section class=\"features-list\">\n    <div class=\"features-list-wrapper\">\n    <header>\n        <h2 class=\"title\">Balioak<\/h2>\n    <\/header>\n    <div class=\"features-wrapper\">\n        \n\n<article class=\"feature\">\n        <header>\n            <span class=\"item-number\">1.<\/span>\n            <h4 class=\"title\"><strong>Erantzukizun ekonomikoa, soziala, eta ingurumen-arlokoa: <\/strong> Emaitzak sortzen ditugu, proiektu sozio-enpresarialari eusteko eta ingurune bakoitzean aberastasuna sortzeko. Banaketa solidarioa nahi dugu, eta ingurumenaren ikuspegitik jasangarria.<\/h4>\n        <\/header>\n<\/article>\n\n\n<article class=\"feature\">\n        <header>\n            <span class=\"item-number\">2.<\/span>\n            <h4 class=\"title\"><strong>Lankidetza: <\/strong>Jabeak eta protagonistak gara, hau da, \u2018geurea den zerbaitetan\u2019 lan egiten dugu, eta EROSKIn lan egitea guztion proiektutzat hartzen dugu.<\/h4>\n        <\/header>\n<\/article>\n\n\n<article class=\"feature\">\n        <header>\n            <span class=\"item-number\">3.<\/span>\n            <h4 class=\"title\"><strong>Kontsumitzaileekiko konpromisoa: <\/strong>Konpromisoa dugu, Bazkide Bezeroekin ez ezik, kontsumitzaileen ikuspegi zabal batekin ere, zerbitzatu eta ase nahi ditugun herritar gisa. Produktu eta prezio onak eskainiz, eta haiei adituz, hobetzeko.<\/h4>\n        <\/header>\n<\/article>\n\n\n<article class=\"feature\">\n        <header>\n            <span class=\"item-number\">4.<\/span>\n            <h4 class=\"title\"><strong>Parte-hartzea: <\/strong>Bazkideen eskubidea eta betebeharra da. Enpresa- eta gizarte-kudeaketarekiko konpromiso bat da, eta berekin dakar nork bere buruari exijitzea, erantzunkidetasuna eta autokudeaketan oinarritutako etengabeko hobekuntza.<\/h4>\n        <\/header>\n<\/article>\n\n\n<article class=\"feature\">\n        <header>\n            <span class=\"item-number\">5.<\/span>\n            <h4 class=\"title\"><strong>Konfiantza: <\/strong>Guretzat, garrantzitsuak dira zintzotasunean eta apaltasunean oinarritutako harremanak. Gardentasuna da pertsonen artean lan egiteko dugun era.<\/h4>\n        <\/header>\n<\/article>\n\n\n<article class=\"feature\">\n        <header>\n            <span class=\"item-number\">6.<\/span>\n            <h4 class=\"title\"><strong>Berrikuntza: <\/strong>Aldaketarako prest egotean sinesten dugu, etengabe hobekuntza bilatzean. Batez ere, bezeroei behar dutena eskaintzean, enpresan eta gizartean aurrera egiteko.<\/h4>\n        <\/header>\n<\/article>\n    <\/div>\n    <\/div>\n<\/section>\n\n","protected":false},"excerpt":{"rendered":"<p>Gure eginkizuna zuri entzutea, arreta ematea eta modu ezin hobean asetzea da. Bisitatzen gaituzunean etxean bezala sentitzea nahi dugu.<\/p>\n","protected":false},"author":1,"featured_media":3847,"parent":2145,"menu_order":1,"comment_status":"closed","ping_status":"closed","template":"","meta":{"_acf_changed":false,"footnotes":""},"class_list":["post-43596","page","type-page","status-publish","has-post-thumbnail","hentry"],"acf":[],"yoast_head":"<!-- This site is optimized with the Yoast SEO plugin v24.5 - https:\/\/yoast.com\/wordpress\/plugins\/seo\/ -->\n<title>Misioa, ikuspegia eta balioak - Eroski Corporativo<\/title>\n<meta name=\"description\" content=\"Conoce nuestra misi\u00f3n, nuestros valores fundamentales, as\u00ed como los principios b\u00e1sicos de EROSKI, S. Coop.\" \/>\n<meta name=\"robots\" content=\"index, follow, max-snippet:-1, max-image-preview:large, max-video-preview:-1\" \/>\n<link rel=\"canonical\" href=\"https:\/\/corporativo.eroski.es\/eu\/nor-gara\/mision-y-valores\/\" \/>\n<meta property=\"og:locale\" content=\"eu_ES\" \/>\n<meta property=\"og:type\" content=\"article\" \/>\n<meta property=\"og:title\" content=\"Misioa, ikuspegia eta balioak - Eroski Corporativo\" \/>\n<meta property=\"og:description\" content=\"Conoce nuestra misi\u00f3n, nuestros valores fundamentales, as\u00ed como los principios b\u00e1sicos de EROSKI, S. Coop.\" \/>\n<meta property=\"og:url\" content=\"https:\/\/corporativo.eroski.es\/eu\/nor-gara\/mision-y-valores\/\" \/>\n<meta property=\"og:site_name\" content=\"Eroski Corporativo\" \/>\n<meta property=\"article:modified_time\" content=\"2024-04-04T12:19:18+00:00\" \/>\n<meta property=\"og:image\" content=\"https:\/\/corporativo.eroski.es\/wp-content\/uploads\/2019\/02\/trabajadora-gorro-delantal-rayas-clientes-mision-valores-eroski.jpg\" \/>\n\t<meta property=\"og:image:width\" content=\"2400\" \/>\n\t<meta property=\"og:image:height\" content=\"760\" \/>\n\t<meta property=\"og:image:type\" content=\"image\/jpeg\" \/>\n<meta name=\"twitter:card\" content=\"summary_large_image\" \/>\n<script type=\"application\/ld+json\" class=\"yoast-schema-graph\">{\"@context\":\"https:\/\/schema.org\",\"@graph\":[{\"@type\":\"WebPage\",\"@id\":\"https:\/\/corporativo.eroski.es\/eu\/nor-gara\/mision-y-valores\/\",\"url\":\"https:\/\/corporativo.eroski.es\/eu\/nor-gara\/mision-y-valores\/\",\"name\":\"Misioa, ikuspegia eta balioak - Eroski Corporativo\",\"isPartOf\":{\"@id\":\"https:\/\/corporativo.eroski.es\/eu\/#website\"},\"primaryImageOfPage\":{\"@id\":\"https:\/\/corporativo.eroski.es\/eu\/nor-gara\/mision-y-valores\/#primaryimage\"},\"image\":{\"@id\":\"https:\/\/corporativo.eroski.es\/eu\/nor-gara\/mision-y-valores\/#primaryimage\"},\"thumbnailUrl\":\"https:\/\/corporativo.eroski.es\/wp-content\/uploads\/2019\/02\/trabajadora-gorro-delantal-rayas-clientes-mision-valores-eroski.jpg\",\"datePublished\":\"2019-03-12T13:47:24+00:00\",\"dateModified\":\"2024-04-04T12:19:18+00:00\",\"description\":\"Conoce nuestra misi\u00f3n, nuestros valores fundamentales, as\u00ed como los principios b\u00e1sicos de EROSKI, S. Coop.\",\"breadcrumb\":{\"@id\":\"https:\/\/corporativo.eroski.es\/eu\/nor-gara\/mision-y-valores\/#breadcrumb\"},\"inLanguage\":\"eu-ES\",\"potentialAction\":[{\"@type\":\"ReadAction\",\"target\":[\"https:\/\/corporativo.eroski.es\/eu\/nor-gara\/mision-y-valores\/\"]}]},{\"@type\":\"ImageObject\",\"inLanguage\":\"eu-ES\",\"@id\":\"https:\/\/corporativo.eroski.es\/eu\/nor-gara\/mision-y-valores\/#primaryimage\",\"url\":\"https:\/\/corporativo.eroski.es\/wp-content\/uploads\/2019\/02\/trabajadora-gorro-delantal-rayas-clientes-mision-valores-eroski.jpg\",\"contentUrl\":\"https:\/\/corporativo.eroski.es\/wp-content\/uploads\/2019\/02\/trabajadora-gorro-delantal-rayas-clientes-mision-valores-eroski.jpg\",\"width\":2400,\"height\":760,\"caption\":\"Cl\"},{\"@type\":\"BreadcrumbList\",\"@id\":\"https:\/\/corporativo.eroski.es\/eu\/nor-gara\/mision-y-valores\/#breadcrumb\",\"itemListElement\":[{\"@type\":\"ListItem\",\"position\":1,\"name\":\"Portada\",\"item\":\"https:\/\/corporativo.eroski.es\/eu\/\"},{\"@type\":\"ListItem\",\"position\":2,\"name\":\"Nor gara\",\"item\":\"https:\/\/corporativo.eroski.es\/eu\/\"},{\"@type\":\"ListItem\",\"position\":3,\"name\":\"Misioa, ikuspegia eta balioak\"}]},{\"@type\":\"WebSite\",\"@id\":\"https:\/\/corporativo.eroski.es\/eu\/#website\",\"url\":\"https:\/\/corporativo.eroski.es\/eu\/\",\"name\":\"Eroski Corporativo\",\"description\":\"\",\"potentialAction\":[{\"@type\":\"SearchAction\",\"target\":{\"@type\":\"EntryPoint\",\"urlTemplate\":\"https:\/\/corporativo.eroski.es\/eu\/?s={search_term_string}\"},\"query-input\":{\"@type\":\"PropertyValueSpecification\",\"valueRequired\":true,\"valueName\":\"search_term_string\"}}],\"inLanguage\":\"eu-ES\"}]}<\/script>\n<!-- \/ Yoast SEO plugin. -->","yoast_head_json":{"title":"Misioa, ikuspegia eta balioak - Eroski Corporativo","description":"Conoce nuestra misi\u00f3n, nuestros valores fundamentales, as\u00ed como los principios b\u00e1sicos de EROSKI, S. Coop.","robots":{"index":"index","follow":"follow","max-snippet":"max-snippet:-1","max-image-preview":"max-image-preview:large","max-video-preview":"max-video-preview:-1"},"canonical":"https:\/\/corporativo.eroski.es\/eu\/nor-gara\/mision-y-valores\/","og_locale":"eu_ES","og_type":"article","og_title":"Misioa, ikuspegia eta balioak - Eroski Corporativo","og_description":"Conoce nuestra misi\u00f3n, nuestros valores fundamentales, as\u00ed como los principios b\u00e1sicos de EROSKI, S. Coop.","og_url":"https:\/\/corporativo.eroski.es\/eu\/nor-gara\/mision-y-valores\/","og_site_name":"Eroski Corporativo","article_modified_time":"2024-04-04T12:19:18+00:00","og_image":[{"width":2400,"height":760,"url":"https:\/\/corporativo.eroski.es\/wp-content\/uploads\/2019\/02\/trabajadora-gorro-delantal-rayas-clientes-mision-valores-eroski.jpg","type":"image\/jpeg"}],"twitter_card":"summary_large_image","schema":{"@context":"https:\/\/schema.org","@graph":[{"@type":"WebPage","@id":"https:\/\/corporativo.eroski.es\/eu\/nor-gara\/mision-y-valores\/","url":"https:\/\/corporativo.eroski.es\/eu\/nor-gara\/mision-y-valores\/","name":"Misioa, ikuspegia eta balioak - Eroski Corporativo","isPartOf":{"@id":"https:\/\/corporativo.eroski.es\/eu\/#website"},"primaryImageOfPage":{"@id":"https:\/\/corporativo.eroski.es\/eu\/nor-gara\/mision-y-valores\/#primaryimage"},"image":{"@id":"https:\/\/corporativo.eroski.es\/eu\/nor-gara\/mision-y-valores\/#primaryimage"},"thumbnailUrl":"https:\/\/corporativo.eroski.es\/wp-content\/uploads\/2019\/02\/trabajadora-gorro-delantal-rayas-clientes-mision-valores-eroski.jpg","datePublished":"2019-03-12T13:47:24+00:00","dateModified":"2024-04-04T12:19:18+00:00","description":"Conoce nuestra misi\u00f3n, nuestros valores fundamentales, as\u00ed como los principios b\u00e1sicos de EROSKI, S. Coop.","breadcrumb":{"@id":"https:\/\/corporativo.eroski.es\/eu\/nor-gara\/mision-y-valores\/#breadcrumb"},"inLanguage":"eu-ES","potentialAction":[{"@type":"ReadAction","target":["https:\/\/corporativo.eroski.es\/eu\/nor-gara\/mision-y-valores\/"]}]},{"@type":"ImageObject","inLanguage":"eu-ES","@id":"https:\/\/corporativo.eroski.es\/eu\/nor-gara\/mision-y-valores\/#primaryimage","url":"https:\/\/corporativo.eroski.es\/wp-content\/uploads\/2019\/02\/trabajadora-gorro-delantal-rayas-clientes-mision-valores-eroski.jpg","contentUrl":"https:\/\/corporativo.eroski.es\/wp-content\/uploads\/2019\/02\/trabajadora-gorro-delantal-rayas-clientes-mision-valores-eroski.jpg","width":2400,"height":760,"caption":"Cl"},{"@type":"BreadcrumbList","@id":"https:\/\/corporativo.eroski.es\/eu\/nor-gara\/mision-y-valores\/#breadcrumb","itemListElement":[{"@type":"ListItem","position":1,"name":"Portada","item":"https:\/\/corporativo.eroski.es\/eu\/"},{"@type":"ListItem","position":2,"name":"Nor gara","item":"https:\/\/corporativo.eroski.es\/eu\/"},{"@type":"ListItem","position":3,"name":"Misioa, ikuspegia eta balioak"}]},{"@type":"WebSite","@id":"https:\/\/corporativo.eroski.es\/eu\/#website","url":"https:\/\/corporativo.eroski.es\/eu\/","name":"Eroski Corporativo","description":"","potentialAction":[{"@type":"SearchAction","target":{"@type":"EntryPoint","urlTemplate":"https:\/\/corporativo.eroski.es\/eu\/?s={search_term_string}"},"query-input":{"@type":"PropertyValueSpecification","valueRequired":true,"valueName":"search_term_string"}}],"inLanguage":"eu-ES"}]}},"_links":{"self":[{"href":"https:\/\/corporativo.eroski.es\/eu\/wp-json\/wp\/v2\/pages\/43596","targetHints":{"allow":["GET"]}}],"collection":[{"href":"https:\/\/corporativo.eroski.es\/eu\/wp-json\/wp\/v2\/pages"}],"about":[{"href":"https:\/\/corporativo.eroski.es\/eu\/wp-json\/wp\/v2\/types\/page"}],"author":[{"embeddable":true,"href":"https:\/\/corporativo.eroski.es\/eu\/wp-json\/wp\/v2\/users\/1"}],"replies":[{"embeddable":true,"href":"https:\/\/corporativo.eroski.es\/eu\/wp-json\/wp\/v2\/comments?post=43596"}],"version-history":[{"count":6,"href":"https:\/\/corporativo.eroski.es\/eu\/wp-json\/wp\/v2\/pages\/43596\/revisions"}],"predecessor-version":[{"id":43918,"href":"https:\/\/corporativo.eroski.es\/eu\/wp-json\/wp\/v2\/pages\/43596\/revisions\/43918"}],"up":[{"embeddable":true,"href":"https:\/\/corporativo.eroski.es\/eu\/wp-json\/wp\/v2\/pages\/2145"}],"wp:featuredmedia":[{"embeddable":true,"href":"https:\/\/corporativo.eroski.es\/eu\/wp-json\/wp\/v2\/media\/3847"}],"wp:attachment":[{"href":"https:\/\/corporativo.eroski.es\/eu\/wp-json\/wp\/v2\/media?parent=43596"}],"curies":[{"name":"wp","href":"https:\/\/api.w.org\/{rel}","templated":true}]}}