{"id":15027,"date":"2020-06-16T15:32:28","date_gmt":"2020-06-16T15:32:28","guid":{"rendered":"https:\/\/corporativo.eroski.es\/2019ko-memoria\/transparencia\/"},"modified":"2020-07-23T10:09:02","modified_gmt":"2020-07-23T10:09:02","slug":"gardentasuna","status":"publish","type":"page","link":"https:\/\/corporativo.eroski.es\/eu\/2019ko-memoria\/gardentasuna\/","title":{"rendered":"Gardentasuna"},"content":{"rendered":"<div id=\"pl-15027\"  class=\"panel-layout\" ><div id=\"pg-15027-0\"  class=\"panel-grid panel-has-style\" ><div class=\"guten-content panel-row-style panel-row-style-for-15027-0\" ><div id=\"pgc-15027-0-0\"  class=\"panel-grid-cell\" ><div id=\"panel-15027-0-0-0\" class=\"widget_text so-panel widget widget_custom_html panel-first-child\" data-index=\"0\" ><div class=\"textwidget custom-html-widget\"><style>\n\t.toggle-menu-memoria {\n\t\t\tz-index: 9999;\n\t}\n\th4.title3 {\n    font-size: 1.5em;\n    font-weight: bold;\n    margin-bottom: 1rem;\n    color: #3b3b3b;\n\t}\n\t.btn-download {\n\t\tbackground-color: #222;\n    color: #FFF;\n    border-radius: 70px;\n    padding: 15px;\n    display: inline-block;\n    margin-top: 20px;\n    padding-left: 20px;\n    padding-right: 20px;\n    font-size: 13px;\n    width: 200px;\n    text-align: center;\n\t}\n\t.btn-download span {\n\t\tmargin-left: 10px;\n\t}\n\t.link-archive svg * {\n\t\t    fill: #c8191e !important;\n\t\t    stroke: #c8191e !important;\n\t}\n\t.memoria-section-collapsible .container>header {\n\t\tcolor: #c8191e !important;\n\t}\n\t.memoria-section-collapsible .container>header .icon-collapse svg {\n\t\tfill: #c8191e !important;\n\t}\n\thr {\n    color: #f2f2f2;\n    margin-top: 2rem;\n    margin-bottom: 2rem;\n\t}\n .stats-list {\t\t\n    margin: 0;\n    padding: 0;\n    padding-left: 0px !important;\t\t\n\t\tmargin-bottom: 5rem;\n\t}\n\t.so-widget-memoria-section-collapsible-default-d75171398898 img {\n\t\tmax-width: 100%;\n\t\theight: auto;\n\t}\n\t.so-widget-memoria-section-collapsible-default-d75171398898 .col-md-7 {\n\t\t-ms-flex: 0 0 100%;\n    flex: 0 0 100%;\n    max-width: 100%;\n\t}\n\t.memoria-section-collapsible .container>header h3 {\n\t\tfont-size: 18px;\n\t}\n\t\n\th2.title {\n\t\tfont-size: 2.8rem;\n    line-height: 45px;\n    color: #c8191e;\n    margin-bottom: 30px;\t\n\t}\n\tp.destacat {\n\t\t\tfont-weight: bold;\n\t\t\tfont-size: 22px;\n\t\t\tline-height: 32px;\n\t\t\tmargin-top: 5rem;\n\t\t\tmargin-bottom: 3rem;\n\t}\n\n\t.memoria-wrapper {\n\t\tpadding: 0;\n\t}\n\t.top-portada {\n\t\tbackground-size: cover;\n\t    background-repeat: no-repeat;\n\t    height: 500px;\n\t    background-position: top center;\n\t    position: relative;\n\t}\n\t.square-1 {\n\t\tposition: absolute;\n\t    left: 0;\n\t    bottom: 0;\n\t    width: 100%;\n\t    margin-left: 0px;\n\t    background: rgba(200, 25, 30, 0.75);\n\t    padding: 30px;\n\t    color: #fff;\n\t}\n.square-1 h4 {\n    font-weight: 300;\n    font-size: 24px;\n    color: #FFF;\n   margin-top: 5px;\n}\n\t.square-1 h3 {\n\t\t  font-size: 30px;\n\t    margin-bottom: 0px;\n\t}\n\t.links a {\n\t\tcolor: #222;\n    margin-bottom: 10px;\n    display: inline-block;\n\t}\t\n\t.links a span {\n\t\tposition:relative;\n\t\tmargin-top: 2px;\n\t}\n\t\n\t.cartas-background {\n\t\tdisplay: flex;\n\t}\n\t.cartas-image {\n\t\tbackground-image: url(https:\/\/corporativo.eroski.es\/wp-content\/uploads\/2019\/05\/compromiso.jpg);\n\t    width: 75%;\n\t    background-size: cover;\n\t    background-position: center;\n\t    height: 450px;\n\t}\n\t.cartas-content {\n\t    background-color: #c8191e;\n\t    width: 25%;\n\t    display: flex;\n\t    flex-direction: column;\n\t    \n\t}\n\t.cartas-persona {\n\t\tpadding: 20px;\n\t\theight: 50%;\n\t\tcolor: #fff;\n\t\tposition: relative;\n\t\tborder-bottom: 1px solid #fff;\n\t}\n\t.cartas-persona a {\n\t\tcolor: #fff;\n\t\tposition: absolute;\n\t\tbottom: 20px;\n\t\tleft: 20px;\n\t}\n\t.cartas-persona h5 {\n\t\tmargin-bottom: 10px;\n\t}\n\t\n\t\n\t.so-widget-memoria-section-collapsible-default-d75171398898 .col-md-5 {\n\t\t    -ms-flex: 0 0 50%;\n    flex: 0 0 50%;\n    max-width: 50%;\n\t}\n\t\n\t.memoria-summary-stats {\n        background-image: none !important;\n    }\n    .memoria-summary-stats-inner {\n        display: block !important;\n    }\n\n    .memoria-summary-stats .memoria-summary-stats-inner header {\n        width: 100%;\n        max-width: 100%;\n        color: #000;\n        margin-bottom: 20px;\n    }\n\n    .stats-list li a {\n\t\t\tcolor: #FFF;\n    }\n    .stats-list li {\n        background: #e64636;\n\t\t\t\tpadding: 70px 20px;\n        max-width: initial !important;\n    }\n\n    .stats-list li:nth-child(1) {\n        background: #e64636;\n    }\n    \n    .stats-list li:nth-child(2) {\n        background: #e21924;\n    }\n\n    .stats-list li:nth-child(3) {\n        background: #c8191e\n    }\n    \n    .stats-list li:nth-child(4) {\n        background: #e64636;\n    }\n\n    .memoria-summary-stats .memoria-summary-stats-inner header .link-arrow {\n        margin-top: 0;\n\n    }\n\n    .memoria-summary-stats-inner h2 {\n\n    }\n\n    .memoria-summary-stats .memoria-summary-stats-inner header .link-arrow span {\n        color: #000;\n    }\n\n    .memoria-summary-stats .memoria-summary-stats-inner header .link-arrow svg {\n        fill: #000;\n    }\n\t\n\t.stats-list svg {\n\t\tmargin: auto;\n    height: 80px;\n    margin-bottom: 30px;\n\t}\n\t\n\t@media (max-width: 768px) {\n\t\t\n\t\t.page-template-memoria .square-1 {\n\t\t\t\twidth: 100% !important;\n\t\t\t\tmargin-left: 0px!important;\n\t\t\t\tpadding: 20px !important;\n\t\t\t\tbottom: 0px !important;\n\t\t\t\tleft: 0;\n\t\t}\n\t\t.cartas-image\t{\n\t\t\twidth: 65%;\n\t\t}\n\t\t.cartas-content {\n\t\t\twidth: 35%;\n\t\t}\n\t\t.square-1 {\n\t\t\twidth: 260px;\n\t\t\tmargin-left: -130px;\n\t\t\tpadding: 20px;\n\t\t}\n\t\t.square-1 h3 {\n\t\t\tfont-size: 30px;\n\t\t}\n\t\t\n\t\t.square-1 h4 {\n\t\t\tfont-size: 16px;\n\t\t}\n\t\t.square-2 {\n\t\t\tfont-size: 15px;\n\t\t\tmargin-left: 40px;\n\t\t\twidth: 180px;\n\t\t}\n\t\t.square-2 .link-arrow svg {\n\t\t\tdisplay: none;\n\t\t}\n\t}\n\t\n\t@media (max-width: 575px) {\n\t\t\n\t\t.cartas-background {\n\t\t\tdisplay: block;\n\t\t}\n\t\t\n\t\t.cartas-image {\n\t\t\twidth: 100%;\n\t\t\theight: 300px;\n\t\t}\n\t\t.cartas-content {\n\t\t\tflex-direction: row;\n    \twidth: 100%;\n\t\t}\n\t\t.cartas-persona {\n\t\t\t   border-right: 1px solid #fff;\n\t\t    width: 50%;\n\t\t\theight: 235px;\n\t\t}\n\t\t\n\t\t.square-2 {\n\t\t\tfont-size: 15px;\n    \tmargin-left: -130px;\n    \twidth: 260px;\n    \theight: 50px;\n\t\t}\n\t\t.square-1 {\n\t\t\t   width: 260px;\n\t    margin-left: -130px;\n  \t  padding: 20px;\n\t\t\tbottom: 50px;\n\t\t}\n\t}\t\n\t\n<\/style><\/div><\/div><div id=\"panel-15027-0-0-1\" class=\"widget_text so-panel widget widget_custom_html\" data-index=\"1\" ><div class=\"textwidget custom-html-widget\"><div class=\"top-portada\" style=\"background-image: url('\/wp-content\/uploads\/2019\/06\/grupoescucha.jpg')\">\n\t<div class=\"container\" style=\"position:relative; height: 100%; width: 100%;\">\t\t\n\t\t<div class=\"square-1\">\n\t\t\t<h3>Gardentasuna<\/h3>\n\t\t\t<!-- <h4>Compromiso con la claridad y la veracidad<\/h4> -->\n\t\t<\/div>\t\t\t\n\t<\/div>\n<\/div><\/div><\/div><div id=\"panel-15027-0-0-2\" class=\"widget_text so-panel widget widget_custom_html\" data-index=\"2\" ><div class=\"textwidget custom-html-widget\"><div class=\"container\">\n\t<div class=\"ods-images\">\n\t\t<img decoding=\"async\" src=\"https:\/\/corporativo.eroski.es\/wp-content\/uploads\/2020\/07\/ods_16_eusk.jpg\">\t\t\n\t\t<img decoding=\"async\" src=\"https:\/\/corporativo.eroski.es\/wp-content\/uploads\/2020\/07\/ods_17_eusk.jpg\">\t\t\n\t<\/div>\n<\/div><\/div><\/div><div id=\"panel-15027-0-0-3\" class=\"widget_text so-panel widget widget_custom_html\" data-index=\"3\" ><div class=\"textwidget custom-html-widget\"><section class=\"intro-content\">\n<div class=\"container\">\n\t\n\t<h2 class=\"title\">Gure interes taldeak<\/h2>\n\t\t\t\n\t<p>Gure jarduerak eraginak sortzen ditu hainbat interes taldetan, eta alderantziz. Pertsona, talde, kolektibo eta elkarte horiek oso garrantzitsuak dira guretzat, elkarrenganako interakzio eta lankidetza baitago, urteekin indartua eta landua.<\/p>\n\n\t<img decoding=\"async\" src=\"\/wp-content\/uploads\/2020\/07\/cap8_imatge_1_eusk.jpg\">\n\t<br><br>\n<\/div>\n\n<\/section><\/div><\/div><div id=\"panel-15027-0-0-4\" class=\"widget_text so-panel widget widget_custom_html\" data-index=\"4\" ><div class=\"textwidget custom-html-widget\"><section class=\"intro-content\">\n<div class=\"container\">\t\n\t<h4 class=\"title3\">Komunikazio mekanismo espezifikoak, eta interes talde bakoitzaren kasuan identifikaturiko funtsezko gaiak eta kezkak<\/h4>\n\t<img decoding=\"async\" src=\"\/wp-content\/uploads\/2020\/07\/cap8_imatge_2_eusk.jpg\">\n\t<\/div>\n<\/section><\/div><\/div><div id=\"panel-15027-0-0-5\" class=\"widget_text so-panel widget widget_custom_html\" data-index=\"5\" ><div class=\"textwidget custom-html-widget\"><section class=\"intro-content\">\n<div class=\"container\">\n\t<h2 class=\"title\">Memoriaren printzipioak eta lanketa<\/h2>\n\t<p>\n\t\tEROSKIn urtero egiten dugu lan gure interes taldeei aurkezten diegun jarduera informazioa hobetzeko eta zabaltzeko, erakundearen barruan zein kanpoan gardentasunarekiko dugun konpromisoaren baitan. Hori horrela izanik, Global Reporting Initiative (GRI) erakundearen estandarrak oinarri hartuta egin dugu memoria hau; izan ere, 1997an sortutako erakunde independente hori da, gaur egun, mundu mailan jasangarritasun txostenak egiteko erreferentzia esparru nagusia, eta hamarkada bat baino gehiago daramagu hura babesten, haren GOLD komunitateko kide moduan. GRI ekimenaren estandarretan jasotako irizpide eta printzipioak aplikatzean, memoriaren eta haren edukiaren kalitatea gure interes taldeen itxaropenekin bat etortzea bilatu dugu. Gainera, azaldutako adierazleei esker, gure emaitzak datozen urteetako emaitzekin alderatu ahal izango ditugu, baita beste erakunde batzuek aurkeztutako txostenekin ere.\n\t<\/p>\n\t\n\t<h4 class=\"title3\">Materialtasun azterketa<\/h4>\n\n\t\t<p>2019ko Jasangarritasun Memoria prestatzeko, aurreko urteko materialtasun azterketa eguneratu dugu. Azterketa horren helburua da zehaztea zeintzuk diren alderdi garrantzitsuak EROSKIren eragin ekonomikoak, ingurumenekoak eta gizartekoak islatzeko orduan, interes taldeen erabakietan eragiten dute, edo inpaktua sortzen dute ekonomian, ingurumenean edo sozietatean. Materialtzat (garrantzitsutzat) jotakoak materialtasun matrizean islatzen direnak dira.<\/p>\n\n\t\t\t<img decoding=\"async\" src=\"\/wp-content\/uploads\/2020\/07\/cap8_imatge_3_eusk.jpg\">\t<br><br>\n\t\n\t<a href=\"https:\/\/corporativo.eroski.es\/wp-content\/uploads\/2020\/07\/analisis_materialidad_eusk-1.pdf\" target=\"_blank\" style=\"margin-bottom: 15px; display: block;\"><span class=\"link-arrow\"><span>Informazio gehiago<\/span><svg xmlns=\"http:\/\/www.w3.org\/2000\/svg\" xmlns:xlink=\"http:\/\/www.w3.org\/1999\/xlink\" viewBox=\"0 0 64 64\"><rect x=\"1.501\" y=\"30.999\" width=\"57.663\" height=\"2\"><\/rect><polygon points=\"48.977,44.574 46.879,42.322 57.984,32.001 46.879,21.677 48.977,19.426 62.499,32.001\"><\/polygon><\/svg><\/span><\/a>\n\t\n\t<!--\t<h4 class=\"title2\">\n\t\t\tMatriz de Materialidad\n\t<\/h4> \n\t\n\t\t<p class=\"little\">Los temas materiales son los incluidos en las \u00e1reas sombreadas y adicionalmente se han incorporado los se\u00f1alados con el s\u00edmbolo * por su relaci\u00f3n e importancia con la actividad de EROSKI.<\/p>\n-->\n\t\n\t\t\n<\/div>\n\n<\/section><\/div><\/div><div id=\"panel-15027-0-0-6\" class=\"widget_text so-panel widget widget_custom_html\" data-index=\"6\" ><div class=\"textwidget custom-html-widget\"><section class=\"intro-content\">\n<div class=\"container\">\n\t\n\t<h2 class=\"title\">Informazio gehiago<\/h2>\n\t<p class=\"links\">\n\t\t\n\t\t<a href=\"https:\/\/corporativo.eroski.es\/wp-content\/uploads\/2020\/07\/calculo_indicadores_eusk-1.pdf\" target=\"_blank\" style=\"margin-bottom: 15px; display: block;\"><span class=\"link-arrow\"><span>Informazio osagarria txostenean aurkeztutako adierazleak kalkulatzeko<\/span><svg xmlns=\"http:\/\/www.w3.org\/2000\/svg\" xmlns:xlink=\"http:\/\/www.w3.org\/1999\/xlink\" viewBox=\"0 0 64 64\"><rect x=\"1.501\" y=\"30.999\" width=\"57.663\" height=\"2\"><\/rect><polygon points=\"48.977,44.574 46.879,42.322 57.984,32.001 46.879,21.677 48.977,19.426 62.499,32.001\"><\/polygon><\/svg><\/span><\/a>\n\t\t\n\t\t<a href=\"https:\/\/corporativo.eroski.es\/wp-content\/uploads\/2020\/07\/mecanismos_eusk-1.pdf\" target=\"_blank\" style=\"margin-bottom: 15px; display: block;\"><span class=\"link-arrow\"><span>Kexatzeko eta erreklamatzeko mekanismo formalak<\/span><svg xmlns=\"http:\/\/www.w3.org\/2000\/svg\" xmlns:xlink=\"http:\/\/www.w3.org\/1999\/xlink\" viewBox=\"0 0 64 64\"><rect x=\"1.501\" y=\"30.999\" width=\"57.663\" height=\"2\"><\/rect><polygon points=\"48.977,44.574 46.879,42.322 57.984,32.001 46.879,21.677 48.977,19.426 62.499,32.001\"><\/polygon><\/svg><\/span><\/a>\n\t\t\n\t\t<a href=\"https:\/\/corporativo.eroski.es\/wp-content\/uploads\/2020\/07\/indice_contenidos_gri_eusk-1.pdf\" target=\"_blank\" style=\"margin-bottom: 15px; display: block;\"><span class=\"link-arrow\"><span>GRI edukien aurkibidea eta informazio ez finantzario eta aniztasunari buruzko 11\/2018 Legea<\/span><svg xmlns=\"http:\/\/www.w3.org\/2000\/svg\" xmlns:xlink=\"http:\/\/www.w3.org\/1999\/xlink\" viewBox=\"0 0 64 64\"><rect x=\"1.501\" y=\"30.999\" width=\"57.663\" height=\"2\"><\/rect><polygon points=\"48.977,44.574 46.879,42.322 57.984,32.001 46.879,21.677 48.977,19.426 62.499,32.001\"><\/polygon><\/svg><\/span><\/a>\n\t\t\n\t\t<a href=\"https:\/\/corporativo.eroski.es\/wp-content\/uploads\/2020\/07\/pacto_mundial_eusk-1.pdf\" target=\"_blank\" style=\"margin-bottom: 15px; display: block;\"><span class=\"link-arrow\"><span>Mundu Itunaren eduki taula <\/span><svg xmlns=\"http:\/\/www.w3.org\/2000\/svg\" xmlns:xlink=\"http:\/\/www.w3.org\/1999\/xlink\" viewBox=\"0 0 64 64\"><rect x=\"1.501\" y=\"30.999\" width=\"57.663\" height=\"2\"><\/rect><polygon points=\"48.977,44.574 46.879,42.322 57.984,32.001 46.879,21.677 48.977,19.426 62.499,32.001\"><\/polygon><\/svg><\/span><\/a>\n\t\t\n\t\t<a href=\"https:\/\/corporativo.eroski.es\/wp-content\/uploads\/2020\/07\/lista_asociaciones_eusk-1.pdf\" target=\"_blank\" style=\"margin-bottom: 15px; display: block;\"><span class=\"link-arrow\"><span>Eranskina. EROSKI Taldea partaide duten elkarteen zerrenda<\/span><svg xmlns=\"http:\/\/www.w3.org\/2000\/svg\" xmlns:xlink=\"http:\/\/www.w3.org\/1999\/xlink\" viewBox=\"0 0 64 64\"><rect x=\"1.501\" y=\"30.999\" width=\"57.663\" height=\"2\"><\/rect><polygon points=\"48.977,44.574 46.879,42.322 57.984,32.001 46.879,21.677 48.977,19.426 62.499,32.001\"><\/polygon><\/svg><\/span><\/a>\n\t\t\n\t\t<a href=\"https:\/\/corporativo.eroski.es\/wp-content\/uploads\/2020\/07\/tabla_indicadores_eusk-1.pdf\" target=\"_blank\" style=\"margin-bottom: 15px; display: block;\"><span class=\"link-arrow\"><span>Eranskina. Adierazleen taulak. Aurreko urteekin konparatiboak<\/span><svg xmlns=\"http:\/\/www.w3.org\/2000\/svg\" xmlns:xlink=\"http:\/\/www.w3.org\/1999\/xlink\" viewBox=\"0 0 64 64\"><rect x=\"1.501\" y=\"30.999\" width=\"57.663\" height=\"2\"><\/rect><polygon points=\"48.977,44.574 46.879,42.322 57.984,32.001 46.879,21.677 48.977,19.426 62.499,32.001\"><\/polygon><\/svg><\/span><\/a>\n\t\t\n\t<\/p>\t\t\n\t\n<\/div>\n<\/section><\/div><\/div><div id=\"panel-15027-0-0-7\" class=\"widget_text so-panel widget widget_custom_html panel-last-child\" data-index=\"7\" ><div class=\"textwidget custom-html-widget\"><div class=\"container\">\n  <div class=\"download-section\">\n\t\t<a target=\"_blank\" href=\"https:\/\/corporativo.eroski.es\/wp-content\/uploads\/2020\/07\/cap8_transparencia-1.pdf\" class=\"link-archive\" style=\"color: #c8191e !important;\"><span>Deskargatu 8. Gardentasuna<\/span><svg xmlns=\"http:\/\/www.w3.org\/2000\/svg\" xmlns:xlink=\"http:\/\/www.w3.org\/1999\/xlink\" viewBox=\"0 0 64 64\">\n\t\t<g class=\"arrow\">\n\t\t\t<rect x=\"30.775\" y=\"3.222\" fill=\"#c8191e\" width=\"2.451\" height=\"45.957\"><\/rect>\n\t\t\t<polygon fill=\"#c8191e\" points=\"21.979,41.058 23.773,39.387 31.999,48.238 40.227,39.387 42.021,41.058 31.999,51.836\"><\/polygon>\t\t\t\n\t\t<\/g>\n\t\t<rect x=\"5.154\" y=\"58.328\" fill=\"#c8191e\" width=\"53.691\" height=\"2.45\"><\/rect>\n\t<\/svg>\n\t<\/a>\n<\/div>\n<\/div><\/div><\/div><\/div><\/div><\/div><\/div>","protected":false},"excerpt":{"rendered":"<p>Gardentasuna Gure interes taldeak Gure jarduerak eraginak sortzen ditu hainbat interes taldetan, eta alderantziz. Pertsona, talde, kolektibo eta elkarte horiek oso garrantzitsuak dira guretzat, elkarrenganako interakzio eta lankidetza baitago, urteekin indartua eta landua. Komunikazio mekanismo espezifikoak, eta interes talde bakoitzaren kasuan identifikaturiko funtsezko gaiak eta kezkak Memoriaren printzipioak eta lanketa EROSKIn urtero egiten dugu lan [&hellip;]<\/p>\n","protected":false},"author":4,"featured_media":0,"parent":12655,"menu_order":0,"comment_status":"closed","ping_status":"closed","template":"memoria.php","meta":{"_acf_changed":false,"footnotes":""},"class_list":["post-15027","page","type-page","status-publish","hentry"],"acf":[],"yoast_head":"<!-- This site is optimized with the Yoast SEO plugin v24.5 - https:\/\/yoast.com\/wordpress\/plugins\/seo\/ -->\n<title>Gardentasuna - Eroski Corporativo<\/title>\n<meta name=\"robots\" content=\"index, follow, max-snippet:-1, max-image-preview:large, max-video-preview:-1\" \/>\n<link rel=\"canonical\" href=\"https:\/\/corporativo.eroski.es\/eu\/2019ko-memoria\/gardentasuna\/\" \/>\n<meta property=\"og:locale\" content=\"eu_ES\" \/>\n<meta property=\"og:type\" content=\"article\" \/>\n<meta property=\"og:title\" content=\"Gardentasuna - Eroski Corporativo\" \/>\n<meta property=\"og:description\" content=\"Gardentasuna Gure interes taldeak Gure jarduerak eraginak sortzen ditu hainbat interes taldetan, eta alderantziz. Pertsona, talde, kolektibo eta elkarte horiek oso garrantzitsuak dira guretzat, elkarrenganako interakzio eta lankidetza baitago, urteekin indartua eta landua. Komunikazio mekanismo espezifikoak, eta interes talde bakoitzaren kasuan identifikaturiko funtsezko gaiak eta kezkak Memoriaren printzipioak eta lanketa EROSKIn urtero egiten dugu lan [&hellip;]\" \/>\n<meta property=\"og:url\" content=\"https:\/\/corporativo.eroski.es\/eu\/2019ko-memoria\/gardentasuna\/\" \/>\n<meta property=\"og:site_name\" content=\"Eroski Corporativo\" \/>\n<meta property=\"article:modified_time\" content=\"2020-07-23T10:09:02+00:00\" \/>\n<meta name=\"twitter:card\" content=\"summary_large_image\" \/>\n<script type=\"application\/ld+json\" class=\"yoast-schema-graph\">{\"@context\":\"https:\/\/schema.org\",\"@graph\":[{\"@type\":\"WebPage\",\"@id\":\"https:\/\/corporativo.eroski.es\/eu\/2019ko-memoria\/gardentasuna\/\",\"url\":\"https:\/\/corporativo.eroski.es\/eu\/2019ko-memoria\/gardentasuna\/\",\"name\":\"Gardentasuna - Eroski Corporativo\",\"isPartOf\":{\"@id\":\"https:\/\/corporativo.eroski.es\/eu\/#website\"},\"datePublished\":\"2020-06-16T15:32:28+00:00\",\"dateModified\":\"2020-07-23T10:09:02+00:00\",\"breadcrumb\":{\"@id\":\"https:\/\/corporativo.eroski.es\/eu\/2019ko-memoria\/gardentasuna\/#breadcrumb\"},\"inLanguage\":\"eu-ES\",\"potentialAction\":[{\"@type\":\"ReadAction\",\"target\":[\"https:\/\/corporativo.eroski.es\/eu\/2019ko-memoria\/gardentasuna\/\"]}]},{\"@type\":\"BreadcrumbList\",\"@id\":\"https:\/\/corporativo.eroski.es\/eu\/2019ko-memoria\/gardentasuna\/#breadcrumb\",\"itemListElement\":[{\"@type\":\"ListItem\",\"position\":1,\"name\":\"Portada\",\"item\":\"https:\/\/corporativo.eroski.es\/eu\/\"},{\"@type\":\"ListItem\",\"position\":2,\"name\":\"2019ko Memoria\",\"item\":\"https:\/\/corporativo.eroski.es\/eu\/2019ko-memoria\/\"},{\"@type\":\"ListItem\",\"position\":3,\"name\":\"Gardentasuna\"}]},{\"@type\":\"WebSite\",\"@id\":\"https:\/\/corporativo.eroski.es\/eu\/#website\",\"url\":\"https:\/\/corporativo.eroski.es\/eu\/\",\"name\":\"Eroski Corporativo\",\"description\":\"\",\"potentialAction\":[{\"@type\":\"SearchAction\",\"target\":{\"@type\":\"EntryPoint\",\"urlTemplate\":\"https:\/\/corporativo.eroski.es\/eu\/?s={search_term_string}\"},\"query-input\":{\"@type\":\"PropertyValueSpecification\",\"valueRequired\":true,\"valueName\":\"search_term_string\"}}],\"inLanguage\":\"eu-ES\"}]}<\/script>\n<!-- \/ Yoast SEO plugin. -->","yoast_head_json":{"title":"Gardentasuna - Eroski Corporativo","robots":{"index":"index","follow":"follow","max-snippet":"max-snippet:-1","max-image-preview":"max-image-preview:large","max-video-preview":"max-video-preview:-1"},"canonical":"https:\/\/corporativo.eroski.es\/eu\/2019ko-memoria\/gardentasuna\/","og_locale":"eu_ES","og_type":"article","og_title":"Gardentasuna - Eroski Corporativo","og_description":"Gardentasuna Gure interes taldeak Gure jarduerak eraginak sortzen ditu hainbat interes taldetan, eta alderantziz. Pertsona, talde, kolektibo eta elkarte horiek oso garrantzitsuak dira guretzat, elkarrenganako interakzio eta lankidetza baitago, urteekin indartua eta landua. Komunikazio mekanismo espezifikoak, eta interes talde bakoitzaren kasuan identifikaturiko funtsezko gaiak eta kezkak Memoriaren printzipioak eta lanketa EROSKIn urtero egiten dugu lan [&hellip;]","og_url":"https:\/\/corporativo.eroski.es\/eu\/2019ko-memoria\/gardentasuna\/","og_site_name":"Eroski Corporativo","article_modified_time":"2020-07-23T10:09:02+00:00","twitter_card":"summary_large_image","schema":{"@context":"https:\/\/schema.org","@graph":[{"@type":"WebPage","@id":"https:\/\/corporativo.eroski.es\/eu\/2019ko-memoria\/gardentasuna\/","url":"https:\/\/corporativo.eroski.es\/eu\/2019ko-memoria\/gardentasuna\/","name":"Gardentasuna - Eroski Corporativo","isPartOf":{"@id":"https:\/\/corporativo.eroski.es\/eu\/#website"},"datePublished":"2020-06-16T15:32:28+00:00","dateModified":"2020-07-23T10:09:02+00:00","breadcrumb":{"@id":"https:\/\/corporativo.eroski.es\/eu\/2019ko-memoria\/gardentasuna\/#breadcrumb"},"inLanguage":"eu-ES","potentialAction":[{"@type":"ReadAction","target":["https:\/\/corporativo.eroski.es\/eu\/2019ko-memoria\/gardentasuna\/"]}]},{"@type":"BreadcrumbList","@id":"https:\/\/corporativo.eroski.es\/eu\/2019ko-memoria\/gardentasuna\/#breadcrumb","itemListElement":[{"@type":"ListItem","position":1,"name":"Portada","item":"https:\/\/corporativo.eroski.es\/eu\/"},{"@type":"ListItem","position":2,"name":"2019ko Memoria","item":"https:\/\/corporativo.eroski.es\/eu\/2019ko-memoria\/"},{"@type":"ListItem","position":3,"name":"Gardentasuna"}]},{"@type":"WebSite","@id":"https:\/\/corporativo.eroski.es\/eu\/#website","url":"https:\/\/corporativo.eroski.es\/eu\/","name":"Eroski Corporativo","description":"","potentialAction":[{"@type":"SearchAction","target":{"@type":"EntryPoint","urlTemplate":"https:\/\/corporativo.eroski.es\/eu\/?s={search_term_string}"},"query-input":{"@type":"PropertyValueSpecification","valueRequired":true,"valueName":"search_term_string"}}],"inLanguage":"eu-ES"}]}},"_links":{"self":[{"href":"https:\/\/corporativo.eroski.es\/eu\/wp-json\/wp\/v2\/pages\/15027","targetHints":{"allow":["GET"]}}],"collection":[{"href":"https:\/\/corporativo.eroski.es\/eu\/wp-json\/wp\/v2\/pages"}],"about":[{"href":"https:\/\/corporativo.eroski.es\/eu\/wp-json\/wp\/v2\/types\/page"}],"author":[{"embeddable":true,"href":"https:\/\/corporativo.eroski.es\/eu\/wp-json\/wp\/v2\/users\/4"}],"replies":[{"embeddable":true,"href":"https:\/\/corporativo.eroski.es\/eu\/wp-json\/wp\/v2\/comments?post=15027"}],"version-history":[{"count":11,"href":"https:\/\/corporativo.eroski.es\/eu\/wp-json\/wp\/v2\/pages\/15027\/revisions"}],"predecessor-version":[{"id":16073,"href":"https:\/\/corporativo.eroski.es\/eu\/wp-json\/wp\/v2\/pages\/15027\/revisions\/16073"}],"up":[{"embeddable":true,"href":"https:\/\/corporativo.eroski.es\/eu\/wp-json\/wp\/v2\/pages\/12655"}],"wp:attachment":[{"href":"https:\/\/corporativo.eroski.es\/eu\/wp-json\/wp\/v2\/media?parent=15027"}],"curies":[{"name":"wp","href":"https:\/\/api.w.org\/{rel}","templated":true}]}}