{"id":43597,"date":"2019-03-12T14:47:24","date_gmt":"2019-03-12T13:47:24","guid":{"rendered":"https:\/\/corporativo.eroski.es\/mision-y-valores\/"},"modified":"2024-04-04T14:20:01","modified_gmt":"2024-04-04T12:20:01","slug":"mision-y-valores","status":"publish","type":"page","link":"https:\/\/corporativo.eroski.es\/en\/mision-y-valores\/","title":{"rendered":"Mission, vision, and values"},"content":{"rendered":"\n    <header class=\"page-header\">\n        <div>\n             \n                <p>Qui\u00e9nes somos<\/p>\n                        <h1>Mission, vision, and values<\/h1>\n             \n                <div class=\"featured\"><p>At EROSKI, our response to our interest groups\u2019 concerns and expectations is based on accountability and honesty.<\/p><p><\/p><p>We choose accountability because we&#8217;re aware of our business\u2019 impact and we pursue sustainability in everything we do. We accept this commitment because we make the effort to create value and improve our interest groups\u2019 quality of life. And we are defined by honesty, because we believe that transparency generates trust, credibility, and strength.<\/p><\/div>\n                    <\/div>\n        \n<picture class=\"image fullsize\">\n            <source media=\"(min-width: 1801px)\" srcset=\"https:\/\/corporativo.eroski.es\/wp-content\/uploads\/2019\/02\/trabajadora-gorro-delantal-rayas-clientes-mision-valores-eroski.jpg\"\/>\n        <source media=\"(min-width: 1201px)\" srcset=\"https:\/\/corporativo.eroski.es\/wp-content\/uploads\/2019\/02\/trabajadora-gorro-delantal-rayas-clientes-mision-valores-eroski.jpg\"\/>\n        <source media=\"(min-width: 993px)\" srcset=\"https:\/\/corporativo.eroski.es\/wp-content\/uploads\/2019\/02\/trabajadora-gorro-delantal-rayas-clientes-mision-valores-eroski.jpg\"\/>    \n    <source media=\"(min-width: 769px)\" srcset=\"https:\/\/corporativo.eroski.es\/wp-content\/uploads\/2019\/02\/trabajadora-gorro-delantal-rayas-clientes-mision-valores-eroski.jpg\"\/>\n    <source media=\"(min-width: 451px)\" srcset=\"https:\/\/corporativo.eroski.es\/wp-content\/uploads\/2019\/02\/trabajadora-gorro-delantal-rayas-clientes-mision-valores-eroski.jpg\"\/>\n    <source media=\"(min-width: 0)\" srcset=\"https:\/\/corporativo.eroski.es\/wp-content\/uploads\/2019\/02\/trabajadora-gorro-delantal-rayas-clientes-mision-valores-eroski.jpg\"\/>\n            <img decoding=\"async\" srcset=\"https:\/\/corporativo.eroski.es\/wp-content\/uploads\/2019\/02\/trabajadora-gorro-delantal-rayas-clientes-mision-valores-eroski.jpg\" src=\"https:\/\/corporativo.eroski.es\/wp-content\/uploads\/2019\/02\/trabajadora-gorro-delantal-rayas-clientes-mision-valores-eroski.jpg\" alt=\"\" title=\"trabajadora-gorro-delantal-rayas&#8211;clientes-mision-valores-eroski\"\/>\n    <\/picture>    <\/header>\n\n\n<p id=\"mission-video\">Discover the essence of EROSKI in this short video: an overview of our mission and the commitment with which we build our unique and sustainable business model which is close to our community every day. Learn how we do business with you in just one minute.<\/p>\n\n\n\n<br><br>\n\n\n\n<section class=\"video-block video-modal-block\" data-source=\"vimeo\" data-code=\"929805901\">\n  <div>\n     \n        <button class=\"action-video toggle-video-modal\">\n      <span class=\"button-play\">\n        <svg xmlns=\"http:\/\/www.w3.org\/2000\/svg\" xmlns:xlink=\"http:\/\/www.w3.org\/1999\/xlink\" viewBox=\"0 0 64 64\">\r\n<polygon points=\"5.415,1.303 58.584,32 5.415,62.697 \"\/>\r\n<\/svg> \r\n      <\/span>Ver v\u00eddeo\n    <\/button>\n  <\/div>\n  <figure>\n      \n<picture class=\"image fullsize\">\n            <source media=\"(min-width: 1801px)\" srcset=\"https:\/\/corporativo.eroski.es\/wp-content\/uploads\/2024\/04\/eroski-video-mision.jpg\"\/>\n        <source media=\"(min-width: 1201px)\" srcset=\"https:\/\/corporativo.eroski.es\/wp-content\/uploads\/2024\/04\/eroski-video-mision.jpg\"\/>\n        <source media=\"(min-width: 993px)\" srcset=\"https:\/\/corporativo.eroski.es\/wp-content\/uploads\/2024\/04\/eroski-video-mision.jpg\"\/>    \n    <source media=\"(min-width: 769px)\" srcset=\"https:\/\/corporativo.eroski.es\/wp-content\/uploads\/2024\/04\/eroski-video-mision-992x402.jpg\"\/>\n    <source media=\"(min-width: 451px)\" srcset=\"https:\/\/corporativo.eroski.es\/wp-content\/uploads\/2024\/04\/eroski-video-mision-768x312.jpg\"\/>\n    <source media=\"(min-width: 0)\" srcset=\"https:\/\/corporativo.eroski.es\/wp-content\/uploads\/2024\/04\/eroski-video-mision-450x183.jpg, https:\/\/corporativo.eroski.es\/wp-content\/uploads\/2024\/04\/eroski-video-mision-900x365.jpg 2x\"\/>\n            <img decoding=\"async\" srcset=\"https:\/\/corporativo.eroski.es\/wp-content\/uploads\/2024\/04\/eroski-video-mision.jpg\" src=\"https:\/\/corporativo.eroski.es\/wp-content\/uploads\/2024\/04\/eroski-video-mision.jpg\" alt=\"\" title=\"eroski-video-mision\"\/>\n    <\/picture>  <\/figure>\n<\/section>\n\n\n\n\n\n\n\n\n\n  <section class=\"cta-block dark\">\n  <div class=\"cta-description\">\n        <div>\n            <header>\n                <h2>Mission<\/h2>\n            <\/header>\n            <p>We&#8217;re a group of food shops whose fundamental mission is to generate current and future financial results in order to:<br>\u00b7\u00a0\u00a0Create wealth in our environment<br>\u00b7\u00a0\u00a0Satisfy consumers and workers<br>\u00b7\u00a0\u00a0Foster healthy eating habits<br><br>At EROSKI, we are guided by cooperative values and we believe in participative management and work collaboration.<\/p>\n        <\/div>\n        \n        <a target=\"\" href=\"\" class=\"cta-link \">\n                    <span>\n            <svg xmlns=\"http:\/\/www.w3.org\/2000\/svg\" xmlns:xlink=\"http:\/\/www.w3.org\/1999\/xlink\" viewBox=\"0 0 64 64\">\r\n\t<rect x=\"1.501\" y=\"30.999\" width=\"57.663\" height=\"2\"\/>\r\n\t<polygon points=\"48.977,44.574 46.879,42.322 57.984,32.001 46.879,21.677 48.977,19.426 62.499,32.001 \t\t\t\t\"\/>\r\n<\/svg>\r\n          <\/span>\n        <\/a>\n    <\/div>\n    <figure>\n       \n      \n<picture class=\"image \">\n        <source media=\"(min-width: 993px)\" srcset=\"https:\/\/corporativo.eroski.es\/wp-content\/uploads\/2019\/02\/cliente-consumidor-carniceria-trabajadora-compras-mision-valores-eroski.jpg\"\/>    \n    <source media=\"(min-width: 769px)\" srcset=\"https:\/\/corporativo.eroski.es\/wp-content\/uploads\/2019\/02\/cliente-consumidor-carniceria-trabajadora-compras-mision-valores-eroski.jpg\"\/>\n    <source media=\"(min-width: 451px)\" srcset=\"https:\/\/corporativo.eroski.es\/wp-content\/uploads\/2019\/02\/cliente-consumidor-carniceria-trabajadora-compras-mision-valores-eroski.jpg\"\/>\n    <source media=\"(min-width: 0)\" srcset=\"https:\/\/corporativo.eroski.es\/wp-content\/uploads\/2019\/02\/cliente-consumidor-carniceria-trabajadora-compras-mision-valores-eroski.jpg\"\/>\n            <img decoding=\"async\" srcset=\"https:\/\/corporativo.eroski.es\/wp-content\/uploads\/2019\/02\/cliente-consumidor-carniceria-trabajadora-compras-mision-valores-eroski.jpg\" src=\"https:\/\/corporativo.eroski.es\/wp-content\/uploads\/2019\/02\/cliente-consumidor-carniceria-trabajadora-compras-mision-valores-eroski.jpg\" alt=\"Mujer sonrie a empleada en supermercado Eroski\" title=\"cliente-consumidor-carniceria-trabajadora-compras-mision-valores-eroski\"\/>\n    <\/picture>    <\/figure>\n    \n<\/section>\n\n\n\n\n\n\n  <section class=\"cta-block dark\">\n  <div class=\"cta-description\">\n        <div>\n            <header>\n                <h2>Vision<\/h2>\n            <\/header>\n            <p><em><strong>We shall be the preferred shop for consumers, workers, and those around them.<\/strong><\/em><br><br>Because we provide quality products at <strong>good prices<\/strong>, because we foster <strong>healthy, local, and sustainable eating habits<\/strong>; because we offer our <strong>largely female staff an exciting project<\/strong> which at all times shall reflect our <strong>corporate values<\/strong>.<\/p>\n        <\/div>\n        \n        <a target=\"\" href=\"\" class=\"cta-link \">\n                    <span>\n            <svg xmlns=\"http:\/\/www.w3.org\/2000\/svg\" xmlns:xlink=\"http:\/\/www.w3.org\/1999\/xlink\" viewBox=\"0 0 64 64\">\r\n\t<rect x=\"1.501\" y=\"30.999\" width=\"57.663\" height=\"2\"\/>\r\n\t<polygon points=\"48.977,44.574 46.879,42.322 57.984,32.001 46.879,21.677 48.977,19.426 62.499,32.001 \t\t\t\t\"\/>\r\n<\/svg>\r\n          <\/span>\n        <\/a>\n    <\/div>\n    <figure>\n       \n      \n<picture class=\"image \">\n        <source media=\"(min-width: 993px)\" srcset=\"https:\/\/corporativo.eroski.es\/wp-content\/uploads\/2019\/06\/igualdad-trabajdores-comida-eroski.jpg\"\/>    \n    <source media=\"(min-width: 769px)\" srcset=\"https:\/\/corporativo.eroski.es\/wp-content\/uploads\/2019\/06\/igualdad-trabajdores-comida-eroski.jpg\"\/>\n    <source media=\"(min-width: 451px)\" srcset=\"https:\/\/corporativo.eroski.es\/wp-content\/uploads\/2019\/06\/igualdad-trabajdores-comida-eroski.jpg\"\/>\n    <source media=\"(min-width: 0)\" srcset=\"https:\/\/corporativo.eroski.es\/wp-content\/uploads\/2019\/06\/igualdad-trabajdores-comida-eroski.jpg\"\/>\n            <img decoding=\"async\" srcset=\"https:\/\/corporativo.eroski.es\/wp-content\/uploads\/2019\/06\/igualdad-trabajdores-comida-eroski.jpg\" src=\"https:\/\/corporativo.eroski.es\/wp-content\/uploads\/2019\/06\/igualdad-trabajdores-comida-eroski.jpg\" alt=\"\" title=\"igualdad-trabajdores-comida-eroski\"\/>\n    <\/picture>    <\/figure>\n    \n<\/section>\n\n\n\n\n\n<section class=\"features-list\">\n    <div class=\"features-list-wrapper\">\n    <header>\n        <h2 class=\"title\">Values<\/h2>\n    <\/header>\n    <div class=\"features-wrapper\">\n        \n\n<article class=\"feature\">\n        <header>\n            <span class=\"item-number\">1.<\/span>\n            <h4 class=\"title\"><strong>Economic, social, and environmental responsibility:<\/strong> We generate results to sustain the socio-business project and to generate wealth in every environment. We seek an environmentally-sustainable and supportive distribution.<\/h4>\n        <\/header>\n<\/article>\n\n\n<article class=\"feature\">\n        <header>\n            <span class=\"item-number\">2.<\/span>\n            <h4 class=\"title\"><strong>Cooperation: <\/strong>We are owners and protagonists, which means we are working on something that is \u201cour own,\u201d and that we consider that working at EROSKI is a joint project.<\/h4>\n        <\/header>\n<\/article>\n\n\n<article class=\"feature\">\n        <header>\n            <span class=\"item-number\">3.<\/span>\n            <h4 class=\"title\"><strong>Consumer commitment: <\/strong>Committed not only to our Customer-Members, but also to a wider vision of the consumer as a citizen whom we wish to serve and satisfy by offering them good products and prices, listening to them in order to improve.<\/h4>\n        <\/header>\n<\/article>\n\n\n<article class=\"feature\">\n        <header>\n            <span class=\"item-number\">4.<\/span>\n            <h4 class=\"title\"><strong>Participation: <\/strong>It is members\u02bc right and obligation.  It is a commitment to business and social management which means setting high standards for oneself, taking joint responsibility, and seeking out continuous improvement based on self-management.<\/h4>\n        <\/header>\n<\/article>\n\n\n<article class=\"feature\">\n        <header>\n            <span class=\"item-number\">5.<\/span>\n            <h4 class=\"title\"><strong>Trust: <\/strong>We care about relationships based on honesty and simplicity.  Transparency is our way of working together.<\/h4>\n        <\/header>\n<\/article>\n\n\n<article class=\"feature\">\n        <header>\n            <span class=\"item-number\">6.<\/span>\n            <h4 class=\"title\"><strong>Innovation: <\/strong>We believe in being open to change, in constantly seeking improvements, especially in offering customers what they need as a way to progress within the company and in society.<\/h4>\n        <\/header>\n<\/article>\n    <\/div>\n    <\/div>\n<\/section>\n\n","protected":false},"excerpt":{"rendered":"<p>Nuestra misi\u00f3n es escucharte, atenderte y satisfacerte de forma impecable. Queremos que te sientas como en casa cuando nos visites.<\/p>\n","protected":false},"author":1,"featured_media":39441,"parent":0,"menu_order":1,"comment_status":"closed","ping_status":"closed","template":"","meta":{"_acf_changed":false,"footnotes":""},"class_list":["post-43597","page","type-page","status-publish","has-post-thumbnail","hentry"],"acf":[],"yoast_head":"<!-- This site is optimized with the Yoast SEO plugin v24.5 - https:\/\/yoast.com\/wordpress\/plugins\/seo\/ -->\n<title>Mission, vision, and values - Eroski Corporativo<\/title>\n<meta name=\"description\" content=\"Conoce nuestra misi\u00f3n, nuestros valores fundamentales, as\u00ed como los principios b\u00e1sicos de EROSKI, S. Coop.\" \/>\n<meta name=\"robots\" content=\"index, follow, max-snippet:-1, max-image-preview:large, max-video-preview:-1\" \/>\n<link rel=\"canonical\" href=\"https:\/\/corporativo.eroski.es\/en\/mision-y-valores\/\" \/>\n<meta property=\"og:locale\" content=\"en_GB\" \/>\n<meta property=\"og:type\" content=\"article\" \/>\n<meta property=\"og:title\" content=\"Mission, vision, and values - Eroski Corporativo\" \/>\n<meta property=\"og:description\" content=\"Conoce nuestra misi\u00f3n, nuestros valores fundamentales, as\u00ed como los principios b\u00e1sicos de EROSKI, S. Coop.\" \/>\n<meta property=\"og:url\" content=\"https:\/\/corporativo.eroski.es\/en\/mision-y-valores\/\" \/>\n<meta property=\"og:site_name\" content=\"Eroski Corporativo\" \/>\n<meta property=\"article:modified_time\" content=\"2024-04-04T12:20:01+00:00\" \/>\n<meta property=\"og:image\" content=\"https:\/\/corporativo.eroski.es\/wp-content\/uploads\/2019\/02\/trabajadora-gorro-delantal-rayas-clientes-mision-valores-eroski.jpg\" \/>\n\t<meta property=\"og:image:width\" content=\"2400\" \/>\n\t<meta property=\"og:image:height\" content=\"760\" \/>\n\t<meta property=\"og:image:type\" content=\"image\/jpeg\" \/>\n<meta name=\"twitter:card\" content=\"summary_large_image\" \/>\n<script type=\"application\/ld+json\" class=\"yoast-schema-graph\">{\"@context\":\"https:\/\/schema.org\",\"@graph\":[{\"@type\":\"WebPage\",\"@id\":\"https:\/\/corporativo.eroski.es\/en\/mision-y-valores\/\",\"url\":\"https:\/\/corporativo.eroski.es\/en\/mision-y-valores\/\",\"name\":\"Mission, vision, and values - Eroski Corporativo\",\"isPartOf\":{\"@id\":\"https:\/\/corporativo.eroski.es\/en\/#website\"},\"primaryImageOfPage\":{\"@id\":\"https:\/\/corporativo.eroski.es\/en\/mision-y-valores\/#primaryimage\"},\"image\":{\"@id\":\"https:\/\/corporativo.eroski.es\/en\/mision-y-valores\/#primaryimage\"},\"thumbnailUrl\":\"https:\/\/corporativo.eroski.es\/wp-content\/uploads\/2019\/02\/trabajadora-gorro-delantal-rayas-clientes-mision-valores-eroski.jpg\",\"datePublished\":\"2019-03-12T13:47:24+00:00\",\"dateModified\":\"2024-04-04T12:20:01+00:00\",\"description\":\"Conoce nuestra misi\u00f3n, nuestros valores fundamentales, as\u00ed como los principios b\u00e1sicos de EROSKI, S. Coop.\",\"breadcrumb\":{\"@id\":\"https:\/\/corporativo.eroski.es\/en\/mision-y-valores\/#breadcrumb\"},\"inLanguage\":\"en-GB\",\"potentialAction\":[{\"@type\":\"ReadAction\",\"target\":[\"https:\/\/corporativo.eroski.es\/en\/mision-y-valores\/\"]}]},{\"@type\":\"ImageObject\",\"inLanguage\":\"en-GB\",\"@id\":\"https:\/\/corporativo.eroski.es\/en\/mision-y-valores\/#primaryimage\",\"url\":\"https:\/\/corporativo.eroski.es\/wp-content\/uploads\/2019\/02\/trabajadora-gorro-delantal-rayas-clientes-mision-valores-eroski.jpg\",\"contentUrl\":\"https:\/\/corporativo.eroski.es\/wp-content\/uploads\/2019\/02\/trabajadora-gorro-delantal-rayas-clientes-mision-valores-eroski.jpg\",\"width\":2400,\"height\":760},{\"@type\":\"BreadcrumbList\",\"@id\":\"https:\/\/corporativo.eroski.es\/en\/mision-y-valores\/#breadcrumb\",\"itemListElement\":[{\"@type\":\"ListItem\",\"position\":1,\"name\":\"Portada\",\"item\":\"https:\/\/corporativo.eroski.es\/en\/\"},{\"@type\":\"ListItem\",\"position\":2,\"name\":\"Mission, vision, and values\"}]},{\"@type\":\"WebSite\",\"@id\":\"https:\/\/corporativo.eroski.es\/en\/#website\",\"url\":\"https:\/\/corporativo.eroski.es\/en\/\",\"name\":\"Eroski Corporativo\",\"description\":\"\",\"potentialAction\":[{\"@type\":\"SearchAction\",\"target\":{\"@type\":\"EntryPoint\",\"urlTemplate\":\"https:\/\/corporativo.eroski.es\/en\/?s={search_term_string}\"},\"query-input\":{\"@type\":\"PropertyValueSpecification\",\"valueRequired\":true,\"valueName\":\"search_term_string\"}}],\"inLanguage\":\"en-GB\"}]}<\/script>\n<!-- \/ Yoast SEO plugin. -->","yoast_head_json":{"title":"Mission, vision, and values - Eroski Corporativo","description":"Conoce nuestra misi\u00f3n, nuestros valores fundamentales, as\u00ed como los principios b\u00e1sicos de EROSKI, S. Coop.","robots":{"index":"index","follow":"follow","max-snippet":"max-snippet:-1","max-image-preview":"max-image-preview:large","max-video-preview":"max-video-preview:-1"},"canonical":"https:\/\/corporativo.eroski.es\/en\/mision-y-valores\/","og_locale":"en_GB","og_type":"article","og_title":"Mission, vision, and values - Eroski Corporativo","og_description":"Conoce nuestra misi\u00f3n, nuestros valores fundamentales, as\u00ed como los principios b\u00e1sicos de EROSKI, S. Coop.","og_url":"https:\/\/corporativo.eroski.es\/en\/mision-y-valores\/","og_site_name":"Eroski Corporativo","article_modified_time":"2024-04-04T12:20:01+00:00","og_image":[{"width":2400,"height":760,"url":"https:\/\/corporativo.eroski.es\/wp-content\/uploads\/2019\/02\/trabajadora-gorro-delantal-rayas-clientes-mision-valores-eroski.jpg","type":"image\/jpeg"}],"twitter_card":"summary_large_image","schema":{"@context":"https:\/\/schema.org","@graph":[{"@type":"WebPage","@id":"https:\/\/corporativo.eroski.es\/en\/mision-y-valores\/","url":"https:\/\/corporativo.eroski.es\/en\/mision-y-valores\/","name":"Mission, vision, and values - Eroski Corporativo","isPartOf":{"@id":"https:\/\/corporativo.eroski.es\/en\/#website"},"primaryImageOfPage":{"@id":"https:\/\/corporativo.eroski.es\/en\/mision-y-valores\/#primaryimage"},"image":{"@id":"https:\/\/corporativo.eroski.es\/en\/mision-y-valores\/#primaryimage"},"thumbnailUrl":"https:\/\/corporativo.eroski.es\/wp-content\/uploads\/2019\/02\/trabajadora-gorro-delantal-rayas-clientes-mision-valores-eroski.jpg","datePublished":"2019-03-12T13:47:24+00:00","dateModified":"2024-04-04T12:20:01+00:00","description":"Conoce nuestra misi\u00f3n, nuestros valores fundamentales, as\u00ed como los principios b\u00e1sicos de EROSKI, S. Coop.","breadcrumb":{"@id":"https:\/\/corporativo.eroski.es\/en\/mision-y-valores\/#breadcrumb"},"inLanguage":"en-GB","potentialAction":[{"@type":"ReadAction","target":["https:\/\/corporativo.eroski.es\/en\/mision-y-valores\/"]}]},{"@type":"ImageObject","inLanguage":"en-GB","@id":"https:\/\/corporativo.eroski.es\/en\/mision-y-valores\/#primaryimage","url":"https:\/\/corporativo.eroski.es\/wp-content\/uploads\/2019\/02\/trabajadora-gorro-delantal-rayas-clientes-mision-valores-eroski.jpg","contentUrl":"https:\/\/corporativo.eroski.es\/wp-content\/uploads\/2019\/02\/trabajadora-gorro-delantal-rayas-clientes-mision-valores-eroski.jpg","width":2400,"height":760},{"@type":"BreadcrumbList","@id":"https:\/\/corporativo.eroski.es\/en\/mision-y-valores\/#breadcrumb","itemListElement":[{"@type":"ListItem","position":1,"name":"Portada","item":"https:\/\/corporativo.eroski.es\/en\/"},{"@type":"ListItem","position":2,"name":"Mission, vision, and values"}]},{"@type":"WebSite","@id":"https:\/\/corporativo.eroski.es\/en\/#website","url":"https:\/\/corporativo.eroski.es\/en\/","name":"Eroski Corporativo","description":"","potentialAction":[{"@type":"SearchAction","target":{"@type":"EntryPoint","urlTemplate":"https:\/\/corporativo.eroski.es\/en\/?s={search_term_string}"},"query-input":{"@type":"PropertyValueSpecification","valueRequired":true,"valueName":"search_term_string"}}],"inLanguage":"en-GB"}]}},"_links":{"self":[{"href":"https:\/\/corporativo.eroski.es\/en\/wp-json\/wp\/v2\/pages\/43597","targetHints":{"allow":["GET"]}}],"collection":[{"href":"https:\/\/corporativo.eroski.es\/en\/wp-json\/wp\/v2\/pages"}],"about":[{"href":"https:\/\/corporativo.eroski.es\/en\/wp-json\/wp\/v2\/types\/page"}],"author":[{"embeddable":true,"href":"https:\/\/corporativo.eroski.es\/en\/wp-json\/wp\/v2\/users\/1"}],"replies":[{"embeddable":true,"href":"https:\/\/corporativo.eroski.es\/en\/wp-json\/wp\/v2\/comments?post=43597"}],"version-history":[{"count":4,"href":"https:\/\/corporativo.eroski.es\/en\/wp-json\/wp\/v2\/pages\/43597\/revisions"}],"predecessor-version":[{"id":43919,"href":"https:\/\/corporativo.eroski.es\/en\/wp-json\/wp\/v2\/pages\/43597\/revisions\/43919"}],"wp:featuredmedia":[{"embeddable":true,"href":"https:\/\/corporativo.eroski.es\/en\/wp-json\/wp\/v2\/media\/39441"}],"wp:attachment":[{"href":"https:\/\/corporativo.eroski.es\/en\/wp-json\/wp\/v2\/media?parent=43597"}],"curies":[{"name":"wp","href":"https:\/\/api.w.org\/{rel}","templated":true}]}}