{"id":7593,"date":"2019-07-08T11:53:33","date_gmt":"2019-07-08T11:53:33","guid":{"rendered":"https:\/\/corporativo.eroski.es\/?page_id=7593"},"modified":"2019-07-10T06:01:53","modified_gmt":"2019-07-10T06:01:53","slug":"eroski","status":"publish","type":"page","link":"https:\/\/corporativo.eroski.es\/ca\/memoria-2018\/eroski\/","title":{"rendered":"EROSKI"},"content":{"rendered":"<div id=\"pl-7593\"  class=\"panel-layout\" ><div id=\"pg-7593-0\"  class=\"panel-grid panel-no-style\" ><div id=\"pgc-7593-0-0\"  class=\"panel-grid-cell\" ><div id=\"panel-7593-0-0-0\" class=\"widget_text so-panel widget widget_custom_html panel-first-child\" data-index=\"0\" ><div class=\"textwidget custom-html-widget\"><style>\n\n\th3.title2 {\n\t\tfont-size: 26px;\n\t}\n\th4.title3 {\n    font-size: 23px;\n    font-weight: bold;\n    \/* color: #3b3b3b; *\/\n    border-bottom: 1px solid #3b3b3b;\n    padding-bottom: 20px;\n    margin-bottom: 30px;\n\t}\n\thr {\n    color: #f2f2f2;\n    margin-top: 2rem;\n    margin-bottom: 2rem;\n\t}\n\t.memoria-section-collapsible .container>header {\n\t\tcolor: #c80b0e !important;\n\t}\n\t.memoria-section-collapsible .container>header .icon-collapse svg {\n\t\tfill: #c80b0e !important;\n\t}\n\t.so-widget-memoria-section-collapsible-default-d75171398898 .col-md-7.col-lg-6 {\n\t\t\t-webkit-box-flex: 0;\n\t\t\t-ms-flex: 0 0 100%;\n\t\t\tflex: 0 0 100%;\n\t\t\tmax-width: 100%;\n\t}\n\t\/*\n\t.stats-list {\n\t\tdisplay: flex;\n    margin: 0;\n    padding: 0;\n    padding-left: 0px !important;\n\t\tmargin-top: 40px;\n\t}\n  .stats-list li {\n   \tborder: 1px solid #d72a30;\n\t\tpadding: 0px;\n\t\tmin-height: 175px;\n    max-width: initial !important;\n\t\tjustify-content: center;\n    align-items: center;\n    display: flex;\n\t\tmargin-left: 5px;\n    margin-right: 5px;\n  }\n\t.stats-list>li>a {\n    display: block;\n    text-align: center;\n    overflow: hidden;\n    height: 100%;\n    justify-content: center;\n    align-items: center;\n    display: flex;\n}\n\t\n\t*\/\n\t.stats-list {\t\t\n    margin: 0;\n    padding: 0;\n    padding-left: 0px !important;\t\t\n\t\tmargin-bottom: 5rem;\n\t}\n\t\n\th2.title {\n\t\tfont-size: 2.8rem;\n    line-height: 45px;\n    color: #c80b0e;\n    margin-bottom: 30px;\t\n\t}\n\tp.destacat {\n\t\t\tfont-size: 22px;\n\t\t\tline-height: 32px;\n\t\t\tmargin-top: 5rem;\n\t\t\tmargin-bottom: 5rem;\n\t}\n\t.toggle-menu-memoria  {\n\t\tdisplay: block;\n\t}\n\t.memoria-wrapper {\n\t\tpadding: 0;\n\t}\n\t.top-portada {\n\t\tbackground-size: cover;\n\t    background-repeat: no-repeat;\n\t    height: 500px;\n\t    background-position: center;\n\t    position: relative;\n\t}\n\t.square-1 {\n\t\tposition: absolute;\n\t    left: 0;\n\t    bottom: 0;\n\t    width: 100%;\n\t    margin-left: 0px;\n\t    background: rgba(200, 11, 14, 0.75);\n\t    padding: 30px;\n\t    color: #fff;\n\t}\n\t.square-1 h4 {\n\t\t   font-weight: 500;\n\t    font-size: 20px;\n\t}\n\t.square-1 h3 {\n\t\t  font-size: 30px;\n\t    margin-bottom: 10px;\n\t}\n\t.square-2 {\nposition: absolute;\n    left: 50%;\n    bottom: 0;\n    width: 280px;\n    background: rgba(255,255,255,0.8);\n    height: 90px;\n    display: flex;\n    align-items: center;\n    justify-content: center;\n    font-size: 16px;\n    margin-left: 60px;\n\t}\n\t\n\t\t.cartas-background {\n\t\tdisplay: flex;\n\t}\n\t.cartas-image {\n\t\tbackground-image: url(https:\/\/corporativo.eroski.es\/wp-content\/uploads\/2019\/05\/compromiso.jpg);\n\t    width: 75%;\n\t    background-size: cover;\n\t    background-position: center;\n\t    height: 450px;\n\t}\n\t.cartas-content {\n\t    background-color: #c80b0e;\n\t    width: 25%;\n\t    display: flex;\n\t    flex-direction: column;\n\t    \n\t}\n\t.cartas-persona {\n\t\tpadding: 20px;\n\t\theight: 50%;\n\t\tcolor: #fff;\n\t\tposition: relative;\n\t\tborder-bottom: 1px solid #fff;\n\t}\n\t.cartas-persona a {\n\t\tcolor: #fff;\n\t\tposition: absolute;\n\t\tbottom: 20px;\n\t\tleft: 20px;\n\t}\n\t.cartas-persona h5 {\n\t\tmargin-bottom: 10px;\n\t}\n\t\n\t\n\t.memoria-summary-stats {\n        background-image: none !important;\n    }\n    .memoria-summary-stats-inner {\n        display: block !important;\n    }\n\n    .memoria-summary-stats .memoria-summary-stats-inner header {\n        width: 100%;\n        max-width: 100%;\n        color: #000;\n        margin-bottom: 20px;\n    }\n\n    .stats-list li a {\n\t\t\tcolor: #FFF;\n    }\n    .stats-list li {\n        background: #e64636;\n\t\t\t\tpadding: 70px 20px;\n        max-width: initial !important;\n    }\n\n    .stats-list li:nth-child(1) {\n        background: #e64636;\n    }\n    \n    .stats-list li:nth-child(2) {\n        background: #e21924;\n    }\n\n    .stats-list li:nth-child(3) {\n        background: #c8191e\n    }\n    \n    .stats-list li:nth-child(4) {\n        background: #e64636;\n    }\n\n    .memoria-summary-stats .memoria-summary-stats-inner header .link-arrow {\n        margin-top: 0;\n\n    }\n\n    .memoria-summary-stats-inner h2 {\n\n    }\n\n    .memoria-summary-stats .memoria-summary-stats-inner header .link-arrow span {\n        color: #000;\n    }\n\n    .memoria-summary-stats .memoria-summary-stats-inner header .link-arrow svg {\n        fill: #000;\n    }\n\t\n\t.stats-list svg {\n    margin: auto;\n    height: auto;\n    margin-bottom: 0px;\n    fill: #FFF;\n    margin-top: 10px;  \n\t}\n\t\n\t@media (max-width: 768px) {\n\t\t.cartas-image\t{\n\t\t\twidth: 65%;\n\t\t}\n\t\t.cartas-content {\n\t\t\twidth: 35%;\n\t\t}\n\t\t.square-1 {\n\t\t\twidth: 260px;\n\t\t\tmargin-left: -130px;\n\t\t\tpadding: 20px;\n\t\t}\n\t\t.square-1 h3 {\n\t\t\tfont-size: 30px;\n\t\t}\n\t\t\n\t\t.square-1 h4 {\n\t\t\tfont-size: 16px;\n\t\t}\n\t\t.square-2 {\n\t\t\tfont-size: 15px;\n\t\t\tmargin-left: 40px;\n\t\t\twidth: 180px;\n\t\t}\n\t\t.square-2 .link-arrow svg {\n\t\t\tdisplay: none;\n\t\t}\n\t}\n\t\n\t@media (max-width: 575px) {\n\t\t\n\t\t.cartas-background {\n\t\t\tdisplay: block;\n\t\t}\n\t\t\n\t\t.cartas-image {\n\t\t\twidth: 100%;\n\t\t\theight: 300px;\n\t\t}\n\t\t.cartas-content {\n\t\t\tflex-direction: row;\n    \twidth: 100%;\n\t\t}\n\t\t.cartas-persona {\n\t\t\t   border-right: 1px solid #fff;\n\t\t    width: 50%;\n\t\t\theight: 235px;\n\t\t}\n\t\t\n\t\t.square-2 {\n\t\t\tfont-size: 15px;\n    \tmargin-left: -130px;\n    \twidth: 260px;\n    \theight: 50px;\n\t\t}\n\t\t.square-1 {\n\t\t\t   width: 260px;\n\t    margin-left: -130px;\n  \t  padding: 20px;\n\t\t\tbottom: 50px;\n\t\t}\n\t}\t\n\t\n<\/style><\/div><\/div><div id=\"panel-7593-0-0-1\" class=\"widget_text so-panel widget widget_custom_html\" data-index=\"1\" ><div class=\"textwidget custom-html-widget\"><div class=\"top-portada\" style=\"background-image: url('\/wp-content\/uploads\/2019\/06\/carros-eroski.jpg')\">\n\t<div class=\"container\" style=\"position:relative; height: 100%; width: 100%;\">\t\t\n\t\t<div class=\"square-1\">\n\t\t\t<h3>EROSKI<\/h3>\n\t\t<\/div>\t\t\t\n\t<\/div>\n<\/div><\/div><\/div><div id=\"panel-7593-0-0-2\" class=\"widget_text so-panel widget widget_custom_html\" data-index=\"2\" ><div class=\"textwidget custom-html-widget\"><div class=\"container\">\n\t<p class=\"destacat\">\n\tEROSKI \u00e9s el primer grup de distribuci\u00f3 minorista de bens i serveis de gran consum de car\u00e0cter cooperatiu d\u2019Espanya i \u00e9s operador de refer\u00e8ncia a les regions de Gal\u00edcia, el Pa\u00eds Basc, Navarra, Catalunya i les Balears. La societat matriu del grup \u00e9s la cooperativa de consum EROSKI S. Coop., la qual reuneix en si una triple condici\u00f3: \u00e9s una empresa de distribuci\u00f3, una organitzaci\u00f3 de consumidors i un projecte cooperatiu en el qual les persones consumidores i treballadores comparteixen protagonisme i sobirania.\n\t<\/p>\n<\/div>\n<\/div><\/div><div id=\"panel-7593-0-0-3\" class=\"widget_text so-panel widget widget_custom_html\" data-index=\"3\" ><div class=\"textwidget custom-html-widget\"><div class=\"container\">\n\t\n\t<ul class=\"stats-list\">\n  \t<li>\n\t\t\t<a href=\"\/wp-content\/uploads\/2019\/07\/1_Cap01_ModelEmpresaSingular.pdf\" target=\"_blank\"><p class=\"text\">Model d\u2019empresa singular<\/p>\n\t\t\t\n\t\t\t\t<span class=\"link-arrow\"><svg xmlns=\"http:\/\/www.w3.org\/2000\/svg\" xmlns:xlink=\"http:\/\/www.w3.org\/1999\/xlink\" viewBox=\"0 0 64 64\"><rect x=\"1.501\" y=\"30.999\" width=\"57.663\" height=\"2\"><\/rect><polygon points=\"48.977,44.574 46.879,42.322 57.984,32.001 46.879,21.677 48.977,19.426 62.499,32.001\"><\/polygon><\/svg><\/span>\n\t\t\t<\/a>\n    <\/li>\n\t\t<li>\n\t\t\t<a href=\"\/wp-content\/uploads\/2019\/07\/2_Cap01_MissioVisioValors.pdf\" target=\"_blank\"><p class=\"text\">Missi\u00f3, visi\u00f3 i valors<\/p><span class=\"link-arrow\"><svg xmlns=\"http:\/\/www.w3.org\/2000\/svg\" xmlns:xlink=\"http:\/\/www.w3.org\/1999\/xlink\" viewBox=\"0 0 64 64\"><rect x=\"1.501\" y=\"30.999\" width=\"57.663\" height=\"2\"><\/rect><polygon points=\"48.977,44.574 46.879,42.322 57.984,32.001 46.879,21.677 48.977,19.426 62.499,32.001\"><\/polygon><\/svg><\/span><\/a>\n    <\/li>\n\t\t<li>\n\t\t\t<a href=\"\/wp-content\/uploads\/2019\/07\/3_Cap01_Govern.pdf\" target=\"_blank\"><p class=\"text\">Govern<\/p><span class=\"link-arrow\"><svg xmlns=\"http:\/\/www.w3.org\/2000\/svg\" xmlns:xlink=\"http:\/\/www.w3.org\/1999\/xlink\" viewBox=\"0 0 64 64\"><rect x=\"1.501\" y=\"30.999\" width=\"57.663\" height=\"2\"><\/rect><polygon points=\"48.977,44.574 46.879,42.322 57.984,32.001 46.879,21.677 48.977,19.426 62.499,32.001\"><\/polygon><\/svg><\/span><\/a>\n    <\/li>\n\t\t<li>\n\t\t\t<a href=\"\/wp-content\/uploads\/2019\/07\/4_Cap01_Pertinenc\u0327aAssociacions.pdf\" target=\"_blank\"><p class=\"text\">Pertinen\u00e7a a associacions<\/p><span class=\"link-arrow\"><svg xmlns=\"http:\/\/www.w3.org\/2000\/svg\" xmlns:xlink=\"http:\/\/www.w3.org\/1999\/xlink\" viewBox=\"0 0 64 64\"><rect x=\"1.501\" y=\"30.999\" width=\"57.663\" height=\"2\"><\/rect><polygon points=\"48.977,44.574 46.879,42.322 57.984,32.001 46.879,21.677 48.977,19.426 62.499,32.001\"><\/polygon><\/svg><\/span><\/a>\n    <\/li>\n  <\/ul>\n\t\t\n<\/div><\/div><\/div><div id=\"panel-7593-0-0-4\" class=\"widget_text so-panel widget widget_custom_html\" data-index=\"4\" ><div class=\"textwidget custom-html-widget\"><section class=\"intro-content\">\n<div class=\"container\">\n\t\n\t<h2 class=\"title\">La nostra riquesa \u00e9s tamb\u00e9 la de l\u2019entorn<\/h2>\n\n\t<p>EROSKI no nom\u00e9s reparteix els beneficis generats mitjan\u00e7ant l\u2019activitat empresarial entre les S\u00f2cies i Socis Treballadors de la cooperativa i amb la resta de les societats del grup, sin\u00f3 que, a m\u00e9s a m\u00e9s, genera riquesa directament als diferents actors de la cadena de valor.<\/p>\t\n\t<img decoding=\"async\" src=\"\/wp-content\/uploads\/2019\/07\/grafica-1.png\">\t\n\t<hr>\n\t<img decoding=\"async\" src=\"\/wp-content\/uploads\/2019\/07\/grafica-2.png\">\t\n<\/div>\n\t\n\t<br><br>\n\n<\/section><\/div><\/div><div id=\"panel-7593-0-0-5\" class=\"so-panel widget widget_memoria-section-collapsible\" data-index=\"5\" ><div class=\"so-widget-memoria-section-collapsible so-widget-memoria-section-collapsible-default-d75171398898\">\n\n\t<section class=\"memoria-section-collapsible collapsible\">\n\t<div class=\"container\">\n\t\t<header class=\"collapsible-handler\">\n\t\t\t<h3>Desenvolupament econ\u00f2mic<\/h3>\n\t\t\t<a class=\"icon-collapse\"><svg xmlns=\"http:\/\/www.w3.org\/2000\/svg\" width=\"24\" height=\"24\" viewBox=\"0 0 24 24\">\n    <path d=\"M16.59 8.59L12 13.17 7.41 8.59 6 10l6 6 6-6z\"\/>\n    <path d=\"M0 0h24v24H0z\" fill=\"none\"\/>\n<\/svg>\n<\/a>\n\t\t<\/header>\n\t\t<div class=\"collapsible-content\">\n\t\t\t<div class=\"row\">\n\t\t\t\t<div class=\"col-md-7 col-lg-6\">\n\t\t\t\t\t<img decoding=\"async\" style=\"max-width:100%; height: auto;\" src=\"\/wp-content\/uploads\/2019\/07\/desenvolupament-economic.jpg\"  \/>\t\t\t\t\t\t\t\t\t<\/div>\n\t\t\t\t<div class=\"col-md-5\">\n\t\t\t\t\t\t\t\t\t<\/div>\n\t\t\t<\/div>\n\t\t\t\t\t\t\t\t<\/div>\n\t\t\n\t<\/div>\t\n<\/section>\n<\/div><\/div><div id=\"panel-7593-0-0-6\" class=\"so-panel widget widget_separator\" data-index=\"6\" ><div class=\"so-widget-separator so-widget-separator-default-d75171398898\">\n<div class=\"separator vs-small\"><\/div><\/div><\/div><div id=\"panel-7593-0-0-7\" class=\"widget_text so-panel widget widget_custom_html\" data-index=\"7\" ><div class=\"textwidget custom-html-widget\"><section class=\"intro-content\">\n<div class=\"container\">\n\t\n\t<h2 class=\"title\">Comprom\u00eds amb la salut i la sostenibilitat<\/h2>\n\n\t<div class=\"row\">\n\t\t\n\t<div class=\"col-md-10\">\n\t\t<p>\n\t\t\tEROSKI, des del seu naixement fa cinquanta anys, ha mantingut el comprom\u00eds amb una alimentaci\u00f3 de qualitat, augmentant constantment les exig\u00e8ncies per oferir un producte sostenible i capa\u00e7 de satisfer les necessitats dels consumidors. EROSKI considera que la botiga \u00e9s el lloc idoni des del qual impulsar una bona alimentaci\u00f3, m\u00e9s saludable i m\u00e9s respectuosa amb l\u2019entorn. De manera que el 2018 hem publicat els 10 Compromisos d\u2019EROSKI per la Salut i la Sostenibilitat. Aquests compromisos, definits amb la col\u00b7laboraci\u00f3 de m\u00e9s de 7.800 persones, ens marquen el cam\u00ed dels propers anys, amb un full de ruta per avan\u00e7ar el all\u00f2 que de veritat els importa tant als consumidors com a la societat. <br><br>\n\t\t\t\n\t\t\t<a href=\"https:\/\/www.eroski.es\/salud-y-sostenibilidad\/\" target=\"_blank\"><span class=\"link-arrow\"><span>M\u00e9s informaci\u00f3<\/span><svg xmlns=\"http:\/\/www.w3.org\/2000\/svg\" xmlns:xlink=\"http:\/\/www.w3.org\/1999\/xlink\" viewBox=\"0 0 64 64\"><rect x=\"1.501\" y=\"30.999\" width=\"57.663\" height=\"2\"><\/rect><polygon points=\"48.977,44.574 46.879,42.322 57.984,32.001 46.879,21.677 48.977,19.426 62.499,32.001\"><\/polygon><\/svg><\/span><\/a>\n\t\t<\/p>\n\t<\/div>\n\t\n\t<div class=\"col-md-2\">\n\t\t\t<img decoding=\"async\" src=\"\/wp-content\/uploads\/2019\/06\/logo-compromisos-1.jpg\">\n\t<\/div>\n\t\n\t<\/div>\n\t\n\t\t<h3 class=\"title2\">\n\t\tEROSKI amb els Objectius de Desenvolupament Sostenible\n\t<\/h3>\n\t<p>\t\t\nEn un context en el qual els impactes de la nostra activitat arriben a una dimensi\u00f3 no nom\u00e9s local sin\u00f3 tamb\u00e9 global, creiem que \u00e9s important alinear els nostres compromisos amb els 17 Objectius de Desenvolupament Sostenible (ODS) aprovats el 2015 per les Nacions Unides. \n\t<\/p>\n\t\n<\/div>\n\t\n\n\n<\/section><\/div><\/div><div id=\"panel-7593-0-0-8\" class=\"widget_text so-panel widget widget_custom_html\" data-index=\"8\" ><div class=\"textwidget custom-html-widget\"><div class=\"container\">\n\t\n\t<h4 class=\"title3\">Relaci\u00f3 dels continguts de la mem\u00f2ria amb els compromisos i els ODS<\/h4>\n\t\t\n\t<img decoding=\"async\" src=\"\/wp-content\/uploads\/2019\/07\/ods.png\">\n<\/div><\/div><\/div><div id=\"panel-7593-0-0-9\" class=\"widget_text so-panel widget widget_custom_html panel-last-child\" data-index=\"9\" ><div class=\"textwidget custom-html-widget\"><div class=\"container\">\n  <div class=\"download-section\">\n\t\t<a target=\"_blank\" href=\"\/wp-content\/uploads\/2019\/07\/Cap01_Complet_EROSKI.pdf\" class=\"link-archive\"><span>Descarregar cap\u00edtol 1. EROSKI<\/span><svg xmlns=\"http:\/\/www.w3.org\/2000\/svg\" xmlns:xlink=\"http:\/\/www.w3.org\/1999\/xlink\" viewBox=\"0 0 64 64\">\n\t\t<g class=\"arrow\">\n\t\t\t<rect x=\"30.775\" y=\"3.222\" fill=\"#1E1E1C\" width=\"2.451\" height=\"45.957\"><\/rect>\n\t\t\t<polygon fill=\"#1E1E1C\" points=\"21.979,41.058 23.773,39.387 31.999,48.238 40.227,39.387 42.021,41.058 31.999,51.836\"><\/polygon>\t\t\t\n\t\t<\/g>\n\t\t<rect x=\"5.154\" y=\"58.328\" fill=\"#1E1E1C\" width=\"53.691\" height=\"2.45\"><\/rect>\n\t<\/svg>\n\t<\/a>\n<\/div>\n<\/div><\/div><\/div><\/div><\/div><\/div>","protected":false},"excerpt":{"rendered":"<p>EROSKI EROSKI \u00e9s el primer grup de distribuci\u00f3 minorista de bens i serveis de gran consum de car\u00e0cter cooperatiu d\u2019Espanya i \u00e9s operador de refer\u00e8ncia a les regions de Gal\u00edcia, el Pa\u00eds Basc, Navarra, Catalunya i les Balears. La societat matriu del grup \u00e9s la cooperativa de consum EROSKI S. Coop., la qual reuneix en [&hellip;]<\/p>\n","protected":false},"author":4,"featured_media":0,"parent":9796,"menu_order":0,"comment_status":"closed","ping_status":"closed","template":"memoria.php","meta":{"_acf_changed":false,"footnotes":""},"class_list":["post-7593","page","type-page","status-publish","hentry"],"acf":[],"yoast_head":"<!-- This site is optimized with the Yoast SEO plugin v24.5 - https:\/\/yoast.com\/wordpress\/plugins\/seo\/ -->\n<title>EROSKI - Eroski Corporativo<\/title>\n<meta name=\"robots\" content=\"index, follow, max-snippet:-1, max-image-preview:large, max-video-preview:-1\" \/>\n<link rel=\"canonical\" href=\"https:\/\/corporativo.eroski.es\/ca\/memoria-2018\/eroski\/\" \/>\n<meta property=\"og:locale\" content=\"ca_ES\" \/>\n<meta property=\"og:type\" content=\"article\" \/>\n<meta property=\"og:title\" content=\"EROSKI - Eroski Corporativo\" \/>\n<meta property=\"og:description\" content=\"EROSKI EROSKI \u00e9s el primer grup de distribuci\u00f3 minorista de bens i serveis de gran consum de car\u00e0cter cooperatiu d\u2019Espanya i \u00e9s operador de refer\u00e8ncia a les regions de Gal\u00edcia, el Pa\u00eds Basc, Navarra, Catalunya i les Balears. La societat matriu del grup \u00e9s la cooperativa de consum EROSKI S. Coop., la qual reuneix en [&hellip;]\" \/>\n<meta property=\"og:url\" content=\"https:\/\/corporativo.eroski.es\/ca\/memoria-2018\/eroski\/\" \/>\n<meta property=\"og:site_name\" content=\"Eroski Corporativo\" \/>\n<meta property=\"article:modified_time\" content=\"2019-07-10T06:01:53+00:00\" \/>\n<meta name=\"twitter:card\" content=\"summary_large_image\" \/>\n<script type=\"application\/ld+json\" class=\"yoast-schema-graph\">{\"@context\":\"https:\/\/schema.org\",\"@graph\":[{\"@type\":\"WebPage\",\"@id\":\"https:\/\/corporativo.eroski.es\/ca\/memoria-2018\/eroski\/\",\"url\":\"https:\/\/corporativo.eroski.es\/ca\/memoria-2018\/eroski\/\",\"name\":\"EROSKI - Eroski Corporativo\",\"isPartOf\":{\"@id\":\"https:\/\/corporativo.eroski.es\/ca\/#website\"},\"datePublished\":\"2019-07-08T11:53:33+00:00\",\"dateModified\":\"2019-07-10T06:01:53+00:00\",\"breadcrumb\":{\"@id\":\"https:\/\/corporativo.eroski.es\/ca\/memoria-2018\/eroski\/#breadcrumb\"},\"inLanguage\":\"ca-ES\",\"potentialAction\":[{\"@type\":\"ReadAction\",\"target\":[\"https:\/\/corporativo.eroski.es\/ca\/memoria-2018\/eroski\/\"]}]},{\"@type\":\"BreadcrumbList\",\"@id\":\"https:\/\/corporativo.eroski.es\/ca\/memoria-2018\/eroski\/#breadcrumb\",\"itemListElement\":[{\"@type\":\"ListItem\",\"position\":1,\"name\":\"Portada\",\"item\":\"https:\/\/corporativo.eroski.es\/ca\/\"},{\"@type\":\"ListItem\",\"position\":2,\"name\":\"Memoria 2018\",\"item\":\"https:\/\/corporativo.eroski.es\/ca\/memoria-2018\/\"},{\"@type\":\"ListItem\",\"position\":3,\"name\":\"EROSKI\"}]},{\"@type\":\"WebSite\",\"@id\":\"https:\/\/corporativo.eroski.es\/ca\/#website\",\"url\":\"https:\/\/corporativo.eroski.es\/ca\/\",\"name\":\"Eroski Corporativo\",\"description\":\"\",\"potentialAction\":[{\"@type\":\"SearchAction\",\"target\":{\"@type\":\"EntryPoint\",\"urlTemplate\":\"https:\/\/corporativo.eroski.es\/ca\/?s={search_term_string}\"},\"query-input\":{\"@type\":\"PropertyValueSpecification\",\"valueRequired\":true,\"valueName\":\"search_term_string\"}}],\"inLanguage\":\"ca-ES\"}]}<\/script>\n<!-- \/ Yoast SEO plugin. -->","yoast_head_json":{"title":"EROSKI - Eroski Corporativo","robots":{"index":"index","follow":"follow","max-snippet":"max-snippet:-1","max-image-preview":"max-image-preview:large","max-video-preview":"max-video-preview:-1"},"canonical":"https:\/\/corporativo.eroski.es\/ca\/memoria-2018\/eroski\/","og_locale":"ca_ES","og_type":"article","og_title":"EROSKI - Eroski Corporativo","og_description":"EROSKI EROSKI \u00e9s el primer grup de distribuci\u00f3 minorista de bens i serveis de gran consum de car\u00e0cter cooperatiu d\u2019Espanya i \u00e9s operador de refer\u00e8ncia a les regions de Gal\u00edcia, el Pa\u00eds Basc, Navarra, Catalunya i les Balears. La societat matriu del grup \u00e9s la cooperativa de consum EROSKI S. Coop., la qual reuneix en [&hellip;]","og_url":"https:\/\/corporativo.eroski.es\/ca\/memoria-2018\/eroski\/","og_site_name":"Eroski Corporativo","article_modified_time":"2019-07-10T06:01:53+00:00","twitter_card":"summary_large_image","schema":{"@context":"https:\/\/schema.org","@graph":[{"@type":"WebPage","@id":"https:\/\/corporativo.eroski.es\/ca\/memoria-2018\/eroski\/","url":"https:\/\/corporativo.eroski.es\/ca\/memoria-2018\/eroski\/","name":"EROSKI - Eroski Corporativo","isPartOf":{"@id":"https:\/\/corporativo.eroski.es\/ca\/#website"},"datePublished":"2019-07-08T11:53:33+00:00","dateModified":"2019-07-10T06:01:53+00:00","breadcrumb":{"@id":"https:\/\/corporativo.eroski.es\/ca\/memoria-2018\/eroski\/#breadcrumb"},"inLanguage":"ca-ES","potentialAction":[{"@type":"ReadAction","target":["https:\/\/corporativo.eroski.es\/ca\/memoria-2018\/eroski\/"]}]},{"@type":"BreadcrumbList","@id":"https:\/\/corporativo.eroski.es\/ca\/memoria-2018\/eroski\/#breadcrumb","itemListElement":[{"@type":"ListItem","position":1,"name":"Portada","item":"https:\/\/corporativo.eroski.es\/ca\/"},{"@type":"ListItem","position":2,"name":"Memoria 2018","item":"https:\/\/corporativo.eroski.es\/ca\/memoria-2018\/"},{"@type":"ListItem","position":3,"name":"EROSKI"}]},{"@type":"WebSite","@id":"https:\/\/corporativo.eroski.es\/ca\/#website","url":"https:\/\/corporativo.eroski.es\/ca\/","name":"Eroski Corporativo","description":"","potentialAction":[{"@type":"SearchAction","target":{"@type":"EntryPoint","urlTemplate":"https:\/\/corporativo.eroski.es\/ca\/?s={search_term_string}"},"query-input":{"@type":"PropertyValueSpecification","valueRequired":true,"valueName":"search_term_string"}}],"inLanguage":"ca-ES"}]}},"_links":{"self":[{"href":"https:\/\/corporativo.eroski.es\/ca\/wp-json\/wp\/v2\/pages\/7593","targetHints":{"allow":["GET"]}}],"collection":[{"href":"https:\/\/corporativo.eroski.es\/ca\/wp-json\/wp\/v2\/pages"}],"about":[{"href":"https:\/\/corporativo.eroski.es\/ca\/wp-json\/wp\/v2\/types\/page"}],"author":[{"embeddable":true,"href":"https:\/\/corporativo.eroski.es\/ca\/wp-json\/wp\/v2\/users\/4"}],"replies":[{"embeddable":true,"href":"https:\/\/corporativo.eroski.es\/ca\/wp-json\/wp\/v2\/comments?post=7593"}],"version-history":[{"count":22,"href":"https:\/\/corporativo.eroski.es\/ca\/wp-json\/wp\/v2\/pages\/7593\/revisions"}],"predecessor-version":[{"id":10458,"href":"https:\/\/corporativo.eroski.es\/ca\/wp-json\/wp\/v2\/pages\/7593\/revisions\/10458"}],"up":[{"embeddable":true,"href":"https:\/\/corporativo.eroski.es\/ca\/wp-json\/wp\/v2\/pages\/9796"}],"wp:attachment":[{"href":"https:\/\/corporativo.eroski.es\/ca\/wp-json\/wp\/v2\/media?parent=7593"}],"curies":[{"name":"wp","href":"https:\/\/api.w.org\/{rel}","templated":true}]}}