{"id":50492,"date":"2025-05-16T13:00:21","date_gmt":"2025-05-16T11:00:21","guid":{"rendered":"https:\/\/corporativo.eroski.es\/memoria-2024-2\/"},"modified":"2025-05-23T10:27:43","modified_gmt":"2025-05-23T08:27:43","slug":"memoria-2024","status":"publish","type":"page","link":"https:\/\/corporativo.eroski.es\/ca\/memoria-2024\/","title":{"rendered":"Mem\u00f2ria 2024"},"content":{"rendered":"<div id=\"pl-50492\"  class=\"panel-layout\" ><div id=\"pg-50492-0\"  class=\"panel-grid panel-no-style\" ><div id=\"pgc-50492-0-0\"  class=\"panel-grid-cell\" ><div id=\"panel-50492-0-0-0\" class=\"widget_text so-panel widget widget_custom_html panel-first-child\" data-index=\"0\" ><div class=\"textwidget custom-html-widget\"><style>\t\n.toggle-menu-memoria  {\n\t\tdisplay:none;\n\t    z-index: 99999;\n\t}\n\t.memoria-wrapper {\n\t\tpadding: 0;\n\t}\n\t.top-portada {\n\t\tbackground-size: cover;\n\t    background-repeat: no-repeat;\n\t    height: 500px;\n\t    background-position: center;\n\t    position: relative;\n\t}\n\t.square-1 {\n\t\tposition: absolute;\n\t    left: 50%;\n\t    bottom: 0;\n\t    width: 400px;\n\t    margin-left: -200px;\n\t    background: rgba(222, 23, 25, 0.75);\n\t    padding: 30px;\n\t    color: #fff;\n\t}\n\t.square-1 h4 {\n\t\t   font-weight: 500;\n\t    font-size: 20px;\n\t}\n\t.square-1 h3 {\n\t\t  font-size: 30px;\n\t    margin-bottom: 10px;\n\t}\n\t.square-2 {\nposition: absolute;\n    left: 50%;\n    bottom: 0;\n    width: 280px;\n    background: rgba(255,255,255,0.8);\n    height: 90px;\n    display: flex;\n    align-items: center;\n    justify-content: center;\n    font-size: 16px;\n    margin-left: 60px;\n\t}\n\t\n\t\t.cartas-background {\n\t\tdisplay: flex;\n\t}\n\t.cartas-image {\n\t\tbackground-image: url(https:\/\/corporativo.eroski.es\/wp-content\/uploads\/2019\/05\/compromiso.jpg);\n\t    width: 75%;\n\t    background-size: cover;\n\t    background-position: center;\n\t    height: 450px;\n\t}\n\t.cartas-content {\n\t    background-color: #d72a30;\n\t    width: 25%;\n\t    display: flex;\n\t    flex-direction: column;\n\t    \n\t}\n\t.cartas-persona {\n\t\tpadding: 20px;\n\t\theight: 50%;\n\t\tcolor: #fff;\n\t\tposition: relative;\n\t\tborder-bottom: 1px solid #fff;\n\t}\n\t.cartas-persona a {\n\t\tcolor: #fff;\n\t\tposition: absolute;\n\t\tbottom: 20px;\n\t\tleft: 20px;\n\t}\n\t.cartas-persona h5 {\n\t\tmargin-bottom: 10px;\n\t}\n\t\n\t\n\t.memoria-summary-stats {\n        background-image: none !important;\n    }\n    .memoria-summary-stats-inner {\n        display: block !important;\n    }\n\n    .memoria-summary-stats .memoria-summary-stats-inner header {\n        width: 100%;\n        max-width: 100%;\n        color: #000;\n        margin-bottom: 20px;\n    }\n\n    .stats-list {\n\n    }\n    .stats-list li {\n        background: #00a0e0;\n\t\t\t\tpadding: 70px 20px;\n        max-width: initial !important;\n    }\n\n    .stats-list li:nth-child(1) {\n        background: #de171a;\n    }\n    \n    .stats-list li:nth-child(2) {\n        background: #438b37;\n    }\n\n    .stats-list li:nth-child(3) {\n        background: #d73532\n    }\n    \n    .stats-list li:nth-child(4) {\n        background: #009edf;\n    }\n\n    .memoria-summary-stats .memoria-summary-stats-inner header .link-arrow {\n        margin-top: 0;\n\n    }\n\n    .memoria-summary-stats-inner h2 {\n\n    }\n\n    .memoria-summary-stats .memoria-summary-stats-inner header .link-arrow span {\n        color: #000;\n    }\n\n    .memoria-summary-stats .memoria-summary-stats-inner header .link-arrow svg {\n        fill: #000;\n    }\n\t\n\t.stats-list svg {\n\t\tmargin: auto;\n    height: 80px;\n    margin-bottom: 30px;\n\t}\n\t\n\t@media (max-width: 768px) {\n\t\t.toggle-menu-memoria  {\n\t\t\tz-index: 9;\n\t\t}\n\t\t.cartas-image\t{\n\t\t\twidth: 65%;\n\t\t}\n\t\t.cartas-content {\n\t\t\twidth: 35%;\n\t\t}\n\t\t.square-1 {\n\t\t\twidth: 260px;\n\t\t\tmargin-left: -130px;\n\t\t\tpadding: 20px;\n\t\t}\n\t\t.square-1 h3 {\n\t\t\tfont-size: 30px;\n\t\t}\n\t\t\n\t\t.square-1 h4 {\n\t\t\tfont-size: 16px;\n\t\t}\n\t\t.square-2 {\n\t\t\tfont-size: 15px;\n\t\t\tmargin-left: 40px;\n\t\t\twidth: 180px;\n\t\t}\n\t\t.square-2 .link-arrow svg {\n\t\t\tdisplay: none;\n\t\t}\n\t}\n\t\n\t@media (max-width: 575px) {\n\t\t\n\t\t.cartas-background {\n\t\t\tdisplay: block;\n\t\t}\n\t\t\n\t\t.cartas-image {\n\t\t\twidth: 100%;\n\t\t\theight: 300px;\n\t\t}\n\t\t.cartas-content {\n\t\t\tflex-direction: row;\n    \twidth: 100%;\n\t\t}\n\t\t.cartas-persona {\n\t\t\t   border-right: 1px solid #fff;\n\t\t    width: 50%;\n\t\t\theight: 235px;\n\t\t}\n\t\t\n\t\t.square-2 {\n\t\t\tfont-size: 15px;\n    \tmargin-left: -130px;\n    \twidth: 260px;\n    \theight: 50px;\n\t\t}\n\t\t.square-1 {\n\t\t\t   width: 260px;\n\t    margin-left: -130px;\n  \t  padding: 20px;\n\t\t\tbottom: 50px;\n\t\t}\n\t}\n<\/style><\/div><\/div><div id=\"panel-50492-0-0-1\" class=\"widget_text so-panel widget widget_custom_html\" data-index=\"1\" ><div class=\"textwidget custom-html-widget\"><div class=\"top-portada\" style=\"background-image: url('\/wp-content\/uploads\/2025\/05\/EROSKI-memoria-2024-1-scaled.jpg')\">\n\n\t<div class=\"square-1\">\n\t\t<h3>Mem\u00f2ria<br>2024<\/h3>\n\t\t<h4>EROSKI,<br>avancem amb tu.<\/h4>\n\t<\/div>\n\t<div class=\"square-2\">\n\t\t<a target=\"_blank\" href=\"https:\/\/indd.adobe.com\/view\/e4e003e2-2604-45fa-9272-c98ad2851164\">\n\t\t\t<span class=\"link-arrow\">Dades rellevants 2024\n\t\t\t\t<svg xmlns=\"http:\/\/www.w3.org\/2000\/svg\" xmlns:xlink=\"http:\/\/www.w3.org\/1999\/xlink\" viewBox=\"0 0 64 64\">\n\t\t\t\t\t<rect x=\"1.501\" y=\"30.999\" width=\"57.663\" height=\"2\"><\/rect>\n\t\t\t\t\t<polygon points=\"48.977,44.574 46.879,42.322 57.984,32.001 46.879,21.677 48.977,19.426 62.499,32.001\"><\/polygon>\n\t\t\t\t<\/svg>\n\t\t\t<\/span>\n\t\t<\/a>\n\t<\/div>\n<\/div><\/div><\/div><div id=\"panel-50492-0-0-2\" class=\"widget_text so-panel widget widget_custom_html panel-last-child\" data-index=\"2\" ><div class=\"textwidget custom-html-widget\"><style>\n\t.descarga_documentos{\n\t    display: flex;\n\t\tjustify-content: flex-end;\n\t\tpadding: 30px 0;\n\t}\n\t.descarga {\n\t\tmax-width: min-content;\n\t\ttext-align: center;\n\t\tpadding: 5px;\n\t}\n\t.descarga svg{\n\t\tmargin-top: 10px;\n\t}\n\t.descarga p{\n\t\tfont-family: \"Roboto\",Arial;\n\t\tfont-size: 14px;\n\t\tline-height: initial;\n\t\tmargin-bottom: 0;\n\t}\n@media (max-width: 1024px){\t\n\t.descarga_documentos{\n\t\tmargin-top: 0;\n\t}\n}\n<\/style>\n\n\n<div class=\"container\">\n\t<div class=\"descarga_documentos\">\n\t\t<div class=\"descarga\">\n\t\t\t<a target=\"_blank\" href=\"http:\/\/corporativo.eroski.es\/wp-content\/uploads\/memorias-2024\/eroski-memoria-corporativa-2024-CAT.pdf\">\n\t\t\t\t<p>Descarregar <strong>Mem\u00f2ria<\/strong><\/p>\n\t\t\t\t<img loading=\"lazy\" decoding=\"async\" width=\"47\" height=\"51\" src=\"\/wp-content\/uploads\/2023\/04\/0_Descarga.svg\">\n\t\t\t<\/a>\n\t\t<\/div>\n\t\t<div class=\"descarga\">\n\t\t\t<a target=\"_blank\" href=\"https:\/\/corporativo.eroski.es\/wp-content\/uploads\/einf\/EInf-2024_cast.pdf\">\n\t\t\t\t<p>Descarregar <strong>EINF<\/strong><\/p>\n\t\t\t\t<img loading=\"lazy\" decoding=\"async\" width=\"47\" height=\"51\" src=\"\/wp-content\/uploads\/2023\/04\/0_Descarga.svg\">\n\t\t\t<\/a>\n\t\t<\/div>\n\t<\/div>\n<\/div><\/div><\/div><\/div><\/div><\/div>","protected":false},"excerpt":{"rendered":"<p>Mem\u00f2ria2024 EROSKI,avancem amb tu. Dades rellevants 2024 Descarregar Mem\u00f2ria Descarregar EINF<\/p>\n","protected":false},"author":1,"featured_media":0,"parent":0,"menu_order":0,"comment_status":"closed","ping_status":"closed","template":"memoria.php","meta":{"_acf_changed":false,"footnotes":""},"class_list":["post-50492","page","type-page","status-publish","hentry"],"acf":[],"yoast_head":"<!-- This site is optimized with the Yoast SEO plugin v24.5 - https:\/\/yoast.com\/wordpress\/plugins\/seo\/ -->\n<title>Mem\u00f2ria 2024 - Eroski Corporativo<\/title>\n<meta name=\"robots\" content=\"index, follow, max-snippet:-1, max-image-preview:large, max-video-preview:-1\" \/>\n<link rel=\"canonical\" href=\"https:\/\/corporativo.eroski.es\/ca\/memoria-2024\/\" \/>\n<meta property=\"og:locale\" content=\"ca_ES\" \/>\n<meta property=\"og:type\" content=\"article\" \/>\n<meta property=\"og:title\" content=\"Mem\u00f2ria 2024 - Eroski Corporativo\" \/>\n<meta property=\"og:description\" content=\"Mem\u00f2ria2024 EROSKI,avancem amb tu. Dades rellevants 2024 Descarregar Mem\u00f2ria Descarregar EINF\" \/>\n<meta property=\"og:url\" content=\"https:\/\/corporativo.eroski.es\/ca\/memoria-2024\/\" \/>\n<meta property=\"og:site_name\" content=\"Eroski Corporativo\" \/>\n<meta property=\"article:modified_time\" content=\"2025-05-23T08:27:43+00:00\" \/>\n<meta name=\"twitter:card\" content=\"summary_large_image\" \/>\n<meta name=\"twitter:label1\" content=\"Est. reading time\" \/>\n\t<meta name=\"twitter:data1\" content=\"2 minutes\" \/>\n<script type=\"application\/ld+json\" class=\"yoast-schema-graph\">{\"@context\":\"https:\/\/schema.org\",\"@graph\":[{\"@type\":\"WebPage\",\"@id\":\"https:\/\/corporativo.eroski.es\/ca\/memoria-2024\/\",\"url\":\"https:\/\/corporativo.eroski.es\/ca\/memoria-2024\/\",\"name\":\"Mem\u00f2ria 2024 - Eroski Corporativo\",\"isPartOf\":{\"@id\":\"https:\/\/corporativo.eroski.es\/ca\/#website\"},\"datePublished\":\"2025-05-16T11:00:21+00:00\",\"dateModified\":\"2025-05-23T08:27:43+00:00\",\"breadcrumb\":{\"@id\":\"https:\/\/corporativo.eroski.es\/ca\/memoria-2024\/#breadcrumb\"},\"inLanguage\":\"ca-ES\",\"potentialAction\":[{\"@type\":\"ReadAction\",\"target\":[\"https:\/\/corporativo.eroski.es\/ca\/memoria-2024\/\"]}]},{\"@type\":\"BreadcrumbList\",\"@id\":\"https:\/\/corporativo.eroski.es\/ca\/memoria-2024\/#breadcrumb\",\"itemListElement\":[{\"@type\":\"ListItem\",\"position\":1,\"name\":\"Portada\",\"item\":\"https:\/\/corporativo.eroski.es\/ca\/\"},{\"@type\":\"ListItem\",\"position\":2,\"name\":\"Mem\u00f2ria 2024\"}]},{\"@type\":\"WebSite\",\"@id\":\"https:\/\/corporativo.eroski.es\/ca\/#website\",\"url\":\"https:\/\/corporativo.eroski.es\/ca\/\",\"name\":\"Eroski Corporativo\",\"description\":\"\",\"potentialAction\":[{\"@type\":\"SearchAction\",\"target\":{\"@type\":\"EntryPoint\",\"urlTemplate\":\"https:\/\/corporativo.eroski.es\/ca\/?s={search_term_string}\"},\"query-input\":{\"@type\":\"PropertyValueSpecification\",\"valueRequired\":true,\"valueName\":\"search_term_string\"}}],\"inLanguage\":\"ca-ES\"}]}<\/script>\n<!-- \/ Yoast SEO plugin. -->","yoast_head_json":{"title":"Mem\u00f2ria 2024 - Eroski Corporativo","robots":{"index":"index","follow":"follow","max-snippet":"max-snippet:-1","max-image-preview":"max-image-preview:large","max-video-preview":"max-video-preview:-1"},"canonical":"https:\/\/corporativo.eroski.es\/ca\/memoria-2024\/","og_locale":"ca_ES","og_type":"article","og_title":"Mem\u00f2ria 2024 - Eroski Corporativo","og_description":"Mem\u00f2ria2024 EROSKI,avancem amb tu. Dades rellevants 2024 Descarregar Mem\u00f2ria Descarregar EINF","og_url":"https:\/\/corporativo.eroski.es\/ca\/memoria-2024\/","og_site_name":"Eroski Corporativo","article_modified_time":"2025-05-23T08:27:43+00:00","twitter_card":"summary_large_image","twitter_misc":{"Est. reading time":"2 minutes"},"schema":{"@context":"https:\/\/schema.org","@graph":[{"@type":"WebPage","@id":"https:\/\/corporativo.eroski.es\/ca\/memoria-2024\/","url":"https:\/\/corporativo.eroski.es\/ca\/memoria-2024\/","name":"Mem\u00f2ria 2024 - Eroski Corporativo","isPartOf":{"@id":"https:\/\/corporativo.eroski.es\/ca\/#website"},"datePublished":"2025-05-16T11:00:21+00:00","dateModified":"2025-05-23T08:27:43+00:00","breadcrumb":{"@id":"https:\/\/corporativo.eroski.es\/ca\/memoria-2024\/#breadcrumb"},"inLanguage":"ca-ES","potentialAction":[{"@type":"ReadAction","target":["https:\/\/corporativo.eroski.es\/ca\/memoria-2024\/"]}]},{"@type":"BreadcrumbList","@id":"https:\/\/corporativo.eroski.es\/ca\/memoria-2024\/#breadcrumb","itemListElement":[{"@type":"ListItem","position":1,"name":"Portada","item":"https:\/\/corporativo.eroski.es\/ca\/"},{"@type":"ListItem","position":2,"name":"Mem\u00f2ria 2024"}]},{"@type":"WebSite","@id":"https:\/\/corporativo.eroski.es\/ca\/#website","url":"https:\/\/corporativo.eroski.es\/ca\/","name":"Eroski Corporativo","description":"","potentialAction":[{"@type":"SearchAction","target":{"@type":"EntryPoint","urlTemplate":"https:\/\/corporativo.eroski.es\/ca\/?s={search_term_string}"},"query-input":{"@type":"PropertyValueSpecification","valueRequired":true,"valueName":"search_term_string"}}],"inLanguage":"ca-ES"}]}},"_links":{"self":[{"href":"https:\/\/corporativo.eroski.es\/ca\/wp-json\/wp\/v2\/pages\/50492","targetHints":{"allow":["GET"]}}],"collection":[{"href":"https:\/\/corporativo.eroski.es\/ca\/wp-json\/wp\/v2\/pages"}],"about":[{"href":"https:\/\/corporativo.eroski.es\/ca\/wp-json\/wp\/v2\/types\/page"}],"author":[{"embeddable":true,"href":"https:\/\/corporativo.eroski.es\/ca\/wp-json\/wp\/v2\/users\/1"}],"replies":[{"embeddable":true,"href":"https:\/\/corporativo.eroski.es\/ca\/wp-json\/wp\/v2\/comments?post=50492"}],"version-history":[{"count":3,"href":"https:\/\/corporativo.eroski.es\/ca\/wp-json\/wp\/v2\/pages\/50492\/revisions"}],"predecessor-version":[{"id":50516,"href":"https:\/\/corporativo.eroski.es\/ca\/wp-json\/wp\/v2\/pages\/50492\/revisions\/50516"}],"wp:attachment":[{"href":"https:\/\/corporativo.eroski.es\/ca\/wp-json\/wp\/v2\/media?parent=50492"}],"curies":[{"name":"wp","href":"https:\/\/api.w.org\/{rel}","templated":true}]}}