{"id":4896,"date":"2018-05-25T14:02:28","date_gmt":"2018-05-25T14:02:28","guid":{"rendered":"https:\/\/corporativo.eroski.es\/memoria-2017\/transformacion-social\/"},"modified":"2019-03-21T15:55:04","modified_gmt":"2019-03-21T15:55:04","slug":"transformacio-social","status":"publish","type":"page","link":"https:\/\/corporativo.eroski.es\/ca\/memoria-2017\/transformacio-social\/","title":{"rendered":"Transformaci\u00f3 social"},"content":{"rendered":"<div id=\"pl-1568\"  class=\"panel-layout\" >\n<div id=\"pg-1568-0\"  class=\"panel-grid panel-no-style\" >\n<div id=\"pgc-1568-0-0\"  class=\"panel-grid-cell\"  data-weight=\"1\" >\n<div id=\"panel-1568-0-0-0\" class=\"so-panel widget widget_memoria-section-collapsible panel-first-child\" data-index=\"0\" data-style=\"{&quot;background_image_attachment&quot;:false,&quot;background_display&quot;:&quot;tile&quot;}\" data-label=\"Informaci\u00f3n al consumidor\" ><div class=\"so-widget-memoria-section-collapsible so-widget-memoria-section-collapsible-default-d75171398898\">\n\n\t<section class=\"memoria-section-collapsible collapsible expanded-on-load expand\">\n\t<div class=\"container\">\n\t\t<header class=\"collapsible-handler\">\n\t\t\t<h3>Informaci\u00f3 al consumidor<\/h3>\n\t\t\t<a class=\"icon-collapse\"><svg xmlns=\"http:\/\/www.w3.org\/2000\/svg\" width=\"24\" height=\"24\" viewBox=\"0 0 24 24\">\n    <path d=\"M16.59 8.59L12 13.17 7.41 8.59 6 10l6 6 6-6z\"\/>\n    <path d=\"M0 0h24v24H0z\" fill=\"none\"\/>\n<\/svg>\n<\/a>\n\t\t<\/header>\n\t\t<div class=\"collapsible-content\">\n\t\t\t<div class=\"row\">\n\t\t\t\t<div class=\"col-md-7 col-lg-6\">\n\t\t\t\t\t<p class=\"p1\"><span class=\"s1\">Amb un tiratge de 1.200.000 exemplars, EROSKI Consumer \u00e9s un canal de comunicaci\u00f3 que pret\u00e9n formar i informar el consumidor en temes associats amb l\u2019alimentaci\u00f3, la seguretat aliment\u00e0ria, la salut, el medi ambient i la solidaritat, entre d\u2019altres. A trav\u00e9s de les guies de compra i els temes de recerca, es faciliten les dades necess\u00e0ries per encertar a les decisions de compra. <\/span><\/p>\n<p class=\"p1\">De manera paral\u00b7lela, la revista publica diverses guies amb l\u2019objectiu d\u2019ajudar el consumidor a encertar en la compra. L\u2019any passat van tractar temes com els guisats envasats, els olis de taula, les salses de tom\u00e0quet, els calamars, el pop i els calamarsets envasats, les llavors, les cerveses, el pa de motlle o els llagostins.<\/p>\n<p class=\"p1\">Els informes de recerca, d\u2019altra banda, van tractar sobre assumptes com la despesa en alimentaci\u00f3, les deixalles marines, el consum responsable, els productes ecol\u00f2gics, els trastorns de l\u2019alimentaci\u00f3, les vacunes, el sucre o l\u2019economia de la llar, entre d\u2019altres.<\/p>\n\t\t\t\t\t\t\t\t\t<\/div>\n\t\t\t\t<div class=\"col-md-5\">\n\t\t\t\t\t\t\t\t\t<\/div>\n\t\t\t<\/div>\n\t\t\t\t\t\t\t\t\t\t<div class=\"row sub-section\">\n\t\t\t\t\t<div class=\"col-md-7 col-lg-6\">\n\t\t\t\t\t\t<header>\n\t\t\t\t\t\t\t<h4>Revista EROSKI CONSUMER<\/h4>\n\t\t\t\t\t\t<\/header>\n\t\t\t\t\t\t<p class=\"p1\"><span class=\"s1\">Amb un tiratge de 1.200.000 exemplars, EROSKI Consumer \u00e9s un canal de comunicaci\u00f3 que pret\u00e9n formar i informar el consumidor en temes associats amb l\u2019alimentaci\u00f3, la seguretat aliment\u00e0ria, la salut, el medi ambient i la solidaritat, entre d\u2019altres. A trav\u00e9s de les guies de compra i els temes de recerca, es faciliten les dades necess\u00e0ries per encertar a les decisions de compra. <\/span><\/p>\n<p class=\"p1\">De manera paral\u00b7lela, la revista publica diverses guies amb l\u2019objectiu d\u2019ajudar el consumidor a encertar en la compra. L\u2019any passat van tractar temes com els guisats envasats, els olis de taula, les salses de tom\u00e0quet, els calamars, el pop i els calamarsets envasats, les llavors, les cerveses, el pa de motlle o els llagostins.<\/p>\n<p class=\"p1\">Els informes de recerca, d\u2019altra banda, van tractar sobre assumptes com la despesa en alimentaci\u00f3, les deixalles marines, el consum responsable, els productes ecol\u00f2gics, els trastorns de l\u2019alimentaci\u00f3, les vacunes, el sucre o l\u2019economia de la llar, entre d\u2019altres.<\/p>\n\t\t\t\t\t<\/div>\n\t\t\t\t\t<div class=\"col-md-5 col-lg-6\">\n\t\t\t\t\t\t\t\t\t\t\t\t\t<figure>\n\t\t\t\t\t\t\t\t<img loading=\"lazy\" decoding=\"async\" width=\"570\" height=\"384\" src=\"https:\/\/corporativo.eroski.es\/wp-content\/uploads\/2018\/05\/revista_eroski_consumer.jpg\" class=\"attachment-full size-full\" alt=\"Portadas Revista Eroski Consumer\" \/>\t\t\t\t\t\t\t<\/figure>\n\t\t\t\t\t\t\t\t\t\t\t<\/div>\n\t\t\t\t<\/div>\n\t\t\t\t\t\t\t<div class=\"row sub-section\">\n\t\t\t\t\t<div class=\"col-md-7 col-lg-6\">\n\t\t\t\t\t\t<header>\n\t\t\t\t\t\t\t<h4>CONSUMER.ES<\/h4>\n\t\t\t\t\t\t<\/header>\n\t\t\t\t\t\t<p class=\"p1\">El nostre portal d\u2019informaci\u00f3 al consumidor CONSUMER.ES rep 60 milions de visites a l\u2019any.<\/p>\n<p class=\"p1\">Alimentaci\u00f3, Nad\u00f3, Salut i Seguretat Aliment\u00e0ria i Mascotes s\u00f3n les secciones m\u00e9s visitades. M\u00e9s de 260.000 persones estan inscrites als nostres butlletins informatius.<\/p>\n\t\t\t\t\t<\/div>\n\t\t\t\t\t<div class=\"col-md-5 col-lg-6\">\n\t\t\t\t\t\t\t\t\t\t\t\t\t<figure>\n\t\t\t\t\t\t\t\t<img loading=\"lazy\" decoding=\"async\" width=\"570\" height=\"383\" src=\"https:\/\/corporativo.eroski.es\/wp-content\/uploads\/2018\/05\/consumer_es.jpg\" class=\"attachment-full size-full\" alt=\"App M\u00f3vil Eroski Consumer Recetas\" \/>\t\t\t\t\t\t\t<\/figure>\n\t\t\t\t\t\t\t\t\t\t\t<\/div>\n\t\t\t\t<\/div>\n\t\t\t\t\t<\/div>\n\t\t\n\t<\/div>\t\n<\/section>\n<\/div><\/div>\n<div id=\"panel-1568-0-0-1\" class=\"so-panel widget widget_memoria-section-collapsible\" data-index=\"1\" data-style=\"{&quot;background_image_attachment&quot;:false,&quot;background_display&quot;:&quot;tile&quot;}\" data-label=\"Alimentaci\u00f3n saludable\" ><div class=\"so-widget-memoria-section-collapsible so-widget-memoria-section-collapsible-default-d75171398898\">\n\n\t<section class=\"memoria-section-collapsible collapsible\">\n\t<div class=\"container\">\n\t\t<header class=\"collapsible-handler\">\n\t\t\t<h3><\/h3>\n\t\t\t<a class=\"icon-collapse\"><svg xmlns=\"http:\/\/www.w3.org\/2000\/svg\" width=\"24\" height=\"24\" viewBox=\"0 0 24 24\">\n    <path d=\"M16.59 8.59L12 13.17 7.41 8.59 6 10l6 6 6-6z\"\/>\n    <path d=\"M0 0h24v24H0z\" fill=\"none\"\/>\n<\/svg>\n<\/a>\n\t\t<\/header>\n\t\t<div class=\"collapsible-content\">\n\t\t\t<div class=\"row\">\n\t\t\t\t<div class=\"col-md-7 col-lg-6\">\n\t\t\t\t\t\t\t\t\t\t\t\t\t\t<\/div>\n\t\t\t\t<div class=\"col-md-5\">\n\t\t\t\t\t\t\t\t\t<\/div>\n\t\t\t<\/div>\n\t\t\t\t\t\t\t\t<\/div>\n\t\t\n\t<\/div>\t\n<\/section>\n<\/div><\/div>\n<div id=\"panel-1568-0-0-2\" class=\"so-panel widget widget_memoria-section-collapsible\" data-index=\"2\" data-style=\"{&quot;background_image_attachment&quot;:false,&quot;background_display&quot;:&quot;tile&quot;}\" data-label=\"Sostenibilidad\" ><div class=\"so-widget-memoria-section-collapsible so-widget-memoria-section-collapsible-default-d75171398898\">\n\n\t<section class=\"memoria-section-collapsible collapsible\">\n\t<div class=\"container\">\n\t\t<header class=\"collapsible-handler\">\n\t\t\t<h3><\/h3>\n\t\t\t<a class=\"icon-collapse\"><svg xmlns=\"http:\/\/www.w3.org\/2000\/svg\" width=\"24\" height=\"24\" viewBox=\"0 0 24 24\">\n    <path d=\"M16.59 8.59L12 13.17 7.41 8.59 6 10l6 6 6-6z\"\/>\n    <path d=\"M0 0h24v24H0z\" fill=\"none\"\/>\n<\/svg>\n<\/a>\n\t\t<\/header>\n\t\t<div class=\"collapsible-content\">\n\t\t\t<div class=\"row\">\n\t\t\t\t<div class=\"col-md-7 col-lg-6\">\n\t\t\t\t\t\t\t\t\t\t\t\t\t\t<\/div>\n\t\t\t\t<div class=\"col-md-5\">\n\t\t\t\t\t\t\t\t\t<\/div>\n\t\t\t<\/div>\n\t\t\t\t\t\t\t\t<\/div>\n\t\t\n\t<\/div>\t\n<\/section>\n<\/div><\/div>\n<div id=\"panel-1568-0-0-3\" class=\"so-panel widget widget_memoria-section-collapsible panel-last-child\" data-index=\"3\" data-style=\"{&quot;background_image_attachment&quot;:false,&quot;background_display&quot;:&quot;tile&quot;}\" data-label=\"Gesti\u00f3n \u00c9tica y Transparencia\" ><div class=\"so-widget-memoria-section-collapsible so-widget-memoria-section-collapsible-default-d75171398898\">\n\n\t<section class=\"memoria-section-collapsible collapsible\">\n\t<div class=\"container\">\n\t\t<header class=\"collapsible-handler\">\n\t\t\t<h3>Gesti\u00f3 \u00e8tica i transpar\u00e8ncia<\/h3>\n\t\t\t<a class=\"icon-collapse\"><svg xmlns=\"http:\/\/www.w3.org\/2000\/svg\" width=\"24\" height=\"24\" viewBox=\"0 0 24 24\">\n    <path d=\"M16.59 8.59L12 13.17 7.41 8.59 6 10l6 6 6-6z\"\/>\n    <path d=\"M0 0h24v24H0z\" fill=\"none\"\/>\n<\/svg>\n<\/a>\n\t\t<\/header>\n\t\t<div class=\"collapsible-content\">\n\t\t\t<div class=\"row\">\n\t\t\t\t<div class=\"col-md-7 col-lg-6\">\n\t\t\t\t\t\t\t\t\t\t\t\t\t\t<\/div>\n\t\t\t\t<div class=\"col-md-5\">\n\t\t\t\t\t\t\t\t\t<\/div>\n\t\t\t<\/div>\n\t\t\t\t\t\t\t\t\t\t<div class=\"row sub-section\">\n\t\t\t\t\t<div class=\"col-md-7 col-lg-6\">\n\t\t\t\t\t\t<header>\n\t\t\t\t\t\t\t<h4>Codi \u00e8tic<\/h4>\n\t\t\t\t\t\t<\/header>\n\t\t\t\t\t\t<p class=\"p1\">El nostre codi \u00e8tic \u00e9s l\u2019eix de la gesti\u00f3 di\u00e0ria, que a la pr\u00e0ctica es correspon amb les l\u00ednies d\u2019actuaci\u00f3 seg\u00fcents:<\/p>\n\n<ol>\n \t<li class=\"p2\"><span class=\"s1\"><b>INCLOURE<\/b><\/span> la gesti\u00f3 \u00e8tica entre els objectius principals\nde la direcci\u00f3.<\/li>\n \t<li class=\"p2\"><span class=\"s1\"><b>ASSUMIR i CONTRIBUIR<\/b><\/span> a la millora cont\u00ednua dels nivells de responsabilitat social recollits en la legislaci\u00f3.<\/li>\n \t<li class=\"p2\"><span class=\"s1\"><b>VERIFICAR<\/b><\/span> a trav\u00e9s d\u2019indicadors la conducta \u00e8tica de l\u2019organitzaci\u00f3 per definir les \u00e0rees d\u2019activitat que necessiten millores.<\/li>\n \t<li class=\"p2\"><span class=\"s1\"><b>FIXAR OBJECTIUS<\/b><\/span> de millora en la gesti\u00f3 \u00e8tica, i elaborar i adoptar plans per aconseguir-los.<\/li>\n \t<li class=\"p2\"><span class=\"s1\"><b>FORMAR I INFORMAR<\/b><\/span> adequadament totes les persones involucrades en l\u2019aplicaci\u00f3 del sistema de gesti\u00f3 i promoure l\u2019adopci\u00f3 de bones pr\u00e0ctiques de responsabilitat social.<\/li>\n \t<li class=\"p2\"><span class=\"s1\"><b>INFORMAR <\/b><\/span>adequadament els prove\u00efdors i subcontractistes sobre el codi \u00e8tic adoptat, i crear mecanismes per a la transfer\u00e8ncia del coneixement sobre la responsabilitat social.<\/li>\n \t<li class=\"p2\"><span class=\"s1\"><b>ATENDRE<\/b><\/span> les parts interessades externes (consumidors, comunitats de ve\u00efns, Administraci\u00f3, clients, prove\u00efdors, etc.) en tant que s\u2019interessen pel nostre comportament social.<\/li>\n \t<li class=\"p2\"><span class=\"s1\"><b>COMUNICAR<\/b><\/span> a la societat obertament i efica\u00e7ment el seu codi,\nles seves normes i el compliment dels seus objectius.<\/li>\n<\/ol>\t\t\t\t\t<\/div>\n\t\t\t\t\t<div class=\"col-md-5 col-lg-6\">\n\t\t\t\t\t\t\t\t\t\t\t<\/div>\n\t\t\t\t<\/div>\n\t\t\t\t\t<\/div>\n\t\t\n\t<\/div>\t\n<\/section>\n<\/div><\/div>\n<\/div>\n<\/div>\n<\/div>\n","protected":false},"excerpt":{"rendered":"","protected":false},"author":1,"featured_media":0,"parent":2277,"menu_order":0,"comment_status":"closed","ping_status":"closed","template":"memoria.php","meta":{"_acf_changed":false,"footnotes":""},"class_list":["post-4896","page","type-page","status-publish","hentry"],"acf":[],"yoast_head":"<!-- This site is optimized with the Yoast SEO plugin v24.5 - https:\/\/yoast.com\/wordpress\/plugins\/seo\/ -->\n<title>Transformaci\u00f3 social - Eroski Corporativo<\/title>\n<meta name=\"description\" content=\"La transdormaci\u00f3n social de EROSKI implica decisiones relacionadas con la alimentaci\u00f3n saludable, la sostenibilidad y la gesti\u00f3n \u00e9tica y transparente.\" \/>\n<meta name=\"robots\" content=\"index, follow, max-snippet:-1, max-image-preview:large, max-video-preview:-1\" \/>\n<link rel=\"canonical\" href=\"https:\/\/corporativo.eroski.es\/ca\/memoria-2017\/transformacio-social\/\" \/>\n<meta property=\"og:locale\" content=\"ca_ES\" \/>\n<meta property=\"og:type\" content=\"article\" \/>\n<meta property=\"og:title\" content=\"Transformaci\u00f3 social - Eroski Corporativo\" \/>\n<meta property=\"og:description\" content=\"La transdormaci\u00f3n social de EROSKI implica decisiones relacionadas con la alimentaci\u00f3n saludable, la sostenibilidad y la gesti\u00f3n \u00e9tica y transparente.\" \/>\n<meta property=\"og:url\" content=\"https:\/\/corporativo.eroski.es\/ca\/memoria-2017\/transformacio-social\/\" \/>\n<meta property=\"og:site_name\" content=\"Eroski Corporativo\" \/>\n<meta property=\"article:modified_time\" content=\"2019-03-21T15:55:04+00:00\" \/>\n<meta name=\"twitter:card\" content=\"summary_large_image\" \/>\n<script type=\"application\/ld+json\" class=\"yoast-schema-graph\">{\"@context\":\"https:\/\/schema.org\",\"@graph\":[{\"@type\":\"WebPage\",\"@id\":\"https:\/\/corporativo.eroski.es\/ca\/memoria-2017\/transformacio-social\/\",\"url\":\"https:\/\/corporativo.eroski.es\/ca\/memoria-2017\/transformacio-social\/\",\"name\":\"Transformaci\u00f3 social - Eroski Corporativo\",\"isPartOf\":{\"@id\":\"https:\/\/corporativo.eroski.es\/ca\/#website\"},\"datePublished\":\"2018-05-25T14:02:28+00:00\",\"dateModified\":\"2019-03-21T15:55:04+00:00\",\"description\":\"La transdormaci\u00f3n social de EROSKI implica decisiones relacionadas con la alimentaci\u00f3n saludable, la sostenibilidad y la gesti\u00f3n \u00e9tica y transparente.\",\"breadcrumb\":{\"@id\":\"https:\/\/corporativo.eroski.es\/ca\/memoria-2017\/transformacio-social\/#breadcrumb\"},\"inLanguage\":\"ca-ES\",\"potentialAction\":[{\"@type\":\"ReadAction\",\"target\":[\"https:\/\/corporativo.eroski.es\/ca\/memoria-2017\/transformacio-social\/\"]}]},{\"@type\":\"BreadcrumbList\",\"@id\":\"https:\/\/corporativo.eroski.es\/ca\/memoria-2017\/transformacio-social\/#breadcrumb\",\"itemListElement\":[{\"@type\":\"ListItem\",\"position\":1,\"name\":\"Portada\",\"item\":\"https:\/\/corporativo.eroski.es\/ca\/\"},{\"@type\":\"ListItem\",\"position\":2,\"name\":\"Memoria 2017\",\"item\":\"https:\/\/corporativo.eroski.es\/ca\/memoria-2017\/\"},{\"@type\":\"ListItem\",\"position\":3,\"name\":\"Transformaci\u00f3 social\"}]},{\"@type\":\"WebSite\",\"@id\":\"https:\/\/corporativo.eroski.es\/ca\/#website\",\"url\":\"https:\/\/corporativo.eroski.es\/ca\/\",\"name\":\"Eroski Corporativo\",\"description\":\"\",\"potentialAction\":[{\"@type\":\"SearchAction\",\"target\":{\"@type\":\"EntryPoint\",\"urlTemplate\":\"https:\/\/corporativo.eroski.es\/ca\/?s={search_term_string}\"},\"query-input\":{\"@type\":\"PropertyValueSpecification\",\"valueRequired\":true,\"valueName\":\"search_term_string\"}}],\"inLanguage\":\"ca-ES\"}]}<\/script>\n<!-- \/ Yoast SEO plugin. -->","yoast_head_json":{"title":"Transformaci\u00f3 social - Eroski Corporativo","description":"La transdormaci\u00f3n social de EROSKI implica decisiones relacionadas con la alimentaci\u00f3n saludable, la sostenibilidad y la gesti\u00f3n \u00e9tica y transparente.","robots":{"index":"index","follow":"follow","max-snippet":"max-snippet:-1","max-image-preview":"max-image-preview:large","max-video-preview":"max-video-preview:-1"},"canonical":"https:\/\/corporativo.eroski.es\/ca\/memoria-2017\/transformacio-social\/","og_locale":"ca_ES","og_type":"article","og_title":"Transformaci\u00f3 social - Eroski Corporativo","og_description":"La transdormaci\u00f3n social de EROSKI implica decisiones relacionadas con la alimentaci\u00f3n saludable, la sostenibilidad y la gesti\u00f3n \u00e9tica y transparente.","og_url":"https:\/\/corporativo.eroski.es\/ca\/memoria-2017\/transformacio-social\/","og_site_name":"Eroski Corporativo","article_modified_time":"2019-03-21T15:55:04+00:00","twitter_card":"summary_large_image","schema":{"@context":"https:\/\/schema.org","@graph":[{"@type":"WebPage","@id":"https:\/\/corporativo.eroski.es\/ca\/memoria-2017\/transformacio-social\/","url":"https:\/\/corporativo.eroski.es\/ca\/memoria-2017\/transformacio-social\/","name":"Transformaci\u00f3 social - Eroski Corporativo","isPartOf":{"@id":"https:\/\/corporativo.eroski.es\/ca\/#website"},"datePublished":"2018-05-25T14:02:28+00:00","dateModified":"2019-03-21T15:55:04+00:00","description":"La transdormaci\u00f3n social de EROSKI implica decisiones relacionadas con la alimentaci\u00f3n saludable, la sostenibilidad y la gesti\u00f3n \u00e9tica y transparente.","breadcrumb":{"@id":"https:\/\/corporativo.eroski.es\/ca\/memoria-2017\/transformacio-social\/#breadcrumb"},"inLanguage":"ca-ES","potentialAction":[{"@type":"ReadAction","target":["https:\/\/corporativo.eroski.es\/ca\/memoria-2017\/transformacio-social\/"]}]},{"@type":"BreadcrumbList","@id":"https:\/\/corporativo.eroski.es\/ca\/memoria-2017\/transformacio-social\/#breadcrumb","itemListElement":[{"@type":"ListItem","position":1,"name":"Portada","item":"https:\/\/corporativo.eroski.es\/ca\/"},{"@type":"ListItem","position":2,"name":"Memoria 2017","item":"https:\/\/corporativo.eroski.es\/ca\/memoria-2017\/"},{"@type":"ListItem","position":3,"name":"Transformaci\u00f3 social"}]},{"@type":"WebSite","@id":"https:\/\/corporativo.eroski.es\/ca\/#website","url":"https:\/\/corporativo.eroski.es\/ca\/","name":"Eroski Corporativo","description":"","potentialAction":[{"@type":"SearchAction","target":{"@type":"EntryPoint","urlTemplate":"https:\/\/corporativo.eroski.es\/ca\/?s={search_term_string}"},"query-input":{"@type":"PropertyValueSpecification","valueRequired":true,"valueName":"search_term_string"}}],"inLanguage":"ca-ES"}]}},"_links":{"self":[{"href":"https:\/\/corporativo.eroski.es\/ca\/wp-json\/wp\/v2\/pages\/4896","targetHints":{"allow":["GET"]}}],"collection":[{"href":"https:\/\/corporativo.eroski.es\/ca\/wp-json\/wp\/v2\/pages"}],"about":[{"href":"https:\/\/corporativo.eroski.es\/ca\/wp-json\/wp\/v2\/types\/page"}],"author":[{"embeddable":true,"href":"https:\/\/corporativo.eroski.es\/ca\/wp-json\/wp\/v2\/users\/1"}],"replies":[{"embeddable":true,"href":"https:\/\/corporativo.eroski.es\/ca\/wp-json\/wp\/v2\/comments?post=4896"}],"version-history":[{"count":2,"href":"https:\/\/corporativo.eroski.es\/ca\/wp-json\/wp\/v2\/pages\/4896\/revisions"}],"predecessor-version":[{"id":4898,"href":"https:\/\/corporativo.eroski.es\/ca\/wp-json\/wp\/v2\/pages\/4896\/revisions\/4898"}],"up":[{"embeddable":true,"href":"https:\/\/corporativo.eroski.es\/ca\/wp-json\/wp\/v2\/pages\/2277"}],"wp:attachment":[{"href":"https:\/\/corporativo.eroski.es\/ca\/wp-json\/wp\/v2\/media?parent=4896"}],"curies":[{"name":"wp","href":"https:\/\/api.w.org\/{rel}","templated":true}]}}