{"id":4807,"date":"2018-05-29T15:09:44","date_gmt":"2018-05-29T15:09:44","guid":{"rendered":"https:\/\/corporativo.eroski.es\/memoria-2017\/datos-destacados\/"},"modified":"2019-03-20T14:52:33","modified_gmt":"2019-03-20T14:52:33","slug":"dades-destacades","status":"publish","type":"page","link":"https:\/\/corporativo.eroski.es\/ca\/memoria-2017\/dades-destacades\/","title":{"rendered":"Dades destacades 2017"},"content":{"rendered":"<div id=\"pl-4807\"  class=\"panel-layout\" ><div id=\"pg-4807-0\"  class=\"panel-grid panel-no-style\" ><div id=\"pgc-4807-0-0\"  class=\"panel-grid-cell\" ><div id=\"panel-4807-0-0-0\" class=\"so-panel widget widget_memoria-dd-stats panel-first-child\" data-index=\"0\" ><div class=\"so-widget-memoria-dd-stats so-widget-memoria-dd-stats-default-d75171398898\">\n\n<section class=\"memoria-dd-stats bg-cover\">\n    <div class=\"container\">\n        <header>\n            <h2>Vendes<\/h2>\n        <\/header>\n    <\/div>\n        <div class=\"container\">\n        <div class=\"memoria-dd-stats-inner\">\n            <ul class=\"stats-list\">\n                                    <li>\n                        <span class=\"sow-icon-eroskichartsicons\" data-sow-icon=\"&#xe900;\" ><\/span>                        <span class=\"value\">5.505 <\/span>\n                        <p class=\"text\">milions d\u2019\u20ac<\/span> de facturaci\u00f3<\/strong><\/p><\/p>\n                    <\/li>\n                                    <li>\n                        <span class=\"sow-icon-eroskichartsicons\" data-sow-icon=\"&#xe900;\" ><\/span>                        <span class=\"value\">4.792 <\/span>\n                        <p class=\"text\">milions d\u2019\u20ac <\/span>de vendes netes<\/strong> (descomptat l\u2019IVA)<\/p><\/p>\n                    <\/li>\n                                    <li>\n                        <span class=\"sow-icon-eroskichartsicons\" data-sow-icon=\"&#xe908;\" ><\/span>                        <span class=\"value\">253 <\/span>\n                        <p class=\"text\">milions de passos per caixa<\/strong><\/p><\/p>\n                    <\/li>\n                                    <li>\n                        <span class=\"sow-icon-eroskichartsicons\" data-sow-icon=\"&#xe900;\" ><\/span>                        <span class=\"value\">65% <\/span>\n                        <p class=\"text\">de les vendes realitzades en botigues de nova generaci\u00f3<\/strong><\/p><\/p>\n                    <\/li>\n                                    <li>\n                        <span class=\"sow-icon-eroskichartsicons\" data-sow-icon=\"&#xe900;\" ><\/span>                        <span class=\"value\">76%  <\/span>\n                        <p class=\"text\">de les vendes correspon a socis clients<\/strong><\/p><\/p>\n                    <\/li>\n                            <\/ul>\n        <\/div>\n    <\/div>\n    <\/section>\n<\/div><\/div><div id=\"panel-4807-0-0-1\" class=\"so-panel widget widget_separator\" data-index=\"1\" ><div class=\"so-widget-separator so-widget-separator-default-d75171398898\">\n<div class=\"separator vs-medium\"><\/div><\/div><\/div><div id=\"panel-4807-0-0-2\" class=\"so-panel widget widget_memoria-dd-stats\" data-index=\"2\" ><div class=\"so-widget-memoria-dd-stats so-widget-memoria-dd-stats-default-d75171398898\">\n\n<section class=\"memoria-dd-stats bg-cover\">\n    <div class=\"container\">\n        <header>\n            <h2>Consumidors\/ores<\/h2>\n        <\/header>\n    <\/div>\n        <div class=\"container\">\n        <div class=\"memoria-dd-stats-inner\">\n            <ul class=\"stats-list\">\n                                    <li>\n                        <span class=\"sow-icon-eroskichartsicons\" data-sow-icon=\"&#xe901;\" ><\/span>                        <span class=\"value\">>6  <\/span>\n                        <p class=\"text\">milions de socis i s\u00f2cies clients,<\/strong> titulars de les targetes EROSKI, CAPRABO i FORUM SPORT<\/p><\/p>\n                    <\/li>\n                                    <li>\n                        <span class=\"sow-icon-eroskichartsicons\" data-sow-icon=\"&#xe900;\" ><\/span>                        <span class=\"value\">260 <\/span>\n                        <p class=\"text\">milions d\u2019estalvi transferit<\/strong> als consumidors i consumidores<\/p><\/p>\n                    <\/li>\n                                    <li>\n                        <span class=\"sow-icon-eroskichartsicons\" data-sow-icon=\"&#xe905;\" ><\/span>                        <span class=\"value\"><\/span>\n                        <p class=\"text\">Millor Atenci\u00f3 al Client:<\/strong> sis\u00e8 any consecutiu<\/p><\/p>\n                    <\/li>\n                                    <li>\n                        <span class=\"sow-icon-eroskichartsicons\" data-sow-icon=\"&#xe912;\" ><\/span>                        <span class=\"value\">14.596  <\/span>\n                        <p class=\"text\">S\u00f2cies i Socis Clients<\/strong> que han participat amb les seves idees per millorar la seva botiga\n\u201camb tu\u201d<\/p><\/p>\n                    <\/li>\n                                    <li>\n                        <span class=\"sow-icon-eroskichartsicons\" data-sow-icon=\"&#xe909;\" ><\/span>                        <span class=\"value\">7.500  <\/span>\n                        <p class=\"text\">participants en la definici\u00f3 dels nous compromisos de Salut i Sostenibilitat d\u2019EROSKI<\/strong><\/p>\n<\/p>\n                    <\/li>\n                            <\/ul>\n        <\/div>\n    <\/div>\n    <\/section>\n<\/div><\/div><div id=\"panel-4807-0-0-3\" class=\"so-panel widget widget_separator\" data-index=\"3\" ><div class=\"so-widget-separator so-widget-separator-default-d75171398898\">\n<div class=\"separator vs-medium\"><\/div><\/div><\/div><div id=\"panel-4807-0-0-4\" class=\"so-panel widget widget_memoria-dd-stats\" data-index=\"4\" ><div class=\"so-widget-memoria-dd-stats so-widget-memoria-dd-stats-default-d75171398898\">\n\n<section class=\"memoria-dd-stats bg-cover\">\n    <div class=\"container\">\n        <header>\n            <h2>treballadors\/ores<\/h2>\n        <\/header>\n    <\/div>\n            <div class=\"featured-chart\">\n            <div class=\"container\">\n                <div class=\"swiper-container mode-free\">\n                    <div class=\"swiper-wrapper\">\n                        <figure class=\"swiper-slide\">\n                                                    <\/figure>\n                    <\/div>\n                    <div class=\"swiper-scrollbar\"><\/div>\n                <\/div>\n            <\/div>\n        <\/div>\n        <div class=\"container\">\n        <div class=\"memoria-dd-stats-inner\">\n            <ul class=\"stats-list\">\n                                    <li>\n                        <span class=\"sow-icon-eroskichartsicons\" data-sow-icon=\"&#xe913;\" ><\/span>                        <span class=\"value\">3.315 <\/span>\n                        <p class=\"text\">treballadors<\/strong> en franqu\u00edcies<\/span><\/p><\/p>\n                    <\/li>\n                                    <li>\n                        <span class=\"sow-icon-eroskichartsicons\" data-sow-icon=\"&#xe90b;\" ><\/span>                        <span class=\"value\">70%  <\/span>\n                        <p class=\"text\">de dones<\/strong> en c\u00e0rrecs de responsabilitat<\/p><\/p>\n                    <\/li>\n                                    <li>\n                        <span class=\"sow-icon-eroskichartsicons\" data-sow-icon=\"&#xe90a;\" ><\/span>                        <span class=\"value\">207.000 <\/span>\n                        <p class=\"text\">hores de formaci\u00f3<\/strong><\/p><\/p>\n                    <\/li>\n                                    <li>\n                        <span class=\"sow-icon-eroskichartsicons\" data-sow-icon=\"&#xe900;\" ><\/span>                        <span class=\"value\">1,9  <\/span>\n                        <p class=\"text\">milions d\u2019euros d\u2019inversi\u00f3 en formaci\u00f3<\/strong><\/p><\/p>\n                    <\/li>\n                            <\/ul>\n        <\/div>\n    <\/div>\n    <\/section>\n<\/div><\/div><div id=\"panel-4807-0-0-5\" class=\"so-panel widget widget_separator\" data-index=\"5\" ><div class=\"so-widget-separator so-widget-separator-default-d75171398898\">\n<div class=\"separator vs-medium\"><\/div><\/div><\/div><div id=\"panel-4807-0-0-6\" class=\"so-panel widget widget_memoria-dd-stats\" data-index=\"6\" ><div class=\"so-widget-memoria-dd-stats so-widget-memoria-dd-stats-default-d75171398898\">\n\n<section class=\"memoria-dd-stats bg-cover\">\n    <div class=\"container\">\n        <header>\n            <h2>Transformaci\u00f3n social<\/h2>\n        <\/header>\n    <\/div>\n        <div class=\"container\">\n        <div class=\"memoria-dd-stats-inner\">\n            <ul class=\"stats-list\">\n                                    <li>\n                        <span class=\"sow-icon-eroskichartsicons\" data-sow-icon=\"&#xe915;\" ><\/span>                        <span class=\"value\">60 <\/span>\n                        <p class=\"text\">milions de visites a l\u2019any a consumer.es<\/strong><\/p><\/p>\n                    <\/li>\n                                    <li>\n                        <span class=\"sow-icon-eroskichartsicons\" data-sow-icon=\"&#xe906;\" ><\/span>                        <span class=\"value\">+20  <\/span>\n                        <p class=\"text\">anys col\u00b7laborant amb el Banc dels Aliments<\/strong><\/p>\n<\/p>\n                    <\/li>\n                                    <li>\n                        <span class=\"sow-icon-eroskichartsicons\" data-sow-icon=\"&#xe904;\" ><\/span>                        <span class=\"value\">7.000  <\/span>\n                        <p class=\"text\">tones d\u2019aliments donats,<\/strong> l\u2019equivalent al consum anual de 4.371 fam\u00edlies<\/p><\/p>\n                    <\/li>\n                                    <li>\n                        <span class=\"sow-icon-eroskichartsicons\" data-sow-icon=\"&#xe90e;\" ><\/span>                        <span class=\"value\">350.000 <\/span>\n                        <p class=\"text\">alumnes han participat en el <\/span>Programa d\u2019Educaci\u00f3 Aliment\u00e0ria i H\u00e0bits Saludables<\/strong> (PEAHS)<\/span><\/p><\/p>\n                    <\/li>\n                                    <li>\n                        <span class=\"sow-icon-eroskichartsicons\" data-sow-icon=\"&#xe907;\" ><\/span>                        <span class=\"value\">631  <\/span>\n                        <p class=\"text\"> milions de <\/span>bosses de pl\u00e0stic evitades<\/strong> gr\u00e0cies a l\u2019\u00fas de bosses reutilitzables<\/span><\/p><\/p>\n                    <\/li>\n                            <\/ul>\n        <\/div>\n    <\/div>\n    <\/section>\n<\/div><\/div><div id=\"panel-4807-0-0-7\" class=\"so-panel widget widget_separator panel-last-child\" data-index=\"7\" ><div class=\"so-widget-separator so-widget-separator-default-d75171398898\">\n<div class=\"separator vs-medium\"><\/div><\/div><\/div><\/div><\/div><\/div>","protected":false},"excerpt":{"rendered":"<p>Vendes 5.505 milions d\u2019\u20ac de facturaci\u00f3 4.792 milions d\u2019\u20ac de vendes netes (descomptat l\u2019IVA) 253 milions de passos per caixa 65% de les vendes realitzades en botigues de nova generaci\u00f3 76% de les vendes correspon a socis clients Consumidors\/ores >6 milions de socis i s\u00f2cies clients, titulars de les targetes EROSKI, CAPRABO i FORUM SPORT [&hellip;]<\/p>\n","protected":false},"author":1,"featured_media":0,"parent":2277,"menu_order":0,"comment_status":"closed","ping_status":"closed","template":"memoria.php","meta":{"_acf_changed":false,"footnotes":""},"class_list":["post-4807","page","type-page","status-publish","hentry"],"acf":[],"yoast_head":"<!-- This site is optimized with the Yoast SEO plugin v24.5 - https:\/\/yoast.com\/wordpress\/plugins\/seo\/ -->\n<title>Dades destacades 2017 - Eroski Corporativo<\/title>\n<meta name=\"description\" content=\"Conoce los datos destacados que se registraron EROSKI durante el ejercicio 2017 en relaci\u00f3n a ventas, consumidores\/as, trabajadores\/as etc.\" \/>\n<meta name=\"robots\" content=\"index, follow, max-snippet:-1, max-image-preview:large, max-video-preview:-1\" \/>\n<link rel=\"canonical\" href=\"https:\/\/corporativo.eroski.es\/ca\/memoria-2017\/dades-destacades\/\" \/>\n<meta property=\"og:locale\" content=\"ca_ES\" \/>\n<meta property=\"og:type\" content=\"article\" \/>\n<meta property=\"og:title\" content=\"Dades destacades 2017 - Eroski Corporativo\" \/>\n<meta property=\"og:description\" content=\"Conoce los datos destacados que se registraron EROSKI durante el ejercicio 2017 en relaci\u00f3n a ventas, consumidores\/as, trabajadores\/as etc.\" \/>\n<meta property=\"og:url\" content=\"https:\/\/corporativo.eroski.es\/ca\/memoria-2017\/dades-destacades\/\" \/>\n<meta property=\"og:site_name\" content=\"Eroski Corporativo\" \/>\n<meta property=\"article:modified_time\" content=\"2019-03-20T14:52:33+00:00\" \/>\n<meta name=\"twitter:card\" content=\"summary_large_image\" \/>\n<script type=\"application\/ld+json\" class=\"yoast-schema-graph\">{\"@context\":\"https:\/\/schema.org\",\"@graph\":[{\"@type\":\"WebPage\",\"@id\":\"https:\/\/corporativo.eroski.es\/ca\/memoria-2017\/dades-destacades\/\",\"url\":\"https:\/\/corporativo.eroski.es\/ca\/memoria-2017\/dades-destacades\/\",\"name\":\"Dades destacades 2017 - Eroski Corporativo\",\"isPartOf\":{\"@id\":\"https:\/\/corporativo.eroski.es\/ca\/#website\"},\"datePublished\":\"2018-05-29T15:09:44+00:00\",\"dateModified\":\"2019-03-20T14:52:33+00:00\",\"description\":\"Conoce los datos destacados que se registraron EROSKI durante el ejercicio 2017 en relaci\u00f3n a ventas, consumidores\/as, trabajadores\/as etc.\",\"breadcrumb\":{\"@id\":\"https:\/\/corporativo.eroski.es\/ca\/memoria-2017\/dades-destacades\/#breadcrumb\"},\"inLanguage\":\"ca-ES\",\"potentialAction\":[{\"@type\":\"ReadAction\",\"target\":[\"https:\/\/corporativo.eroski.es\/ca\/memoria-2017\/dades-destacades\/\"]}]},{\"@type\":\"BreadcrumbList\",\"@id\":\"https:\/\/corporativo.eroski.es\/ca\/memoria-2017\/dades-destacades\/#breadcrumb\",\"itemListElement\":[{\"@type\":\"ListItem\",\"position\":1,\"name\":\"Portada\",\"item\":\"https:\/\/corporativo.eroski.es\/ca\/\"},{\"@type\":\"ListItem\",\"position\":2,\"name\":\"Memoria 2017\",\"item\":\"https:\/\/corporativo.eroski.es\/ca\/memoria-2017\/\"},{\"@type\":\"ListItem\",\"position\":3,\"name\":\"Dades destacades 2017\"}]},{\"@type\":\"WebSite\",\"@id\":\"https:\/\/corporativo.eroski.es\/ca\/#website\",\"url\":\"https:\/\/corporativo.eroski.es\/ca\/\",\"name\":\"Eroski Corporativo\",\"description\":\"\",\"potentialAction\":[{\"@type\":\"SearchAction\",\"target\":{\"@type\":\"EntryPoint\",\"urlTemplate\":\"https:\/\/corporativo.eroski.es\/ca\/?s={search_term_string}\"},\"query-input\":{\"@type\":\"PropertyValueSpecification\",\"valueRequired\":true,\"valueName\":\"search_term_string\"}}],\"inLanguage\":\"ca-ES\"}]}<\/script>\n<!-- \/ Yoast SEO plugin. -->","yoast_head_json":{"title":"Dades destacades 2017 - Eroski Corporativo","description":"Conoce los datos destacados que se registraron EROSKI durante el ejercicio 2017 en relaci\u00f3n a ventas, consumidores\/as, trabajadores\/as etc.","robots":{"index":"index","follow":"follow","max-snippet":"max-snippet:-1","max-image-preview":"max-image-preview:large","max-video-preview":"max-video-preview:-1"},"canonical":"https:\/\/corporativo.eroski.es\/ca\/memoria-2017\/dades-destacades\/","og_locale":"ca_ES","og_type":"article","og_title":"Dades destacades 2017 - Eroski Corporativo","og_description":"Conoce los datos destacados que se registraron EROSKI durante el ejercicio 2017 en relaci\u00f3n a ventas, consumidores\/as, trabajadores\/as etc.","og_url":"https:\/\/corporativo.eroski.es\/ca\/memoria-2017\/dades-destacades\/","og_site_name":"Eroski Corporativo","article_modified_time":"2019-03-20T14:52:33+00:00","twitter_card":"summary_large_image","schema":{"@context":"https:\/\/schema.org","@graph":[{"@type":"WebPage","@id":"https:\/\/corporativo.eroski.es\/ca\/memoria-2017\/dades-destacades\/","url":"https:\/\/corporativo.eroski.es\/ca\/memoria-2017\/dades-destacades\/","name":"Dades destacades 2017 - Eroski Corporativo","isPartOf":{"@id":"https:\/\/corporativo.eroski.es\/ca\/#website"},"datePublished":"2018-05-29T15:09:44+00:00","dateModified":"2019-03-20T14:52:33+00:00","description":"Conoce los datos destacados que se registraron EROSKI durante el ejercicio 2017 en relaci\u00f3n a ventas, consumidores\/as, trabajadores\/as etc.","breadcrumb":{"@id":"https:\/\/corporativo.eroski.es\/ca\/memoria-2017\/dades-destacades\/#breadcrumb"},"inLanguage":"ca-ES","potentialAction":[{"@type":"ReadAction","target":["https:\/\/corporativo.eroski.es\/ca\/memoria-2017\/dades-destacades\/"]}]},{"@type":"BreadcrumbList","@id":"https:\/\/corporativo.eroski.es\/ca\/memoria-2017\/dades-destacades\/#breadcrumb","itemListElement":[{"@type":"ListItem","position":1,"name":"Portada","item":"https:\/\/corporativo.eroski.es\/ca\/"},{"@type":"ListItem","position":2,"name":"Memoria 2017","item":"https:\/\/corporativo.eroski.es\/ca\/memoria-2017\/"},{"@type":"ListItem","position":3,"name":"Dades destacades 2017"}]},{"@type":"WebSite","@id":"https:\/\/corporativo.eroski.es\/ca\/#website","url":"https:\/\/corporativo.eroski.es\/ca\/","name":"Eroski Corporativo","description":"","potentialAction":[{"@type":"SearchAction","target":{"@type":"EntryPoint","urlTemplate":"https:\/\/corporativo.eroski.es\/ca\/?s={search_term_string}"},"query-input":{"@type":"PropertyValueSpecification","valueRequired":true,"valueName":"search_term_string"}}],"inLanguage":"ca-ES"}]}},"_links":{"self":[{"href":"https:\/\/corporativo.eroski.es\/ca\/wp-json\/wp\/v2\/pages\/4807","targetHints":{"allow":["GET"]}}],"collection":[{"href":"https:\/\/corporativo.eroski.es\/ca\/wp-json\/wp\/v2\/pages"}],"about":[{"href":"https:\/\/corporativo.eroski.es\/ca\/wp-json\/wp\/v2\/types\/page"}],"author":[{"embeddable":true,"href":"https:\/\/corporativo.eroski.es\/ca\/wp-json\/wp\/v2\/users\/1"}],"replies":[{"embeddable":true,"href":"https:\/\/corporativo.eroski.es\/ca\/wp-json\/wp\/v2\/comments?post=4807"}],"version-history":[{"count":5,"href":"https:\/\/corporativo.eroski.es\/ca\/wp-json\/wp\/v2\/pages\/4807\/revisions"}],"predecessor-version":[{"id":4815,"href":"https:\/\/corporativo.eroski.es\/ca\/wp-json\/wp\/v2\/pages\/4807\/revisions\/4815"}],"up":[{"embeddable":true,"href":"https:\/\/corporativo.eroski.es\/ca\/wp-json\/wp\/v2\/pages\/2277"}],"wp:attachment":[{"href":"https:\/\/corporativo.eroski.es\/ca\/wp-json\/wp\/v2\/media?parent=4807"}],"curies":[{"name":"wp","href":"https:\/\/api.w.org\/{rel}","templated":true}]}}