{"id":40068,"date":"2023-04-20T13:58:10","date_gmt":"2023-04-20T11:58:10","guid":{"rendered":"https:\/\/corporativo.eroski.es\/memoria-corporativa\/carta-de-rosa-carabel\/"},"modified":"2023-05-16T16:59:53","modified_gmt":"2023-05-16T14:59:53","slug":"carta-de-rosa-carabel-catala","status":"publish","type":"page","link":"https:\/\/corporativo.eroski.es\/ca\/memoria-corporativa\/carta-de-rosa-carabel-catala\/","title":{"rendered":"Carta de Rosa Carabel"},"content":{"rendered":"\n<style>\n\t.descarga_documentos{\n\t    display: flex;\n\t\tjustify-content: flex-end;\n\t\tmargin-top: -100px;\n\t}\n\t.descarga {\n\t\tmax-width: min-content;\n\t\ttext-align: center;\n\t\tpadding: 5px;\n\t}\n\t.descarga svg{\n\t\tmargin-top: 10px;\n\t}\n\t.descarga p{\n\t\tfont-family: \"Roboto\",Arial;\n\t\tfont-size: 14px;\n\t\tline-height: initial;\n\t\tmargin-bottom: 0;\n\t}\n@media (max-width: 1024px){\t\n\t.descarga_documentos{\n\t\tmargin-top: 0;\n\t}\n}\n<\/style>\n\n\n<div class=\"container\">\n\t<div class=\"descarga_documentos\">\n\t\t<div class=\"descarga\">\n\t\t\t<a target=\"_blank\" href=\"\/wp-content\/uploads\/memorias-2022\/memoria-eroski-digital-cat.pdf\" rel=\"noopener\">\n\t\t\t\t<p>Descarregar  <strong>Mem\u00f2ria <\/strong><\/p>\n\t\t\t\t<img loading=\"lazy\" decoding=\"async\" width=\"47\" height=\"51\" src=\"\/wp-content\/uploads\/2023\/04\/0_Descarga.svg\">\n\t\t\t<\/a>\n\t\t<\/div>\n\t\t<div class=\"descarga\">\n\t\t\t<a target=\"_blank\" href=\"\/wp-content\/uploads\/einf\/einf-2022_ca.pdf\" rel=\"noopener\">\n\t\t\t\t<p>Descarregar  <strong>EINF<\/strong><\/p>\n\t\t\t\t<img loading=\"lazy\" decoding=\"async\" width=\"47\" height=\"51\" src=\"\/wp-content\/uploads\/2023\/04\/0_Descarga.svg\">\n\t\t\t<\/a>\n\t\t<\/div>\n\t<\/div>\n<\/div>\n\n\n\n<h1 class=\"wp-block-heading\"><strong>Carta de Rosa Carabel<\/strong><\/h1>\n\n\n\n<p>Cada cop \u00e9s m\u00e9s com\u00fa comen\u00e7ar l\u2019an\u00e0lisi anual parlant sobre la incertesa. I de motius no en falten: primer, la crisi sanit\u00e0ria que va derivar en una crisi econ\u00f2mica i social; ara, una guerra a Europa que, a m\u00e9s de la trag\u00e8dia humana que comporta, ha provocat un augment significatiu dels costos energ\u00e8tics i de les mat\u00e8ries primeres. Tot aix\u00f2, juntament amb altres factors, ha fet que les economies hagin evolucionat per darrere de les estimacions inicials i que els nivells d\u2019inflaci\u00f3 hagin arribat a unes xifres que no es veien des de fa d\u00e8cades. Si posem el focus en els costos dels aliments, coincidirem que no record\u00e0vem una situaci\u00f3 com la que estem gestionant actualment. Tot i aix\u00f2, em vull resistir a utilitzar aquest terme tan gastat; em centrar\u00e9 en all\u00f2 que ha marcat la nostra gesti\u00f3 durant tot l\u2019any i utilitzar\u00e9 dues paraules que s\u00f3n m\u00e9s adients per descriure com hem afrontat aquesta situaci\u00f3 tan complexa: responsabilitat i comprom\u00eds.<\/p>\n\n\n\n<p>Totes les actuacions que hem dut a terme aquest any han tingut l\u2019objectiu d\u2019ajudar, facilitar, mitigar i alleugerir. S\u00f3n termes que podrien utilitzar-se indistintament com a sin\u00f2nims de la responsabilitat i el comprom\u00eds infrangible que tenim amb el consumidor. Es fan evidents en totes i cadascuna de les decisions i actuacions que cada una de les persones que formem aquest projecte hem aplicat al llarg de tot l\u2019exercici. En l\u2019actualitat, les empreses del nostre sector estan sent q\u00fcestionades injustament. Per aix\u00f2, des d\u2019EROSKI, volem deixar clar que sempre hem estat, estem i estarem al costat del consumidor. Malauradament, i malgrat l\u2019esfor\u00e7 que hi posem, no tenim la capacitat per absorbir la totalitat dels sobrecostos als quals hem de fem front. Que ning\u00fa dubti, per\u00f2, que ens hem esfor\u00e7at al m\u00e0xim per implementar totes les mesures possibles que en redueixin l\u2019impacte.<\/p>\n\n\n\n<p>Gr\u00e0cies a la nostra ferma convicci\u00f3, hem aconseguit transferir estalvi a les persones consumidores a trav\u00e9s d\u2019una activitat promocional especialment intensa i d\u2019una vigil\u00e0ncia, seguiment i ajustament primmirat del preu dels nostres lineals. Per fer-ho, vam prendre dues decisions clau. En primer lloc, reduir els nostres marges comercials amb l\u2019objectiu de no traslladar al client la totalitat de l\u2019increment dels costos dels costos, i, com a conseq\u00fc\u00e8ncia, hem impulsat una major efici\u00e8ncia en tots els processos interns, des de la log\u00edstica i la gesti\u00f3 de botigues, fins a les nostres plataformes i seus centrals. Tots ens hem responsabilitzat d\u2019identificar oportunitats d\u2019estalvi per tal de construir un pla efica\u00e7 i sostenible.<\/p>\n\n\n\n<p>Aquestes dues decisions han tingut com a resultat un increment de la cistella de la compra notablement inferior a la mitjana del mercat.<\/p>\n\n\n\n<p><strong>Les nostres aliances<\/strong><\/p>\n\n\n\n<p>Al setembre del 2022 s\u2019ha complert el primer aniversari de l\u2019alian\u00e7a que ens uneix a EP Corporate Group a Catalunya i les Illes Balears. Estem realment satisfets amb els resultats que s\u2019han obtingut, ja que responen plenament als objectius de negoci que ens hav\u00edem plantejat per als dos per\u00edmetres.<\/p>\n\n\n\n<p>Un dels objectius principals consistia a renovar la imatge i el comprom\u00eds amb Catalunya mitjan\u00e7ant el rellan\u00e7ament de la marca Caprabo i sota el lema \u00abBenvinguda la vida\u00bb. La campanya ha estat la cara visible d\u2019un pla estrat\u00e8gic que ha impulsat l\u2019expansi\u00f3 de la companyia i que tindr\u00e0, a m\u00e9s, continu\u00eftat en els pr\u00f2xims anys. D\u2019altra banda, persegu\u00edem refor\u00e7ar i consolidar el nostre comprom\u00eds amb les Illes Balears, on som un dels l\u00edders consolidats perqu\u00e8, entre altres motius, combinem com cap altre un ampli assortiment de productes locals a preus molt competitius. Una altra de les nostres aliances estrat\u00e8giques \u00e9s la que ens uneix a la Fam\u00edlia Gonz\u00e1lez Iglesias a Vegalsa-EROSKI, amb la qual celebrarem 25 anys el proper 2023.<\/p>\n\n\n\n<p><strong>La nostra difer\u00e8ncia<\/strong><\/p>\n\n\n\n<p>La promoci\u00f3 del producte local, la sostenibilitat i la salut han continuat sent una constant, malgrat la complexitat que estem gestionant. Creiem fermament que aquestes s\u00f3n les palanques que marquen la difer\u00e8ncia. Al 2022 hem refor\u00e7at l\u2019aposta per aquests valors mitjan\u00e7ant la creaci\u00f3 del primer marketplace d&#8217;una empresa de distribuci\u00f3 a Espanya per a productors locals, EROSKI Azoka, un espai de trobada entre els nostres clients i els petits productors. A m\u00e9s, hem renovat l\u2019acord amb el Govern Basc per al desenvolupament del sector agroalimentari i amb el sector transformador a Arag\u00f3, per tal de continuar sent un actor clau a la regi\u00f3.<\/p>\n\n\n\n<p>El nostre comprom\u00eds amb el productor s&#8217;ha ampliat a eines com ara el programa d&#8217;acompanyament mitjan\u00e7ant el qual estem contribuint al fet que les petites empreses productores puguin dissenyar un full de ruta que contribueixi a la sostenibilitat i la millor qualitat dels seus processos i productes, en benefici de totes les parts, especialment de les persones consumidores.<\/p>\n\n\n\n<p>D&#8217;altra banda, continuem posant l\u2019accent en l\u2019alimentaci\u00f3 dels nostres \u201cpetits\u201d a trav\u00e9s del programa de formaci\u00f3 en h\u00e0bits d\u2019alimentaci\u00f3 saludable que un any m\u00e9s ha arribat a centenars de col\u00b7legis i milers d&#8217;alumnes.<\/p>\n\n\n\n<p>Un any m\u00e9s la contribuci\u00f3 social d&#8217;EROSKI, unida a les generoses aportacions dels clients a les diferents causes proposades al llarg d&#8217;aquests dotze mesos \u00e9s fonamental per entendre l&#8217;impacte de la nostra organitzaci\u00f3. Han estat 23 milions aportats en solidaritat i acci\u00f3 social; suport a les fam\u00edlies i col\u00b7lectius amb necessitats especials; formaci\u00f3 i informaci\u00f3 al consumidor i cultura, oci i entorn local. Sense oblidar la nostra mirada global de contribuci\u00f3 a la consecuci\u00f3 dels Objectius de Desenvolupament Sostenible en virtut de l&#8217;adhesi\u00f3 d&#8217;EROSKI al Pacte Mundial.<\/p>\n\n\n\n<p><strong>Les nostres decisions dif\u00edcils<\/strong><\/p>\n\n\n\n<p>El 2022 quedar\u00e0 en la nostra mem\u00f2ria per ser l&#8217;any en qu\u00e8 hem tancat l&#8217;acord amb Grup Iberostar, amb el trasp\u00e0s del 100% del negoci de Viatges EROSKI. Ha estat una decisi\u00f3 dif\u00edcil per\u00f2 responsable i coherent amb l&#8217;objectiu de garantir el futur del negoci i, per tant, del futur laboral de les persones. Estem profundament orgullosos del que Viatges EROSKI ha suposat per a tota la societat. Va n\u00e9ixer fa m\u00e9s de quatre d\u00e8cades amb l\u2019ambici\u00f3 d&#8217;oferir un servei de qualitat en un moment d\u2019ebullici\u00f3 del turisme com a sector. Avui, aquest projecte tindr\u00e0 la seva continu\u00eftat en el si d&#8217;una de les empreses l\u00edders del sector. Des d&#8217;aqu\u00ed gr\u00e0cies a totes les persones que heu format part de la nostra hist\u00f2ria.&nbsp;<\/p>\n\n\n\n<p><strong>Les persones<\/strong><\/p>\n\n\n\n<p>Sens dubte el nostre principal actiu s\u00f3n les persones que conformem aquest projecte i en aquest exercici voldria destacar la capacitat d\u2019adaptaci\u00f3 i la flexibilitat que han demostrat al llarg d&#8217;un any complex que ha requerit d&#8217;un esfor\u00e7 extraordinari en totes i cadascuna de les \u00e0rees, plataformes i botigues de l\u2019organitzaci\u00f3. \u00c9s necessari agrair i recon\u00e8ixer la professionalitat i mestratge amb les quals hem gestionat aquesta situaci\u00f3 de canvi permanent.<\/p>\n\n\n\n<p>Personalment, ha estat un any especial per a mi. \u00c9s la primera vegada que escric aquesta carta com a l\u00edder d&#8217;un projecte empresarial que m&#8217;enorgulleix, que t\u00e9 una arrel i una \u00e0nima cooperativa que ens fa ser com som i fer les coses com les fem. Volem transmetre els nostres valors a la societat: igualtat, sostenibilitat, solidaritat i repartiment equitatiu de riquesa. Creiem que s\u00f3n valors als quals haur\u00edem d&#8217;aspirar com a societat. Tenim el clar prop\u00f2sit de contribuir al desenvolupament sostenible de la societat i a la seva transformaci\u00f3. Apostem per ser un referent clar per a les persones consumidores i volem evolucionar amb ells oferint respostes i aportant solucions a les necessitats que tingui en cada etapa vital. En aquest any 2023 continuarem estant al costat dels consumidors. Amb tu m\u00e9s que mai.&nbsp;<\/p>\n\n\n\n<p>Rosa Carabel<\/p>\n\n\n\n<p>CEO d\u2019EROSKI<\/p>\n","protected":false},"excerpt":{"rendered":"<p>Descarregar Mem\u00f2ria Descarregar EINF Carta de Rosa Carabel Cada cop \u00e9s m\u00e9s com\u00fa comen\u00e7ar l\u2019an\u00e0lisi anual parlant sobre la incertesa. I de motius no en falten: primer, la crisi sanit\u00e0ria que va derivar en una crisi econ\u00f2mica i social; ara, una guerra a Europa que, a m\u00e9s de la trag\u00e8dia humana que comporta, ha provocat [&hellip;]<\/p>\n","protected":false},"author":26,"featured_media":0,"parent":40039,"menu_order":0,"comment_status":"closed","ping_status":"closed","template":"","meta":{"_acf_changed":false,"footnotes":""},"class_list":["post-40068","page","type-page","status-publish","hentry"],"acf":[],"yoast_head":"<!-- This site is optimized with the Yoast SEO plugin v24.5 - https:\/\/yoast.com\/wordpress\/plugins\/seo\/ -->\n<title>Carta de Rosa Carabel - Eroski Corporativo<\/title>\n<meta name=\"robots\" content=\"index, follow, max-snippet:-1, max-image-preview:large, max-video-preview:-1\" \/>\n<link rel=\"canonical\" href=\"https:\/\/corporativo.eroski.es\/ca\/memoria-corporativa\/carta-de-rosa-carabel-catala\/\" \/>\n<meta property=\"og:locale\" content=\"ca_ES\" \/>\n<meta property=\"og:type\" content=\"article\" \/>\n<meta property=\"og:title\" content=\"Carta de Rosa Carabel - Eroski Corporativo\" \/>\n<meta property=\"og:description\" content=\"Descarregar Mem\u00f2ria Descarregar EINF Carta de Rosa Carabel Cada cop \u00e9s m\u00e9s com\u00fa comen\u00e7ar l\u2019an\u00e0lisi anual parlant sobre la incertesa. I de motius no en falten: primer, la crisi sanit\u00e0ria que va derivar en una crisi econ\u00f2mica i social; ara, una guerra a Europa que, a m\u00e9s de la trag\u00e8dia humana que comporta, ha provocat [&hellip;]\" \/>\n<meta property=\"og:url\" content=\"https:\/\/corporativo.eroski.es\/ca\/memoria-corporativa\/carta-de-rosa-carabel-catala\/\" \/>\n<meta property=\"og:site_name\" content=\"Eroski Corporativo\" \/>\n<meta property=\"article:modified_time\" content=\"2023-05-16T14:59:53+00:00\" \/>\n<meta name=\"twitter:card\" content=\"summary_large_image\" \/>\n<meta name=\"twitter:label1\" content=\"Est. reading time\" \/>\n\t<meta name=\"twitter:data1\" content=\"7 minutes\" \/>\n<script type=\"application\/ld+json\" class=\"yoast-schema-graph\">{\"@context\":\"https:\/\/schema.org\",\"@graph\":[{\"@type\":\"WebPage\",\"@id\":\"https:\/\/corporativo.eroski.es\/ca\/memoria-corporativa\/carta-de-rosa-carabel-catala\/\",\"url\":\"https:\/\/corporativo.eroski.es\/ca\/memoria-corporativa\/carta-de-rosa-carabel-catala\/\",\"name\":\"Carta de Rosa Carabel - Eroski Corporativo\",\"isPartOf\":{\"@id\":\"https:\/\/corporativo.eroski.es\/ca\/#website\"},\"datePublished\":\"2023-04-20T11:58:10+00:00\",\"dateModified\":\"2023-05-16T14:59:53+00:00\",\"breadcrumb\":{\"@id\":\"https:\/\/corporativo.eroski.es\/ca\/memoria-corporativa\/carta-de-rosa-carabel-catala\/#breadcrumb\"},\"inLanguage\":\"ca-ES\",\"potentialAction\":[{\"@type\":\"ReadAction\",\"target\":[\"https:\/\/corporativo.eroski.es\/ca\/memoria-corporativa\/carta-de-rosa-carabel-catala\/\"]}]},{\"@type\":\"BreadcrumbList\",\"@id\":\"https:\/\/corporativo.eroski.es\/ca\/memoria-corporativa\/carta-de-rosa-carabel-catala\/#breadcrumb\",\"itemListElement\":[{\"@type\":\"ListItem\",\"position\":1,\"name\":\"Portada\",\"item\":\"https:\/\/corporativo.eroski.es\/ca\/\"},{\"@type\":\"ListItem\",\"position\":2,\"name\":\"Mem\u00f2ria Corporativa 2022\",\"item\":\"https:\/\/corporativo.eroski.es\/ca\/memoria-corporativa\/\"},{\"@type\":\"ListItem\",\"position\":3,\"name\":\"Carta de Rosa Carabel\"}]},{\"@type\":\"WebSite\",\"@id\":\"https:\/\/corporativo.eroski.es\/ca\/#website\",\"url\":\"https:\/\/corporativo.eroski.es\/ca\/\",\"name\":\"Eroski Corporativo\",\"description\":\"\",\"potentialAction\":[{\"@type\":\"SearchAction\",\"target\":{\"@type\":\"EntryPoint\",\"urlTemplate\":\"https:\/\/corporativo.eroski.es\/ca\/?s={search_term_string}\"},\"query-input\":{\"@type\":\"PropertyValueSpecification\",\"valueRequired\":true,\"valueName\":\"search_term_string\"}}],\"inLanguage\":\"ca-ES\"}]}<\/script>\n<!-- \/ Yoast SEO plugin. -->","yoast_head_json":{"title":"Carta de Rosa Carabel - Eroski Corporativo","robots":{"index":"index","follow":"follow","max-snippet":"max-snippet:-1","max-image-preview":"max-image-preview:large","max-video-preview":"max-video-preview:-1"},"canonical":"https:\/\/corporativo.eroski.es\/ca\/memoria-corporativa\/carta-de-rosa-carabel-catala\/","og_locale":"ca_ES","og_type":"article","og_title":"Carta de Rosa Carabel - Eroski Corporativo","og_description":"Descarregar Mem\u00f2ria Descarregar EINF Carta de Rosa Carabel Cada cop \u00e9s m\u00e9s com\u00fa comen\u00e7ar l\u2019an\u00e0lisi anual parlant sobre la incertesa. I de motius no en falten: primer, la crisi sanit\u00e0ria que va derivar en una crisi econ\u00f2mica i social; ara, una guerra a Europa que, a m\u00e9s de la trag\u00e8dia humana que comporta, ha provocat [&hellip;]","og_url":"https:\/\/corporativo.eroski.es\/ca\/memoria-corporativa\/carta-de-rosa-carabel-catala\/","og_site_name":"Eroski Corporativo","article_modified_time":"2023-05-16T14:59:53+00:00","twitter_card":"summary_large_image","twitter_misc":{"Est. reading time":"7 minutes"},"schema":{"@context":"https:\/\/schema.org","@graph":[{"@type":"WebPage","@id":"https:\/\/corporativo.eroski.es\/ca\/memoria-corporativa\/carta-de-rosa-carabel-catala\/","url":"https:\/\/corporativo.eroski.es\/ca\/memoria-corporativa\/carta-de-rosa-carabel-catala\/","name":"Carta de Rosa Carabel - Eroski Corporativo","isPartOf":{"@id":"https:\/\/corporativo.eroski.es\/ca\/#website"},"datePublished":"2023-04-20T11:58:10+00:00","dateModified":"2023-05-16T14:59:53+00:00","breadcrumb":{"@id":"https:\/\/corporativo.eroski.es\/ca\/memoria-corporativa\/carta-de-rosa-carabel-catala\/#breadcrumb"},"inLanguage":"ca-ES","potentialAction":[{"@type":"ReadAction","target":["https:\/\/corporativo.eroski.es\/ca\/memoria-corporativa\/carta-de-rosa-carabel-catala\/"]}]},{"@type":"BreadcrumbList","@id":"https:\/\/corporativo.eroski.es\/ca\/memoria-corporativa\/carta-de-rosa-carabel-catala\/#breadcrumb","itemListElement":[{"@type":"ListItem","position":1,"name":"Portada","item":"https:\/\/corporativo.eroski.es\/ca\/"},{"@type":"ListItem","position":2,"name":"Mem\u00f2ria Corporativa 2022","item":"https:\/\/corporativo.eroski.es\/ca\/memoria-corporativa\/"},{"@type":"ListItem","position":3,"name":"Carta de Rosa Carabel"}]},{"@type":"WebSite","@id":"https:\/\/corporativo.eroski.es\/ca\/#website","url":"https:\/\/corporativo.eroski.es\/ca\/","name":"Eroski Corporativo","description":"","potentialAction":[{"@type":"SearchAction","target":{"@type":"EntryPoint","urlTemplate":"https:\/\/corporativo.eroski.es\/ca\/?s={search_term_string}"},"query-input":{"@type":"PropertyValueSpecification","valueRequired":true,"valueName":"search_term_string"}}],"inLanguage":"ca-ES"}]}},"_links":{"self":[{"href":"https:\/\/corporativo.eroski.es\/ca\/wp-json\/wp\/v2\/pages\/40068","targetHints":{"allow":["GET"]}}],"collection":[{"href":"https:\/\/corporativo.eroski.es\/ca\/wp-json\/wp\/v2\/pages"}],"about":[{"href":"https:\/\/corporativo.eroski.es\/ca\/wp-json\/wp\/v2\/types\/page"}],"author":[{"embeddable":true,"href":"https:\/\/corporativo.eroski.es\/ca\/wp-json\/wp\/v2\/users\/26"}],"replies":[{"embeddable":true,"href":"https:\/\/corporativo.eroski.es\/ca\/wp-json\/wp\/v2\/comments?post=40068"}],"version-history":[{"count":3,"href":"https:\/\/corporativo.eroski.es\/ca\/wp-json\/wp\/v2\/pages\/40068\/revisions"}],"predecessor-version":[{"id":40110,"href":"https:\/\/corporativo.eroski.es\/ca\/wp-json\/wp\/v2\/pages\/40068\/revisions\/40110"}],"up":[{"embeddable":true,"href":"https:\/\/corporativo.eroski.es\/ca\/wp-json\/wp\/v2\/pages\/40039"}],"wp:attachment":[{"href":"https:\/\/corporativo.eroski.es\/ca\/wp-json\/wp\/v2\/media?parent=40068"}],"curies":[{"name":"wp","href":"https:\/\/api.w.org\/{rel}","templated":true}]}}