{"id":40063,"date":"2023-04-20T13:54:13","date_gmt":"2023-04-20T11:54:13","guid":{"rendered":"https:\/\/corporativo.eroski.es\/memoria-corporativa\/carta-de-leire-mugerza\/"},"modified":"2023-05-16T17:00:02","modified_gmt":"2023-05-16T15:00:02","slug":"carta-de-leire-mugerza","status":"publish","type":"page","link":"https:\/\/corporativo.eroski.es\/ca\/memoria-corporativa\/carta-de-leire-mugerza\/","title":{"rendered":"Carta de Leire Mugerza"},"content":{"rendered":"\n<style>\n\t.descarga_documentos{\n\t    display: flex;\n\t\tjustify-content: flex-end;\n\t\tmargin-top: -100px;\n\t}\n\t.descarga {\n\t\tmax-width: min-content;\n\t\ttext-align: center;\n\t\tpadding: 5px;\n\t}\n\t.descarga svg{\n\t\tmargin-top: 10px;\n\t}\n\t.descarga p{\n\t\tfont-family: \"Roboto\",Arial;\n\t\tfont-size: 14px;\n\t\tline-height: initial;\n\t\tmargin-bottom: 0;\n\t}\n@media (max-width: 1024px){\t\n\t.descarga_documentos{\n\t\tmargin-top: 0;\n\t}\n}\n<\/style>\n\n\n<div class=\"container\">\n\t<div class=\"descarga_documentos\">\n\t\t<div class=\"descarga\">\n\t\t\t<a target=\"_blank\" href=\"\/wp-content\/uploads\/memorias-2022\/memoria-eroski-digital-cat.pdf\" rel=\"noopener\">\n\t\t\t\t<p>Descarregar  <strong>Mem\u00f2ria <\/strong><\/p>\n\t\t\t\t<img loading=\"lazy\" decoding=\"async\" width=\"47\" height=\"51\" src=\"\/wp-content\/uploads\/2023\/04\/0_Descarga.svg\">\n\t\t\t<\/a>\n\t\t<\/div>\n\t\t<div class=\"descarga\">\n\t\t\t<a target=\"_blank\" href=\"\/wp-content\/uploads\/einf\/einf-2022_ca.pdf\" rel=\"noopener\">\n\t\t\t\t<p>Descarregar  <strong>EINF<\/strong><\/p>\n\t\t\t\t<img loading=\"lazy\" decoding=\"async\" width=\"47\" height=\"51\" src=\"\/wp-content\/uploads\/2023\/04\/0_Descarga.svg\">\n\t\t\t<\/a>\n\t\t<\/div>\n\t<\/div>\n<\/div>\n\n\n\n<h1 class=\"wp-block-heading\"><strong>Carta de Leire Mugerza<\/strong><\/h1>\n\n\n\n<p>Si em demanessin un titular per a les seg\u00fcents l\u00ednies, \u2018Gr\u00e0cies\u2019 seria probablement la paraula que condensaria de manera m\u00e9s precisa al contingut que a continuaci\u00f3 es llegir\u00e0. Gr\u00e0cies als equips de persones que formem EROSKI per l&#8217;esfor\u00e7, la dedicaci\u00f3 i la passi\u00f3 mostrats.<\/p>\n\n\n\n<p>La contribuci\u00f3 de les persones, com dic, ha estat essencial per entendre la forma en la qual la nostra organitzaci\u00f3 ha respost a un per\u00edode clarament marcat per una alta inflaci\u00f3, especialment pel que fa als productes d\u2019alimentaci\u00f3. Els missatges simplistes i demag\u00f2gics fan que l&#8217;opini\u00f3 p\u00fablica no pugui distingir entre les diferents activitats empresarials, perqu\u00e8 no s&#8217;aconsegueix diferenciar entre sectors o no es discriminen unes empreses d&#8217;altres. Serveixin aquestes paraules per reivindicar que no \u00e9s el mateix un model i un altre. De vegades es tendeix a buidar de contingut el sentit d&#8217;EROSKI com a associaci\u00f3 de consumidors, com a cooperativa de consumidors, i aquesta \u00e9s una difer\u00e8ncia clara dins del sector. Perqu\u00e8 tot el que genera es reparteix entre els seus propietaris, que s\u00f3n les persones s\u00f2cies de consum i s\u00f2cies de treball, decidim i abordem la gesti\u00f3 del negoci pensant en tots dos col\u00b7lectius, perqu\u00e8 participem tots dos en la decisi\u00f3. \u00c9s una realitat que busca un repartiment equilibrat de la riquesa que es genera com a empresa de distribuci\u00f3, un diferencial de com decidim i com l&#8217;apliquem, i es pot apreciar amb fets la validesa del discurs. \u00c9s el que som i el que serveix de full de ruta per entendre per qu\u00e8 actuem d&#8217;aquesta manera.<\/p>\n\n\n\n<p>Perqu\u00e8 el consumidor \u00e9s el nostre centre, en aquest per\u00edode hem fet un gran esfor\u00e7 per no traslladar la totalitat dels sobrecostos al preu de venda al p\u00fablic, reduint el marge de benefici de l&#8217;empresa, que pertany a les 9.500 persones s\u00f2cies de treball i a la societat en la qual reinverteix els seus resultats.<\/p>\n\n\n\n<p><strong>Transpar\u00e8ncia en la informaci\u00f3<\/strong><\/p>\n\n\n\n<p>Una de les maneres d&#8217;evidenciar el nostre comprom\u00eds amb els consumidors i la societat, s\u00f3n els 10 compromisos de salut i sostenibilitat, que emmarquen moltes actuacions definides de manera conjunta amb milers de consumidors i explicitats, i compartits entre totes les persones. La transpar\u00e8ncia amb el consumidor, el nostre soci, \u00e9s un d&#8217;ells.<\/p>\n\n\n\n<p>La mateixa transpar\u00e8ncia que apliquem en el trasllat dels missatges anteriors, existeix a l&#8217;hora d&#8217;oferir el nostre assortiment a les botigues. La demanda d\u2019informaci\u00f3 per part dels consumidors en la configuraci\u00f3 de la cistella de la compra \u00e9s un dels trets m\u00e9s distintius dels nous temps. La confian\u00e7a en elements tangibles com el producte o intangibles com la marca han guanyat en rellev\u00e0ncia per al client a l&#8217;hora de definir els seus h\u00e0bits de compra. \u00c9s un factor essencial per a EROSKI. Prova d&#8217;aix\u00f2 han estat els dos nous sistemes d&#8217;etiquetatge que hem introdu\u00eft en el 2022. El primer, pioner en la distribuci\u00f3 aliment\u00e0ria nacional, ens mostra de manera senzilla i visual l&#8217;impacte global d&#8217;un determinat producte en el medi ambient. Una iniciativa que s&#8217;anir\u00e0 enriquint amb l&#8217;opini\u00f3 dels milers de consumidors als quals EROSKI ha preguntat.<\/p>\n\n\n\n<p>La segona etiqueta incideix en l&#8217;aposta de l&#8217;organitzaci\u00f3 per una alimentaci\u00f3 m\u00e9s \u00e8tica i sostenible amb el benestar animal com a v\u00e8rtex: un sistema de classificaci\u00f3 propi que ajuda a identificar les caracter\u00edstiques de la crian\u00e7a de la carn de pollastre i, d&#8217;aquesta manera, facilitar el coneixement i el foment d&#8217;un necessari esperit cr\u00edtic que ens fa avan\u00e7ar com a societat.<\/p>\n\n\n\n<p><strong>Comprom\u00eds social<\/strong><\/p>\n\n\n\n<p>El 2022 ha destacat per la duresa que ha suposat ser testimonis de l&#8217;inici d&#8217;una guerra cruenta que ha afectat el cor d&#8217;Europa i a milers de persones, incloses fam\u00edlies senceres, nens i nenes. No hi ha consol possible per a aquells que ho han perdut tot, per\u00f2 des d&#8217;EROSKI hem volgut contribuir al treball que realitzen sobre el terreny organitzacions com UNICEF per soc\u00f3rrer a les persones afectades. Una vegada m\u00e9s els clients i clientes han estat decisives en la contribuci\u00f3 de m\u00e9s de 560.000 euros en la campanya d&#8217;emerg\u00e8ncia d&#8217;ajuda humanit\u00e0ria. No \u00e9s la primera vegada i, desgraciadament, no ser\u00e0 l&#8217;\u00faltima, per\u00f2 nosaltres actuarem sempre, perqu\u00e8 la solidaritat no \u00e9s una acci\u00f3 puntual, sin\u00f3 part del que som.<\/p>\n\n\n\n<p><strong>Cooperativisme. No \u00e9s la meta sin\u00f3 el cam\u00ed<\/strong><\/p>\n\n\n\n<p>Em permetran que dediqui les \u00faltimes l\u00ednies d&#8217;aquesta carta a enaltir el model empresarial que, sense dubte, ha situat EROSKI en la posici\u00f3 actual. Un model just; democr\u00e0tic; que promou la igualtat i la diversitat; que genera i reparteix la riquesa de manera equitativa. Un model en el qual creiem fermament. El nostre model. Ser cooperativa ens refor\u00e7a en els valors que volem traslladar a la societat. Tot el que fem, des de la nostra oferta comercial fins als nostres 10 Compromisos saludables i sostenibles existeixen perqu\u00e8 som cooperativa.&nbsp; I aix\u00f2 ens fa m\u00e9s forts. Junts multipliquem el que aportem a la societat, als propietaris d&#8217;aquest projecte, que s\u00f3n els nostres socis i s\u00f2cies de treball i de consum. Perqu\u00e8 volem continuar avan\u00e7ant per aconseguir que el projecte cooperatiu, amb valors lligats a la solidaritat i intercooperaci\u00f3, sigui el millor lloc per a les nostres s\u00f2cies i socis de treball i de consum, pel que fem i com ho fem. Junts som m\u00e9s. Eroski amb tu.<\/p>\n\n\n\n<p>Leire Mugerza Garate<\/p>\n\n\n\n<p>S\u00f2cia consumidora i presidenta del Consell Rector d\u2019EROSKI<\/p>\n","protected":false},"excerpt":{"rendered":"<p>Descarregar Mem\u00f2ria Descarregar EINF Carta de Leire Mugerza Si em demanessin un titular per a les seg\u00fcents l\u00ednies, \u2018Gr\u00e0cies\u2019 seria probablement la paraula que condensaria de manera m\u00e9s precisa al contingut que a continuaci\u00f3 es llegir\u00e0. Gr\u00e0cies als equips de persones que formem EROSKI per l&#8217;esfor\u00e7, la dedicaci\u00f3 i la passi\u00f3 mostrats. La contribuci\u00f3 de [&hellip;]<\/p>\n","protected":false},"author":26,"featured_media":0,"parent":40039,"menu_order":0,"comment_status":"closed","ping_status":"closed","template":"","meta":{"_acf_changed":false,"footnotes":""},"class_list":["post-40063","page","type-page","status-publish","hentry"],"acf":[],"yoast_head":"<!-- This site is optimized with the Yoast SEO plugin v24.5 - https:\/\/yoast.com\/wordpress\/plugins\/seo\/ -->\n<title>Carta de Leire Mugerza - Eroski Corporativo<\/title>\n<meta name=\"robots\" content=\"index, follow, max-snippet:-1, max-image-preview:large, max-video-preview:-1\" \/>\n<link rel=\"canonical\" href=\"https:\/\/corporativo.eroski.es\/ca\/memoria-corporativa\/carta-de-leire-mugerza\/\" \/>\n<meta property=\"og:locale\" content=\"ca_ES\" \/>\n<meta property=\"og:type\" content=\"article\" \/>\n<meta property=\"og:title\" content=\"Carta de Leire Mugerza - Eroski Corporativo\" \/>\n<meta property=\"og:description\" content=\"Descarregar Mem\u00f2ria Descarregar EINF Carta de Leire Mugerza Si em demanessin un titular per a les seg\u00fcents l\u00ednies, \u2018Gr\u00e0cies\u2019 seria probablement la paraula que condensaria de manera m\u00e9s precisa al contingut que a continuaci\u00f3 es llegir\u00e0. Gr\u00e0cies als equips de persones que formem EROSKI per l&#8217;esfor\u00e7, la dedicaci\u00f3 i la passi\u00f3 mostrats. La contribuci\u00f3 de [&hellip;]\" \/>\n<meta property=\"og:url\" content=\"https:\/\/corporativo.eroski.es\/ca\/memoria-corporativa\/carta-de-leire-mugerza\/\" \/>\n<meta property=\"og:site_name\" content=\"Eroski Corporativo\" \/>\n<meta property=\"article:modified_time\" content=\"2023-05-16T15:00:02+00:00\" \/>\n<meta name=\"twitter:card\" content=\"summary_large_image\" \/>\n<meta name=\"twitter:label1\" content=\"Est. reading time\" \/>\n\t<meta name=\"twitter:data1\" content=\"5 minutes\" \/>\n<script type=\"application\/ld+json\" class=\"yoast-schema-graph\">{\"@context\":\"https:\/\/schema.org\",\"@graph\":[{\"@type\":\"WebPage\",\"@id\":\"https:\/\/corporativo.eroski.es\/ca\/memoria-corporativa\/carta-de-leire-mugerza\/\",\"url\":\"https:\/\/corporativo.eroski.es\/ca\/memoria-corporativa\/carta-de-leire-mugerza\/\",\"name\":\"Carta de Leire Mugerza - Eroski Corporativo\",\"isPartOf\":{\"@id\":\"https:\/\/corporativo.eroski.es\/ca\/#website\"},\"datePublished\":\"2023-04-20T11:54:13+00:00\",\"dateModified\":\"2023-05-16T15:00:02+00:00\",\"breadcrumb\":{\"@id\":\"https:\/\/corporativo.eroski.es\/ca\/memoria-corporativa\/carta-de-leire-mugerza\/#breadcrumb\"},\"inLanguage\":\"ca-ES\",\"potentialAction\":[{\"@type\":\"ReadAction\",\"target\":[\"https:\/\/corporativo.eroski.es\/ca\/memoria-corporativa\/carta-de-leire-mugerza\/\"]}]},{\"@type\":\"BreadcrumbList\",\"@id\":\"https:\/\/corporativo.eroski.es\/ca\/memoria-corporativa\/carta-de-leire-mugerza\/#breadcrumb\",\"itemListElement\":[{\"@type\":\"ListItem\",\"position\":1,\"name\":\"Portada\",\"item\":\"https:\/\/corporativo.eroski.es\/ca\/\"},{\"@type\":\"ListItem\",\"position\":2,\"name\":\"Mem\u00f2ria Corporativa 2022\",\"item\":\"https:\/\/corporativo.eroski.es\/ca\/memoria-corporativa\/\"},{\"@type\":\"ListItem\",\"position\":3,\"name\":\"Carta de Leire Mugerza\"}]},{\"@type\":\"WebSite\",\"@id\":\"https:\/\/corporativo.eroski.es\/ca\/#website\",\"url\":\"https:\/\/corporativo.eroski.es\/ca\/\",\"name\":\"Eroski Corporativo\",\"description\":\"\",\"potentialAction\":[{\"@type\":\"SearchAction\",\"target\":{\"@type\":\"EntryPoint\",\"urlTemplate\":\"https:\/\/corporativo.eroski.es\/ca\/?s={search_term_string}\"},\"query-input\":{\"@type\":\"PropertyValueSpecification\",\"valueRequired\":true,\"valueName\":\"search_term_string\"}}],\"inLanguage\":\"ca-ES\"}]}<\/script>\n<!-- \/ Yoast SEO plugin. -->","yoast_head_json":{"title":"Carta de Leire Mugerza - Eroski Corporativo","robots":{"index":"index","follow":"follow","max-snippet":"max-snippet:-1","max-image-preview":"max-image-preview:large","max-video-preview":"max-video-preview:-1"},"canonical":"https:\/\/corporativo.eroski.es\/ca\/memoria-corporativa\/carta-de-leire-mugerza\/","og_locale":"ca_ES","og_type":"article","og_title":"Carta de Leire Mugerza - Eroski Corporativo","og_description":"Descarregar Mem\u00f2ria Descarregar EINF Carta de Leire Mugerza Si em demanessin un titular per a les seg\u00fcents l\u00ednies, \u2018Gr\u00e0cies\u2019 seria probablement la paraula que condensaria de manera m\u00e9s precisa al contingut que a continuaci\u00f3 es llegir\u00e0. Gr\u00e0cies als equips de persones que formem EROSKI per l&#8217;esfor\u00e7, la dedicaci\u00f3 i la passi\u00f3 mostrats. La contribuci\u00f3 de [&hellip;]","og_url":"https:\/\/corporativo.eroski.es\/ca\/memoria-corporativa\/carta-de-leire-mugerza\/","og_site_name":"Eroski Corporativo","article_modified_time":"2023-05-16T15:00:02+00:00","twitter_card":"summary_large_image","twitter_misc":{"Est. reading time":"5 minutes"},"schema":{"@context":"https:\/\/schema.org","@graph":[{"@type":"WebPage","@id":"https:\/\/corporativo.eroski.es\/ca\/memoria-corporativa\/carta-de-leire-mugerza\/","url":"https:\/\/corporativo.eroski.es\/ca\/memoria-corporativa\/carta-de-leire-mugerza\/","name":"Carta de Leire Mugerza - Eroski Corporativo","isPartOf":{"@id":"https:\/\/corporativo.eroski.es\/ca\/#website"},"datePublished":"2023-04-20T11:54:13+00:00","dateModified":"2023-05-16T15:00:02+00:00","breadcrumb":{"@id":"https:\/\/corporativo.eroski.es\/ca\/memoria-corporativa\/carta-de-leire-mugerza\/#breadcrumb"},"inLanguage":"ca-ES","potentialAction":[{"@type":"ReadAction","target":["https:\/\/corporativo.eroski.es\/ca\/memoria-corporativa\/carta-de-leire-mugerza\/"]}]},{"@type":"BreadcrumbList","@id":"https:\/\/corporativo.eroski.es\/ca\/memoria-corporativa\/carta-de-leire-mugerza\/#breadcrumb","itemListElement":[{"@type":"ListItem","position":1,"name":"Portada","item":"https:\/\/corporativo.eroski.es\/ca\/"},{"@type":"ListItem","position":2,"name":"Mem\u00f2ria Corporativa 2022","item":"https:\/\/corporativo.eroski.es\/ca\/memoria-corporativa\/"},{"@type":"ListItem","position":3,"name":"Carta de Leire Mugerza"}]},{"@type":"WebSite","@id":"https:\/\/corporativo.eroski.es\/ca\/#website","url":"https:\/\/corporativo.eroski.es\/ca\/","name":"Eroski Corporativo","description":"","potentialAction":[{"@type":"SearchAction","target":{"@type":"EntryPoint","urlTemplate":"https:\/\/corporativo.eroski.es\/ca\/?s={search_term_string}"},"query-input":{"@type":"PropertyValueSpecification","valueRequired":true,"valueName":"search_term_string"}}],"inLanguage":"ca-ES"}]}},"_links":{"self":[{"href":"https:\/\/corporativo.eroski.es\/ca\/wp-json\/wp\/v2\/pages\/40063","targetHints":{"allow":["GET"]}}],"collection":[{"href":"https:\/\/corporativo.eroski.es\/ca\/wp-json\/wp\/v2\/pages"}],"about":[{"href":"https:\/\/corporativo.eroski.es\/ca\/wp-json\/wp\/v2\/types\/page"}],"author":[{"embeddable":true,"href":"https:\/\/corporativo.eroski.es\/ca\/wp-json\/wp\/v2\/users\/26"}],"replies":[{"embeddable":true,"href":"https:\/\/corporativo.eroski.es\/ca\/wp-json\/wp\/v2\/comments?post=40063"}],"version-history":[{"count":2,"href":"https:\/\/corporativo.eroski.es\/ca\/wp-json\/wp\/v2\/pages\/40063\/revisions"}],"predecessor-version":[{"id":40112,"href":"https:\/\/corporativo.eroski.es\/ca\/wp-json\/wp\/v2\/pages\/40063\/revisions\/40112"}],"up":[{"embeddable":true,"href":"https:\/\/corporativo.eroski.es\/ca\/wp-json\/wp\/v2\/pages\/40039"}],"wp:attachment":[{"href":"https:\/\/corporativo.eroski.es\/ca\/wp-json\/wp\/v2\/media?parent=40063"}],"curies":[{"name":"wp","href":"https:\/\/api.w.org\/{rel}","templated":true}]}}