{"id":40054,"date":"2023-04-20T10:26:09","date_gmt":"2023-04-20T08:26:09","guid":{"rendered":"https:\/\/corporativo.eroski.es\/memoria-corporativa\/10-compromisos-por-la-salud-y-la-sostenibilidad-2022\/"},"modified":"2023-05-16T17:00:26","modified_gmt":"2023-05-16T15:00:26","slug":"10-compromisos-per-la-salut-i-la-sostenibilitat","status":"publish","type":"page","link":"https:\/\/corporativo.eroski.es\/ca\/memoria-corporativa\/10-compromisos-per-la-salut-i-la-sostenibilitat\/","title":{"rendered":"10 Compromisos per la Salut i la Sostenibilitat"},"content":{"rendered":"<div id=\"pl-40054\"  class=\"panel-layout\" ><div id=\"pg-40054-0\"  class=\"panel-grid panel-no-style\" ><div id=\"pgc-40054-0-0\"  class=\"panel-grid-cell\" ><div id=\"panel-40054-0-0-0\" class=\"widget_text so-panel widget widget_custom_html panel-first-child\" data-index=\"0\" ><div class=\"textwidget custom-html-widget\"><style>\n\t.descarga_documentos{\n\t    display: flex;\n\t\tjustify-content: flex-end;\n\t}\n\t.descarga {\n\t\tmax-width: min-content;\n\t\ttext-align: center;\n\t\tpadding: 5px;\n\t}\n\t.descarga svg{\n\t\tmargin-top: 10px;\n\t}\n\t.descarga p{\n\t\tfont-family: \"Roboto\",Arial;\n\t\tfont-size: 14px;\n\t\tline-height: initial;\n\t\tmargin-bottom: 0;\n\t}\n@media (max-width: 1024px){\t\n\t.descarga_documentos{\n\t\tmargin-top: 0;\n\t}\n}\n<\/style>\n\n\n<div class=\"container\">\n\t<div class=\"descarga_documentos\">\n\t\t<div class=\"descarga\">\n\t\t\t<a target=\"_blank\" href=\"\/wp-content\/uploads\/memorias-2022\/memoria-eroski-digital-cat.pdf\">\n\t\t\t\t<p>Descarregar  <strong>Mem\u00f2ria <\/strong><\/p>\n\t\t\t\t<img loading=\"lazy\" decoding=\"async\" width=\"47\" height=\"51\" src=\"\/wp-content\/uploads\/2023\/04\/0_Descarga.svg\">\n\t\t\t<\/a>\n\t\t<\/div>\n\t\t<div class=\"descarga\">\n\t\t\t<a target=\"_blank\" href=\"\/wp-content\/uploads\/einf\/einf-2022_ca.pdf\">\n\t\t\t\t<p>Descarregar  <strong>EINF<\/strong><\/p>\n\t\t\t\t<img loading=\"lazy\" decoding=\"async\" width=\"47\" height=\"51\" src=\"\/wp-content\/uploads\/2023\/04\/0_Descarga.svg\">\n\t\t\t<\/a>\n\t\t<\/div>\n\t<\/div>\n<\/div><\/div><\/div><div id=\"panel-40054-0-0-1\" class=\"widget_text so-panel widget widget_custom_html\" data-index=\"1\" ><div class=\"textwidget custom-html-widget\"><div class=\"container\">\n\t<h2>\n10 Compromisos per la Salut i la Sostenibilitat\n\t<\/h2>\n<\/div><\/div><\/div><div id=\"panel-40054-0-0-2\" class=\"widget_text so-panel widget widget_custom_html\" data-index=\"2\" ><div class=\"textwidget custom-html-widget\"><style>\n\t.guten-content h2, .guten-content .h2{\n\t\tfont-weight: 700;\n\t}\n\t\n\t.toggle-menu-memoria {\n\t\tdisplay: none;\n\t}\n\t.stats-list>li .text {\n\t\tfont-weight: 100;\n\t}\n\t.stats-list>li {\n\t\tmax-width: 100% !important;\n\t\tpadding: 10px;\n\t}\n\tul.stats-list {\n\t\tmargin-bottom: 50px;\n    border-bottom: 1px dashed;\n    padding-bottom: 50px;\n\t}\n\t\n\tli svg {\t\t\n    height: 80px;\n    margin: auto;\n    margin-bottom: 20px;\n\t\tmax-width: 100%\n}\n<\/style><\/div><\/div><div id=\"panel-40054-0-0-3\" class=\"so-panel widget widget_separator\" data-index=\"3\" ><div class=\"so-widget-separator so-widget-separator-default-d75171398898\">\n<div class=\"separator vs-small\"><\/div><\/div><\/div><div id=\"panel-40054-0-0-4\" class=\"widget_text so-panel widget widget_custom_html\" data-index=\"4\" ><div class=\"textwidget custom-html-widget\"><style>\nul.compromisos{\n\tpadding: 0;\n    display: flex;\n    flex-wrap: wrap;\n    justify-content: space-between;\n}\nul.compromisos li{\n\twidth: 45%;\n}\n\t.logo-svg {width: 49px;}\nul.compromisos li:before{\n    width: auto;\n    height: auto;\n}\n.cabecera {\n\tdisplay: flex;\n    align-items: center;\n}\n.cabecera h3{\n\tfont-size: 22px;\n\tfont-weight: 700;\n}\n\n.numero{\n\tfont-size: 30px;\n    font-weight: 700;\n    background-color: #CD2328;\n    border-radius: 50%;\n\tmin-width: 47px;\n    width: 47px;\n    height: 47px;\n    text-align: center;\n    color: #fff;\n    line-height: 44px;\n    margin-right: 25px;\n}\n.logo {\n\tmargin-left: 20px;\n}\n.datos .stats-list{\n    justify-content: flex-start;\n}\n.datos .stats-list>li {\n\twidth: 33%;\n}\n.datos .stats-list>li .value {\n    font-size: 2rem;\n    margin-bottom: 10px;\n    font-weight: 700;\n    color: #CD2328;\n}\n.datos .stats-list>li .text{\n    font-weight: 500;\n}\nul.stats-list{\n\tborder-bottom: 0;\n\tpadding-left:0;\n}\n@media (max-width: 1024px){\n\tul.compromisos li{\n\t\twidth: 100%;\n\t}\n}\n\t@media (max-width: 640px){\n\t\n\t.datos .stats-list>li {\n\t\twidth: 100%;\n\t}\n}\n<\/style><\/div><\/div><div id=\"panel-40054-0-0-5\" class=\"widget_text so-panel widget widget_custom_html panel-last-child\" data-index=\"5\" ><div class=\"textwidget custom-html-widget\"><div class=\"container\">\n\t<ul class=\"compromisos\">\n\t\t<li>\n\t\t\t<div class=\"cabecera\">\n\t\t\t\t<div class=\"numero\">1<\/div>\n\t\t\t\t<h3>\n\t\t\t\t\tEns impliquem amb la seguretat aliment\u00e0ria\n\t\t\t\t<\/h3>\n\t\t\t\t<img decoding=\"async\" class=\"logo-svg\" src=\"\/wp-content\/uploads\/2023\/04\/Compromisos_1.svg\" >\n\t\t\t<\/div>\n\t\t\t<div class=\"datos\">\n\t\t\t\t<ul class=\"stats-list\">\n\t\t\t\t\t\t<li>\n\t\t\t\t\t\t\t<span class=\"value\">33.375 <\/span>\n\t\t\t\t\t\t\t<p class=\"text\">controls anal\u00edtics de productes i serveis<\/p>\n\t\t\t\t\t\t<\/li>\n\t\t\t\t\t\t<li>                   \n\t\t\t\t\t\t\t<span class=\"value\">347<\/span>\n\t\t\t\t\t\t\t<p class=\"text\">auditories a prove\u00efdors<\/p>\n\t\t\t\t\t\t<\/li>\n\t\t\t\t\t\t<li>                      \n\t\t\t\t\t\t\t<span class=\"value\">963<\/span>\n\t\t\t\t\t\t\t<p class=\"text\">auditories a punts de venda<\/p>\n\t\t\t\t\t\t<\/li>\n\t\t\t\t<\/ul>\n\t\t\t<\/div>\n\t\t<\/li>\n\t\t\n\t\t<li>\n\t\t\t<div class=\"cabecera\">\n\t\t\t\t<div class=\"numero\">2<\/div>\n\t\t\t\t<h3>\n\t\t\t\t\tPromovem una alimentaci\u00f3 equilibrada\n\t\t\t\t<\/h3>\n\t\t\t\t<img decoding=\"async\" class=\"logo-svg\" src=\"\/wp-content\/uploads\/2023\/04\/Compromisos_2.svg\" >\n\t\t\t<\/div>\n\t\t\t<div class=\"datos\">\n\t\t\t\t<ul class=\"stats-list\">\n\t\t\t\t\t\t<li>\n\t\t\t\t\t\t\t<span class=\"value\">1.883   <\/span>\n\t\t\t\t\t\t\t<p class=\"text\">productes de marca tenen l\u2019etiquetat Nutri-Score <\/p>\n\t\t\t\t\t\t<\/li>\n\t\t\t\t\t\t<li>                   \n\t\t\t\t\t\t\t<span class=\"value\">186<\/span>\n\t\t\t\t\t\t\t<p class=\"text\">productes de marca pr\u00f2pia baixos en greix, segons criteris d'AESAN\n\n<\/p>\n\t\t\t\t\t\t<\/li>\n\t\t\t\t<\/ul>\n\t\t\t<\/div>\n\t\t<\/li>\n\t\t\n\t\t\n\t\t<li>\n\t\t\t<div class=\"cabecera\">\n\t\t\t\t<div class=\"numero\">3<\/div>\n\t\t\t\t<h3>\n\t\t\t\t\tPrevenim l'obesitat infantil\n\t\t\t\t<\/h3>\n\t\t\t\t<img decoding=\"async\" class=\"logo-svg\" src=\"\/wp-content\/uploads\/2023\/04\/Compromisos_3.svg\" >\n\t\t\t<\/div>\n\t\t\t<div class=\"datos\">\n\t\t\t\t<ul class=\"stats-list\">\n\t\t\t\t\t\t<li>\n\t\t\t\t\t\t\t<span class=\"value\">159.442 <\/span>\n\t\t\t\t\t\t\t<p class=\"text\">escolars formats en el Programa Educatiu en Alimentaci\u00f3 i H\u00e0bits Saludables\n\n <\/p>\n\t\t\t\t\t\t<\/li>\n\t\t\t\t<\/ul>\n\t\t\t<\/div>\n\t\t<\/li>\n\t\t\n\t\t<li>\n\t\t\t<div class=\"cabecera\">\n\t\t\t\t<div class=\"numero\">4<\/div>\n\t\t\t\t<h3>\n\t\t\t\t\tAtenem les necessitats nutricionals espec\u00edfiques\n\t\t\t\t<\/h3>\n\t\t\t\t<img decoding=\"async\" class=\"logo-svg\" src=\"\/wp-content\/uploads\/2023\/04\/Compromisos_4.svg\" >\n\t\t\t<\/div>\n\t\t\t<div class=\"datos\">\n\t\t\t\t<ul class=\"stats-list\">\n\t\t\t\t\t\t<li>\n\t\t\t\t\t\t\t<span class=\"value\">558  <\/span>\n\t\t\t\t\t\t\t<p class=\"text\">productes sense gluten de les nostres marques<\/p>\n\t\t\t\t\t\t<\/li>\n\t\t\t\t<\/ul>\n\t\t\t<\/div>\n\t\t<\/li>\n\t\t\n\t\t<li>\n\t\t\t<div class=\"cabecera\">\n\t\t\t\t<div class=\"numero\">5<\/div>\n\t\t\t\t<h3>\n\t\t\t\t\tAfavorim un consum responsable  \n\t\t\t\t<\/h3>\n\t\t\t\t<img decoding=\"async\" class=\"logo-svg\" src=\"\/wp-content\/uploads\/2023\/04\/Compromisos_5.svg\" >\n\t\t\t<\/div>\n\t\t\t<div class=\"datos\">\n\t\t\t\t<ul class=\"stats-list\">\n\t\t\t\t\t\t<li>\n\t\t\t\t\t\t\t<span class=\"value\">13%  <\/span>\n\t\t\t\t\t\t\t<p class=\"text\">reducci\u00f3 del consum de paper el 2022 respecte a l'any anterior<\/p>\n\t\t\t\t\t\t<\/li>\n\t\t\t\t\t\t<li>                   \n\t\t\t\t\t\t\t<span class=\"value\">787<\/span>\n\t\t\t\t\t\t\t<p class=\"text\">tones de fruites i hortalisses lletges a la nostra xarxa <\/p>\n\t\t\t\t\t\t<\/li>\n\t\t\t\t\t\t<li>                   \n\t\t\t\t\t\t\t<span class=\"value\">68.000 <\/span>\n\t\t\t\t\t\t\t<p class=\"text\">menjars que hem evitat malgastar <\/p>\n\t\t\t\t\t\t<\/li>\n\t\t\t\t<\/ul>\n\t\t\t<\/div>\n\t\t<\/li>\n\t\t\n\t\t\n\t\t<li>\n\t\t\t<div class=\"cabecera\">\n\t\t\t\t<div class=\"numero\">6<\/div>\n\t\t\t\t<h3>\n\t\t\t\t\tOferim m\u00e9s productes locals\n\t\t\t\t<\/h3>\n\t\t\t\t<img decoding=\"async\" class=\"logo-svg\" src=\"\/wp-content\/uploads\/2023\/04\/Compromisos_6.svg\" >\n\t\t\t<\/div>\n\t\t\t<div class=\"datos\">\n\t\t\t\t<ul class=\"stats-list\">\n\t\t\t\t\t\t<li>\n\t\t\t\t\t\t\t<span class=\"value\">+21.000 <\/span>\n\t\t\t\t\t\t\t<p class=\"text\">productes locals <\/p>\n\t\t\t\t\t\t<\/li>\n\t\t\t\t\t\t<li>                   \n\t\t\t\t\t\t\t<span class=\"value\">23<\/span>\n\t\t\t\t\t\t\t<p class=\"text\">milions d'euros destinats a acci\u00f3 social en els entorns on operem <\/p>\n\t\t\t\t\t\t<\/li>\n\t\t\t\t\t\t<li>                   \n\t\t\t\t\t\t\t<span class=\"value\">1,7 <\/span>\n\t\t\t\t\t\t\t<p class=\"text\">milions d'euros recaptats mitjan\u00e7ant el programa C\u00e8ntims Solidaris<\/p>\n\t\t\t\t\t\t<\/li>\n\t\t\t\t<\/ul>\n\t\t\t<\/div>\n\t\t<\/li>\n\t\t\n\t\t<li>\n\t\t\t<div class=\"cabecera\">\n\t\t\t\t<div class=\"numero\">7<\/div>\n\t\t\t\t<h3>\n\t\t\t\t\tFacilitem menjar b\u00e9 a bon preu\n\t\t\t\t<\/h3>\n\t\t\t\t<img decoding=\"async\" class=\"logo-svg\" src=\"\/wp-content\/uploads\/2023\/04\/Compromisos_7.svg\" >\n\t\t\t<\/div>\n\t\t\t<div class=\"datos\">\n\t\t\t\t<ul class=\"stats-list\">\n\t\t\t\t\t\t<li>\n\t\t\t\t\t\t\t<span class=\"value\">+335 <\/span>\n\t\t\t\t\t\t\t<p class=\"text\">milions d'euros d'estalvi transferit<\/p>\n\t\t\t\t\t\t<\/li>\n\t\t\t\t<\/ul>\n\t\t\t<\/div>\n\t\t<\/li>\n\t\t\n\t\t<li>\n\t\t\t<div class=\"cabecera\">\n\t\t\t\t<div class=\"numero\">8<\/div>\n\t\t\t\t<h3>\n\t\t\t\t\tActuem des de l'escolta, amb claredat i transpar\u00e8ncia\n\t\t\t\t<\/h3>\n\t\t\t\t<img decoding=\"async\" class=\"logo-svg\" src=\"\/wp-content\/uploads\/2023\/04\/Compromisos_8.svg\" >\n\t\t\t<\/div>\n\t\t\t<div class=\"datos\">\n\t\t\t\t<ul class=\"stats-list\">\n\t\t\t\t\t\t<li>\n\t\t\t\t\t\t\t<span class=\"value\">100% <\/span>\n\t\t\t\t\t\t\t<p class=\"text\">productes de marca pr\u00f2pia amb l'etiquetatge nutricional avan\u00e7at Nutri-Score <\/p>\n\t\t\t\t\t\t<\/li>\n\t\t\t\t<\/ul>\n\t\t\t<\/div>\n\t\t<\/li>\n\t\t<li>\n\t\t\t<div class=\"cabecera\">\n\t\t\t\t<div class=\"numero\">9<\/div>\n\t\t\t\t<h3>\n\t\t\t\t Ens cuidem com a treballadors i treballadores\n\t\t\t\t<\/h3>\n\t\t\t\t<img decoding=\"async\" class=\"logo-svg\" src=\"\/wp-content\/uploads\/2023\/04\/Compromisos_9.svg\" >\n\t\t\t<\/div>\n\t\t\t<div class=\"datos\">\n\t\t\t\t<ul class=\"stats-list\">\n\t\t\t\t\t\t<li>\n\t\t\t\t\t\t\t<span class=\"value\">3.614  <\/span>\n\t\t\t\t\t\t\t<p class=\"text\">persones es van acollir a una reducci\u00f3 de jornada o exced\u00e8ncia\n\n <\/p>\n\t\t\t\t\t\t<\/li>\n\t\t\t\t\t\t<li>\n\t\t\t\t\t\t\t<span class=\"value\">242.445 <\/span>\n\t\t\t\t\t\t\t<p class=\"text\">hores de formaci\u00f3 en total a les persones treballadores<\/p>\n\t\t\t\t\t\t<\/li>\n\t\t\t\t<\/ul>\n\t\t\t<\/div>\n\t\t<\/li>\n\t\t<li>\n\t\t\t<div class=\"cabecera\">\n\t\t\t\t<div class=\"numero\">10<\/div>\n\t\t\t\t<h3>\n\t\t\t\t\tImpulsem un estil de vida m\u00e9s saludable\n\t\t\t\t<\/h3>\n\t\t\t\t<img decoding=\"async\" class=\"logo-svg\" src=\"\/wp-content\/uploads\/2023\/04\/Compromisos_10.svg\" >\n\t\t\t<\/div>\n\t\t\t<div class=\"datos\">\n\t\t\t\t<ul class=\"stats-list\">\n\t\t\t\t\t\t<li>\n\t\t\t\t\t\t\t<span class=\"value\">+38 <\/span>\n\t\t\t\t\t\t\t<p class=\"text\">milions de visites a <a href=\"https:\/\/www.consumer.es\">www.consumer.es<\/a> <\/p>\n\t\t\t\t\t\t<\/li>\n\t\t\t\t\t\t<li>\n\t\t\t\t\t\t\t<span class=\"value\">1.365.052 <\/span>\n\t\t\t\t\t\t\t<p class=\"text\">de revistes Consumer distribu\u00efdes als nostres establiments<\/p>\n\t\t\t\t\t\t<\/li>\n\t\t\t\t<\/ul>\n\t\t\t<\/div>\n\t\t<\/li>\n\t\t\n\t<\/ul>\n<\/div><\/div><\/div><\/div><\/div><\/div>","protected":false},"excerpt":{"rendered":"<p>Descarregar Mem\u00f2ria Descarregar EINF 10 Compromisos per la Salut i la Sostenibilitat 1 Ens impliquem amb la seguretat aliment\u00e0ria 33.375 controls anal\u00edtics de productes i serveis 347 auditories a prove\u00efdors 963 auditories a punts de venda 2 Promovem una alimentaci\u00f3 equilibrada 1.883 productes de marca tenen l\u2019etiquetat Nutri-Score 186 productes de marca pr\u00f2pia baixos en [&hellip;]<\/p>\n","protected":false},"author":26,"featured_media":0,"parent":40039,"menu_order":0,"comment_status":"closed","ping_status":"closed","template":"","meta":{"_acf_changed":false,"footnotes":""},"class_list":["post-40054","page","type-page","status-publish","hentry"],"acf":[],"yoast_head":"<!-- This site is optimized with the Yoast SEO plugin v24.5 - https:\/\/yoast.com\/wordpress\/plugins\/seo\/ -->\n<title>10 Compromisos per la Salut i la Sostenibilitat - Eroski Corporativo<\/title>\n<meta name=\"robots\" content=\"index, follow, max-snippet:-1, max-image-preview:large, max-video-preview:-1\" \/>\n<link rel=\"canonical\" href=\"https:\/\/corporativo.eroski.es\/ca\/memoria-corporativa\/10-compromisos-per-la-salut-i-la-sostenibilitat\/\" \/>\n<meta property=\"og:locale\" content=\"ca_ES\" \/>\n<meta property=\"og:type\" content=\"article\" \/>\n<meta property=\"og:title\" content=\"10 Compromisos per la Salut i la Sostenibilitat - Eroski Corporativo\" \/>\n<meta property=\"og:description\" content=\"Descarregar Mem\u00f2ria Descarregar EINF 10 Compromisos per la Salut i la Sostenibilitat 1 Ens impliquem amb la seguretat aliment\u00e0ria 33.375 controls anal\u00edtics de productes i serveis 347 auditories a prove\u00efdors 963 auditories a punts de venda 2 Promovem una alimentaci\u00f3 equilibrada 1.883 productes de marca tenen l\u2019etiquetat Nutri-Score 186 productes de marca pr\u00f2pia baixos en [&hellip;]\" \/>\n<meta property=\"og:url\" content=\"https:\/\/corporativo.eroski.es\/ca\/memoria-corporativa\/10-compromisos-per-la-salut-i-la-sostenibilitat\/\" \/>\n<meta property=\"og:site_name\" content=\"Eroski Corporativo\" \/>\n<meta property=\"article:modified_time\" content=\"2023-05-16T15:00:26+00:00\" \/>\n<meta name=\"twitter:card\" content=\"summary_large_image\" \/>\n<script type=\"application\/ld+json\" class=\"yoast-schema-graph\">{\"@context\":\"https:\/\/schema.org\",\"@graph\":[{\"@type\":\"WebPage\",\"@id\":\"https:\/\/corporativo.eroski.es\/ca\/memoria-corporativa\/10-compromisos-per-la-salut-i-la-sostenibilitat\/\",\"url\":\"https:\/\/corporativo.eroski.es\/ca\/memoria-corporativa\/10-compromisos-per-la-salut-i-la-sostenibilitat\/\",\"name\":\"10 Compromisos per la Salut i la Sostenibilitat - Eroski Corporativo\",\"isPartOf\":{\"@id\":\"https:\/\/corporativo.eroski.es\/ca\/#website\"},\"datePublished\":\"2023-04-20T08:26:09+00:00\",\"dateModified\":\"2023-05-16T15:00:26+00:00\",\"breadcrumb\":{\"@id\":\"https:\/\/corporativo.eroski.es\/ca\/memoria-corporativa\/10-compromisos-per-la-salut-i-la-sostenibilitat\/#breadcrumb\"},\"inLanguage\":\"ca-ES\",\"potentialAction\":[{\"@type\":\"ReadAction\",\"target\":[\"https:\/\/corporativo.eroski.es\/ca\/memoria-corporativa\/10-compromisos-per-la-salut-i-la-sostenibilitat\/\"]}]},{\"@type\":\"BreadcrumbList\",\"@id\":\"https:\/\/corporativo.eroski.es\/ca\/memoria-corporativa\/10-compromisos-per-la-salut-i-la-sostenibilitat\/#breadcrumb\",\"itemListElement\":[{\"@type\":\"ListItem\",\"position\":1,\"name\":\"Portada\",\"item\":\"https:\/\/corporativo.eroski.es\/ca\/\"},{\"@type\":\"ListItem\",\"position\":2,\"name\":\"Mem\u00f2ria Corporativa 2022\",\"item\":\"https:\/\/corporativo.eroski.es\/ca\/memoria-corporativa\/\"},{\"@type\":\"ListItem\",\"position\":3,\"name\":\"10 Compromisos per la Salut i la Sostenibilitat\"}]},{\"@type\":\"WebSite\",\"@id\":\"https:\/\/corporativo.eroski.es\/ca\/#website\",\"url\":\"https:\/\/corporativo.eroski.es\/ca\/\",\"name\":\"Eroski Corporativo\",\"description\":\"\",\"potentialAction\":[{\"@type\":\"SearchAction\",\"target\":{\"@type\":\"EntryPoint\",\"urlTemplate\":\"https:\/\/corporativo.eroski.es\/ca\/?s={search_term_string}\"},\"query-input\":{\"@type\":\"PropertyValueSpecification\",\"valueRequired\":true,\"valueName\":\"search_term_string\"}}],\"inLanguage\":\"ca-ES\"}]}<\/script>\n<!-- \/ Yoast SEO plugin. -->","yoast_head_json":{"title":"10 Compromisos per la Salut i la Sostenibilitat - Eroski Corporativo","robots":{"index":"index","follow":"follow","max-snippet":"max-snippet:-1","max-image-preview":"max-image-preview:large","max-video-preview":"max-video-preview:-1"},"canonical":"https:\/\/corporativo.eroski.es\/ca\/memoria-corporativa\/10-compromisos-per-la-salut-i-la-sostenibilitat\/","og_locale":"ca_ES","og_type":"article","og_title":"10 Compromisos per la Salut i la Sostenibilitat - Eroski Corporativo","og_description":"Descarregar Mem\u00f2ria Descarregar EINF 10 Compromisos per la Salut i la Sostenibilitat 1 Ens impliquem amb la seguretat aliment\u00e0ria 33.375 controls anal\u00edtics de productes i serveis 347 auditories a prove\u00efdors 963 auditories a punts de venda 2 Promovem una alimentaci\u00f3 equilibrada 1.883 productes de marca tenen l\u2019etiquetat Nutri-Score 186 productes de marca pr\u00f2pia baixos en [&hellip;]","og_url":"https:\/\/corporativo.eroski.es\/ca\/memoria-corporativa\/10-compromisos-per-la-salut-i-la-sostenibilitat\/","og_site_name":"Eroski Corporativo","article_modified_time":"2023-05-16T15:00:26+00:00","twitter_card":"summary_large_image","schema":{"@context":"https:\/\/schema.org","@graph":[{"@type":"WebPage","@id":"https:\/\/corporativo.eroski.es\/ca\/memoria-corporativa\/10-compromisos-per-la-salut-i-la-sostenibilitat\/","url":"https:\/\/corporativo.eroski.es\/ca\/memoria-corporativa\/10-compromisos-per-la-salut-i-la-sostenibilitat\/","name":"10 Compromisos per la Salut i la Sostenibilitat - Eroski Corporativo","isPartOf":{"@id":"https:\/\/corporativo.eroski.es\/ca\/#website"},"datePublished":"2023-04-20T08:26:09+00:00","dateModified":"2023-05-16T15:00:26+00:00","breadcrumb":{"@id":"https:\/\/corporativo.eroski.es\/ca\/memoria-corporativa\/10-compromisos-per-la-salut-i-la-sostenibilitat\/#breadcrumb"},"inLanguage":"ca-ES","potentialAction":[{"@type":"ReadAction","target":["https:\/\/corporativo.eroski.es\/ca\/memoria-corporativa\/10-compromisos-per-la-salut-i-la-sostenibilitat\/"]}]},{"@type":"BreadcrumbList","@id":"https:\/\/corporativo.eroski.es\/ca\/memoria-corporativa\/10-compromisos-per-la-salut-i-la-sostenibilitat\/#breadcrumb","itemListElement":[{"@type":"ListItem","position":1,"name":"Portada","item":"https:\/\/corporativo.eroski.es\/ca\/"},{"@type":"ListItem","position":2,"name":"Mem\u00f2ria Corporativa 2022","item":"https:\/\/corporativo.eroski.es\/ca\/memoria-corporativa\/"},{"@type":"ListItem","position":3,"name":"10 Compromisos per la Salut i la Sostenibilitat"}]},{"@type":"WebSite","@id":"https:\/\/corporativo.eroski.es\/ca\/#website","url":"https:\/\/corporativo.eroski.es\/ca\/","name":"Eroski Corporativo","description":"","potentialAction":[{"@type":"SearchAction","target":{"@type":"EntryPoint","urlTemplate":"https:\/\/corporativo.eroski.es\/ca\/?s={search_term_string}"},"query-input":{"@type":"PropertyValueSpecification","valueRequired":true,"valueName":"search_term_string"}}],"inLanguage":"ca-ES"}]}},"_links":{"self":[{"href":"https:\/\/corporativo.eroski.es\/ca\/wp-json\/wp\/v2\/pages\/40054","targetHints":{"allow":["GET"]}}],"collection":[{"href":"https:\/\/corporativo.eroski.es\/ca\/wp-json\/wp\/v2\/pages"}],"about":[{"href":"https:\/\/corporativo.eroski.es\/ca\/wp-json\/wp\/v2\/types\/page"}],"author":[{"embeddable":true,"href":"https:\/\/corporativo.eroski.es\/ca\/wp-json\/wp\/v2\/users\/26"}],"replies":[{"embeddable":true,"href":"https:\/\/corporativo.eroski.es\/ca\/wp-json\/wp\/v2\/comments?post=40054"}],"version-history":[{"count":8,"href":"https:\/\/corporativo.eroski.es\/ca\/wp-json\/wp\/v2\/pages\/40054\/revisions"}],"predecessor-version":[{"id":40114,"href":"https:\/\/corporativo.eroski.es\/ca\/wp-json\/wp\/v2\/pages\/40054\/revisions\/40114"}],"up":[{"embeddable":true,"href":"https:\/\/corporativo.eroski.es\/ca\/wp-json\/wp\/v2\/pages\/40039"}],"wp:attachment":[{"href":"https:\/\/corporativo.eroski.es\/ca\/wp-json\/wp\/v2\/media?parent=40054"}],"curies":[{"name":"wp","href":"https:\/\/api.w.org\/{rel}","templated":true}]}}