{"id":34298,"date":"2022-04-29T11:00:58","date_gmt":"2022-04-29T09:00:58","guid":{"rendered":"https:\/\/corporativo.eroski.es\/?page_id=34298"},"modified":"2022-05-04T18:39:47","modified_gmt":"2022-05-04T16:39:47","slug":"leire-mugerza-presidenta-del-consell-rector-deroski-2021","status":"publish","type":"page","link":"https:\/\/corporativo.eroski.es\/ca\/memoria-2021\/leire-mugerza-presidenta-del-consell-rector-deroski-2021\/","title":{"rendered":"Leire Mugerza, Presidenta del Consell Rector d&#8217;EROSKI"},"content":{"rendered":"\n<style>\n\t.descarga_documentos{\n\t    display: flex;\n\t\tjustify-content: flex-end;\n\t\tmargin-top: -100px;\n\t}\n\t.descarga {\n\t\tmax-width: min-content;\n\t\ttext-align: center;\n\t\tpadding: 5px;\n\t}\n\t.descarga svg{\n\t\tmargin-top: 10px;\n\t}\n\t.descarga p{\n\t\tfont-family: \"Roboto\",Arial;\n\t\tfont-size: 14px;\n\t\tline-height: initial;\n\t\tmargin-bottom: 0;\n\t}\n@media (max-width: 1024px){\t\n\t.descarga_documentos{\n\t\tmargin-top: 0;\n\t}\n}\n<\/style>\n\n\n<div class=\"container\">\n\t<div class=\"descarga_documentos\">\n\t\t<div class=\"descarga\">\n\t\t\t<a target=\"_blank\" href=\"\/wp-content\/uploads\/memorias-2021\/memoria-eroski-digital-cat.pdf\" rel=\"noopener\">\n\t\t\t\t<p>Descarregar <strong>Mem\u00f2ria<\/strong><\/p>\n\t\t\t\t \n\t\t\t\t<svg width=\"47\" height=\"51\" viewBox=\"0 0 47 51\" fill=\"none\" xmlns=\"http:\/\/www.w3.org\/2000\/svg\">\n\t\t\t\t<g clip-path=\"url(#clip0_1419_17)\">\n\t\t\t\t<path d=\"M47 0L3.8147e-06 -2.05444e-06L2.42921e-06 31.6963L24.8886 51L47 31.6963L47 0Z\" fill=\"#CD2328\"><\/path>\n\t\t\t\t<\/g>\n\t\t\t\t<defs>\n\t\t\t\t<clipPath id=\"clip0_1419_17\">\n\t\t\t\t<rect width=\"51\" height=\"47\" fill=\"white\" transform=\"translate(47) rotate(90)\"><\/rect>\n\t\t\t\t<\/clipPath>\n\t\t\t\t<\/defs>\n\t\t\t\t<\/svg>\n\t\t\t<\/a>\n\t\t<\/div>\n\t\t<div class=\"descarga\">\n\t\t\t<a target=\"_blank\" href=\"\/wp-content\/uploads\/einf\/einf-2021_cast.pdf\" rel=\"noopener\">\n\t\t\t\t<p>Descarregar <strong>EINF<\/strong><\/p>\n\t\t\t\t\n\t\t\t\t<svg width=\"47\" height=\"51\" viewBox=\"0 0 47 51\" fill=\"none\" xmlns=\"http:\/\/www.w3.org\/2000\/svg\">\n\t\t\t\t<g clip-path=\"url(#clip0_1419_17)\">\n\t\t\t\t<path d=\"M47 0L3.8147e-06 -2.05444e-06L2.42921e-06 31.6963L24.8886 51L47 31.6963L47 0Z\" fill=\"#CD2328\"><\/path>\n\t\t\t\t<\/g>\n\t\t\t\t<defs>\n\t\t\t\t<clipPath id=\"clip0_1419_17\">\n\t\t\t\t<rect width=\"51\" height=\"47\" fill=\"white\" transform=\"translate(47) rotate(90)\"><\/rect>\n\t\t\t\t<\/clipPath>\n\t\t\t\t<\/defs>\n\t\t\t\t<\/svg>\n\t\t\t<\/a>\n\t\t<\/div>\n\t<\/div>\n<\/div>\n\n\n\n<h1 class=\"wp-block-heading\"><strong>Carta de Leire Mugerza<\/strong><\/h1>\n\n\n\n<h2 class=\"wp-block-heading\">Presidenta del Consejo Rector de EROSKI<\/h2>\n\n\n\n<p>Ja som aqu\u00ed. Una frase que tanca molts significats en aquests incerts temps. \u00c9s una incertesa que no enfonsa les seves arrels en elements interns, sin\u00f3 que obeeix a causes externes: una pand\u00e8mia, la inflaci\u00f3, una guerra a Europa\u2026 \u00c9s una incertesa que ens obliga a repensar les nostres prioritats. La inquietud i el sofriment de la societat no ens resulten alienes a les empreses. Hem de ser part activa de la soluci\u00f3. <\/p>\n\n\n\n<p>La Corporaci\u00f3 Mondrag\u00f3n utilitza un lema que fem propi tamb\u00e9 les seves cooperatives: Humanity at work. Mai hi ha hagut millor aplicaci\u00f3 possible que aquests dos \u00faltims anys. Les persones que fem EROSKI hem donat el millor per acompanyar a la societat en aquest per\u00edode. Amb tensi\u00f3, per\u00f2 amb \u00e0nima. Ja som aqu\u00ed. O estem arribant, perqu\u00e8 continuarem atents al rumb que prengui la guerra a Ucra\u00efna i actuarem per esmorteir-ne els efectes en el pla\nhum\u00e0. <\/p>\n\n\n\n<p><strong>Hem arribat a milers de persones necessitades <\/strong><\/p>\n\n\n\n<p>Aquest 2021 hem arribat a moltes m\u00e9s persones a trav\u00e9s de milers de petites aportacions. \u00c9s gaireb\u00e9 m\u00e0gic aconseguir tal nivell de capil\u00b7laritat social: des d&#8217;EROSKI i des dels nostres clients hem fet costat a m\u00e9s de 435.000 persones a trav\u00e9s de 260 entitats socials. <\/p>\n\n\n\n<p>Aquesta m\u00e0gia l&#8217;ha possibilitat, entre d&#8217;altres, el programa C\u00e8ntims Solidaris on hem aconseguit m\u00e9s de 14 milions de donacions. No nom\u00e9s aix\u00f2: 12.400 clients han triat les causes socials a les quals destinarem els nostres recursos gr\u00e0cies al treball d&#8217;escolta activa que hem desenvolupat amb tots en l&#8217;\u00faltim trimestre del 2021. <\/p>\n\n\n\n<p>Per\u00f2, a m\u00e9s, contribu\u00efm a trav\u00e9s d&#8217;altres programes com ara el Malbaratament Zero, per mitigar el balafiament alimentari, i col\u00b7laborem amb centenars d&#8217;organitzacions com ara els bancs d&#8217;aliments en la construcci\u00f3 d&#8217;una societat m\u00e9s justa i sostenible.<\/p>\n\n\n\n<p><strong>Hem arribat a un consumidor millor informat<\/strong><\/p>\n\n\n\n<p>El consumidor \u00e9s la nostra ra\u00f3 de ser com a cooperativa de consum. Estem conven\u00e7uts que un consumidor millor format\ni informat prendr\u00e0 millors decisions que afectaran de manera positiva a la seva salut. Ten\u00edem aix\u00f2 en ment quan el 2019 vam ser la primera empresa en la distribuci\u00f3 espanyola a introduir l&#8217;etiquetatge frontal Nutri-Score, que s&#8217;afegia al Sem\u00e0for Nutricional ja incorporat fa m\u00e9s d&#8217;una d\u00e8cada. Les dades de l&#8217;an\u00e0lisi publicada a la revista Consumer del mes de juliol mostren clarament que el consumidor queda influ\u00eft de manera positiva per la informaci\u00f3 que li aportem. Tamb\u00e9 som aqu\u00ed. <\/p>\n\n\n\n<p><strong>Gr\u00e0cies a un esfor\u00e7 compartit <\/strong><\/p>\n\n\n\n<p>L&#8217;any 2021, a m\u00e9s, ha estat per a EROSKI el de l&#8217;inici d&#8217;una nova etapa. Un naixement impensable sense la implicaci\u00f3 de tot el col\u00b7lectiu social i, sobretot, sense el seu sacrifici, treball i dedicaci\u00f3. Les decisions que hem pres ens han perm\u00e8s, avui, transformar el Grup. Gr\u00e0cies a ells i elles hem arribat. <\/p>\n\n\n\n<p><strong>I ara ens toca avan\u00e7ar per enfortir aquesta nova etapa <\/strong><\/p>\n\n\n\n<p>Sabem que la for\u00e7a del cooperativisme es fonamenta en la solidaritat de molts, que es nodreix de l&#8217;esfor\u00e7, la tenacitat i el coneixement dels individus. Excel\u00b7lents individualitats, que sumen, i aix\u00f2 fa que la for\u00e7a es multipliqui. Ho hem experimentat. La difer\u00e8ncia en un projecte com EROSKI, no nom\u00e9s radica a tenir un bon l\u00edder, sin\u00f3 en qu\u00e8 sigui un bon l\u00edder cooperatiu, i aix\u00f2 tamb\u00e9 ho hem compartit. Gr\u00e0cies, Agustin Markaide, per compartir una\nmanera de fer empresa, una empresa de distribuci\u00f3, per\u00f2 amb una permanent adequaci\u00f3 del prop\u00f2sit.<\/p>\n\n\n\n<p>niciem la nova etapa amb la mirada renovada, amb Rosa Carabel, mantenint la Missi\u00f3 d&#8217;aquest projecte cooperatiu.\nContinuarem avan\u00e7ant en pro de la salut dels consumidors i en la sostenibilitat del nostre entorn, en el nostre projecte EROSKI, amb tu<\/p>\n","protected":false},"excerpt":{"rendered":"<p>Descarregar Mem\u00f2ria Descarregar EINF Carta de Leire Mugerza Presidenta del Consejo Rector de EROSKI Ja som aqu\u00ed. Una frase que tanca molts significats en aquests incerts temps. \u00c9s una incertesa que no enfonsa les seves arrels en elements interns, sin\u00f3 que obeeix a causes externes: una pand\u00e8mia, la inflaci\u00f3, una guerra a Europa\u2026 \u00c9s una [&hellip;]<\/p>\n","protected":false},"author":19,"featured_media":0,"parent":34305,"menu_order":0,"comment_status":"closed","ping_status":"closed","template":"","meta":{"_acf_changed":false,"footnotes":""},"class_list":["post-34298","page","type-page","status-publish","hentry"],"acf":[],"yoast_head":"<!-- This site is optimized with the Yoast SEO plugin v24.5 - https:\/\/yoast.com\/wordpress\/plugins\/seo\/ -->\n<title>Leire Mugerza, Presidenta del Consell Rector d&#039;EROSKI - Eroski Corporativo<\/title>\n<meta name=\"robots\" content=\"index, follow, max-snippet:-1, max-image-preview:large, max-video-preview:-1\" \/>\n<link rel=\"canonical\" href=\"https:\/\/corporativo.eroski.es\/ca\/memoria-2021\/leire-mugerza-presidenta-del-consell-rector-deroski-2021\/\" \/>\n<meta property=\"og:locale\" content=\"ca_ES\" \/>\n<meta property=\"og:type\" content=\"article\" \/>\n<meta property=\"og:title\" content=\"Leire Mugerza, Presidenta del Consell Rector d&#039;EROSKI - Eroski Corporativo\" \/>\n<meta property=\"og:description\" content=\"Descarregar Mem\u00f2ria Descarregar EINF Carta de Leire Mugerza Presidenta del Consejo Rector de EROSKI Ja som aqu\u00ed. Una frase que tanca molts significats en aquests incerts temps. \u00c9s una incertesa que no enfonsa les seves arrels en elements interns, sin\u00f3 que obeeix a causes externes: una pand\u00e8mia, la inflaci\u00f3, una guerra a Europa\u2026 \u00c9s una [&hellip;]\" \/>\n<meta property=\"og:url\" content=\"https:\/\/corporativo.eroski.es\/ca\/memoria-2021\/leire-mugerza-presidenta-del-consell-rector-deroski-2021\/\" \/>\n<meta property=\"og:site_name\" content=\"Eroski Corporativo\" \/>\n<meta property=\"article:modified_time\" content=\"2022-05-04T16:39:47+00:00\" \/>\n<meta name=\"twitter:card\" content=\"summary_large_image\" \/>\n<meta name=\"twitter:label1\" content=\"Est. reading time\" \/>\n\t<meta name=\"twitter:data1\" content=\"3 minutes\" \/>\n<script type=\"application\/ld+json\" class=\"yoast-schema-graph\">{\"@context\":\"https:\/\/schema.org\",\"@graph\":[{\"@type\":\"WebPage\",\"@id\":\"https:\/\/corporativo.eroski.es\/ca\/memoria-2021\/leire-mugerza-presidenta-del-consell-rector-deroski-2021\/\",\"url\":\"https:\/\/corporativo.eroski.es\/ca\/memoria-2021\/leire-mugerza-presidenta-del-consell-rector-deroski-2021\/\",\"name\":\"Leire Mugerza, Presidenta del Consell Rector d'EROSKI - Eroski Corporativo\",\"isPartOf\":{\"@id\":\"https:\/\/corporativo.eroski.es\/ca\/#website\"},\"datePublished\":\"2022-04-29T09:00:58+00:00\",\"dateModified\":\"2022-05-04T16:39:47+00:00\",\"breadcrumb\":{\"@id\":\"https:\/\/corporativo.eroski.es\/ca\/memoria-2021\/leire-mugerza-presidenta-del-consell-rector-deroski-2021\/#breadcrumb\"},\"inLanguage\":\"ca-ES\",\"potentialAction\":[{\"@type\":\"ReadAction\",\"target\":[\"https:\/\/corporativo.eroski.es\/ca\/memoria-2021\/leire-mugerza-presidenta-del-consell-rector-deroski-2021\/\"]}]},{\"@type\":\"BreadcrumbList\",\"@id\":\"https:\/\/corporativo.eroski.es\/ca\/memoria-2021\/leire-mugerza-presidenta-del-consell-rector-deroski-2021\/#breadcrumb\",\"itemListElement\":[{\"@type\":\"ListItem\",\"position\":1,\"name\":\"Portada\",\"item\":\"https:\/\/corporativo.eroski.es\/ca\/\"},{\"@type\":\"ListItem\",\"position\":2,\"name\":\"Memoria 2021\",\"item\":\"https:\/\/corporativo.eroski.es\/ca\/memoria-2021\/\"},{\"@type\":\"ListItem\",\"position\":3,\"name\":\"Leire Mugerza, Presidenta del Consell Rector d&#8217;EROSKI\"}]},{\"@type\":\"WebSite\",\"@id\":\"https:\/\/corporativo.eroski.es\/ca\/#website\",\"url\":\"https:\/\/corporativo.eroski.es\/ca\/\",\"name\":\"Eroski Corporativo\",\"description\":\"\",\"potentialAction\":[{\"@type\":\"SearchAction\",\"target\":{\"@type\":\"EntryPoint\",\"urlTemplate\":\"https:\/\/corporativo.eroski.es\/ca\/?s={search_term_string}\"},\"query-input\":{\"@type\":\"PropertyValueSpecification\",\"valueRequired\":true,\"valueName\":\"search_term_string\"}}],\"inLanguage\":\"ca-ES\"}]}<\/script>\n<!-- \/ Yoast SEO plugin. -->","yoast_head_json":{"title":"Leire Mugerza, Presidenta del Consell Rector d'EROSKI - Eroski Corporativo","robots":{"index":"index","follow":"follow","max-snippet":"max-snippet:-1","max-image-preview":"max-image-preview:large","max-video-preview":"max-video-preview:-1"},"canonical":"https:\/\/corporativo.eroski.es\/ca\/memoria-2021\/leire-mugerza-presidenta-del-consell-rector-deroski-2021\/","og_locale":"ca_ES","og_type":"article","og_title":"Leire Mugerza, Presidenta del Consell Rector d'EROSKI - Eroski Corporativo","og_description":"Descarregar Mem\u00f2ria Descarregar EINF Carta de Leire Mugerza Presidenta del Consejo Rector de EROSKI Ja som aqu\u00ed. Una frase que tanca molts significats en aquests incerts temps. \u00c9s una incertesa que no enfonsa les seves arrels en elements interns, sin\u00f3 que obeeix a causes externes: una pand\u00e8mia, la inflaci\u00f3, una guerra a Europa\u2026 \u00c9s una [&hellip;]","og_url":"https:\/\/corporativo.eroski.es\/ca\/memoria-2021\/leire-mugerza-presidenta-del-consell-rector-deroski-2021\/","og_site_name":"Eroski Corporativo","article_modified_time":"2022-05-04T16:39:47+00:00","twitter_card":"summary_large_image","twitter_misc":{"Est. reading time":"3 minutes"},"schema":{"@context":"https:\/\/schema.org","@graph":[{"@type":"WebPage","@id":"https:\/\/corporativo.eroski.es\/ca\/memoria-2021\/leire-mugerza-presidenta-del-consell-rector-deroski-2021\/","url":"https:\/\/corporativo.eroski.es\/ca\/memoria-2021\/leire-mugerza-presidenta-del-consell-rector-deroski-2021\/","name":"Leire Mugerza, Presidenta del Consell Rector d'EROSKI - Eroski Corporativo","isPartOf":{"@id":"https:\/\/corporativo.eroski.es\/ca\/#website"},"datePublished":"2022-04-29T09:00:58+00:00","dateModified":"2022-05-04T16:39:47+00:00","breadcrumb":{"@id":"https:\/\/corporativo.eroski.es\/ca\/memoria-2021\/leire-mugerza-presidenta-del-consell-rector-deroski-2021\/#breadcrumb"},"inLanguage":"ca-ES","potentialAction":[{"@type":"ReadAction","target":["https:\/\/corporativo.eroski.es\/ca\/memoria-2021\/leire-mugerza-presidenta-del-consell-rector-deroski-2021\/"]}]},{"@type":"BreadcrumbList","@id":"https:\/\/corporativo.eroski.es\/ca\/memoria-2021\/leire-mugerza-presidenta-del-consell-rector-deroski-2021\/#breadcrumb","itemListElement":[{"@type":"ListItem","position":1,"name":"Portada","item":"https:\/\/corporativo.eroski.es\/ca\/"},{"@type":"ListItem","position":2,"name":"Memoria 2021","item":"https:\/\/corporativo.eroski.es\/ca\/memoria-2021\/"},{"@type":"ListItem","position":3,"name":"Leire Mugerza, Presidenta del Consell Rector d&#8217;EROSKI"}]},{"@type":"WebSite","@id":"https:\/\/corporativo.eroski.es\/ca\/#website","url":"https:\/\/corporativo.eroski.es\/ca\/","name":"Eroski Corporativo","description":"","potentialAction":[{"@type":"SearchAction","target":{"@type":"EntryPoint","urlTemplate":"https:\/\/corporativo.eroski.es\/ca\/?s={search_term_string}"},"query-input":{"@type":"PropertyValueSpecification","valueRequired":true,"valueName":"search_term_string"}}],"inLanguage":"ca-ES"}]}},"_links":{"self":[{"href":"https:\/\/corporativo.eroski.es\/ca\/wp-json\/wp\/v2\/pages\/34298","targetHints":{"allow":["GET"]}}],"collection":[{"href":"https:\/\/corporativo.eroski.es\/ca\/wp-json\/wp\/v2\/pages"}],"about":[{"href":"https:\/\/corporativo.eroski.es\/ca\/wp-json\/wp\/v2\/types\/page"}],"author":[{"embeddable":true,"href":"https:\/\/corporativo.eroski.es\/ca\/wp-json\/wp\/v2\/users\/19"}],"replies":[{"embeddable":true,"href":"https:\/\/corporativo.eroski.es\/ca\/wp-json\/wp\/v2\/comments?post=34298"}],"version-history":[{"count":4,"href":"https:\/\/corporativo.eroski.es\/ca\/wp-json\/wp\/v2\/pages\/34298\/revisions"}],"predecessor-version":[{"id":34591,"href":"https:\/\/corporativo.eroski.es\/ca\/wp-json\/wp\/v2\/pages\/34298\/revisions\/34591"}],"up":[{"embeddable":true,"href":"https:\/\/corporativo.eroski.es\/ca\/wp-json\/wp\/v2\/pages\/34305"}],"wp:attachment":[{"href":"https:\/\/corporativo.eroski.es\/ca\/wp-json\/wp\/v2\/media?parent=34298"}],"curies":[{"name":"wp","href":"https:\/\/api.w.org\/{rel}","templated":true}]}}