{"id":34281,"date":"2022-04-29T10:59:41","date_gmt":"2022-04-29T08:59:41","guid":{"rendered":"https:\/\/corporativo.eroski.es\/?page_id=34281"},"modified":"2022-05-04T18:39:34","modified_gmt":"2022-05-04T16:39:34","slug":"agustin-markaide-president-deroski-2021","status":"publish","type":"page","link":"https:\/\/corporativo.eroski.es\/ca\/memoria-2021\/agustin-markaide-president-deroski-2021\/","title":{"rendered":"Agust\u00edn Markaide, President d&#8217;EROSKI"},"content":{"rendered":"\n<style>\n\t.descarga_documentos{\n\t    display: flex;\n\t\tjustify-content: flex-end;\n\t\tmargin-top: -100px;\n\t}\n\t.descarga {\n\t\tmax-width: min-content;\n\t\ttext-align: center;\n\t\tpadding: 5px;\n\t}\n\t.descarga svg{\n\t\tmargin-top: 10px;\n\t}\n\t.descarga p{\n\t\tfont-family: \"Roboto\",Arial;\n\t\tfont-size: 14px;\n\t\tline-height: initial;\n\t\tmargin-bottom: 0;\n\t}\n@media (max-width: 1024px){\t\n\t.descarga_documentos{\n\t\tmargin-top: 0;\n\t}\n}\n<\/style>\n\n\n<div class=\"container\">\n\t<div class=\"descarga_documentos\">\n\t\t<div class=\"descarga\">\n\t\t\t<a target=\"_blank\" href=\"\/wp-content\/uploads\/memorias-2021\/memoria-eroski-digital-cat.pdf\" rel=\"noopener\">\n\t\t\t\t<p>Descarregar <strong>Mem\u00f2ria<\/strong><\/p>\n\t\t\t\t \n\t\t\t\t<svg width=\"47\" height=\"51\" viewBox=\"0 0 47 51\" fill=\"none\" xmlns=\"http:\/\/www.w3.org\/2000\/svg\">\n\t\t\t\t<g clip-path=\"url(#clip0_1419_17)\">\n\t\t\t\t<path d=\"M47 0L3.8147e-06 -2.05444e-06L2.42921e-06 31.6963L24.8886 51L47 31.6963L47 0Z\" fill=\"#CD2328\"><\/path>\n\t\t\t\t<\/g>\n\t\t\t\t<defs>\n\t\t\t\t<clipPath id=\"clip0_1419_17\">\n\t\t\t\t<rect width=\"51\" height=\"47\" fill=\"white\" transform=\"translate(47) rotate(90)\"><\/rect>\n\t\t\t\t<\/clipPath>\n\t\t\t\t<\/defs>\n\t\t\t\t<\/svg>\n\t\t\t<\/a>\n\t\t<\/div>\n\t\t<div class=\"descarga\">\n\t\t\t<a target=\"_blank\" href=\"\/wp-content\/uploads\/einf\/einf-2021_cast.pdf\" rel=\"noopener\">\n\t\t\t\t<p>Descarregar <strong>EINF<\/strong><\/p>\n\t\t\t\t\n\t\t\t\t<svg width=\"47\" height=\"51\" viewBox=\"0 0 47 51\" fill=\"none\" xmlns=\"http:\/\/www.w3.org\/2000\/svg\">\n\t\t\t\t<g clip-path=\"url(#clip0_1419_17)\">\n\t\t\t\t<path d=\"M47 0L3.8147e-06 -2.05444e-06L2.42921e-06 31.6963L24.8886 51L47 31.6963L47 0Z\" fill=\"#CD2328\"><\/path>\n\t\t\t\t<\/g>\n\t\t\t\t<defs>\n\t\t\t\t<clipPath id=\"clip0_1419_17\">\n\t\t\t\t<rect width=\"51\" height=\"47\" fill=\"white\" transform=\"translate(47) rotate(90)\"><\/rect>\n\t\t\t\t<\/clipPath>\n\t\t\t\t<\/defs>\n\t\t\t\t<\/svg>\n\t\t\t<\/a>\n\t\t<\/div>\n\t<\/div>\n<\/div>\n\n\n\n<h1 class=\"wp-block-heading\"><strong>Carta d&#8217;Agust\u00edn Markaide<\/strong><\/h1>\n\n\n\n<h2 class=\"wp-block-heading\">Presidente d&#8217;EROSKI<\/h2>\n\n\n\n<p><strong>Comen\u00e7a una nova etapa, per refor\u00e7ar i avan\u00e7ar en el projecte EROSKI<\/strong><\/p>\n\n\n\n<p>2021 ha estat, com el 2020, un any en qu\u00e8 els plans no han estat una guia d&#8217;actuaci\u00f3 \u00fatil. I tot porta a pensar que el 2022 mantindr\u00e0 aquest perfil. La per\u00edcia dels gestors i professionals ha hagut de donar resposta a la successi\u00f3 de canvis, en molts casos inversos als que s&#8217;havien produ\u00eft dotze mesos abans, i haig de dir que el resultat obtingut per Eroski ha estat molt positiu tant en els assoliments propis com en l&#8217;aportaci\u00f3 a la societat<\/p>\n\n\n\n<p>Efectivament, EROSKI ha arribat al final d&#8217;una \u00e8poca i n&#8217;est\u00e0 iniciant una altra. La situaci\u00f3 econ\u00f2mica s&#8217;ha consolidat de manera cont\u00ednua i l&#8217;exercici 2021 mostra un dels millors resultats bruts de l&#8217;\u00faltima d\u00e8cada. D&#8217;altra banda, la situaci\u00f3 financera tamb\u00e9 ha evolucionat favorablement i el balan\u00e7 al tancament de l&#8217;exercici mostra un deute bancari inferior als 1.000 milions d&#8217;euros. Emprenem una nova etapa amb la mirada renovada i amb m\u00e9s possibilitats d&#8217;actuaci\u00f3. Una etapa en la qual ens proposem refor\u00e7ar les bases de la nostra activitat i avan\u00e7ar-ne amb fermesa en el desenvolupament.<\/p>\n\n\n\n<p><strong>2021: cap a la normalitat postpand\u00e8mia<\/strong><\/p>\n\n\n\n<p>Per al negoci alimentari, el 2021 ha caminat cap a una normalitat que avui s&#8217;anhela i s&#8217;ambiciona socialment. Encara sota els efectes de la pand\u00e8mia, hem millorat les nostres vendes en una mica m\u00e9s d&#8217;un punt sobre 2019. Aquest curs, les empreses de distribuci\u00f3 minorista d&#8217;alimentaci\u00f3 hem retornat a altres sectors part de la quota que hav\u00edem manllevat el 2020 i, per tant, hem constatat una reducci\u00f3 del mercat. Aix\u00ed i tot, hem consolidat algunes pr\u00e0ctiques i tend\u00e8ncies que ven\u00edem observant, com ara l&#8217;augment del canal en l\u00ednia o l&#8217;aposta pel producte local. <\/p>\n\n\n\n<p><strong>Per\u00f2 amb un incert futur pr\u00f2xim<\/strong><\/p>\n\n\n\n<p>La trag\u00e8dia de l&#8217;inici d&#8217;una guerra a Ucra\u00efna, a Europa, afectar\u00e0 directament milions de persones i haurem d&#8217;estar atents a prestar l&#8217;atenci\u00f3 i el suport social necessaris. A m\u00e9s, les tend\u00e8ncies inflacionistes, que ja existien amb anterioritat al conflicte b\u00e8l\u00b7lic, s&#8217;aguditzen i afectaran a tots els integrants de la cadena de valor aliment\u00e0ria i, en \u00faltima inst\u00e0ncia, a la poblaci\u00f3 en general. Hem de tractar d&#8217;esmorteir els efectes de la inflaci\u00f3 sobre el consumidor mitjan\u00e7ant la millora de l&#8217;efici\u00e8ncia en els nostres processos interns. No obstant aix\u00f2, igualment tenim una responsabilitat envers les baules anteriors, les empreses i les explotacions, que estan tamb\u00e9 sotmeses a aquestes pressions inflacionistes i que han de poder traslladar-les als preus de venda per poder sostenir l&#8217;activitat. El\nnou equilibri que aconseguim a la cadena de valor haur\u00e0 de respondre a totes les necessitats en joc, entre les quals, les d&#8217;una ciutadania que veur\u00e0 amena\u00e7ada la seva capacitat adquisitiva i reaccionar\u00e0 davant els qui no ho facin b\u00e9. <\/p>\n\n\n\n<p><strong>L&#8217;expansi\u00f3 adquireix ritme<\/strong><\/p>\n\n\n\n<p>El ritme d&#8217;expansi\u00f3 amb noves botigues comen\u00e7a a ser m\u00e9s actiu: hem obert o ampliat quinze botigues pr\u00f2pies mentre que les renovacions han ascendit a 141 botigues. Totes a la zona nord d&#8217;Espanya, aquella que definim com a zona priorit\u00e0ria d&#8217;actuaci\u00f3 i que abasta una ampla franja que va des de Gal\u00edcia fins a les Illes Balears. I totes aplicant elevats est\u00e0ndards de sostenibilitat.<\/p>\n\n\n\n<p>A m\u00e9s, cal sumar-hi les 65 noves franqu\u00edcies, entre les quals el format de ultraproximitat, Rapid, ha experimentat un creixement important<\/p>\n\n\n\n<p>La incorporaci\u00f3 de EP Corporate Group com a soci en Supratuc ens permet refor\u00e7ar el futur del projecte a Balears i Catalunya i, en els pr\u00f2xims mesos, aix\u00f2 tindr\u00e0 reflex en l&#8217;actuaci\u00f3 comercial.<\/p>\n\n\n\n<p><strong>Cap a una alimentaci\u00f3 m\u00e9s saludable i sostenible<\/strong><\/p>\n\n\n\n<p>La salut, el medi ambient i el comprom\u00eds social s\u00f3n tres eixos sense els quals seria molt dif\u00edcil entendre la manera de fer empresa que tenim a EROSKI. <\/p>\n\n\n\n<p>Des que el 2018 ens marquem el nostre full de ruta cap a un entorn m\u00e9s saludable i sostenible a trav\u00e9s dels nostres 10 Compromisos, cada any \u00e9s un repte. Aquests \u00faltims dotze mesos hem constatat que els h\u00e0bits de compra dels nostres clients han millorat des de la introducci\u00f3 de l&#8217;etiqueta nutricional Nutri-Score. La millora nutricional dels nostres productes \u00e9s essencial per propiciar h\u00e0bits m\u00e9s saludables. Per aix\u00f2 hem alliberat de greix de palma tots els nostres productes de marca pr\u00f2pia en el que ha estat un excel\u00b7lent exemple de col\u00b7laboraci\u00f3 amb els nostres prove\u00efdors d&#8217;alimentaci\u00f3. <\/p>\n\n\n\n<p>Com sabeu, la protecci\u00f3 de la salut ha estat l&#8217;assumpte estrella en els \u00faltims 2 anys, per\u00f2 aquesta realitat no ha ocultat altres reptes socials que ara es recuperen amb for\u00e7a. Per exemple, la descarbonitzaci\u00f3, a favor de la qual s&#8217;ha comprom\u00e8s EROSKI amb la confirmaci\u00f3 que ser\u00e0 neutra en emissions de carboni el 2050. <\/p>\n\n\n\n<p>El debat i la construcci\u00f3 social a les quals EROSKI s&#8217;uneix contribuint de manera expl\u00edcita a la consecuci\u00f3 dels Objectius de Desenvolupament Sostenible s\u00f3n prop\u00f2sit com\u00fa amb les nostres s\u00f2cies i els nostres socis client. Nom\u00e9s aix\u00ed s&#8217;ent\u00e9n la resposta que ens han ofert en l&#8217;elaboraci\u00f3 del nostre Pla Solidaritat 2022. M\u00e9s de 12.400 clients ens han ajudat a triar les causes socials en les quals serem actius enguany. Gr\u00e0cies a les aportacions dels clients i a les d&#8217;EROSKI hem destinat m\u00e9s de 13 milions d&#8217;euros a diferents causes socials per combatre la desigualtat, ajudar els qui m\u00e9s ho necessiten i evitar el balafiament alimentari. <\/p>\n\n\n\n<p><strong>L&#8217;enorme comprom\u00eds de les persones d&#8217;EROSKI <\/strong><\/p>\n\n\n\n<p>Els treballadors d&#8217;EROSKI hem viscut un temps dif\u00edcil i exigent. Les persones d&#8217;EROSKI hem respost davant la societat amb qualitat i amb calidesa. L&#8217;agra\u00efment dels clients ha estat rotund i ens sentim orgullosos per formar part d&#8217;aquest magn\u00edfic equip. <\/p>\n\n\n\n<p>El nostre projecte cooperatiu s&#8217;ha enfortit aquests anys, hem incorporat nous socis que seran 2.000 en els pr\u00f2xims cinc anys. Encarnaran el mateix esperit al servei de les necessitats de la\nciutadania. <\/p>\n\n\n\n<p><strong>Nova \u00e8poca. Nous lideratges<\/strong><\/p>\n\n\n\n<p>Iniciem una nova etapa amb nous lideratges. Rosa Carabel, Directora General d&#8217;EROSKI, \u00e9s a qui correspondr\u00e0 la responsabilitat de liderar la nova etapa amb el prop\u00f2sit de refor\u00e7ar els fonaments i avan\u00e7ar en els prop\u00f2sits del projecte. No tinc dubte que, sota la seva direcci\u00f3, l&#8217;\u00e0nima de l&#8217;organitzaci\u00f3 continuar\u00e0 treballant al servei de la missi\u00f3 i l&#8217;estrat\u00e8gia d&#8217;aquest projecte empresarial cooperatiu que busca millorar la salut dels consumidors i la\nsostenibilitat dels nostres actes i els de tota la cadena de valor. <\/p>\n","protected":false},"excerpt":{"rendered":"<p>Descarregar Mem\u00f2ria Descarregar EINF Carta d&#8217;Agust\u00edn Markaide Presidente d&#8217;EROSKI Comen\u00e7a una nova etapa, per refor\u00e7ar i avan\u00e7ar en el projecte EROSKI 2021 ha estat, com el 2020, un any en qu\u00e8 els plans no han estat una guia d&#8217;actuaci\u00f3 \u00fatil. I tot porta a pensar que el 2022 mantindr\u00e0 aquest perfil. La per\u00edcia dels gestors [&hellip;]<\/p>\n","protected":false},"author":19,"featured_media":0,"parent":34305,"menu_order":0,"comment_status":"closed","ping_status":"closed","template":"","meta":{"_acf_changed":false,"footnotes":""},"class_list":["post-34281","page","type-page","status-publish","hentry"],"acf":[],"yoast_head":"<!-- This site is optimized with the Yoast SEO plugin v24.5 - https:\/\/yoast.com\/wordpress\/plugins\/seo\/ -->\n<title>Agust\u00edn Markaide, President d&#039;EROSKI - Eroski Corporativo<\/title>\n<meta name=\"robots\" content=\"index, follow, max-snippet:-1, max-image-preview:large, max-video-preview:-1\" \/>\n<link rel=\"canonical\" href=\"https:\/\/corporativo.eroski.es\/ca\/memoria-2021\/agustin-markaide-president-deroski-2021\/\" \/>\n<meta property=\"og:locale\" content=\"ca_ES\" \/>\n<meta property=\"og:type\" content=\"article\" \/>\n<meta property=\"og:title\" content=\"Agust\u00edn Markaide, President d&#039;EROSKI - Eroski Corporativo\" \/>\n<meta property=\"og:description\" content=\"Descarregar Mem\u00f2ria Descarregar EINF Carta d&#8217;Agust\u00edn Markaide Presidente d&#8217;EROSKI Comen\u00e7a una nova etapa, per refor\u00e7ar i avan\u00e7ar en el projecte EROSKI 2021 ha estat, com el 2020, un any en qu\u00e8 els plans no han estat una guia d&#8217;actuaci\u00f3 \u00fatil. I tot porta a pensar que el 2022 mantindr\u00e0 aquest perfil. La per\u00edcia dels gestors [&hellip;]\" \/>\n<meta property=\"og:url\" content=\"https:\/\/corporativo.eroski.es\/ca\/memoria-2021\/agustin-markaide-president-deroski-2021\/\" \/>\n<meta property=\"og:site_name\" content=\"Eroski Corporativo\" \/>\n<meta property=\"article:modified_time\" content=\"2022-05-04T16:39:34+00:00\" \/>\n<meta name=\"twitter:card\" content=\"summary_large_image\" \/>\n<meta name=\"twitter:label1\" content=\"Est. reading time\" \/>\n\t<meta name=\"twitter:data1\" content=\"6 minutes\" \/>\n<script type=\"application\/ld+json\" class=\"yoast-schema-graph\">{\"@context\":\"https:\/\/schema.org\",\"@graph\":[{\"@type\":\"WebPage\",\"@id\":\"https:\/\/corporativo.eroski.es\/ca\/memoria-2021\/agustin-markaide-president-deroski-2021\/\",\"url\":\"https:\/\/corporativo.eroski.es\/ca\/memoria-2021\/agustin-markaide-president-deroski-2021\/\",\"name\":\"Agust\u00edn Markaide, President d'EROSKI - Eroski Corporativo\",\"isPartOf\":{\"@id\":\"https:\/\/corporativo.eroski.es\/ca\/#website\"},\"datePublished\":\"2022-04-29T08:59:41+00:00\",\"dateModified\":\"2022-05-04T16:39:34+00:00\",\"breadcrumb\":{\"@id\":\"https:\/\/corporativo.eroski.es\/ca\/memoria-2021\/agustin-markaide-president-deroski-2021\/#breadcrumb\"},\"inLanguage\":\"ca-ES\",\"potentialAction\":[{\"@type\":\"ReadAction\",\"target\":[\"https:\/\/corporativo.eroski.es\/ca\/memoria-2021\/agustin-markaide-president-deroski-2021\/\"]}]},{\"@type\":\"BreadcrumbList\",\"@id\":\"https:\/\/corporativo.eroski.es\/ca\/memoria-2021\/agustin-markaide-president-deroski-2021\/#breadcrumb\",\"itemListElement\":[{\"@type\":\"ListItem\",\"position\":1,\"name\":\"Portada\",\"item\":\"https:\/\/corporativo.eroski.es\/ca\/\"},{\"@type\":\"ListItem\",\"position\":2,\"name\":\"Memoria 2021\",\"item\":\"https:\/\/corporativo.eroski.es\/ca\/memoria-2021\/\"},{\"@type\":\"ListItem\",\"position\":3,\"name\":\"Agust\u00edn Markaide, President d&#8217;EROSKI\"}]},{\"@type\":\"WebSite\",\"@id\":\"https:\/\/corporativo.eroski.es\/ca\/#website\",\"url\":\"https:\/\/corporativo.eroski.es\/ca\/\",\"name\":\"Eroski Corporativo\",\"description\":\"\",\"potentialAction\":[{\"@type\":\"SearchAction\",\"target\":{\"@type\":\"EntryPoint\",\"urlTemplate\":\"https:\/\/corporativo.eroski.es\/ca\/?s={search_term_string}\"},\"query-input\":{\"@type\":\"PropertyValueSpecification\",\"valueRequired\":true,\"valueName\":\"search_term_string\"}}],\"inLanguage\":\"ca-ES\"}]}<\/script>\n<!-- \/ Yoast SEO plugin. -->","yoast_head_json":{"title":"Agust\u00edn Markaide, President d'EROSKI - Eroski Corporativo","robots":{"index":"index","follow":"follow","max-snippet":"max-snippet:-1","max-image-preview":"max-image-preview:large","max-video-preview":"max-video-preview:-1"},"canonical":"https:\/\/corporativo.eroski.es\/ca\/memoria-2021\/agustin-markaide-president-deroski-2021\/","og_locale":"ca_ES","og_type":"article","og_title":"Agust\u00edn Markaide, President d'EROSKI - Eroski Corporativo","og_description":"Descarregar Mem\u00f2ria Descarregar EINF Carta d&#8217;Agust\u00edn Markaide Presidente d&#8217;EROSKI Comen\u00e7a una nova etapa, per refor\u00e7ar i avan\u00e7ar en el projecte EROSKI 2021 ha estat, com el 2020, un any en qu\u00e8 els plans no han estat una guia d&#8217;actuaci\u00f3 \u00fatil. I tot porta a pensar que el 2022 mantindr\u00e0 aquest perfil. La per\u00edcia dels gestors [&hellip;]","og_url":"https:\/\/corporativo.eroski.es\/ca\/memoria-2021\/agustin-markaide-president-deroski-2021\/","og_site_name":"Eroski Corporativo","article_modified_time":"2022-05-04T16:39:34+00:00","twitter_card":"summary_large_image","twitter_misc":{"Est. reading time":"6 minutes"},"schema":{"@context":"https:\/\/schema.org","@graph":[{"@type":"WebPage","@id":"https:\/\/corporativo.eroski.es\/ca\/memoria-2021\/agustin-markaide-president-deroski-2021\/","url":"https:\/\/corporativo.eroski.es\/ca\/memoria-2021\/agustin-markaide-president-deroski-2021\/","name":"Agust\u00edn Markaide, President d'EROSKI - Eroski Corporativo","isPartOf":{"@id":"https:\/\/corporativo.eroski.es\/ca\/#website"},"datePublished":"2022-04-29T08:59:41+00:00","dateModified":"2022-05-04T16:39:34+00:00","breadcrumb":{"@id":"https:\/\/corporativo.eroski.es\/ca\/memoria-2021\/agustin-markaide-president-deroski-2021\/#breadcrumb"},"inLanguage":"ca-ES","potentialAction":[{"@type":"ReadAction","target":["https:\/\/corporativo.eroski.es\/ca\/memoria-2021\/agustin-markaide-president-deroski-2021\/"]}]},{"@type":"BreadcrumbList","@id":"https:\/\/corporativo.eroski.es\/ca\/memoria-2021\/agustin-markaide-president-deroski-2021\/#breadcrumb","itemListElement":[{"@type":"ListItem","position":1,"name":"Portada","item":"https:\/\/corporativo.eroski.es\/ca\/"},{"@type":"ListItem","position":2,"name":"Memoria 2021","item":"https:\/\/corporativo.eroski.es\/ca\/memoria-2021\/"},{"@type":"ListItem","position":3,"name":"Agust\u00edn Markaide, President d&#8217;EROSKI"}]},{"@type":"WebSite","@id":"https:\/\/corporativo.eroski.es\/ca\/#website","url":"https:\/\/corporativo.eroski.es\/ca\/","name":"Eroski Corporativo","description":"","potentialAction":[{"@type":"SearchAction","target":{"@type":"EntryPoint","urlTemplate":"https:\/\/corporativo.eroski.es\/ca\/?s={search_term_string}"},"query-input":{"@type":"PropertyValueSpecification","valueRequired":true,"valueName":"search_term_string"}}],"inLanguage":"ca-ES"}]}},"_links":{"self":[{"href":"https:\/\/corporativo.eroski.es\/ca\/wp-json\/wp\/v2\/pages\/34281","targetHints":{"allow":["GET"]}}],"collection":[{"href":"https:\/\/corporativo.eroski.es\/ca\/wp-json\/wp\/v2\/pages"}],"about":[{"href":"https:\/\/corporativo.eroski.es\/ca\/wp-json\/wp\/v2\/types\/page"}],"author":[{"embeddable":true,"href":"https:\/\/corporativo.eroski.es\/ca\/wp-json\/wp\/v2\/users\/19"}],"replies":[{"embeddable":true,"href":"https:\/\/corporativo.eroski.es\/ca\/wp-json\/wp\/v2\/comments?post=34281"}],"version-history":[{"count":6,"href":"https:\/\/corporativo.eroski.es\/ca\/wp-json\/wp\/v2\/pages\/34281\/revisions"}],"predecessor-version":[{"id":34589,"href":"https:\/\/corporativo.eroski.es\/ca\/wp-json\/wp\/v2\/pages\/34281\/revisions\/34589"}],"up":[{"embeddable":true,"href":"https:\/\/corporativo.eroski.es\/ca\/wp-json\/wp\/v2\/pages\/34305"}],"wp:attachment":[{"href":"https:\/\/corporativo.eroski.es\/ca\/wp-json\/wp\/v2\/media?parent=34281"}],"curies":[{"name":"wp","href":"https:\/\/api.w.org\/{rel}","templated":true}]}}