{"id":15285,"date":"2020-06-16T15:32:28","date_gmt":"2020-06-16T15:32:28","guid":{"rendered":"https:\/\/corporativo.eroski.es\/memoria-2019\/transparencia\/"},"modified":"2020-07-24T11:28:33","modified_gmt":"2020-07-24T11:28:33","slug":"transparencia","status":"publish","type":"page","link":"https:\/\/corporativo.eroski.es\/ca\/memoria-2019\/transparencia\/","title":{"rendered":"Transpar\u00e8ncia"},"content":{"rendered":"<div id=\"pl-15285\"  class=\"panel-layout\" ><div id=\"pg-15285-0\"  class=\"panel-grid panel-has-style\" ><div class=\"guten-content panel-row-style panel-row-style-for-15285-0\" ><div id=\"pgc-15285-0-0\"  class=\"panel-grid-cell\" ><div id=\"panel-15285-0-0-0\" class=\"widget_text so-panel widget widget_custom_html panel-first-child\" data-index=\"0\" ><div class=\"textwidget custom-html-widget\"><style>\n\t.toggle-menu-memoria {\n\t\t\tz-index: 9999;\n\t}\n\th4.title3 {\n    font-size: 1.5em;\n    font-weight: bold;\n    margin-bottom: 1rem;\n    color: #3b3b3b;\n\t}\n\t.btn-download {\n\t\tbackground-color: #222;\n    color: #FFF;\n    border-radius: 70px;\n    padding: 15px;\n    display: inline-block;\n    margin-top: 20px;\n    padding-left: 20px;\n    padding-right: 20px;\n    font-size: 13px;\n    width: 200px;\n    text-align: center;\n\t}\n\t.btn-download span {\n\t\tmargin-left: 10px;\n\t}\n\t.link-archive svg * {\n\t\t    fill: #c8191e !important;\n\t\t    stroke: #c8191e !important;\n\t}\n\t.memoria-section-collapsible .container>header {\n\t\tcolor: #c8191e !important;\n\t}\n\t.memoria-section-collapsible .container>header .icon-collapse svg {\n\t\tfill: #c8191e !important;\n\t}\n\thr {\n    color: #f2f2f2;\n    margin-top: 2rem;\n    margin-bottom: 2rem;\n\t}\n .stats-list {\t\t\n    margin: 0;\n    padding: 0;\n    padding-left: 0px !important;\t\t\n\t\tmargin-bottom: 5rem;\n\t}\n\t.so-widget-memoria-section-collapsible-default-d75171398898 img {\n\t\tmax-width: 100%;\n\t\theight: auto;\n\t}\n\t.so-widget-memoria-section-collapsible-default-d75171398898 .col-md-7 {\n\t\t-ms-flex: 0 0 100%;\n    flex: 0 0 100%;\n    max-width: 100%;\n\t}\n\t.memoria-section-collapsible .container>header h3 {\n\t\tfont-size: 18px;\n\t}\n\t\n\th2.title {\n\t\tfont-size: 2.8rem;\n    line-height: 45px;\n    color: #c8191e;\n    margin-bottom: 30px;\t\n\t}\n\tp.destacat {\n\t\t\tfont-weight: bold;\n\t\t\tfont-size: 22px;\n\t\t\tline-height: 32px;\n\t\t\tmargin-top: 5rem;\n\t\t\tmargin-bottom: 3rem;\n\t}\n\n\t.memoria-wrapper {\n\t\tpadding: 0;\n\t}\n\t.top-portada {\n\t\tbackground-size: cover;\n\t    background-repeat: no-repeat;\n\t    height: 500px;\n\t    background-position: top center;\n\t    position: relative;\n\t}\n\t.square-1 {\n\t\tposition: absolute;\n\t    left: 0;\n\t    bottom: 0;\n\t    width: 100%;\n\t    margin-left: 0px;\n\t    background: rgba(200, 25, 30, 0.75);\n\t    padding: 30px;\n\t    color: #fff;\n\t}\n.square-1 h4 {\n    font-weight: 300;\n    font-size: 24px;\n    color: #FFF;\n   margin-top: 5px;\n}\n\t.square-1 h3 {\n\t\t  font-size: 30px;\n\t    margin-bottom: 0px;\n\t}\n\t.links a {\n\t\tcolor: #222;\n    margin-bottom: 10px;\n    display: inline-block;\n\t}\t\n\t.links a span {\n\t\tposition:relative;\n\t\tmargin-top: 2px;\n\t}\n\t\n\t.cartas-background {\n\t\tdisplay: flex;\n\t}\n\t.cartas-image {\n\t\tbackground-image: url(https:\/\/corporativo.eroski.es\/wp-content\/uploads\/2019\/05\/compromiso.jpg);\n\t    width: 75%;\n\t    background-size: cover;\n\t    background-position: center;\n\t    height: 450px;\n\t}\n\t.cartas-content {\n\t    background-color: #c8191e;\n\t    width: 25%;\n\t    display: flex;\n\t    flex-direction: column;\n\t    \n\t}\n\t.cartas-persona {\n\t\tpadding: 20px;\n\t\theight: 50%;\n\t\tcolor: #fff;\n\t\tposition: relative;\n\t\tborder-bottom: 1px solid #fff;\n\t}\n\t.cartas-persona a {\n\t\tcolor: #fff;\n\t\tposition: absolute;\n\t\tbottom: 20px;\n\t\tleft: 20px;\n\t}\n\t.cartas-persona h5 {\n\t\tmargin-bottom: 10px;\n\t}\n\t\n\t\n\t.so-widget-memoria-section-collapsible-default-d75171398898 .col-md-5 {\n\t\t    -ms-flex: 0 0 50%;\n    flex: 0 0 50%;\n    max-width: 50%;\n\t}\n\t\n\t.memoria-summary-stats {\n        background-image: none !important;\n    }\n    .memoria-summary-stats-inner {\n        display: block !important;\n    }\n\n    .memoria-summary-stats .memoria-summary-stats-inner header {\n        width: 100%;\n        max-width: 100%;\n        color: #000;\n        margin-bottom: 20px;\n    }\n\n    .stats-list li a {\n\t\t\tcolor: #FFF;\n    }\n    .stats-list li {\n        background: #e64636;\n\t\t\t\tpadding: 70px 20px;\n        max-width: initial !important;\n    }\n\n    .stats-list li:nth-child(1) {\n        background: #e64636;\n    }\n    \n    .stats-list li:nth-child(2) {\n        background: #e21924;\n    }\n\n    .stats-list li:nth-child(3) {\n        background: #c8191e\n    }\n    \n    .stats-list li:nth-child(4) {\n        background: #e64636;\n    }\n\n    .memoria-summary-stats .memoria-summary-stats-inner header .link-arrow {\n        margin-top: 0;\n\n    }\n\n    .memoria-summary-stats-inner h2 {\n\n    }\n\n    .memoria-summary-stats .memoria-summary-stats-inner header .link-arrow span {\n        color: #000;\n    }\n\n    .memoria-summary-stats .memoria-summary-stats-inner header .link-arrow svg {\n        fill: #000;\n    }\n\t\n\t.stats-list svg {\n\t\tmargin: auto;\n    height: 80px;\n    margin-bottom: 30px;\n\t}\n\t\n\t@media (max-width: 768px) {\n\t\t\n\t\t.page-template-memoria .square-1 {\n\t\t\t\twidth: 100% !important;\n\t\t\t\tmargin-left: 0px!important;\n\t\t\t\tpadding: 20px !important;\n\t\t\t\tbottom: 0px !important;\n\t\t\t\tleft: 0;\n\t\t}\n\t\t.cartas-image\t{\n\t\t\twidth: 65%;\n\t\t}\n\t\t.cartas-content {\n\t\t\twidth: 35%;\n\t\t}\n\t\t.square-1 {\n\t\t\twidth: 260px;\n\t\t\tmargin-left: -130px;\n\t\t\tpadding: 20px;\n\t\t}\n\t\t.square-1 h3 {\n\t\t\tfont-size: 30px;\n\t\t}\n\t\t\n\t\t.square-1 h4 {\n\t\t\tfont-size: 16px;\n\t\t}\n\t\t.square-2 {\n\t\t\tfont-size: 15px;\n\t\t\tmargin-left: 40px;\n\t\t\twidth: 180px;\n\t\t}\n\t\t.square-2 .link-arrow svg {\n\t\t\tdisplay: none;\n\t\t}\n\t}\n\t\n\t@media (max-width: 575px) {\n\t\t\n\t\t.cartas-background {\n\t\t\tdisplay: block;\n\t\t}\n\t\t\n\t\t.cartas-image {\n\t\t\twidth: 100%;\n\t\t\theight: 300px;\n\t\t}\n\t\t.cartas-content {\n\t\t\tflex-direction: row;\n    \twidth: 100%;\n\t\t}\n\t\t.cartas-persona {\n\t\t\t   border-right: 1px solid #fff;\n\t\t    width: 50%;\n\t\t\theight: 235px;\n\t\t}\n\t\t\n\t\t.square-2 {\n\t\t\tfont-size: 15px;\n    \tmargin-left: -130px;\n    \twidth: 260px;\n    \theight: 50px;\n\t\t}\n\t\t.square-1 {\n\t\t\t   width: 260px;\n\t    margin-left: -130px;\n  \t  padding: 20px;\n\t\t\tbottom: 50px;\n\t\t}\n\t}\t\n\t\n<\/style><\/div><\/div><div id=\"panel-15285-0-0-1\" class=\"widget_text so-panel widget widget_custom_html\" data-index=\"1\" ><div class=\"textwidget custom-html-widget\"><div class=\"top-portada\" style=\"background-image: url('\/wp-content\/uploads\/2019\/06\/grupoescucha.jpg')\">\n\t<div class=\"container\" style=\"position:relative; height: 100%; width: 100%;\">\t\t\n\t\t<div class=\"square-1\">\n\t\t\t<h3>Transpar\u00e8ncia<\/h3>\n\t\t\t<h4>Comprom\u00eds amb la claredat i la veracitat<\/h4>\n\t\t<\/div>\t\t\t\n\t<\/div>\n<\/div><\/div><\/div><div id=\"panel-15285-0-0-2\" class=\"widget_text so-panel widget widget_custom_html\" data-index=\"2\" ><div class=\"textwidget custom-html-widget\"><div class=\"container\">\n\t<div class=\"ods-images\">\n\t\t<img decoding=\"async\" src=\"https:\/\/corporativo.eroski.es\/wp-content\/uploads\/2020\/07\/16.jpg\">\t\t\n\t\t<img decoding=\"async\" src=\"https:\/\/corporativo.eroski.es\/wp-content\/uploads\/2020\/07\/17.jpg\">\t\t\n\t<\/div>\n<\/div><\/div><\/div><div id=\"panel-15285-0-0-3\" class=\"widget_text so-panel widget widget_custom_html\" data-index=\"3\" ><div class=\"textwidget custom-html-widget\"><section class=\"intro-content\">\n<div class=\"container\">\n\t\n\t<h2 class=\"title\">Els nostres grups d'inter\u00e8s <\/h2>\n\t\t\t\n\t<p>La nostra activitat genera impactes en diferents grups d'inter\u00e8s, i viceversa. Aquestes persones, grups, col\u00b7lectius i organitzacions s\u00f3n molt importants per a nosaltres, ja que hi ha una interacci\u00f3 i cooperaci\u00f3 m\u00fatua, enfortida i treballada amb els anys.<\/p>\n\n\t<img decoding=\"async\" src=\"https:\/\/corporativo.eroski.es\/wp-content\/uploads\/2020\/07\/cap8_imatge_1_cat.jpg\">\n\t<br><br>\n<\/div>\n\n<\/section><\/div><\/div><div id=\"panel-15285-0-0-4\" class=\"widget_text so-panel widget widget_custom_html\" data-index=\"4\" ><div class=\"textwidget custom-html-widget\"><section class=\"intro-content\">\n<div class=\"container\">\n\t\n\t<h4 class=\"title3\">Mecanismes de comunicaci\u00f3 espec\u00edfics i q\u00fcestions i preocupacions clau identificades per a cada grup d'inter\u00e8s<\/h4>\n\t<img decoding=\"async\" src=\"https:\/\/corporativo.eroski.es\/wp-content\/uploads\/2020\/07\/cap8_imatge_2_cat.jpg\">\n\n\t<\/div>\n\n<\/section><\/div><\/div><div id=\"panel-15285-0-0-5\" class=\"widget_text so-panel widget widget_custom_html\" data-index=\"5\" ><div class=\"textwidget custom-html-widget\"><section class=\"intro-content\">\n<div class=\"container\">\n\t<h2 class=\"title\">Principis i elaboraci\u00f3 de la mem\u00f2ria <\/h2>\n\t<p>\n\t\tA EROSKI treballem per millorar i ampliar cada any la informaci\u00f3 d'acompliment que presentem als nostres grups d'inter\u00e8s com a part del nostre comprom\u00eds amb la transpar\u00e8ncia dins i fora de l'organitzaci\u00f3. Per aix\u00f2, hem elaborat aquesta mem\u00f2ria d\u2019acord amb els est\u00e0ndards de Global Reporting Initiative (GRI), una instituci\u00f3 independent fundada el 1997 que \u00e9s el marc de refer\u00e8ncia m\u00e9s utilitzat en l\u2019\u00e0mbit mundial en informes de sostenibilitat, i a la qual donem suport des de fa m\u00e9s d'una d\u00e8cada com a membres de la seva comunitat GOLD. En aplicar els criteris i principis recollits en els est\u00e0ndards de GRI, busquem assegurar que la qualitat de la mem\u00f2ria i el seu contingut estiguin alineats amb les expectatives dels nostres grups d'inter\u00e8s, a m\u00e9s de permetre la comparaci\u00f3 dels diferents indicadors reportats amb els nostres resultats d\u2019anys successius i amb els informes presentats per altres organitzacions. \n\t<\/p>\n\t\n\t<h4 class=\"title3\">An\u00e0lisi de materialitat<\/h4>\n\n\t\t<p>Per a l'edici\u00f3 2019 de la Mem\u00f2ria de sostenibilitat hem dut a terme una actualitzaci\u00f3 de l'an\u00e0lisi de materialitat realitzat l'any anterior. L'objectiu de l'an\u00e0lisi \u00e9s determinar quins temes s\u00f3n rellevants a l'hora de reflectir els impactes econ\u00f2mics, ambientals i socials d'EROSKI, d'influir en les decisions dels grups d'inter\u00e8s, o de generar un impacte sobre l'economia, el medi ambient i\/o la societat. Aquells que es consideren materials (rellevants) s\u00f3n els que es reflecteixen en la matriu de materialitat.<\/p>\n\n\t\t\t<img decoding=\"async\" src=\"https:\/\/corporativo.eroski.es\/wp-content\/uploads\/2020\/07\/cap8_imatge_3_cat.jpg\">\t<br><br>\n\t\n\t<a href=\"\/wp-content\/uploads\/2020\/07\/analisis_materialidad-2_cat.pdf\" target=\"_blank\" style=\"margin-bottom: 15px; display: block;\"><span class=\"link-arrow\"><span>M\u00e9s informaci\u00f3<\/span><svg xmlns=\"http:\/\/www.w3.org\/2000\/svg\" xmlns:xlink=\"http:\/\/www.w3.org\/1999\/xlink\" viewBox=\"0 0 64 64\"><rect x=\"1.501\" y=\"30.999\" width=\"57.663\" height=\"2\"><\/rect><polygon points=\"48.977,44.574 46.879,42.322 57.984,32.001 46.879,21.677 48.977,19.426 62.499,32.001\"><\/polygon><\/svg><\/span><\/a>\n\t\n\t<!--\t<h4 class=\"title2\">\n\t\t\tMatriz de Materialidad\n\t<\/h4> \n\t\n\t\t<p class=\"little\">Los temas materiales son los incluidos en las \u00e1reas sombreadas y adicionalmente se han incorporado los se\u00f1alados con el s\u00edmbolo * por su relaci\u00f3n e importancia con la actividad de EROSKI.<\/p>\n-->\n\t\n\t\t\n<\/div>\n\n<\/section><\/div><\/div><div id=\"panel-15285-0-0-6\" class=\"widget_text so-panel widget widget_custom_html\" data-index=\"6\" ><div class=\"textwidget custom-html-widget\"><section class=\"intro-content\">\n<div class=\"container\">\n\t\n\t<h2 class=\"title\">M\u00e9s informaci\u00f3<\/h2>\n\t<p class=\"links\">\n\t\t\n\t\t<a href=\"\/wp-content\/uploads\/2020\/07\/calculo_indicadores_cat.pdf\" target=\"_blank\" style=\"margin-bottom: 15px; display: block;\"><span class=\"link-arrow\"><span>Informaci\u00f3 addicional sobre el c\u00e0lcul dels indicadors presentats en la mem\u00f2ria<\/span><svg xmlns=\"http:\/\/www.w3.org\/2000\/svg\" xmlns:xlink=\"http:\/\/www.w3.org\/1999\/xlink\" viewBox=\"0 0 64 64\"><rect x=\"1.501\" y=\"30.999\" width=\"57.663\" height=\"2\"><\/rect><polygon points=\"48.977,44.574 46.879,42.322 57.984,32.001 46.879,21.677 48.977,19.426 62.499,32.001\"><\/polygon><\/svg><\/span><\/a>\n\t\t\n\t\t<a href=\"\/wp-content\/uploads\/2020\/07\/mecanismos_cat.pdf\" target=\"_blank\" style=\"margin-bottom: 15px; display: block;\"><span class=\"link-arrow\"><span>Mecanismes formals de queixa i reclamaci\u00f3 <\/span><svg xmlns=\"http:\/\/www.w3.org\/2000\/svg\" xmlns:xlink=\"http:\/\/www.w3.org\/1999\/xlink\" viewBox=\"0 0 64 64\"><rect x=\"1.501\" y=\"30.999\" width=\"57.663\" height=\"2\"><\/rect><polygon points=\"48.977,44.574 46.879,42.322 57.984,32.001 46.879,21.677 48.977,19.426 62.499,32.001\"><\/polygon><\/svg><\/span><\/a>\n\t\t\n\t\t<a href=\"\/wp-content\/uploads\/2020\/07\/indice_contenidos_gri_cat.pdf\" target=\"_blank\" style=\"margin-bottom: 15px; display: block;\"><span class=\"link-arrow\"><span>\u00cdndex de continguts GRI i Llei 11\/2018 d'informaci\u00f3 no financera i diversitat<\/span><svg xmlns=\"http:\/\/www.w3.org\/2000\/svg\" xmlns:xlink=\"http:\/\/www.w3.org\/1999\/xlink\" viewBox=\"0 0 64 64\"><rect x=\"1.501\" y=\"30.999\" width=\"57.663\" height=\"2\"><\/rect><polygon points=\"48.977,44.574 46.879,42.322 57.984,32.001 46.879,21.677 48.977,19.426 62.499,32.001\"><\/polygon><\/svg><\/span><\/a>\n\t\t\n\t\t<a href=\"\/wp-content\/uploads\/2020\/07\/pacto_mundial_cat.pdf\" target=\"_blank\" style=\"margin-bottom: 15px; display: block;\"><span class=\"link-arrow\"><span>Taula de Continguts de Pacte Mundial<\/span><svg xmlns=\"http:\/\/www.w3.org\/2000\/svg\" xmlns:xlink=\"http:\/\/www.w3.org\/1999\/xlink\" viewBox=\"0 0 64 64\"><rect x=\"1.501\" y=\"30.999\" width=\"57.663\" height=\"2\"><\/rect><polygon points=\"48.977,44.574 46.879,42.322 57.984,32.001 46.879,21.677 48.977,19.426 62.499,32.001\"><\/polygon><\/svg><\/span><\/a>\n\t\t\n\t\t<a href=\"\/wp-content\/uploads\/2020\/07\/lista_asociaciones_cat.pdf\" target=\"_blank\" style=\"margin-bottom: 15px; display: block;\"><span class=\"link-arrow\"><span>Annex. Llistat d'associacions a les que pertany el Grup EROSKI<\/span><svg xmlns=\"http:\/\/www.w3.org\/2000\/svg\" xmlns:xlink=\"http:\/\/www.w3.org\/1999\/xlink\" viewBox=\"0 0 64 64\"><rect x=\"1.501\" y=\"30.999\" width=\"57.663\" height=\"2\"><\/rect><polygon points=\"48.977,44.574 46.879,42.322 57.984,32.001 46.879,21.677 48.977,19.426 62.499,32.001\"><\/polygon><\/svg><\/span><\/a>\n\t\t\n\t\t<a href=\"\/wp-content\/uploads\/2020\/07\/tabla_indicadores_cat.pdf\" target=\"_blank\" style=\"margin-bottom: 15px; display: block;\"><span class=\"link-arrow\"><span>Annex. Taules d'indicadors. Comparatives amb anys anteriors<\/span><svg xmlns=\"http:\/\/www.w3.org\/2000\/svg\" xmlns:xlink=\"http:\/\/www.w3.org\/1999\/xlink\" viewBox=\"0 0 64 64\"><rect x=\"1.501\" y=\"30.999\" width=\"57.663\" height=\"2\"><\/rect><polygon points=\"48.977,44.574 46.879,42.322 57.984,32.001 46.879,21.677 48.977,19.426 62.499,32.001\"><\/polygon><\/svg><\/span><\/a>\n\t\t\n\t<\/p>\t\t\n\t\n<\/div>\n<\/section><\/div><\/div><div id=\"panel-15285-0-0-7\" class=\"widget_text so-panel widget widget_custom_html panel-last-child\" data-index=\"7\" ><div class=\"textwidget custom-html-widget\"><div class=\"container\">\n  <div class=\"download-section\">\n\t\t<a target=\"_blank\" href=\"\/wp-content\/uploads\/2020\/07\/cap8_transparencia_cat.pdf\" class=\"link-archive\" style=\"color: #c8191e !important;\"><span>Descarregar el cap\u00edtol 8. Transpar\u00e8ncia<\/span><svg xmlns=\"http:\/\/www.w3.org\/2000\/svg\" xmlns:xlink=\"http:\/\/www.w3.org\/1999\/xlink\" viewBox=\"0 0 64 64\">\n\t\t<g class=\"arrow\">\n\t\t\t<rect x=\"30.775\" y=\"3.222\" fill=\"#c8191e\" width=\"2.451\" height=\"45.957\"><\/rect>\n\t\t\t<polygon fill=\"#c8191e\" points=\"21.979,41.058 23.773,39.387 31.999,48.238 40.227,39.387 42.021,41.058 31.999,51.836\"><\/polygon>\t\t\t\n\t\t<\/g>\n\t\t<rect x=\"5.154\" y=\"58.328\" fill=\"#c8191e\" width=\"53.691\" height=\"2.45\"><\/rect>\n\t<\/svg>\n\t<\/a>\n<\/div>\n<\/div><\/div><\/div><\/div><\/div><\/div><\/div>","protected":false},"excerpt":{"rendered":"<p>Transpar\u00e8ncia Comprom\u00eds amb la claredat i la veracitat Els nostres grups d&#8217;inter\u00e8s La nostra activitat genera impactes en diferents grups d&#8217;inter\u00e8s, i viceversa. Aquestes persones, grups, col\u00b7lectius i organitzacions s\u00f3n molt importants per a nosaltres, ja que hi ha una interacci\u00f3 i cooperaci\u00f3 m\u00fatua, enfortida i treballada amb els anys. Mecanismes de comunicaci\u00f3 espec\u00edfics i [&hellip;]<\/p>\n","protected":false},"author":4,"featured_media":0,"parent":14221,"menu_order":0,"comment_status":"closed","ping_status":"closed","template":"memoria.php","meta":{"_acf_changed":false,"footnotes":""},"class_list":["post-15285","page","type-page","status-publish","hentry"],"acf":[],"yoast_head":"<!-- This site is optimized with the Yoast SEO plugin v24.5 - https:\/\/yoast.com\/wordpress\/plugins\/seo\/ -->\n<title>Transpar\u00e8ncia - Eroski Corporativo<\/title>\n<meta name=\"robots\" content=\"index, follow, max-snippet:-1, max-image-preview:large, max-video-preview:-1\" \/>\n<link rel=\"canonical\" href=\"https:\/\/corporativo.eroski.es\/ca\/memoria-2019\/transparencia\/\" \/>\n<meta property=\"og:locale\" content=\"ca_ES\" \/>\n<meta property=\"og:type\" content=\"article\" \/>\n<meta property=\"og:title\" content=\"Transpar\u00e8ncia - Eroski Corporativo\" \/>\n<meta property=\"og:description\" content=\"Transpar\u00e8ncia Comprom\u00eds amb la claredat i la veracitat Els nostres grups d&#039;inter\u00e8s La nostra activitat genera impactes en diferents grups d&#039;inter\u00e8s, i viceversa. Aquestes persones, grups, col\u00b7lectius i organitzacions s\u00f3n molt importants per a nosaltres, ja que hi ha una interacci\u00f3 i cooperaci\u00f3 m\u00fatua, enfortida i treballada amb els anys. Mecanismes de comunicaci\u00f3 espec\u00edfics i [&hellip;]\" \/>\n<meta property=\"og:url\" content=\"https:\/\/corporativo.eroski.es\/ca\/memoria-2019\/transparencia\/\" \/>\n<meta property=\"og:site_name\" content=\"Eroski Corporativo\" \/>\n<meta property=\"article:modified_time\" content=\"2020-07-24T11:28:33+00:00\" \/>\n<meta name=\"twitter:card\" content=\"summary_large_image\" \/>\n<script type=\"application\/ld+json\" class=\"yoast-schema-graph\">{\"@context\":\"https:\/\/schema.org\",\"@graph\":[{\"@type\":\"WebPage\",\"@id\":\"https:\/\/corporativo.eroski.es\/ca\/memoria-2019\/transparencia\/\",\"url\":\"https:\/\/corporativo.eroski.es\/ca\/memoria-2019\/transparencia\/\",\"name\":\"Transpar\u00e8ncia - Eroski Corporativo\",\"isPartOf\":{\"@id\":\"https:\/\/corporativo.eroski.es\/ca\/#website\"},\"datePublished\":\"2020-06-16T15:32:28+00:00\",\"dateModified\":\"2020-07-24T11:28:33+00:00\",\"breadcrumb\":{\"@id\":\"https:\/\/corporativo.eroski.es\/ca\/memoria-2019\/transparencia\/#breadcrumb\"},\"inLanguage\":\"ca-ES\",\"potentialAction\":[{\"@type\":\"ReadAction\",\"target\":[\"https:\/\/corporativo.eroski.es\/ca\/memoria-2019\/transparencia\/\"]}]},{\"@type\":\"BreadcrumbList\",\"@id\":\"https:\/\/corporativo.eroski.es\/ca\/memoria-2019\/transparencia\/#breadcrumb\",\"itemListElement\":[{\"@type\":\"ListItem\",\"position\":1,\"name\":\"Portada\",\"item\":\"https:\/\/corporativo.eroski.es\/ca\/\"},{\"@type\":\"ListItem\",\"position\":2,\"name\":\"Memoria 2019\",\"item\":\"https:\/\/corporativo.eroski.es\/ca\/memoria-2019\/\"},{\"@type\":\"ListItem\",\"position\":3,\"name\":\"Transpar\u00e8ncia\"}]},{\"@type\":\"WebSite\",\"@id\":\"https:\/\/corporativo.eroski.es\/ca\/#website\",\"url\":\"https:\/\/corporativo.eroski.es\/ca\/\",\"name\":\"Eroski Corporativo\",\"description\":\"\",\"potentialAction\":[{\"@type\":\"SearchAction\",\"target\":{\"@type\":\"EntryPoint\",\"urlTemplate\":\"https:\/\/corporativo.eroski.es\/ca\/?s={search_term_string}\"},\"query-input\":{\"@type\":\"PropertyValueSpecification\",\"valueRequired\":true,\"valueName\":\"search_term_string\"}}],\"inLanguage\":\"ca-ES\"}]}<\/script>\n<!-- \/ Yoast SEO plugin. -->","yoast_head_json":{"title":"Transpar\u00e8ncia - Eroski Corporativo","robots":{"index":"index","follow":"follow","max-snippet":"max-snippet:-1","max-image-preview":"max-image-preview:large","max-video-preview":"max-video-preview:-1"},"canonical":"https:\/\/corporativo.eroski.es\/ca\/memoria-2019\/transparencia\/","og_locale":"ca_ES","og_type":"article","og_title":"Transpar\u00e8ncia - Eroski Corporativo","og_description":"Transpar\u00e8ncia Comprom\u00eds amb la claredat i la veracitat Els nostres grups d'inter\u00e8s La nostra activitat genera impactes en diferents grups d'inter\u00e8s, i viceversa. Aquestes persones, grups, col\u00b7lectius i organitzacions s\u00f3n molt importants per a nosaltres, ja que hi ha una interacci\u00f3 i cooperaci\u00f3 m\u00fatua, enfortida i treballada amb els anys. Mecanismes de comunicaci\u00f3 espec\u00edfics i [&hellip;]","og_url":"https:\/\/corporativo.eroski.es\/ca\/memoria-2019\/transparencia\/","og_site_name":"Eroski Corporativo","article_modified_time":"2020-07-24T11:28:33+00:00","twitter_card":"summary_large_image","schema":{"@context":"https:\/\/schema.org","@graph":[{"@type":"WebPage","@id":"https:\/\/corporativo.eroski.es\/ca\/memoria-2019\/transparencia\/","url":"https:\/\/corporativo.eroski.es\/ca\/memoria-2019\/transparencia\/","name":"Transpar\u00e8ncia - Eroski Corporativo","isPartOf":{"@id":"https:\/\/corporativo.eroski.es\/ca\/#website"},"datePublished":"2020-06-16T15:32:28+00:00","dateModified":"2020-07-24T11:28:33+00:00","breadcrumb":{"@id":"https:\/\/corporativo.eroski.es\/ca\/memoria-2019\/transparencia\/#breadcrumb"},"inLanguage":"ca-ES","potentialAction":[{"@type":"ReadAction","target":["https:\/\/corporativo.eroski.es\/ca\/memoria-2019\/transparencia\/"]}]},{"@type":"BreadcrumbList","@id":"https:\/\/corporativo.eroski.es\/ca\/memoria-2019\/transparencia\/#breadcrumb","itemListElement":[{"@type":"ListItem","position":1,"name":"Portada","item":"https:\/\/corporativo.eroski.es\/ca\/"},{"@type":"ListItem","position":2,"name":"Memoria 2019","item":"https:\/\/corporativo.eroski.es\/ca\/memoria-2019\/"},{"@type":"ListItem","position":3,"name":"Transpar\u00e8ncia"}]},{"@type":"WebSite","@id":"https:\/\/corporativo.eroski.es\/ca\/#website","url":"https:\/\/corporativo.eroski.es\/ca\/","name":"Eroski Corporativo","description":"","potentialAction":[{"@type":"SearchAction","target":{"@type":"EntryPoint","urlTemplate":"https:\/\/corporativo.eroski.es\/ca\/?s={search_term_string}"},"query-input":{"@type":"PropertyValueSpecification","valueRequired":true,"valueName":"search_term_string"}}],"inLanguage":"ca-ES"}]}},"_links":{"self":[{"href":"https:\/\/corporativo.eroski.es\/ca\/wp-json\/wp\/v2\/pages\/15285","targetHints":{"allow":["GET"]}}],"collection":[{"href":"https:\/\/corporativo.eroski.es\/ca\/wp-json\/wp\/v2\/pages"}],"about":[{"href":"https:\/\/corporativo.eroski.es\/ca\/wp-json\/wp\/v2\/types\/page"}],"author":[{"embeddable":true,"href":"https:\/\/corporativo.eroski.es\/ca\/wp-json\/wp\/v2\/users\/4"}],"replies":[{"embeddable":true,"href":"https:\/\/corporativo.eroski.es\/ca\/wp-json\/wp\/v2\/comments?post=15285"}],"version-history":[{"count":11,"href":"https:\/\/corporativo.eroski.es\/ca\/wp-json\/wp\/v2\/pages\/15285\/revisions"}],"predecessor-version":[{"id":16764,"href":"https:\/\/corporativo.eroski.es\/ca\/wp-json\/wp\/v2\/pages\/15285\/revisions\/16764"}],"up":[{"embeddable":true,"href":"https:\/\/corporativo.eroski.es\/ca\/wp-json\/wp\/v2\/pages\/14221"}],"wp:attachment":[{"href":"https:\/\/corporativo.eroski.es\/ca\/wp-json\/wp\/v2\/media?parent=15285"}],"curies":[{"name":"wp","href":"https:\/\/api.w.org\/{rel}","templated":true}]}}