{"id":15208,"date":"2020-06-25T10:23:24","date_gmt":"2020-06-25T10:23:24","guid":{"rendered":"https:\/\/corporativo.eroski.es\/memoria-2019\/carta-del-consejo-rector-de-eroski\/"},"modified":"2021-06-29T09:19:03","modified_gmt":"2021-06-29T09:19:03","slug":"carta-del-consell-rector-deroski","status":"publish","type":"page","link":"https:\/\/corporativo.eroski.es\/ca\/memoria-2019\/carta-del-consell-rector-deroski\/","title":{"rendered":"Carta del Consell Rector d\u2019EROSKI"},"content":{"rendered":"\n<h2 class=\"wp-block-heading\"> <strong>Carta del Consell Rector d\u2019EROSKI<\/strong><\/h2>\n\n\n\n<p style=\"text-align:justify\">Reflexiono sobre el\nque ha suposat l\u2019exercici 2019 per al nostre projecte cooperatiu en\nun moment excepcional, com \u00e9s la crisi sanit\u00e0ria de la COVID-19,\nque condicionar\u00e0, si m\u00e9s no, el futur immediat de la nostra\nsocietat i, per tant, tamb\u00e9 d\u2019EROSKI. Aquesta situaci\u00f3 ha fet\npalesa la necessitat de quelcom que ens caracteritza com a\norganitzaci\u00f3 i que el 2019 hem reconegut en el 50\u00e8 aniversari de la\nnostra creaci\u00f3: situar les persones al centre de la feina que fem,\norientar l\u2019esfor\u00e7 de cada persona en benefici de la col\u00b7lectivitat\ni alimentar la solidaritat amb la societat i, especialment, amb els\nm\u00e9s desfavorits.<\/p>\n\n\n\n<p style=\"text-align:justify\">Despr\u00e9s de 50 anys de feina cooperativa, el 2019 hem constatat aven\u00e7os importants en l\u2019adaptaci\u00f3 de la nostra organitzaci\u00f3 a les necessitats dels socis consumidors, tot apostant de manera clara en aspectes clau com s\u00f3n la salut i la sostenibilitat. En aquest sentit, el nostre model de governan\u00e7a, en el qual la capacitat de decisi\u00f3 dels socis treballadors i els socis consumidors marca les directrius del nostre projecte, est\u00e0 demostrant la seva efic\u00e0cia per fer realitat el nostre comprom\u00eds amb l\u2019entorn social.  <\/p>\n\n\n\n<p style=\"text-align:justify\">En aquestes cinc\nd\u00e8cades han estat moltes les persones que, des de dins de\nl\u2019organitzaci\u00f3 i des de la col\u00b7laboraci\u00f3, la dedicaci\u00f3, la\nprofessionalitat i la sensibilitat social, han contribu\u00eft de manera\ndecisiva a fer que EROSKI sigui avui un referent en el sector i que\nla nostra identitat estigui \u00e0mpliament reconeguda com a organitzaci\u00f3\nsolid\u00e0ria i compromesa amb la salut i el benestar social. I, a totes\nelles, voldria donar-los les gr\u00e0cies. La nostra evoluci\u00f3 com a\nempresa ha anat de la m\u00e0 de les transformacions que s\u2019han anat\nproduint en la societat. I les nostres singularitats com a\norganitzaci\u00f3 ens han perm\u00e8s fer-ho amb certa anticipaci\u00f3. Des dels\nor\u00edgens, hem constru\u00eft el nostre projecte basant-nos en la\nproximitat als consumidors i consumidores, que han estat el\ncatalitzador de la nostra feina i les nostres actuacions, per poder\nadaptar-les a les seves necessitats i els seus h\u00e0bits de consum. \n<\/p>\n\n\n\n<p style=\"text-align:justify\">El present \u00e9s ple\nde nous reptes i estem a punt per afrontar-los amb les nostres\nfortaleses. Amb el comprom\u00eds dels socis treballadors i la implicaci\u00f3\ndels nostres socis clients, la participaci\u00f3 dels quals ha estat\ndecisiva en iniciatives compromeses amb la salut i la sostenibilitat,\ndos elements que s\u00f3n la punta de llan\u00e7a de la nostra oferta al\nconsumidor. Un clar exponent d\u2019aquest comprom\u00eds \u00e9s l\u2019obtenci\u00f3,\nel 2019, del Premi NAOS, atorgat per l\u2019Ag\u00e8ncia Espanyola de\nSeguretat Aliment\u00e0ria i Nutrici\u00f3, i que reconeix la nostra\ncontribuci\u00f3 a l\u2019adopci\u00f3 d\u2019h\u00e0bits alimentaris saludables entre\nla poblaci\u00f3.<\/p>\n\n\n\n<p style=\"text-align:justify\">El 2019 tamb\u00e9 ha estat un any de decisions importants en l\u2019\u00e0mbit societari. Hem arribat a un acord s\u00f2lid per a la reestructuraci\u00f3 financera, i la nova Llei de Cooperatives suposa un enfortiment del nostre projecte. Tots dos casos s\u00f3n un bon suport per afrontar el futur amb optimisme i amb il\u00b7lusi\u00f3 renovada en la tasca que tenim al davant, per seguir aportant cotes de benestar m\u00e9s altes a la societat en el nostre \u00e0mbit d\u2019actuaci\u00f3.Els \u00e8xits que s\u2019han aconseguit amb la f\u00f3rmula de la cooperaci\u00f3 i la mirada posada en els consumidors i consumidores han estat molt importants en aquests 50 anys. La nostra contribuci\u00f3 al benestar de la societat demostra que la f\u00f3rmula funciona. Hem de perseverar en aquesta direcci\u00f3, tenint sempre clar qui s\u00f3n els propietaris i protagonistes del nostre projecte, els socis treballadors i els socis clients. I tot el que EROSKI genera \u00e9s per a ells, per a la societat en qu\u00e8 opera, impulsant iniciatives solid\u00e0ries i de responsabilitat social, i recordant que el cor de la nostra tasca sempre ser\u00e0 millorar la qualitat de vida de les persones, motiu pel qual es va crear fa 50 anys com a cooperativa de consum, i aix\u00f2 ho hem de tenir sempre present.<\/p>\n\n\n\n<p>Leire Mugerza<br>Presidenta del Consell Rector d\u2019EROSKI<\/p>\n","protected":false},"excerpt":{"rendered":"<p>Carta del Consell Rector d\u2019EROSKI Reflexiono sobre el que ha suposat l\u2019exercici 2019 per al nostre projecte cooperatiu en un moment excepcional, com \u00e9s la crisi sanit\u00e0ria de la COVID-19, que condicionar\u00e0, si m\u00e9s no, el futur immediat de la nostra societat i, per tant, tamb\u00e9 d\u2019EROSKI. Aquesta situaci\u00f3 ha fet palesa la necessitat de [&hellip;]<\/p>\n","protected":false},"author":4,"featured_media":0,"parent":14221,"menu_order":0,"comment_status":"closed","ping_status":"closed","template":"","meta":{"_acf_changed":false,"footnotes":""},"class_list":["post-15208","page","type-page","status-publish","hentry"],"acf":[],"yoast_head":"<!-- This site is optimized with the Yoast SEO plugin v24.5 - https:\/\/yoast.com\/wordpress\/plugins\/seo\/ -->\n<title>Carta del Consell Rector d\u2019EROSKI - Eroski Corporativo<\/title>\n<meta name=\"robots\" content=\"index, follow, max-snippet:-1, max-image-preview:large, max-video-preview:-1\" \/>\n<link rel=\"canonical\" href=\"https:\/\/corporativo.eroski.es\/ca\/memoria-2019\/carta-del-consell-rector-deroski\/\" \/>\n<meta property=\"og:locale\" content=\"ca_ES\" \/>\n<meta property=\"og:type\" content=\"article\" \/>\n<meta property=\"og:title\" content=\"Carta del Consell Rector d\u2019EROSKI - Eroski Corporativo\" \/>\n<meta property=\"og:description\" content=\"Carta del Consell Rector d\u2019EROSKI Reflexiono sobre el que ha suposat l\u2019exercici 2019 per al nostre projecte cooperatiu en un moment excepcional, com \u00e9s la crisi sanit\u00e0ria de la COVID-19, que condicionar\u00e0, si m\u00e9s no, el futur immediat de la nostra societat i, per tant, tamb\u00e9 d\u2019EROSKI. Aquesta situaci\u00f3 ha fet palesa la necessitat de [&hellip;]\" \/>\n<meta property=\"og:url\" content=\"https:\/\/corporativo.eroski.es\/ca\/memoria-2019\/carta-del-consell-rector-deroski\/\" \/>\n<meta property=\"og:site_name\" content=\"Eroski Corporativo\" \/>\n<meta property=\"article:modified_time\" content=\"2021-06-29T09:19:03+00:00\" \/>\n<meta name=\"twitter:card\" content=\"summary_large_image\" \/>\n<meta name=\"twitter:label1\" content=\"Est. reading time\" \/>\n\t<meta name=\"twitter:data1\" content=\"3 minutes\" \/>\n<script type=\"application\/ld+json\" class=\"yoast-schema-graph\">{\"@context\":\"https:\/\/schema.org\",\"@graph\":[{\"@type\":\"WebPage\",\"@id\":\"https:\/\/corporativo.eroski.es\/ca\/memoria-2019\/carta-del-consell-rector-deroski\/\",\"url\":\"https:\/\/corporativo.eroski.es\/ca\/memoria-2019\/carta-del-consell-rector-deroski\/\",\"name\":\"Carta del Consell Rector d\u2019EROSKI - Eroski Corporativo\",\"isPartOf\":{\"@id\":\"https:\/\/corporativo.eroski.es\/ca\/#website\"},\"datePublished\":\"2020-06-25T10:23:24+00:00\",\"dateModified\":\"2021-06-29T09:19:03+00:00\",\"breadcrumb\":{\"@id\":\"https:\/\/corporativo.eroski.es\/ca\/memoria-2019\/carta-del-consell-rector-deroski\/#breadcrumb\"},\"inLanguage\":\"ca-ES\",\"potentialAction\":[{\"@type\":\"ReadAction\",\"target\":[\"https:\/\/corporativo.eroski.es\/ca\/memoria-2019\/carta-del-consell-rector-deroski\/\"]}]},{\"@type\":\"BreadcrumbList\",\"@id\":\"https:\/\/corporativo.eroski.es\/ca\/memoria-2019\/carta-del-consell-rector-deroski\/#breadcrumb\",\"itemListElement\":[{\"@type\":\"ListItem\",\"position\":1,\"name\":\"Portada\",\"item\":\"https:\/\/corporativo.eroski.es\/ca\/\"},{\"@type\":\"ListItem\",\"position\":2,\"name\":\"Memoria 2019\",\"item\":\"https:\/\/corporativo.eroski.es\/ca\/memoria-2019\/\"},{\"@type\":\"ListItem\",\"position\":3,\"name\":\"Carta del Consell Rector d\u2019EROSKI\"}]},{\"@type\":\"WebSite\",\"@id\":\"https:\/\/corporativo.eroski.es\/ca\/#website\",\"url\":\"https:\/\/corporativo.eroski.es\/ca\/\",\"name\":\"Eroski Corporativo\",\"description\":\"\",\"potentialAction\":[{\"@type\":\"SearchAction\",\"target\":{\"@type\":\"EntryPoint\",\"urlTemplate\":\"https:\/\/corporativo.eroski.es\/ca\/?s={search_term_string}\"},\"query-input\":{\"@type\":\"PropertyValueSpecification\",\"valueRequired\":true,\"valueName\":\"search_term_string\"}}],\"inLanguage\":\"ca-ES\"}]}<\/script>\n<!-- \/ Yoast SEO plugin. -->","yoast_head_json":{"title":"Carta del Consell Rector d\u2019EROSKI - Eroski Corporativo","robots":{"index":"index","follow":"follow","max-snippet":"max-snippet:-1","max-image-preview":"max-image-preview:large","max-video-preview":"max-video-preview:-1"},"canonical":"https:\/\/corporativo.eroski.es\/ca\/memoria-2019\/carta-del-consell-rector-deroski\/","og_locale":"ca_ES","og_type":"article","og_title":"Carta del Consell Rector d\u2019EROSKI - Eroski Corporativo","og_description":"Carta del Consell Rector d\u2019EROSKI Reflexiono sobre el que ha suposat l\u2019exercici 2019 per al nostre projecte cooperatiu en un moment excepcional, com \u00e9s la crisi sanit\u00e0ria de la COVID-19, que condicionar\u00e0, si m\u00e9s no, el futur immediat de la nostra societat i, per tant, tamb\u00e9 d\u2019EROSKI. Aquesta situaci\u00f3 ha fet palesa la necessitat de [&hellip;]","og_url":"https:\/\/corporativo.eroski.es\/ca\/memoria-2019\/carta-del-consell-rector-deroski\/","og_site_name":"Eroski Corporativo","article_modified_time":"2021-06-29T09:19:03+00:00","twitter_card":"summary_large_image","twitter_misc":{"Est. reading time":"3 minutes"},"schema":{"@context":"https:\/\/schema.org","@graph":[{"@type":"WebPage","@id":"https:\/\/corporativo.eroski.es\/ca\/memoria-2019\/carta-del-consell-rector-deroski\/","url":"https:\/\/corporativo.eroski.es\/ca\/memoria-2019\/carta-del-consell-rector-deroski\/","name":"Carta del Consell Rector d\u2019EROSKI - Eroski Corporativo","isPartOf":{"@id":"https:\/\/corporativo.eroski.es\/ca\/#website"},"datePublished":"2020-06-25T10:23:24+00:00","dateModified":"2021-06-29T09:19:03+00:00","breadcrumb":{"@id":"https:\/\/corporativo.eroski.es\/ca\/memoria-2019\/carta-del-consell-rector-deroski\/#breadcrumb"},"inLanguage":"ca-ES","potentialAction":[{"@type":"ReadAction","target":["https:\/\/corporativo.eroski.es\/ca\/memoria-2019\/carta-del-consell-rector-deroski\/"]}]},{"@type":"BreadcrumbList","@id":"https:\/\/corporativo.eroski.es\/ca\/memoria-2019\/carta-del-consell-rector-deroski\/#breadcrumb","itemListElement":[{"@type":"ListItem","position":1,"name":"Portada","item":"https:\/\/corporativo.eroski.es\/ca\/"},{"@type":"ListItem","position":2,"name":"Memoria 2019","item":"https:\/\/corporativo.eroski.es\/ca\/memoria-2019\/"},{"@type":"ListItem","position":3,"name":"Carta del Consell Rector d\u2019EROSKI"}]},{"@type":"WebSite","@id":"https:\/\/corporativo.eroski.es\/ca\/#website","url":"https:\/\/corporativo.eroski.es\/ca\/","name":"Eroski Corporativo","description":"","potentialAction":[{"@type":"SearchAction","target":{"@type":"EntryPoint","urlTemplate":"https:\/\/corporativo.eroski.es\/ca\/?s={search_term_string}"},"query-input":{"@type":"PropertyValueSpecification","valueRequired":true,"valueName":"search_term_string"}}],"inLanguage":"ca-ES"}]}},"_links":{"self":[{"href":"https:\/\/corporativo.eroski.es\/ca\/wp-json\/wp\/v2\/pages\/15208","targetHints":{"allow":["GET"]}}],"collection":[{"href":"https:\/\/corporativo.eroski.es\/ca\/wp-json\/wp\/v2\/pages"}],"about":[{"href":"https:\/\/corporativo.eroski.es\/ca\/wp-json\/wp\/v2\/types\/page"}],"author":[{"embeddable":true,"href":"https:\/\/corporativo.eroski.es\/ca\/wp-json\/wp\/v2\/users\/4"}],"replies":[{"embeddable":true,"href":"https:\/\/corporativo.eroski.es\/ca\/wp-json\/wp\/v2\/comments?post=15208"}],"version-history":[{"count":3,"href":"https:\/\/corporativo.eroski.es\/ca\/wp-json\/wp\/v2\/pages\/15208\/revisions"}],"predecessor-version":[{"id":20788,"href":"https:\/\/corporativo.eroski.es\/ca\/wp-json\/wp\/v2\/pages\/15208\/revisions\/20788"}],"up":[{"embeddable":true,"href":"https:\/\/corporativo.eroski.es\/ca\/wp-json\/wp\/v2\/pages\/14221"}],"wp:attachment":[{"href":"https:\/\/corporativo.eroski.es\/ca\/wp-json\/wp\/v2\/media?parent=15208"}],"curies":[{"name":"wp","href":"https:\/\/api.w.org\/{rel}","templated":true}]}}