{"id":15206,"date":"2020-06-25T10:19:51","date_gmt":"2020-06-25T10:19:51","guid":{"rendered":"https:\/\/corporativo.eroski.es\/memoria-2019\/carta-del-presidente\/"},"modified":"2020-07-22T10:06:28","modified_gmt":"2020-07-22T10:06:28","slug":"carta-del-president","status":"publish","type":"page","link":"https:\/\/corporativo.eroski.es\/ca\/memoria-2019\/carta-del-president\/","title":{"rendered":"Carta del President"},"content":{"rendered":"\n<h2 class=\"wp-block-heading\"><strong>Carta del President<\/strong><\/h2>\n\n\n\n<p>S\u00f3n diversos els\nmotius que fan que el 2019 hagi estat un any assenyalat per a EROSKI.\nUn d\u2019ells \u00e9s, sens dubte, la celebraci\u00f3 del nostre 50\u00e8\naniversari. A m\u00e9s, hem tancat un bon acord de refinan\u00e7ament i hem\nassolit un alt percentatge de renovaci\u00f3 de la nostra xarxa de\nbotigues al model \u201camb tu\u201d. Tamb\u00e9 ha estat un any de notables\naven\u00e7os en projectes relacionats amb la salut i la sostenibilitat,\ncom ara la creixent implantaci\u00f3 de l\u2019etiquetatge nutricional\navan\u00e7at Nutri-Score, pionera en la distribuci\u00f3 a Espanya, o la\nposada a disposici\u00f3 de la nostra clientela de diverses opcions\ndavant les bosses de pl\u00e0stic tradicionals o d\u2019envasos alternatius\nm\u00e9s sostenibles. Aix\u00ed mateix, l\u2019aprovaci\u00f3 de la nova Llei de\nCooperatives ens aporta un marc normatiu m\u00e9s concret que ens permet\ncompetir i desenvolupar-nos en igualtat de condicions amb altres\norganitzacions que tenen una estructura jur\u00eddica diferent.<\/p>\n\n\n\n<p>La fusi\u00f3 de set\npetites cooperatives de consum, pels volts del 1969, va suposar el\ngermen d\u2019aquest grup, que, despr\u00e9s de mig segle de funcionament,\nha esdevingut un dels principals distribu\u00efdors a Espanya. Cinquanta\nanys d\u2019un projecte empresarial basat en les persones i en la\ncooperaci\u00f3. En aquest recorregut, a EROSKI hem estat molt a prop\ndels consumidors i les consumidores, evolucionant en paral\u00b7lel a la\nsocietat i adaptant-nos a les seves necessitats i els seus h\u00e0bits de\nconsum. I ho hem fet sent fidels a la nostra ra\u00f3 de ser i naturalesa\ncooperativa. Contribuir a la millora de la qualitat de vida i influir\npositivament en el desenvolupament sostenible s\u00f3n dos dels\ncompromisos hist\u00f2rics que EROSKI va adquirir amb els consumidors i\nconsumidores i la societat des dels seus or\u00edgens, i avui tamb\u00e9 s\u00f3n\nles marques d\u2019identitat que ens distingeixen i que han vertebrat,\nal llarg del temps, la nostra evoluci\u00f3 com a organitzaci\u00f3 de\nconsumidors i consumidores i com a agent dinamitzador molt actiu en\nresponsabilitat social. \n<\/p>\n\n\n\n<p>Ens enfrontem als\nreptes i les tend\u00e8ncies que planteja el consumidor actual: les\nvendes multicanal, la compra de conveni\u00e8ncia, les necessitats dels\ns\u00e8niors, l\u2019atenci\u00f3 a la salut, les compres experiencials o el\ncreixement del mercat \u201cverd\u201d i d\u2019\u201call\u00f2 local\u201d. Aquesta\nsocietat hipercomunicada exigeix canvis (i ho fa amb rapidesa, com\nmai ho havia fet abans) a empreses de tota mena de sectors, a les\ninstitucions&#8230;, a tothom. L\u2019alimentaci\u00f3 forma part d\u2019aquesta\ntend\u00e8ncia: l\u2019associem amb les coses bones i no tan bones que ens\npassen: la salut, la malaltia, la contaminaci\u00f3 (els pl\u00e0stics als\nmars, l\u2019oli de palma, la desforestaci\u00f3, l\u2019esgotament dels\nrecursos&#8230;). I la botiga \u00e9s el lloc on cristal\u00b7litzen, fent-se\nvisibles, totes aquestes preocupacions. Tan sols hi ha una manera de\nfer front a aquesta situaci\u00f3: assumir el canvi, acceptar el repte\nproposat i construir les solucions. I nosaltres no la defugirem. Ens\nen fem coresponsables i assumim la nostra part de responsabilitat per\nser conseq\u00fcents amb all\u00f2 que fem. Volem canviar la nostra manera\nd\u2019actuar com a empresa de distribuci\u00f3 i tamb\u00e9 volem influir en\nels nostres socis clients, perqu\u00e8 tamb\u00e9 la canvi\u00efn, a trav\u00e9s de\nla informaci\u00f3 i la formaci\u00f3. EROSKI ha d\u2019actuar per a la\ntransformaci\u00f3 social amb el nostre projecte cooperatiu, buscant el\nbenestar sostenible, i per aix\u00f2 hem d\u2019orientar els esfor\u00e7os m\u00e9s\na l\u2019acci\u00f3 que no pas a la justificaci\u00f3. \n<\/p>\n\n\n\n<p>EROSKI \u00e9s, avui, el\nclar resultat d\u2019una tasca amb gran capacitat d\u2019aportaci\u00f3 a la\nsocietat. Despr\u00e9s d\u2019un 2019 notable en el qual hem celebrat mig\nsegle d\u2019exist\u00e8ncia, aprofundirem en l\u2019oferiment, als nostres\nsocis clients i als consumidors, de millors opcions per fer que les\nseves compres i els seus consums siguin m\u00e9s saludables i sostenibles\ndes del punt de vista social i mediambiental. Tamb\u00e9 aprofundirem en\nel desenvolupament tecnol\u00f2gic, que ens permetr\u00e0 desenvolupaments\ninnovadors tan diversos com una generaci\u00f3 de botigues molt m\u00e9s\neficients des del punt de vista energ\u00e8tic, eines que possibilitin\npro- 102-14 postes personalitzades als clients o models comercials de\nseccions que propici\u00efn una relaci\u00f3 personal i directa amb la marca.\nTreballarem per proposar un ampli ventall de canals i formats des\ndels quals els consumidors i consumidores puguin fer la seva compra.\nJa hem recorregut un bon tros d\u2019aquest cam\u00ed, per\u00f2 encara queden\nmoltes coses per fer, i volem accelerar el nostre afany en aquesta\ndirecci\u00f3, impulsats per la fortalesa col\u00b7lectiva interna que ens ha\nperm\u00e8s arribar fins aqu\u00ed i que segur que ens permetr\u00e0 guanyar-nos\nun lloc en el futur responent a all\u00f2 que la societat espera i es\nmereix d\u2019EROSKI. \n<\/p>\n\n\n\n<p>Us animo a llegir\naquest informe anual per con\u00e8ixer amb m\u00e9s detall la nostra tasca\ndel 2019 i les accions derivades del comprom\u00eds amb el\ndesenvolupament sostenible, que vam ratificar el 2002 adherint-nos al\nPacte Mundial i que renovem anualment, sent coherents amb la nostra\nmissi\u00f3 i amb la decidida vocaci\u00f3 de contribuir significativament a\nla consecuci\u00f3 dels 17 Objectius de Desenvolupament Sostenible (ODS)\nde les Nacions Unides. Esperem que el trobeu interessant i\ninspirador.<\/p>\n\n\n\n<p>Moltes gr\u00e0cies.<\/p>\n\n\n\n<p>Agust\u00edn Markaide<br>\nPresident del Grup EROSKI<\/p>\n","protected":false},"excerpt":{"rendered":"<p>Carta del President S\u00f3n diversos els motius que fan que el 2019 hagi estat un any assenyalat per a EROSKI. Un d\u2019ells \u00e9s, sens dubte, la celebraci\u00f3 del nostre 50\u00e8 aniversari. A m\u00e9s, hem tancat un bon acord de refinan\u00e7ament i hem assolit un alt percentatge de renovaci\u00f3 de la nostra xarxa de botigues al [&hellip;]<\/p>\n","protected":false},"author":4,"featured_media":0,"parent":14221,"menu_order":0,"comment_status":"closed","ping_status":"closed","template":"","meta":{"_acf_changed":false,"footnotes":""},"class_list":["post-15206","page","type-page","status-publish","hentry"],"acf":[],"yoast_head":"<!-- This site is optimized with the Yoast SEO plugin v24.5 - https:\/\/yoast.com\/wordpress\/plugins\/seo\/ -->\n<title>Carta del President - Eroski Corporativo<\/title>\n<meta name=\"robots\" content=\"index, follow, max-snippet:-1, max-image-preview:large, max-video-preview:-1\" \/>\n<link rel=\"canonical\" href=\"https:\/\/corporativo.eroski.es\/ca\/memoria-2019\/carta-del-president\/\" \/>\n<meta property=\"og:locale\" content=\"ca_ES\" \/>\n<meta property=\"og:type\" content=\"article\" \/>\n<meta property=\"og:title\" content=\"Carta del President - Eroski Corporativo\" \/>\n<meta property=\"og:description\" content=\"Carta del President S\u00f3n diversos els motius que fan que el 2019 hagi estat un any assenyalat per a EROSKI. Un d\u2019ells \u00e9s, sens dubte, la celebraci\u00f3 del nostre 50\u00e8 aniversari. A m\u00e9s, hem tancat un bon acord de refinan\u00e7ament i hem assolit un alt percentatge de renovaci\u00f3 de la nostra xarxa de botigues al [&hellip;]\" \/>\n<meta property=\"og:url\" content=\"https:\/\/corporativo.eroski.es\/ca\/memoria-2019\/carta-del-president\/\" \/>\n<meta property=\"og:site_name\" content=\"Eroski Corporativo\" \/>\n<meta property=\"article:modified_time\" content=\"2020-07-22T10:06:28+00:00\" \/>\n<meta name=\"twitter:card\" content=\"summary_large_image\" \/>\n<meta name=\"twitter:label1\" content=\"Est. reading time\" \/>\n\t<meta name=\"twitter:data1\" content=\"4 minutes\" \/>\n<script type=\"application\/ld+json\" class=\"yoast-schema-graph\">{\"@context\":\"https:\/\/schema.org\",\"@graph\":[{\"@type\":\"WebPage\",\"@id\":\"https:\/\/corporativo.eroski.es\/ca\/memoria-2019\/carta-del-president\/\",\"url\":\"https:\/\/corporativo.eroski.es\/ca\/memoria-2019\/carta-del-president\/\",\"name\":\"Carta del President - Eroski Corporativo\",\"isPartOf\":{\"@id\":\"https:\/\/corporativo.eroski.es\/ca\/#website\"},\"datePublished\":\"2020-06-25T10:19:51+00:00\",\"dateModified\":\"2020-07-22T10:06:28+00:00\",\"breadcrumb\":{\"@id\":\"https:\/\/corporativo.eroski.es\/ca\/memoria-2019\/carta-del-president\/#breadcrumb\"},\"inLanguage\":\"ca-ES\",\"potentialAction\":[{\"@type\":\"ReadAction\",\"target\":[\"https:\/\/corporativo.eroski.es\/ca\/memoria-2019\/carta-del-president\/\"]}]},{\"@type\":\"BreadcrumbList\",\"@id\":\"https:\/\/corporativo.eroski.es\/ca\/memoria-2019\/carta-del-president\/#breadcrumb\",\"itemListElement\":[{\"@type\":\"ListItem\",\"position\":1,\"name\":\"Portada\",\"item\":\"https:\/\/corporativo.eroski.es\/ca\/\"},{\"@type\":\"ListItem\",\"position\":2,\"name\":\"Memoria 2019\",\"item\":\"https:\/\/corporativo.eroski.es\/ca\/memoria-2019\/\"},{\"@type\":\"ListItem\",\"position\":3,\"name\":\"Carta del President\"}]},{\"@type\":\"WebSite\",\"@id\":\"https:\/\/corporativo.eroski.es\/ca\/#website\",\"url\":\"https:\/\/corporativo.eroski.es\/ca\/\",\"name\":\"Eroski Corporativo\",\"description\":\"\",\"potentialAction\":[{\"@type\":\"SearchAction\",\"target\":{\"@type\":\"EntryPoint\",\"urlTemplate\":\"https:\/\/corporativo.eroski.es\/ca\/?s={search_term_string}\"},\"query-input\":{\"@type\":\"PropertyValueSpecification\",\"valueRequired\":true,\"valueName\":\"search_term_string\"}}],\"inLanguage\":\"ca-ES\"}]}<\/script>\n<!-- \/ Yoast SEO plugin. -->","yoast_head_json":{"title":"Carta del President - Eroski Corporativo","robots":{"index":"index","follow":"follow","max-snippet":"max-snippet:-1","max-image-preview":"max-image-preview:large","max-video-preview":"max-video-preview:-1"},"canonical":"https:\/\/corporativo.eroski.es\/ca\/memoria-2019\/carta-del-president\/","og_locale":"ca_ES","og_type":"article","og_title":"Carta del President - Eroski Corporativo","og_description":"Carta del President S\u00f3n diversos els motius que fan que el 2019 hagi estat un any assenyalat per a EROSKI. Un d\u2019ells \u00e9s, sens dubte, la celebraci\u00f3 del nostre 50\u00e8 aniversari. A m\u00e9s, hem tancat un bon acord de refinan\u00e7ament i hem assolit un alt percentatge de renovaci\u00f3 de la nostra xarxa de botigues al [&hellip;]","og_url":"https:\/\/corporativo.eroski.es\/ca\/memoria-2019\/carta-del-president\/","og_site_name":"Eroski Corporativo","article_modified_time":"2020-07-22T10:06:28+00:00","twitter_card":"summary_large_image","twitter_misc":{"Est. reading time":"4 minutes"},"schema":{"@context":"https:\/\/schema.org","@graph":[{"@type":"WebPage","@id":"https:\/\/corporativo.eroski.es\/ca\/memoria-2019\/carta-del-president\/","url":"https:\/\/corporativo.eroski.es\/ca\/memoria-2019\/carta-del-president\/","name":"Carta del President - Eroski Corporativo","isPartOf":{"@id":"https:\/\/corporativo.eroski.es\/ca\/#website"},"datePublished":"2020-06-25T10:19:51+00:00","dateModified":"2020-07-22T10:06:28+00:00","breadcrumb":{"@id":"https:\/\/corporativo.eroski.es\/ca\/memoria-2019\/carta-del-president\/#breadcrumb"},"inLanguage":"ca-ES","potentialAction":[{"@type":"ReadAction","target":["https:\/\/corporativo.eroski.es\/ca\/memoria-2019\/carta-del-president\/"]}]},{"@type":"BreadcrumbList","@id":"https:\/\/corporativo.eroski.es\/ca\/memoria-2019\/carta-del-president\/#breadcrumb","itemListElement":[{"@type":"ListItem","position":1,"name":"Portada","item":"https:\/\/corporativo.eroski.es\/ca\/"},{"@type":"ListItem","position":2,"name":"Memoria 2019","item":"https:\/\/corporativo.eroski.es\/ca\/memoria-2019\/"},{"@type":"ListItem","position":3,"name":"Carta del President"}]},{"@type":"WebSite","@id":"https:\/\/corporativo.eroski.es\/ca\/#website","url":"https:\/\/corporativo.eroski.es\/ca\/","name":"Eroski Corporativo","description":"","potentialAction":[{"@type":"SearchAction","target":{"@type":"EntryPoint","urlTemplate":"https:\/\/corporativo.eroski.es\/ca\/?s={search_term_string}"},"query-input":{"@type":"PropertyValueSpecification","valueRequired":true,"valueName":"search_term_string"}}],"inLanguage":"ca-ES"}]}},"_links":{"self":[{"href":"https:\/\/corporativo.eroski.es\/ca\/wp-json\/wp\/v2\/pages\/15206","targetHints":{"allow":["GET"]}}],"collection":[{"href":"https:\/\/corporativo.eroski.es\/ca\/wp-json\/wp\/v2\/pages"}],"about":[{"href":"https:\/\/corporativo.eroski.es\/ca\/wp-json\/wp\/v2\/types\/page"}],"author":[{"embeddable":true,"href":"https:\/\/corporativo.eroski.es\/ca\/wp-json\/wp\/v2\/users\/4"}],"replies":[{"embeddable":true,"href":"https:\/\/corporativo.eroski.es\/ca\/wp-json\/wp\/v2\/comments?post=15206"}],"version-history":[{"count":1,"href":"https:\/\/corporativo.eroski.es\/ca\/wp-json\/wp\/v2\/pages\/15206\/revisions"}],"predecessor-version":[{"id":15207,"href":"https:\/\/corporativo.eroski.es\/ca\/wp-json\/wp\/v2\/pages\/15206\/revisions\/15207"}],"up":[{"embeddable":true,"href":"https:\/\/corporativo.eroski.es\/ca\/wp-json\/wp\/v2\/pages\/14221"}],"wp:attachment":[{"href":"https:\/\/corporativo.eroski.es\/ca\/wp-json\/wp\/v2\/media?parent=15206"}],"curies":[{"name":"wp","href":"https:\/\/api.w.org\/{rel}","templated":true}]}}