{"id":15130,"date":"2020-06-16T15:30:03","date_gmt":"2020-06-16T15:30:03","guid":{"rendered":"https:\/\/corporativo.eroski.es\/memoria-2019\/eroski\/"},"modified":"2020-07-24T10:50:11","modified_gmt":"2020-07-24T10:50:11","slug":"eroski","status":"publish","type":"page","link":"https:\/\/corporativo.eroski.es\/ca\/memoria-2019\/eroski\/","title":{"rendered":"EROSKI"},"content":{"rendered":"<div id=\"pl-15130\"  class=\"panel-layout\" ><div id=\"pg-15130-0\"  class=\"panel-grid panel-no-style\" ><div id=\"pgc-15130-0-0\"  class=\"panel-grid-cell\" ><div id=\"panel-15130-0-0-0\" class=\"widget_text so-panel widget widget_custom_html panel-first-child\" data-index=\"0\" ><div class=\"textwidget custom-html-widget\"><style>\n\t.toggle-menu-memoria {\n\t\t\tz-index: 9999;\n\t}\n\th3.title2 {\n\t\tfont-size: 26px;\n\t}\n\th4.title3 {\n    font-size: 1.5em;\n    font-weight: bold;\n    \/* color: #3b3b3b; *\/\n    border-bottom: 1px solid #3b3b3b;\n    padding-bottom: 20px;\n    margin-bottom: 30px;\n\t}\n\thr {\n    color: #f2f2f2;\n    margin-top: 2rem;\n    margin-bottom: 2rem;\n\t}\n\t.memoria-section-collapsible .container>header {\n\t\tcolor: #c80b0e !important;\n\t}\n\t.memoria-section-collapsible .container>header .icon-collapse svg {\n\t\tfill: #c80b0e !important;\n\t}\n\t.so-widget-memoria-section-collapsible-default-d75171398898 .col-md-7.col-lg-6 {\n\t\t\t-webkit-box-flex: 0;\n\t\t\t-ms-flex: 0 0 100%;\n\t\t\tflex: 0 0 100%;\n\t\t\tmax-width: 100%;\n\t}\n\t\/*\n\t.stats-list {\n\t\tdisplay: flex;\n    margin: 0;\n    padding: 0;\n    padding-left: 0px !important;\n\t\tmargin-top: 40px;\n\t}\n  .stats-list li {\n   \tborder: 1px solid #d72a30;\n\t\tpadding: 0px;\n\t\tmin-height: 175px;\n    max-width: initial !important;\n\t\tjustify-content: center;\n    align-items: center;\n    display: flex;\n\t\tmargin-left: 5px;\n    margin-right: 5px;\n  }\n\t.stats-list>li>a {\n    display: block;\n    text-align: center;\n    overflow: hidden;\n    height: 100%;\n    justify-content: center;\n    align-items: center;\n    display: flex;\n}\n\t\n\t*\/\n\t.stats-list {\t\t\n    margin: 0;\n    padding: 0;\n    padding-left: 0px !important;\t\t\n\t\tmargin-bottom: 5rem;\n\t}\n\t\n\th2.title {\n\t\tfont-size: 2.8rem;\n    line-height: 45px;\n    color: #c80b0e;\n    margin-bottom: 30px;\t\n\t}\n\tp.destacat {\n\t\t\tfont-size: 22px;\n\t\t\tline-height: 32px;\n\t\t\tmargin-top: 5rem;\n\t\t\tmargin-bottom: 5rem;\n\t}\n\t.toggle-menu-memoria  {\n\t\tdisplay: block;\n\t}\n\t.memoria-wrapper {\n\t\tpadding: 0;\n\t}\n\t.top-portada {\n\t\tbackground-size: cover;\n\t    background-repeat: no-repeat;\n\t    height: 500px;\n\t    background-position: top center;\n\t    position: relative;\n\t}\n\t.square-1 {\n\t\tposition: absolute;\n\t    left: 0;\n\t    bottom: 0;\n\t    width: 100%;\n\t    margin-left: 0px;\n\t    background: rgba(200, 11, 14, 0.75);\n\t    padding: 30px;\n\t    color: #fff;\n\t}\n\t.square-1 h4 {\n\t\t   font-weight: 500;\n\t    font-size: 20px;\n\t}\n\t.square-1 h3 {\n\t\t  font-size: 30px;\n\t    margin-bottom: 10px;\n\t}\n\t.square-2 {\nposition: absolute;\n    left: 50%;\n    bottom: 0;\n    width: 280px;\n    background: rgba(255,255,255,0.8);\n    height: 90px;\n    display: flex;\n    align-items: center;\n    justify-content: center;\n    font-size: 16px;\n    margin-left: 60px;\n\t}\n\t\n\t\t.cartas-background {\n\t\tdisplay: flex;\n\t}\n\t.cartas-image {\n\t\tbackground-image: url(https:\/\/corporativo.eroski.es\/wp-content\/uploads\/2019\/05\/compromiso.jpg);\n\t    width: 75%;\n\t    background-size: cover;\n\t    background-position: center;\n\t    height: 450px;\n\t}\n\t.cartas-content {\n\t    background-color: #c80b0e;\n\t    width: 25%;\n\t    display: flex;\n\t    flex-direction: column;\n\t    \n\t}\n\t.cartas-persona {\n\t\tpadding: 20px;\n\t\theight: 50%;\n\t\tcolor: #fff;\n\t\tposition: relative;\n\t\tborder-bottom: 1px solid #fff;\n\t}\n\t.cartas-persona a {\n\t\tcolor: #fff;\n\t\tposition: absolute;\n\t\tbottom: 20px;\n\t\tleft: 20px;\n\t}\n\t.cartas-persona h5 {\n\t\tmargin-bottom: 10px;\n\t}\n\t\n\t\n\t.memoria-summary-stats {\n        background-image: none !important;\n    }\n    .memoria-summary-stats-inner {\n        display: block !important;\n    }\n\n    .memoria-summary-stats .memoria-summary-stats-inner header {\n        width: 100%;\n        max-width: 100%;\n        color: #000;\n        margin-bottom: 20px;\n    }\n\n    .stats-list li a {\n\t\t\tcolor: #FFF;\n    }\n    .stats-list li {\n        background: #e64636;\n\t\t\t\tpadding: 70px 20px;\n        max-width: initial !important;\n    }\n\n    .stats-list li:nth-child(1) {\n        background: #e64636;\n    }\n    \n    .stats-list li:nth-child(2) {\n        background: #e21924;\n    }\n\n    .stats-list li:nth-child(3) {\n        background: #c8191e\n    }\n    \n    .stats-list li:nth-child(4) {\n        background: #e64636;\n    }\n\n    .memoria-summary-stats .memoria-summary-stats-inner header .link-arrow {\n        margin-top: 0;\n\n    }\n\n    .memoria-summary-stats-inner h2 {\n\n    }\n\n    .memoria-summary-stats .memoria-summary-stats-inner header .link-arrow span {\n        color: #000;\n    }\n\n    .memoria-summary-stats .memoria-summary-stats-inner header .link-arrow svg {\n        fill: #000;\n    }\n\t\n\t.stats-list svg {\n    margin: auto;\n    height: auto;\n    margin-bottom: 0px;\n    fill: #FFF;\n    margin-top: 10px;  \n\t}\n\t\n\t@media (max-width: 768px) {\n\t\t\n\t\t.page-template-memoria .square-1 {\n\t\t\t\twidth: 100% !important;\n\t\t\t\tmargin-left: 0px!important;\n\t\t\t\tpadding: 20px !important;\n\t\t\t\tbottom: 0px !important;\n\t\t\t\tleft: 0;\n\t\t}\n\t\t\n\t\t.cartas-image\t{\n\t\t\twidth: 65%;\n\t\t}\n\t\t.cartas-content {\n\t\t\twidth: 35%;\n\t\t}\n\t\t.square-1 {\n\t\t\twidth: 260px;\n\t\t\tmargin-left: -130px;\n\t\t\tpadding: 20px;\n\t\t}\n\t\t.square-1 h3 {\n\t\t\tfont-size: 30px;\n\t\t}\n\t\t\n\t\t.square-1 h4 {\n\t\t\tfont-size: 16px;\n\t\t}\n\t\t.square-2 {\n\t\t\tfont-size: 15px;\n\t\t\tmargin-left: 40px;\n\t\t\twidth: 180px;\n\t\t}\n\t\t.square-2 .link-arrow svg {\n\t\t\tdisplay: none;\n\t\t}\n\t}\n\t\n\t@media (max-width: 575px) {\n\t\t\n\t\t.cartas-background {\n\t\t\tdisplay: block;\n\t\t}\n\t\t\n\t\t.cartas-image {\n\t\t\twidth: 100%;\n\t\t\theight: 300px;\n\t\t}\n\t\t.cartas-content {\n\t\t\tflex-direction: row;\n    \twidth: 100%;\n\t\t}\n\t\t.cartas-persona {\n\t\t\t   border-right: 1px solid #fff;\n\t\t    width: 50%;\n\t\t\theight: 235px;\n\t\t}\n\t\t\n\t\t.square-2 {\n\t\t\tfont-size: 15px;\n    \tmargin-left: -130px;\n    \twidth: 260px;\n    \theight: 50px;\n\t\t}\n\t\t.square-1 {\n\t\t\t   width: 260px;\n\t    margin-left: -130px;\n  \t  padding: 20px;\n\t\t\tbottom: 50px;\n\t\t}\n\t\t.page-template-memoria .square-1 {\n\t\t\twidth: 100% !important;\n\t\t\tmargin-left: 0px!important;\n\t\t\tpadding: 20px !important;\n\t\t\tbottom: 0px !important;\n\t\t\tleft: 0;\n\t}\n\t}\t\n\t\n<\/style><\/div><\/div><div id=\"panel-15130-0-0-1\" class=\"widget_text so-panel widget widget_custom_html\" data-index=\"1\" ><div class=\"textwidget custom-html-widget\"><div class=\"top-portada\" style=\"background-image: url('\/wp-content\/uploads\/2020\/06\/Eroski.jpg')\">\n\t<div class=\"container\" style=\"position:relative; height: 100%; width: 100%;\">\t\t\n\t\t<div class=\"square-1\">\n\t\t\t<h3>EROSKI<\/h3>\n\t\t\t<h4>Model d\u2019empresa singular<\/h4>\n\t\t<\/div>\t\t\t\n\t<\/div>\n<\/div><\/div><\/div><div id=\"panel-15130-0-0-2\" class=\"widget_text so-panel widget widget_custom_html\" data-index=\"2\" ><div class=\"textwidget custom-html-widget\"><div class=\"container\">\n\t<div class=\"ods-images\">\n\t\t<img decoding=\"async\" src=\"https:\/\/corporativo.eroski.es\/wp-content\/uploads\/2020\/07\/ods_3_cat.jpg\">\n\t\t<img decoding=\"async\" src=\"https:\/\/corporativo.eroski.es\/wp-content\/uploads\/2020\/07\/ods_4_cat.jpg\">\n\t\t<img decoding=\"async\" src=\"https:\/\/corporativo.eroski.es\/wp-content\/uploads\/2020\/07\/ODS-8_cat.jpg\">\n\t\t<img decoding=\"async\" src=\"https:\/\/corporativo.eroski.es\/wp-content\/uploads\/2020\/07\/ODS-10_cat.jpg\">\n\t\t<img decoding=\"async\" src=\"https:\/\/corporativo.eroski.es\/wp-content\/uploads\/2020\/07\/ODS-11_cat.jpg\">\n\t\t<img decoding=\"async\" src=\"https:\/\/corporativo.eroski.es\/wp-content\/uploads\/2020\/07\/ODS-16_cat.jpg\">\n\t\t<img decoding=\"async\" src=\"https:\/\/corporativo.eroski.es\/wp-content\/uploads\/2020\/07\/ODS-17_cat.jpg\">\n\t<\/div>\n<\/div><\/div><\/div><div id=\"panel-15130-0-0-3\" class=\"widget_text so-panel widget widget_custom_html\" data-index=\"3\" ><div class=\"textwidget custom-html-widget\"><div class=\"container\">\n\t<p class=\"destacat\">\n\tEROSKI \u00e9s el primer grup de distribuci\u00f3 al detall de b\u00e9ns i serveis de gran consum de car\u00e0cter cooperatiu d'Espanya, i \u00e9s operador de refer\u00e8ncia a les regions de Gal\u00edcia, Pa\u00eds Basc, Navarra, Catalunya i Balears. La societat matriu del grup \u00e9s la cooperativa de consum EROSKI S. Coop., la qual reuneix una triple condici\u00f3: \u00e9s una empresa de distribuci\u00f3, una organitzaci\u00f3 de consumidors i un projecte cooperatiu en qu\u00e8 les persones consumidores i treballadores comparteixen protagonisme i sobirania.\n\t<\/p>\n<\/div>\n<\/div><\/div><div id=\"panel-15130-0-0-4\" class=\"widget_text so-panel widget widget_custom_html\" data-index=\"4\" ><div class=\"textwidget custom-html-widget\"><div class=\"container\">\n\t\n\t<ul class=\"stats-list\">\n  \t<li>\n\t\t\t<a href=\"\/wp-content\/uploads\/2020\/07\/modelo_empresa_cat.pdf\" target=\"_blank\"><p class=\"text\">Model d'empresa singular<\/p><span class=\"link-arrow\"><svg xmlns=\"http:\/\/www.w3.org\/2000\/svg\" xmlns:xlink=\"http:\/\/www.w3.org\/1999\/xlink\" viewBox=\"0 0 64 64\"><rect x=\"1.501\" y=\"30.999\" width=\"57.663\" height=\"2\"><\/rect><polygon points=\"48.977,44.574 46.879,42.322 57.984,32.001 46.879,21.677 48.977,19.426 62.499,32.001\"><\/polygon><\/svg><\/span>\n\t\t\t<\/a>\n    <\/li>\n\t\t<li>\n\t\t\t<a href=\"\/wp-content\/uploads\/2020\/07\/mision_vision_valores_cat.pdf\" target=\"_blank\"><p class=\"text\">Missi\u00f3, visi\u00f3 i valors<\/p><span class=\"link-arrow\"><svg xmlns=\"http:\/\/www.w3.org\/2000\/svg\" xmlns:xlink=\"http:\/\/www.w3.org\/1999\/xlink\" viewBox=\"0 0 64 64\"><rect x=\"1.501\" y=\"30.999\" width=\"57.663\" height=\"2\"><\/rect><polygon points=\"48.977,44.574 46.879,42.322 57.984,32.001 46.879,21.677 48.977,19.426 62.499,32.001\"><\/polygon><\/svg><\/span><\/a>\n    <\/li>\n\t\t<li>\n\t\t\t<a href=\"\/wp-content\/uploads\/2020\/07\/governanza_cat-1.pdf\" target=\"_blank\"><p class=\"text\">Governan\u00e7a<\/p><span class=\"link-arrow\"><svg xmlns=\"http:\/\/www.w3.org\/2000\/svg\" xmlns:xlink=\"http:\/\/www.w3.org\/1999\/xlink\" viewBox=\"0 0 64 64\"><rect x=\"1.501\" y=\"30.999\" width=\"57.663\" height=\"2\"><\/rect><polygon points=\"48.977,44.574 46.879,42.322 57.984,32.001 46.879,21.677 48.977,19.426 62.499,32.001\"><\/polygon><\/svg><\/span><\/a>\n    <\/li>\t\t\n  <\/ul>\n\t\t\n<\/div><\/div><\/div><div id=\"panel-15130-0-0-5\" class=\"widget_text so-panel widget widget_custom_html\" data-index=\"5\" ><div class=\"textwidget custom-html-widget\"><section class=\"intro-content\">\n<div class=\"container\">\n\t\n\t<h2 class=\"title\">Comprom\u00eds amb la salut i la sostenibilitat<\/h2>\n\n\t<div class=\"row\">\n\t\t\n\t<div class=\"col-md-10\">\n\t\t<p>\n\t\t\tA EROSKI, des del nostre naixement fa cinquanta anys, hem mantingut el nostre comprom\u00eds amb una alimentaci\u00f3 de qualitat, augmentant constantment les nostres exig\u00e8ncies per oferir un producte m\u00e9s sostenible i capa\u00e7 de satisfer les necessitats dels nostres consumidors. En un context en qu\u00e8 els impactes de la nostra activitat arriben a una dimensi\u00f3 no nom\u00e9s local sin\u00f3 tamb\u00e9 global, creiem important alinear els nostres compromisos com a companyia amb els 17 Objectius de Desenvolupament Sostenible (ODS), aprovats el 2015 per Nacions Unides i treballar juntament amb la resta dels agents econ\u00f2mics, socials i mediambientals. <br><br>\n\t\t\t\n\t\t\t<a href=\"\/wp-content\/uploads\/2020\/07\/compromiso_salud_y_sostenibilidad_cat.pdf\" target=\"_blank\"><span class=\"link-arrow\"><span>M\u00e9s informaci\u00f3<\/span><svg xmlns=\"http:\/\/www.w3.org\/2000\/svg\" xmlns:xlink=\"http:\/\/www.w3.org\/1999\/xlink\" viewBox=\"0 0 64 64\"><rect x=\"1.501\" y=\"30.999\" width=\"57.663\" height=\"2\"><\/rect><polygon points=\"48.977,44.574 46.879,42.322 57.984,32.001 46.879,21.677 48.977,19.426 62.499,32.001\"><\/polygon><\/svg><\/span><\/a>\n\t\t<\/p>\n\t<\/div>\n\t\n\t<div class=\"col-md-2\">\n\t\t\t<img decoding=\"async\" src=\"\/wp-content\/uploads\/2020\/07\/10_compromisos_cat.jpg\">\n\t<\/div>\n\t\n\t<\/div>\n\t\n\t\t<!-- <h3 class=\"title2\">\n\t\tEROSKI con los Objetivos de Desarrollo Sostenible\n\t<\/h3>\n\t<p>En un contexto en el que los impactos de nuestra actividad alcanzan una dimensio\u0301n no solo local sino tambie\u0301n global, creemos importante alinear nuestros compromisos con los 17 Objetivos de Desarrollo Sostenible (ODS) aprobados en 2015 por Naciones Unidas.<\/p>\t\n-->\n\t<br><br>\n<\/div>\n\n<\/section><\/div><\/div><div id=\"panel-15130-0-0-6\" class=\"widget_text so-panel widget widget_custom_html\" data-index=\"6\" ><div class=\"textwidget custom-html-widget\"><div class=\"container\">\n\t\n\t<h4 class=\"title3\">Aven\u00e7os destacats en els nostres 10 Compromisos per a la Salut i la Sostenibilitat<\/h4>\t\t\n\t<img decoding=\"async\" src=\"https:\/\/corporativo.eroski.es\/wp-content\/uploads\/2020\/07\/imatge_3_CAP1_cat.jpg\">\n<\/div><\/div><\/div><div id=\"panel-15130-0-0-7\" class=\"widget_text so-panel widget widget_custom_html\" data-index=\"7\" ><div class=\"textwidget custom-html-widget\"><section class=\"intro-content\">\n<div class=\"container\">\n\t\n\t<h2 class=\"title\">Generem riquesa en el nostre entorn<\/h2>\n\t<p>A EROSKI no nom\u00e9s repartim els beneficis generats a trav\u00e9s de la nostra activitat empresarial entre les S\u00f2cies i els Socis Treballadors de la cooperativa i amb la resta de les societats del grup, sin\u00f3 que, a m\u00e9s, generem riquesa directament en els diferents actors de la nostra cadena de valor.<\/p>\t\n\t<img decoding=\"async\" src=\"https:\/\/corporativo.eroski.es\/wp-content\/uploads\/2020\/07\/imatge_1_CAP1_cat.jpg\">\t\n<\/div>\n\t\n\t<br><br>\n\n<\/section><\/div><\/div><div id=\"panel-15130-0-0-8\" class=\"so-panel widget widget_memoria-section-collapsible\" data-index=\"8\" ><div class=\"so-widget-memoria-section-collapsible so-widget-memoria-section-collapsible-default-d75171398898\">\n\n\t<section class=\"memoria-section-collapsible collapsible\">\n\t<div class=\"container\">\n\t\t<header class=\"collapsible-handler\">\n\t\t\t<h3>Acompliment econ\u00f2mic<\/h3>\n\t\t\t<a class=\"icon-collapse\"><svg xmlns=\"http:\/\/www.w3.org\/2000\/svg\" width=\"24\" height=\"24\" viewBox=\"0 0 24 24\">\n    <path d=\"M16.59 8.59L12 13.17 7.41 8.59 6 10l6 6 6-6z\"\/>\n    <path d=\"M0 0h24v24H0z\" fill=\"none\"\/>\n<\/svg>\n<\/a>\n\t\t<\/header>\n\t\t<div class=\"collapsible-content\">\n\t\t\t<div class=\"row\">\n\t\t\t\t<div class=\"col-md-7 col-lg-6\">\n\t\t\t\t\t<img decoding=\"async\" style=\"max-width:100%; height: auto;\" src=\"https:\/\/corporativo.eroski.es\/wp-content\/uploads\/2020\/07\/imatge_2_CAP1_cat.jpg\"  \/>\t\t\t\t\t\t\t\t\t<\/div>\n\t\t\t\t<div class=\"col-md-5\">\n\t\t\t\t\t\t\t\t\t<\/div>\n\t\t\t<\/div>\n\t\t\t\t\t\t\t\t<\/div>\n\t\t\n\t<\/div>\t\n<\/section>\n<\/div><\/div><div id=\"panel-15130-0-0-9\" class=\"widget_text so-panel widget widget_custom_html\" data-index=\"9\" ><div class=\"textwidget custom-html-widget\"><div class=\"container\">\n  <div class=\"download-section\">\n\t\t<a target=\"_blank\" href=\"\/wp-content\/uploads\/2020\/07\/cap_1_eroski_cat.pdf\" class=\"link-archive\"><span>Descarregar el cap\u00edtol 1. EROSKI<\/span><svg xmlns=\"http:\/\/www.w3.org\/2000\/svg\" xmlns:xlink=\"http:\/\/www.w3.org\/1999\/xlink\" viewBox=\"0 0 64 64\">\n\t\t<g class=\"arrow\">\n\t\t\t<rect x=\"30.775\" y=\"3.222\" fill=\"#1E1E1C\" width=\"2.451\" height=\"45.957\"><\/rect>\n\t\t\t<polygon fill=\"#1E1E1C\" points=\"21.979,41.058 23.773,39.387 31.999,48.238 40.227,39.387 42.021,41.058 31.999,51.836\"><\/polygon>\t\t\t\n\t\t<\/g>\n\t\t<rect x=\"5.154\" y=\"58.328\" fill=\"#1E1E1C\" width=\"53.691\" height=\"2.45\"><\/rect>\n\t<\/svg>\n\t<\/a>\n<\/div>\n<\/div><\/div><\/div><div id=\"panel-15130-0-0-10\" class=\"so-panel widget widget_separator panel-last-child\" data-index=\"10\" ><div class=\"so-widget-separator so-widget-separator-default-d75171398898\">\n<div class=\"separator vs-small\"><\/div><\/div><\/div><\/div><\/div><\/div>","protected":false},"excerpt":{"rendered":"<p>EROSKI Model d\u2019empresa singular EROSKI \u00e9s el primer grup de distribuci\u00f3 al detall de b\u00e9ns i serveis de gran consum de car\u00e0cter cooperatiu d&#8217;Espanya, i \u00e9s operador de refer\u00e8ncia a les regions de Gal\u00edcia, Pa\u00eds Basc, Navarra, Catalunya i Balears. La societat matriu del grup \u00e9s la cooperativa de consum EROSKI S. Coop., la qual [&hellip;]<\/p>\n","protected":false},"author":4,"featured_media":0,"parent":14221,"menu_order":0,"comment_status":"closed","ping_status":"closed","template":"memoria.php","meta":{"_acf_changed":false,"footnotes":""},"class_list":["post-15130","page","type-page","status-publish","hentry"],"acf":[],"yoast_head":"<!-- This site is optimized with the Yoast SEO plugin v24.5 - https:\/\/yoast.com\/wordpress\/plugins\/seo\/ -->\n<title>EROSKI - Eroski Corporativo<\/title>\n<meta name=\"robots\" content=\"index, follow, max-snippet:-1, max-image-preview:large, max-video-preview:-1\" \/>\n<link rel=\"canonical\" href=\"https:\/\/corporativo.eroski.es\/ca\/memoria-2019\/eroski\/\" \/>\n<meta property=\"og:locale\" content=\"ca_ES\" \/>\n<meta property=\"og:type\" content=\"article\" \/>\n<meta property=\"og:title\" content=\"EROSKI - Eroski Corporativo\" \/>\n<meta property=\"og:description\" content=\"EROSKI Model d\u2019empresa singular EROSKI \u00e9s el primer grup de distribuci\u00f3 al detall de b\u00e9ns i serveis de gran consum de car\u00e0cter cooperatiu d&#039;Espanya, i \u00e9s operador de refer\u00e8ncia a les regions de Gal\u00edcia, Pa\u00eds Basc, Navarra, Catalunya i Balears. La societat matriu del grup \u00e9s la cooperativa de consum EROSKI S. Coop., la qual [&hellip;]\" \/>\n<meta property=\"og:url\" content=\"https:\/\/corporativo.eroski.es\/ca\/memoria-2019\/eroski\/\" \/>\n<meta property=\"og:site_name\" content=\"Eroski Corporativo\" \/>\n<meta property=\"article:modified_time\" content=\"2020-07-24T10:50:11+00:00\" \/>\n<meta name=\"twitter:card\" content=\"summary_large_image\" \/>\n<script type=\"application\/ld+json\" class=\"yoast-schema-graph\">{\"@context\":\"https:\/\/schema.org\",\"@graph\":[{\"@type\":\"WebPage\",\"@id\":\"https:\/\/corporativo.eroski.es\/ca\/memoria-2019\/eroski\/\",\"url\":\"https:\/\/corporativo.eroski.es\/ca\/memoria-2019\/eroski\/\",\"name\":\"EROSKI - Eroski Corporativo\",\"isPartOf\":{\"@id\":\"https:\/\/corporativo.eroski.es\/ca\/#website\"},\"datePublished\":\"2020-06-16T15:30:03+00:00\",\"dateModified\":\"2020-07-24T10:50:11+00:00\",\"breadcrumb\":{\"@id\":\"https:\/\/corporativo.eroski.es\/ca\/memoria-2019\/eroski\/#breadcrumb\"},\"inLanguage\":\"ca-ES\",\"potentialAction\":[{\"@type\":\"ReadAction\",\"target\":[\"https:\/\/corporativo.eroski.es\/ca\/memoria-2019\/eroski\/\"]}]},{\"@type\":\"BreadcrumbList\",\"@id\":\"https:\/\/corporativo.eroski.es\/ca\/memoria-2019\/eroski\/#breadcrumb\",\"itemListElement\":[{\"@type\":\"ListItem\",\"position\":1,\"name\":\"Portada\",\"item\":\"https:\/\/corporativo.eroski.es\/ca\/\"},{\"@type\":\"ListItem\",\"position\":2,\"name\":\"Memoria 2019\",\"item\":\"https:\/\/corporativo.eroski.es\/ca\/memoria-2019\/\"},{\"@type\":\"ListItem\",\"position\":3,\"name\":\"EROSKI\"}]},{\"@type\":\"WebSite\",\"@id\":\"https:\/\/corporativo.eroski.es\/ca\/#website\",\"url\":\"https:\/\/corporativo.eroski.es\/ca\/\",\"name\":\"Eroski Corporativo\",\"description\":\"\",\"potentialAction\":[{\"@type\":\"SearchAction\",\"target\":{\"@type\":\"EntryPoint\",\"urlTemplate\":\"https:\/\/corporativo.eroski.es\/ca\/?s={search_term_string}\"},\"query-input\":{\"@type\":\"PropertyValueSpecification\",\"valueRequired\":true,\"valueName\":\"search_term_string\"}}],\"inLanguage\":\"ca-ES\"}]}<\/script>\n<!-- \/ Yoast SEO plugin. -->","yoast_head_json":{"title":"EROSKI - Eroski Corporativo","robots":{"index":"index","follow":"follow","max-snippet":"max-snippet:-1","max-image-preview":"max-image-preview:large","max-video-preview":"max-video-preview:-1"},"canonical":"https:\/\/corporativo.eroski.es\/ca\/memoria-2019\/eroski\/","og_locale":"ca_ES","og_type":"article","og_title":"EROSKI - Eroski Corporativo","og_description":"EROSKI Model d\u2019empresa singular EROSKI \u00e9s el primer grup de distribuci\u00f3 al detall de b\u00e9ns i serveis de gran consum de car\u00e0cter cooperatiu d'Espanya, i \u00e9s operador de refer\u00e8ncia a les regions de Gal\u00edcia, Pa\u00eds Basc, Navarra, Catalunya i Balears. La societat matriu del grup \u00e9s la cooperativa de consum EROSKI S. Coop., la qual [&hellip;]","og_url":"https:\/\/corporativo.eroski.es\/ca\/memoria-2019\/eroski\/","og_site_name":"Eroski Corporativo","article_modified_time":"2020-07-24T10:50:11+00:00","twitter_card":"summary_large_image","schema":{"@context":"https:\/\/schema.org","@graph":[{"@type":"WebPage","@id":"https:\/\/corporativo.eroski.es\/ca\/memoria-2019\/eroski\/","url":"https:\/\/corporativo.eroski.es\/ca\/memoria-2019\/eroski\/","name":"EROSKI - Eroski Corporativo","isPartOf":{"@id":"https:\/\/corporativo.eroski.es\/ca\/#website"},"datePublished":"2020-06-16T15:30:03+00:00","dateModified":"2020-07-24T10:50:11+00:00","breadcrumb":{"@id":"https:\/\/corporativo.eroski.es\/ca\/memoria-2019\/eroski\/#breadcrumb"},"inLanguage":"ca-ES","potentialAction":[{"@type":"ReadAction","target":["https:\/\/corporativo.eroski.es\/ca\/memoria-2019\/eroski\/"]}]},{"@type":"BreadcrumbList","@id":"https:\/\/corporativo.eroski.es\/ca\/memoria-2019\/eroski\/#breadcrumb","itemListElement":[{"@type":"ListItem","position":1,"name":"Portada","item":"https:\/\/corporativo.eroski.es\/ca\/"},{"@type":"ListItem","position":2,"name":"Memoria 2019","item":"https:\/\/corporativo.eroski.es\/ca\/memoria-2019\/"},{"@type":"ListItem","position":3,"name":"EROSKI"}]},{"@type":"WebSite","@id":"https:\/\/corporativo.eroski.es\/ca\/#website","url":"https:\/\/corporativo.eroski.es\/ca\/","name":"Eroski Corporativo","description":"","potentialAction":[{"@type":"SearchAction","target":{"@type":"EntryPoint","urlTemplate":"https:\/\/corporativo.eroski.es\/ca\/?s={search_term_string}"},"query-input":{"@type":"PropertyValueSpecification","valueRequired":true,"valueName":"search_term_string"}}],"inLanguage":"ca-ES"}]}},"_links":{"self":[{"href":"https:\/\/corporativo.eroski.es\/ca\/wp-json\/wp\/v2\/pages\/15130","targetHints":{"allow":["GET"]}}],"collection":[{"href":"https:\/\/corporativo.eroski.es\/ca\/wp-json\/wp\/v2\/pages"}],"about":[{"href":"https:\/\/corporativo.eroski.es\/ca\/wp-json\/wp\/v2\/types\/page"}],"author":[{"embeddable":true,"href":"https:\/\/corporativo.eroski.es\/ca\/wp-json\/wp\/v2\/users\/4"}],"replies":[{"embeddable":true,"href":"https:\/\/corporativo.eroski.es\/ca\/wp-json\/wp\/v2\/comments?post=15130"}],"version-history":[{"count":20,"href":"https:\/\/corporativo.eroski.es\/ca\/wp-json\/wp\/v2\/pages\/15130\/revisions"}],"predecessor-version":[{"id":16506,"href":"https:\/\/corporativo.eroski.es\/ca\/wp-json\/wp\/v2\/pages\/15130\/revisions\/16506"}],"up":[{"embeddable":true,"href":"https:\/\/corporativo.eroski.es\/ca\/wp-json\/wp\/v2\/pages\/14221"}],"wp:attachment":[{"href":"https:\/\/corporativo.eroski.es\/ca\/wp-json\/wp\/v2\/media?parent=15130"}],"curies":[{"name":"wp","href":"https:\/\/api.w.org\/{rel}","templated":true}]}}